{"id":60622,"date":"2026-02-20T13:14:49","date_gmt":"2026-02-20T13:14:49","guid":{"rendered":"https:\/\/elixscent.com\/?post_type=product&#038;p=60622"},"modified":"2026-03-23T07:20:16","modified_gmt":"2026-03-23T07:20:16","slug":"holzdiffusor-herr","status":"publish","type":"product","link":"https:\/\/elixscent.com\/de\/product\/wooden-diffuser-gentleman\/","title":{"rendered":"Holzdiffusor Gentleman"},"content":{"rendered":"<p data-start=\"218\" data-end=\"1048\">Suche nach einem <strong data-start=\"232\" data-end=\"261\">Gentleman Holzdiffusor<\/strong> das sich anf\u00fchlt <strong data-start=\"273\" data-end=\"294\">raffiniert, nicht laut<\/strong>? <strong data-start=\"296\" data-end=\"325\">Holzdiffusor Gentleman<\/strong> ist eine <strong data-start=\"331\" data-end=\"366\">Auto-Lufterfrischer nach K\u00f6lner Art<\/strong> um frische Gew\u00fcrze und saubere H\u00f6lzer herum aufgebaut: <strong data-start=\"409\" data-end=\"436\">Kardamom und Eukalyptus<\/strong> obenauf, ein zartes blumiges Herz aus <strong data-start=\"470\" data-end=\"487\">Schwertlilie und Rose<\/strong>, und eine zuversichtliche Basis von <strong data-start=\"513\" data-end=\"552\">Zedernholz, Patchouli und Sandelholz<\/strong>. <br data-start=\"591\" data-end=\"594\" \/>Der Duft l\u00f6st <strong data-start=\"613\" data-end=\"658\">allm\u00e4hlich durch die h\u00f6lzerne Diffusorkappe<\/strong>, und hilft ihm, bei den t\u00e4glichen Fahrten pr\u00e4sent und ausgeglichen zu bleiben. <br data-start=\"754\" data-end=\"757\" \/>Und weil die Kunden inzwischen die Verpackung genauso wahrnehmen wie den Duft, kommt diese aktualisierte Version in einem <strong data-start=\"862\" data-end=\"894\">plastikfreie, papierlose Box<\/strong> - ein unkomplizierter Schritt in <strong data-start=\"923\" data-end=\"950\">verantwortungsvolle Entwicklung<\/strong> die im Einzelhandel und auf Marktpl\u00e4tzen leicht zu kommunizieren ist.<\/p>\n<p data-start=\"1050\" data-end=\"1321\"><em data-start=\"1050\" data-end=\"1281\">(\u00dcberpr\u00fcfung des Marktklangs: Die Wettbewerber positionieren \u201cGentleman\u201d typischerweise als klassischen, maskulinen, K\u00f6lnisch Wasser-inspirierten Duft mit lang anhaltendem Eindruck - wir halten diese Erwartung aufrecht, verankern sie aber in klaren Noten und kontrollierter Verbreitung).<\/em><\/p>","protected":false},"featured_media":60623,"parent":0,"menu_order":0,"template":"","class_list":["post-60622","product","type-product","status-publish","has-post-thumbnail","hentry","product_category-wooden-diffuser","product_category-wooden-air-freshener"],"acf":[],"yoast_head":"<!-- This site is optimized with the Yoast SEO Premium plugin v27.4 (Yoast SEO v27.4) - https:\/\/yoast.com\/product\/yoast-seo-premium-wordpress\/ -->\n<title>Gentleman Wooden Diffuser | Cologne-Style Car Air Freshener<\/title>\n<meta name=\"description\" content=\"Gentleman Wooden Diffuser by ELiX: a cologne-style car air freshener with slow, even release through a wooden diffuser cap. Plastic-free paper box.\" \/>\n<meta name=\"robots\" content=\"index, follow, max-snippet:-1, max-image-preview:large, max-video-preview:-1\" \/>\n<link rel=\"canonical\" href=\"https:\/\/elixscent.com\/de\/produkt\/holzdiffusor-herr\/\" \/>\n<meta property=\"og:locale\" content=\"de_DE\" \/>\n<meta property=\"og:type\" content=\"article\" \/>\n<meta property=\"og:title\" content=\"Wooden Diffuser Gentleman\" \/>\n<meta property=\"og:description\" content=\"Gentleman Wooden Diffuser by ELiX: a cologne-style car air freshener with slow, even release through a wooden diffuser cap. Plastic-free paper box.\" \/>\n<meta property=\"og:url\" content=\"https:\/\/elixscent.com\/de\/produkt\/holzdiffusor-herr\/\" \/>\n<meta property=\"og:site_name\" content=\"ELiX EU air fresheners\" \/>\n<meta property=\"article:modified_time\" content=\"2026-03-23T07:20:16+00:00\" \/>\n<meta property=\"og:image\" content=\"https:\/\/elixscent.com\/wp-content\/uploads\/WEBP_WoodenDiffuser_gentleman_packaging_1.0.webp\" \/>\n\t<meta property=\"og:image:width\" content=\"350\" \/>\n\t<meta property=\"og:image:height\" content=\"663\" \/>\n\t<meta property=\"og:image:type\" content=\"image\/webp\" \/>\n<meta name=\"twitter:card\" content=\"summary_large_image\" \/>\n<meta name=\"twitter:label1\" content=\"Gesch\u00e4tzte Lesezeit\" \/>\n\t<meta name=\"twitter:data1\" content=\"2\u00a0Minuten\" \/>\n<script type=\"application\/ld+json\" class=\"yoast-schema-graph\">{\"@context\":\"https:\\\/\\\/schema.org\",\"@graph\":[{\"@type\":\"WebPage\",\"@id\":\"https:\\\/\\\/elixscent.com\\\/product\\\/wooden-diffuser-gentleman\\\/\",\"url\":\"https:\\\/\\\/elixscent.com\\\/product\\\/wooden-diffuser-gentleman\\\/\",\"name\":\"Gentleman Wooden Diffuser | Cologne-Style Car Air Freshener\",\"isPartOf\":{\"@id\":\"https:\\\/\\\/elixscent.com\\\/#website\"},\"primaryImageOfPage\":{\"@id\":\"https:\\\/\\\/elixscent.com\\\/product\\\/wooden-diffuser-gentleman\\\/#primaryimage\"},\"image\":{\"@id\":\"https:\\\/\\\/elixscent.com\\\/product\\\/wooden-diffuser-gentleman\\\/#primaryimage\"},\"thumbnailUrl\":\"https:\\\/\\\/elixscent.com\\\/wp-content\\\/uploads\\\/WEBP_WoodenDiffuser_gentleman_packaging_1.0.webp\",\"datePublished\":\"2026-02-20T13:14:49+00:00\",\"dateModified\":\"2026-03-23T07:20:16+00:00\",\"description\":\"Gentleman Wooden Diffuser by ELiX: a cologne-style car air freshener with slow, even release through a wooden diffuser cap. Plastic-free paper box.\",\"breadcrumb\":{\"@id\":\"https:\\\/\\\/elixscent.com\\\/product\\\/wooden-diffuser-gentleman\\\/#breadcrumb\"},\"inLanguage\":\"de\",\"potentialAction\":[{\"@type\":\"ReadAction\",\"target\":[\"https:\\\/\\\/elixscent.com\\\/product\\\/wooden-diffuser-gentleman\\\/\"]}]},{\"@type\":\"ImageObject\",\"inLanguage\":\"de\",\"@id\":\"https:\\\/\\\/elixscent.com\\\/product\\\/wooden-diffuser-gentleman\\\/#primaryimage\",\"url\":\"https:\\\/\\\/elixscent.com\\\/wp-content\\\/uploads\\\/WEBP_WoodenDiffuser_gentleman_packaging_1.0.webp\",\"contentUrl\":\"https:\\\/\\\/elixscent.com\\\/wp-content\\\/uploads\\\/WEBP_WoodenDiffuser_gentleman_packaging_1.0.webp\",\"width\":350,\"height\":663,\"caption\":\"wood car air freshener\"},{\"@type\":\"BreadcrumbList\",\"@id\":\"https:\\\/\\\/elixscent.com\\\/product\\\/wooden-diffuser-gentleman\\\/#breadcrumb\",\"itemListElement\":[{\"@type\":\"ListItem\",\"position\":1,\"name\":\"Home\",\"item\":\"https:\\\/\\\/elixscent.com\\\/\"},{\"@type\":\"ListItem\",\"position\":2,\"name\":\"Products\",\"item\":\"https:\\\/\\\/elixscent.com\\\/product\\\/\"},{\"@type\":\"ListItem\",\"position\":3,\"name\":\"WOOD\",\"item\":\"https:\\\/\\\/elixscent.com\\\/product-category\\\/wooden-air-freshener\\\/\"},{\"@type\":\"ListItem\",\"position\":4,\"name\":\"Wooden Diffuser\",\"item\":\"https:\\\/\\\/elixscent.com\\\/product-category\\\/wooden-diffuser\\\/\"},{\"@type\":\"ListItem\",\"position\":5,\"name\":\"Wooden Diffuser Gentleman\"}]},{\"@type\":\"WebSite\",\"@id\":\"https:\\\/\\\/elixscent.com\\\/#website\",\"url\":\"https:\\\/\\\/elixscent.com\\\/\",\"name\":\"ELiX EU air fresheners\",\"description\":\"Air &amp; Fabric, Perfectly Fresh\",\"publisher\":{\"@id\":\"https:\\\/\\\/elixscent.com\\\/#organization\"},\"potentialAction\":[{\"@type\":\"SearchAction\",\"target\":{\"@type\":\"EntryPoint\",\"urlTemplate\":\"https:\\\/\\\/elixscent.com\\\/?s={search_term_string}\"},\"query-input\":{\"@type\":\"PropertyValueSpecification\",\"valueRequired\":true,\"valueName\":\"search_term_string\"}}],\"inLanguage\":\"de\"},{\"@type\":\"Organization\",\"@id\":\"https:\\\/\\\/elixscent.com\\\/#organization\",\"name\":\"ELIX air freshener manufacturer\",\"url\":\"https:\\\/\\\/elixscent.com\\\/\",\"logo\":{\"@type\":\"ImageObject\",\"inLanguage\":\"de\",\"@id\":\"https:\\\/\\\/elixscent.com\\\/#\\\/schema\\\/logo\\\/image\\\/\",\"url\":\"https:\\\/\\\/elixscent.com\\\/wp-content\\\/uploads\\\/elix_logo_1.0-_300.jpg\",\"contentUrl\":\"https:\\\/\\\/elixscent.com\\\/wp-content\\\/uploads\\\/elix_logo_1.0-_300.jpg\",\"width\":300,\"height\":257,\"caption\":\"ELIX air freshener manufacturer\"},\"image\":{\"@id\":\"https:\\\/\\\/elixscent.com\\\/#\\\/schema\\\/logo\\\/image\\\/\"},\"sameAs\":[\"https:\\\/\\\/www.linkedin.com\\\/company\\\/30084929\"]}]}<\/script>\n<!-- \/ Yoast SEO Premium plugin. -->","yoast_head_json":{"title":"Gentleman Holzdiffusor | Auto-Lufterfrischer im K\u00f6ln-Stil","description":"Gentleman Wooden Diffuser von ELiX: ein Auto-Lufterfrischer im K\u00f6lnisch Wasser-Stil mit langsamer, gleichm\u00e4\u00dfiger Abgabe durch eine h\u00f6lzerne Diffusorkappe. Plastikfreie Papierbox.","robots":{"index":"index","follow":"follow","max-snippet":"max-snippet:-1","max-image-preview":"max-image-preview:large","max-video-preview":"max-video-preview:-1"},"canonical":"https:\/\/elixscent.com\/de\/produkt\/holzdiffusor-herr\/","og_locale":"de_DE","og_type":"article","og_title":"Wooden Diffuser Gentleman","og_description":"Gentleman Wooden Diffuser by ELiX: a cologne-style car air freshener with slow, even release through a wooden diffuser cap. Plastic-free paper box.","og_url":"https:\/\/elixscent.com\/de\/produkt\/holzdiffusor-herr\/","og_site_name":"ELiX EU air fresheners","article_modified_time":"2026-03-23T07:20:16+00:00","og_image":[{"width":350,"height":663,"url":"https:\/\/elixscent.com\/wp-content\/uploads\/WEBP_WoodenDiffuser_gentleman_packaging_1.0.webp","type":"image\/webp"}],"twitter_card":"summary_large_image","twitter_misc":{"Gesch\u00e4tzte Lesezeit":"2\u00a0Minuten"},"schema":{"@context":"https:\/\/schema.org","@graph":[{"@type":"WebPage","@id":"https:\/\/elixscent.com\/product\/wooden-diffuser-gentleman\/","url":"https:\/\/elixscent.com\/product\/wooden-diffuser-gentleman\/","name":"Gentleman Holzdiffusor | Auto-Lufterfrischer im K\u00f6ln-Stil","isPartOf":{"@id":"https:\/\/elixscent.com\/#website"},"primaryImageOfPage":{"@id":"https:\/\/elixscent.com\/product\/wooden-diffuser-gentleman\/#primaryimage"},"image":{"@id":"https:\/\/elixscent.com\/product\/wooden-diffuser-gentleman\/#primaryimage"},"thumbnailUrl":"https:\/\/elixscent.com\/wp-content\/uploads\/WEBP_WoodenDiffuser_gentleman_packaging_1.0.webp","datePublished":"2026-02-20T13:14:49+00:00","dateModified":"2026-03-23T07:20:16+00:00","description":"Gentleman Wooden Diffuser von ELiX: ein Auto-Lufterfrischer im K\u00f6lnisch Wasser-Stil mit langsamer, gleichm\u00e4\u00dfiger Abgabe durch eine h\u00f6lzerne Diffusorkappe. Plastikfreie Papierbox.","breadcrumb":{"@id":"https:\/\/elixscent.com\/product\/wooden-diffuser-gentleman\/#breadcrumb"},"inLanguage":"de","potentialAction":[{"@type":"ReadAction","target":["https:\/\/elixscent.com\/product\/wooden-diffuser-gentleman\/"]}]},{"@type":"ImageObject","inLanguage":"de","@id":"https:\/\/elixscent.com\/product\/wooden-diffuser-gentleman\/#primaryimage","url":"https:\/\/elixscent.com\/wp-content\/uploads\/WEBP_WoodenDiffuser_gentleman_packaging_1.0.webp","contentUrl":"https:\/\/elixscent.com\/wp-content\/uploads\/WEBP_WoodenDiffuser_gentleman_packaging_1.0.webp","width":350,"height":663,"caption":"wood car air freshener"},{"@type":"BreadcrumbList","@id":"https:\/\/elixscent.com\/product\/wooden-diffuser-gentleman\/#breadcrumb","itemListElement":[{"@type":"ListItem","position":1,"name":"Home","item":"https:\/\/elixscent.com\/"},{"@type":"ListItem","position":2,"name":"Products","item":"https:\/\/elixscent.com\/product\/"},{"@type":"ListItem","position":3,"name":"WOOD","item":"https:\/\/elixscent.com\/product-category\/wooden-air-freshener\/"},{"@type":"ListItem","position":4,"name":"Wooden Diffuser","item":"https:\/\/elixscent.com\/product-category\/wooden-diffuser\/"},{"@type":"ListItem","position":5,"name":"Wooden Diffuser Gentleman"}]},{"@type":"WebSite","@id":"https:\/\/elixscent.com\/#website","url":"https:\/\/elixscent.com\/","name":"ELiX EU-Lufterfrischer","description":"Luft &amp; Stoff, perfekt frisch","publisher":{"@id":"https:\/\/elixscent.com\/#organization"},"potentialAction":[{"@type":"SearchAction","target":{"@type":"EntryPoint","urlTemplate":"https:\/\/elixscent.com\/?s={search_term_string}"},"query-input":{"@type":"PropertyValueSpecification","valueRequired":true,"valueName":"search_term_string"}}],"inLanguage":"de"},{"@type":"Organization","@id":"https:\/\/elixscent.com\/#organization","name":"ELIX Lufterfrischer Hersteller","url":"https:\/\/elixscent.com\/","logo":{"@type":"ImageObject","inLanguage":"de","@id":"https:\/\/elixscent.com\/#\/schema\/logo\/image\/","url":"https:\/\/elixscent.com\/wp-content\/uploads\/elix_logo_1.0-_300.jpg","contentUrl":"https:\/\/elixscent.com\/wp-content\/uploads\/elix_logo_1.0-_300.jpg","width":300,"height":257,"caption":"ELIX air freshener manufacturer"},"image":{"@id":"https:\/\/elixscent.com\/#\/schema\/logo\/image\/"},"sameAs":["https:\/\/www.linkedin.com\/company\/30084929"]}]}},"_links":{"self":[{"href":"https:\/\/elixscent.com\/de\/wp-json\/wp\/v2\/product\/60622","targetHints":{"allow":["GET"]}}],"collection":[{"href":"https:\/\/elixscent.com\/de\/wp-json\/wp\/v2\/product"}],"about":[{"href":"https:\/\/elixscent.com\/de\/wp-json\/wp\/v2\/types\/product"}],"version-history":[{"count":2,"href":"https:\/\/elixscent.com\/de\/wp-json\/wp\/v2\/product\/60622\/revisions"}],"predecessor-version":[{"id":61004,"href":"https:\/\/elixscent.com\/de\/wp-json\/wp\/v2\/product\/60622\/revisions\/61004"}],"wp:featuredmedia":[{"embeddable":true,"href":"https:\/\/elixscent.com\/de\/wp-json\/wp\/v2\/media\/60623"}],"wp:attachment":[{"href":"https:\/\/elixscent.com\/de\/wp-json\/wp\/v2\/media?parent=60622"}],"curies":[{"name":"wp","href":"https:\/\/api.w.org\/{rel}","templated":true}]}}