{"id":59572,"date":"2025-10-30T11:55:16","date_gmt":"2025-10-30T11:55:16","guid":{"rendered":"https:\/\/elixscent.com\/?post_type=product&#038;p=59572"},"modified":"2025-12-15T09:59:46","modified_gmt":"2025-12-15T09:59:46","slug":"doppelset-duftende-mini-flaschen-meer","status":"publish","type":"product","link":"https:\/\/elixscent.com\/de\/product\/dual-set-scented-mini-bottles-sea\/","title":{"rendered":"Doppelset Mini-Duftflaschen Meer &amp; Wald"},"content":{"rendered":"<p>Lebhaftes Ufer. Ruhiges Waldgebiet. Die <strong data-start=\"295\" data-end=\"329\">Meer &amp; Wald Auto-Lufterfrischer<\/strong> gibt Ihnen zwei unterschiedliche Stimmungen in kompakten Miniflaschen: <strong data-start=\"384\" data-end=\"396\">Meersalz<\/strong> bringt eine saubere, mineralische Frische mit dem Gef\u00fchl einer salzigen Brise, w\u00e4hrend <strong data-start=\"463\" data-end=\"478\">Waldkiefer<\/strong> f\u00fcgt ein ruhiges, harziges Gr\u00fcn hinzu, das best\u00e4ndig und erdend ist. Wechseln Sie im Laufe des Tages zwischen den beiden D\u00fcften - oder bewahren Sie einen f\u00fcr das Auto und den anderen f\u00fcr einen kleinen Raum zu Hause auf. Jedes Mini-Glas ist mit einem nat\u00fcrlichen Holzdeckel ausgestattet, der den Duft gleichm\u00e4\u00dfig verteilt - ganz ohne Sprays, Hitze oder Batterien.<\/p>","protected":false},"featured_media":59573,"parent":0,"menu_order":0,"template":"","class_list":["post-59572","product","type-product","status-publish","has-post-thumbnail","hentry","product_category-2-x-scented-mini-bottles","product_category-wooden-air-freshener"],"acf":[],"yoast_head":"<!-- This site is optimized with the Yoast SEO Premium plugin v27.2 (Yoast SEO v27.4) - https:\/\/yoast.com\/product\/yoast-seo-premium-wordpress\/ -->\n<title>Sea &amp; Forest Car Air Freshener | Sea Salt &amp; Forest Pine<\/title>\n<meta name=\"description\" content=\"The Sea &amp; Forest car air freshener combines Sea Salt (crisp, mineral) and Forest Pine (green, resinous) in two mini bottles for smooth, even diffusion via a natural wood cap. Eco-minded build: paper, wood, glass and recycled plastic.\" \/>\n<meta name=\"robots\" content=\"index, follow, max-snippet:-1, max-image-preview:large, max-video-preview:-1\" \/>\n<link rel=\"canonical\" href=\"https:\/\/elixscent.com\/de\/produkt\/doppelset-duftende-mini-flaschen-meer\/\" \/>\n<meta property=\"og:locale\" content=\"de_DE\" \/>\n<meta property=\"og:type\" content=\"article\" \/>\n<meta property=\"og:title\" content=\"Dual Set Scented Mini Bottles Sea &amp; Forest\" \/>\n<meta property=\"og:description\" content=\"The Sea &amp; Forest car air freshener combines Sea Salt (crisp, mineral) and Forest Pine (green, resinous) in two mini bottles for smooth, even diffusion via a natural wood cap. Eco-minded build: paper, wood, glass and recycled plastic.\" \/>\n<meta property=\"og:url\" content=\"https:\/\/elixscent.com\/de\/produkt\/doppelset-duftende-mini-flaschen-meer\/\" \/>\n<meta property=\"og:site_name\" content=\"ELiX EU air fresheners\" \/>\n<meta property=\"article:modified_time\" content=\"2025-12-15T09:59:46+00:00\" \/>\n<meta property=\"og:image\" content=\"https:\/\/elixscent.com\/wp-content\/uploads\/WEBP_2xSMB_seaforest_headder_1.0.webp\" \/>\n\t<meta property=\"og:image:width\" content=\"300\" \/>\n\t<meta property=\"og:image:height\" content=\"731\" \/>\n\t<meta property=\"og:image:type\" content=\"image\/webp\" \/>\n<meta name=\"twitter:card\" content=\"summary_large_image\" \/>\n<meta name=\"twitter:label1\" content=\"Gesch\u00e4tzte Lesezeit\" \/>\n\t<meta name=\"twitter:data1\" content=\"1\u00a0Minute\" \/>\n<script type=\"application\/ld+json\" class=\"yoast-schema-graph\">{\"@context\":\"https:\\\/\\\/schema.org\",\"@graph\":[{\"@type\":\"WebPage\",\"@id\":\"https:\\\/\\\/elixscent.com\\\/product\\\/dual-set-scented-mini-bottles-sea\\\/\",\"url\":\"https:\\\/\\\/elixscent.com\\\/product\\\/dual-set-scented-mini-bottles-sea\\\/\",\"name\":\"Sea & Forest Car Air Freshener | Sea Salt & Forest Pine\",\"isPartOf\":{\"@id\":\"https:\\\/\\\/elixscent.com\\\/#website\"},\"primaryImageOfPage\":{\"@id\":\"https:\\\/\\\/elixscent.com\\\/product\\\/dual-set-scented-mini-bottles-sea\\\/#primaryimage\"},\"image\":{\"@id\":\"https:\\\/\\\/elixscent.com\\\/product\\\/dual-set-scented-mini-bottles-sea\\\/#primaryimage\"},\"thumbnailUrl\":\"https:\\\/\\\/elixscent.com\\\/wp-content\\\/uploads\\\/WEBP_2xSMB_seaforest_headder_1.0.webp\",\"datePublished\":\"2025-10-30T11:55:16+00:00\",\"dateModified\":\"2025-12-15T09:59:46+00:00\",\"description\":\"The Sea & Forest car air freshener combines Sea Salt (crisp, mineral) and Forest Pine (green, resinous) in two mini bottles for smooth, even diffusion via a natural wood cap. Eco-minded build: paper, wood, glass and recycled plastic.\",\"breadcrumb\":{\"@id\":\"https:\\\/\\\/elixscent.com\\\/product\\\/dual-set-scented-mini-bottles-sea\\\/#breadcrumb\"},\"inLanguage\":\"de\",\"potentialAction\":[{\"@type\":\"ReadAction\",\"target\":[\"https:\\\/\\\/elixscent.com\\\/product\\\/dual-set-scented-mini-bottles-sea\\\/\"]}]},{\"@type\":\"ImageObject\",\"inLanguage\":\"de\",\"@id\":\"https:\\\/\\\/elixscent.com\\\/product\\\/dual-set-scented-mini-bottles-sea\\\/#primaryimage\",\"url\":\"https:\\\/\\\/elixscent.com\\\/wp-content\\\/uploads\\\/WEBP_2xSMB_seaforest_headder_1.0.webp\",\"contentUrl\":\"https:\\\/\\\/elixscent.com\\\/wp-content\\\/uploads\\\/WEBP_2xSMB_seaforest_headder_1.0.webp\",\"width\":300,\"height\":731,\"caption\":\"car perfume wood air freshener\"},{\"@type\":\"BreadcrumbList\",\"@id\":\"https:\\\/\\\/elixscent.com\\\/product\\\/dual-set-scented-mini-bottles-sea\\\/#breadcrumb\",\"itemListElement\":[{\"@type\":\"ListItem\",\"position\":1,\"name\":\"Home\",\"item\":\"https:\\\/\\\/elixscent.com\\\/\"},{\"@type\":\"ListItem\",\"position\":2,\"name\":\"Products\",\"item\":\"https:\\\/\\\/elixscent.com\\\/product\\\/\"},{\"@type\":\"ListItem\",\"position\":3,\"name\":\"WOOD\",\"item\":\"https:\\\/\\\/elixscent.com\\\/product-category\\\/wooden-air-freshener\\\/\"},{\"@type\":\"ListItem\",\"position\":4,\"name\":\"2 x Scented Mini Bottles\",\"item\":\"https:\\\/\\\/elixscent.com\\\/product-category\\\/2-x-scented-mini-bottles\\\/\"},{\"@type\":\"ListItem\",\"position\":5,\"name\":\"Dual Set Scented Mini Bottles Sea &#038; Forest\"}]},{\"@type\":\"WebSite\",\"@id\":\"https:\\\/\\\/elixscent.com\\\/#website\",\"url\":\"https:\\\/\\\/elixscent.com\\\/\",\"name\":\"ELiX EU air fresheners\",\"description\":\"Air &amp; Fabric, Perfectly Fresh\",\"publisher\":{\"@id\":\"https:\\\/\\\/elixscent.com\\\/#organization\"},\"potentialAction\":[{\"@type\":\"SearchAction\",\"target\":{\"@type\":\"EntryPoint\",\"urlTemplate\":\"https:\\\/\\\/elixscent.com\\\/?s={search_term_string}\"},\"query-input\":{\"@type\":\"PropertyValueSpecification\",\"valueRequired\":true,\"valueName\":\"search_term_string\"}}],\"inLanguage\":\"de\"},{\"@type\":\"Organization\",\"@id\":\"https:\\\/\\\/elixscent.com\\\/#organization\",\"name\":\"ELIX air freshener manufacturer\",\"url\":\"https:\\\/\\\/elixscent.com\\\/\",\"logo\":{\"@type\":\"ImageObject\",\"inLanguage\":\"de\",\"@id\":\"https:\\\/\\\/elixscent.com\\\/#\\\/schema\\\/logo\\\/image\\\/\",\"url\":\"https:\\\/\\\/elixscent.com\\\/wp-content\\\/uploads\\\/elix_logo_1.0-_300.jpg\",\"contentUrl\":\"https:\\\/\\\/elixscent.com\\\/wp-content\\\/uploads\\\/elix_logo_1.0-_300.jpg\",\"width\":300,\"height\":257,\"caption\":\"ELIX air freshener manufacturer\"},\"image\":{\"@id\":\"https:\\\/\\\/elixscent.com\\\/#\\\/schema\\\/logo\\\/image\\\/\"},\"sameAs\":[\"https:\\\/\\\/www.linkedin.com\\\/company\\\/30084929\"]}]}<\/script>\n<!-- \/ Yoast SEO Premium plugin. -->","yoast_head_json":{"title":"Meer &amp; Wald Autolufterfrischer | Meersalz &amp; Waldkiefer","description":"Der Sea &amp; Forest Auto-Lufterfrischer kombiniert Meersalz (frisch, mineralisch) und Waldkiefer (gr\u00fcn, harzig) in zwei Mini-Flaschen f\u00fcr eine sanfte, gleichm\u00e4\u00dfige Diffusion \u00fcber einen nat\u00fcrlichen Holzdeckel. Umweltfreundlicher Aufbau: Papier, Holz, Glas und recycelter Kunststoff.","robots":{"index":"index","follow":"follow","max-snippet":"max-snippet:-1","max-image-preview":"max-image-preview:large","max-video-preview":"max-video-preview:-1"},"canonical":"https:\/\/elixscent.com\/de\/produkt\/doppelset-duftende-mini-flaschen-meer\/","og_locale":"de_DE","og_type":"article","og_title":"Dual Set Scented Mini Bottles Sea & Forest","og_description":"The Sea & Forest car air freshener combines Sea Salt (crisp, mineral) and Forest Pine (green, resinous) in two mini bottles for smooth, even diffusion via a natural wood cap. Eco-minded build: paper, wood, glass and recycled plastic.","og_url":"https:\/\/elixscent.com\/de\/produkt\/doppelset-duftende-mini-flaschen-meer\/","og_site_name":"ELiX EU air fresheners","article_modified_time":"2025-12-15T09:59:46+00:00","og_image":[{"width":300,"height":731,"url":"https:\/\/elixscent.com\/wp-content\/uploads\/WEBP_2xSMB_seaforest_headder_1.0.webp","type":"image\/webp"}],"twitter_card":"summary_large_image","twitter_misc":{"Gesch\u00e4tzte Lesezeit":"1\u00a0Minute"},"schema":{"@context":"https:\/\/schema.org","@graph":[{"@type":"WebPage","@id":"https:\/\/elixscent.com\/product\/dual-set-scented-mini-bottles-sea\/","url":"https:\/\/elixscent.com\/product\/dual-set-scented-mini-bottles-sea\/","name":"Meer &amp; Wald Autolufterfrischer | Meersalz &amp; Waldkiefer","isPartOf":{"@id":"https:\/\/elixscent.com\/#website"},"primaryImageOfPage":{"@id":"https:\/\/elixscent.com\/product\/dual-set-scented-mini-bottles-sea\/#primaryimage"},"image":{"@id":"https:\/\/elixscent.com\/product\/dual-set-scented-mini-bottles-sea\/#primaryimage"},"thumbnailUrl":"https:\/\/elixscent.com\/wp-content\/uploads\/WEBP_2xSMB_seaforest_headder_1.0.webp","datePublished":"2025-10-30T11:55:16+00:00","dateModified":"2025-12-15T09:59:46+00:00","description":"Der Sea &amp; Forest Auto-Lufterfrischer kombiniert Meersalz (frisch, mineralisch) und Waldkiefer (gr\u00fcn, harzig) in zwei Mini-Flaschen f\u00fcr eine sanfte, gleichm\u00e4\u00dfige Diffusion \u00fcber einen nat\u00fcrlichen Holzdeckel. Umweltfreundlicher Aufbau: Papier, Holz, Glas und recycelter Kunststoff.","breadcrumb":{"@id":"https:\/\/elixscent.com\/product\/dual-set-scented-mini-bottles-sea\/#breadcrumb"},"inLanguage":"de","potentialAction":[{"@type":"ReadAction","target":["https:\/\/elixscent.com\/product\/dual-set-scented-mini-bottles-sea\/"]}]},{"@type":"ImageObject","inLanguage":"de","@id":"https:\/\/elixscent.com\/product\/dual-set-scented-mini-bottles-sea\/#primaryimage","url":"https:\/\/elixscent.com\/wp-content\/uploads\/WEBP_2xSMB_seaforest_headder_1.0.webp","contentUrl":"https:\/\/elixscent.com\/wp-content\/uploads\/WEBP_2xSMB_seaforest_headder_1.0.webp","width":300,"height":731,"caption":"car perfume wood air freshener"},{"@type":"BreadcrumbList","@id":"https:\/\/elixscent.com\/product\/dual-set-scented-mini-bottles-sea\/#breadcrumb","itemListElement":[{"@type":"ListItem","position":1,"name":"Home","item":"https:\/\/elixscent.com\/"},{"@type":"ListItem","position":2,"name":"Products","item":"https:\/\/elixscent.com\/product\/"},{"@type":"ListItem","position":3,"name":"WOOD","item":"https:\/\/elixscent.com\/product-category\/wooden-air-freshener\/"},{"@type":"ListItem","position":4,"name":"2 x Scented Mini Bottles","item":"https:\/\/elixscent.com\/product-category\/2-x-scented-mini-bottles\/"},{"@type":"ListItem","position":5,"name":"Dual Set Scented Mini Bottles Sea &#038; Forest"}]},{"@type":"WebSite","@id":"https:\/\/elixscent.com\/#website","url":"https:\/\/elixscent.com\/","name":"ELiX EU-Lufterfrischer","description":"Luft &amp; Stoff, perfekt frisch","publisher":{"@id":"https:\/\/elixscent.com\/#organization"},"potentialAction":[{"@type":"SearchAction","target":{"@type":"EntryPoint","urlTemplate":"https:\/\/elixscent.com\/?s={search_term_string}"},"query-input":{"@type":"PropertyValueSpecification","valueRequired":true,"valueName":"search_term_string"}}],"inLanguage":"de"},{"@type":"Organization","@id":"https:\/\/elixscent.com\/#organization","name":"ELIX Lufterfrischer Hersteller","url":"https:\/\/elixscent.com\/","logo":{"@type":"ImageObject","inLanguage":"de","@id":"https:\/\/elixscent.com\/#\/schema\/logo\/image\/","url":"https:\/\/elixscent.com\/wp-content\/uploads\/elix_logo_1.0-_300.jpg","contentUrl":"https:\/\/elixscent.com\/wp-content\/uploads\/elix_logo_1.0-_300.jpg","width":300,"height":257,"caption":"ELIX air freshener manufacturer"},"image":{"@id":"https:\/\/elixscent.com\/#\/schema\/logo\/image\/"},"sameAs":["https:\/\/www.linkedin.com\/company\/30084929"]}]}},"_links":{"self":[{"href":"https:\/\/elixscent.com\/de\/wp-json\/wp\/v2\/product\/59572","targetHints":{"allow":["GET"]}}],"collection":[{"href":"https:\/\/elixscent.com\/de\/wp-json\/wp\/v2\/product"}],"about":[{"href":"https:\/\/elixscent.com\/de\/wp-json\/wp\/v2\/types\/product"}],"version-history":[{"count":3,"href":"https:\/\/elixscent.com\/de\/wp-json\/wp\/v2\/product\/59572\/revisions"}],"predecessor-version":[{"id":60020,"href":"https:\/\/elixscent.com\/de\/wp-json\/wp\/v2\/product\/59572\/revisions\/60020"}],"wp:featuredmedia":[{"embeddable":true,"href":"https:\/\/elixscent.com\/de\/wp-json\/wp\/v2\/media\/59573"}],"wp:attachment":[{"href":"https:\/\/elixscent.com\/de\/wp-json\/wp\/v2\/media?parent=59572"}],"curies":[{"name":"wp","href":"https:\/\/api.w.org\/{rel}","templated":true}]}}