{"id":59562,"date":"2025-10-30T11:47:37","date_gmt":"2025-10-30T11:47:37","guid":{"rendered":"https:\/\/elixscent.com\/?post_type=product&#038;p=59562"},"modified":"2025-12-15T09:49:26","modified_gmt":"2025-12-15T09:49:26","slug":"doppelset-duftende-mini-flaschen-chillout","status":"publish","type":"product","link":"https:\/\/elixscent.com\/de\/product\/dual-set-scented-mini-bottles-chillout\/","title":{"rendered":"Doppelset Duftende Mini-Flaschen Chillout &amp; Relax"},"content":{"rendered":"<p>Entspannen Sie sich auf Ihre Weise. Die <strong data-start=\"274\" data-end=\"312\">Chillout &amp; Relax Auto-Lufterfrischer<\/strong> Paare von zwei Mini-Flaschen: <strong data-start=\"337\" data-end=\"355\">Karamell-Kaffee<\/strong> f\u00fcr eine gem\u00fctliche W\u00e4rme im Caf\u00e9-Stil mit einer cremigen Karamellnote, und <strong data-start=\"418\" data-end=\"431\">Tropicoco<\/strong> f\u00fcr eine leichte, sonnengek\u00fcsste Kokosnuss-Atmosph\u00e4re. Tauschen Sie die D\u00fcfte nach Lust und Laune aus oder teilen Sie einen mit einer Freundin. Jedes Mini-Glas hat einen Diffusorverschluss aus Naturholz f\u00fcr eine sanfte, gleichm\u00e4\u00dfige Freisetzung - keine Sprays, Hitze oder Batterien.<\/p>","protected":false},"featured_media":59563,"parent":0,"menu_order":0,"template":"","class_list":["post-59562","product","type-product","status-publish","has-post-thumbnail","hentry","product_category-2-x-scented-mini-bottles","product_category-wooden-air-freshener"],"acf":[],"yoast_head":"<!-- This site is optimized with the Yoast SEO Premium plugin v27.2 (Yoast SEO v27.4) - https:\/\/yoast.com\/product\/yoast-seo-premium-wordpress\/ -->\n<title>Chillout &amp; Relax Car Air Freshener | Caramel Coffee &amp; Tropicoco<\/title>\n<meta name=\"description\" content=\"The Chillout &amp; Relax car air freshener blends Caramel Coffee comfort with Tropicoco coconut freshness in two compact bottles for clean, even diffusion via a natural wood cap. Eco-minded materials: paper, wood, glass and recycled plastic\" \/>\n<meta name=\"robots\" content=\"index, follow, max-snippet:-1, max-image-preview:large, max-video-preview:-1\" \/>\n<link rel=\"canonical\" href=\"https:\/\/elixscent.com\/de\/produkt\/doppelset-duftende-mini-flaschen-chillout\/\" \/>\n<meta property=\"og:locale\" content=\"de_DE\" \/>\n<meta property=\"og:type\" content=\"article\" \/>\n<meta property=\"og:title\" content=\"Dual Set Scented Mini Bottles Chillout &amp; Relax\" \/>\n<meta property=\"og:description\" content=\"The Chillout &amp; Relax car air freshener blends Caramel Coffee comfort with Tropicoco coconut freshness in two compact bottles for clean, even diffusion via a natural wood cap. Eco-minded materials: paper, wood, glass and recycled plastic\" \/>\n<meta property=\"og:url\" content=\"https:\/\/elixscent.com\/de\/produkt\/doppelset-duftende-mini-flaschen-chillout\/\" \/>\n<meta property=\"og:site_name\" content=\"ELiX EU air fresheners\" \/>\n<meta property=\"article:modified_time\" content=\"2025-12-15T09:49:26+00:00\" \/>\n<meta property=\"og:image\" content=\"https:\/\/elixscent.com\/wp-content\/uploads\/WEBP_2xSMB_chilloutrelax_headder_1.0-1.webp\" \/>\n\t<meta property=\"og:image:width\" content=\"300\" \/>\n\t<meta property=\"og:image:height\" content=\"731\" \/>\n\t<meta property=\"og:image:type\" content=\"image\/webp\" \/>\n<meta name=\"twitter:card\" content=\"summary_large_image\" \/>\n<meta name=\"twitter:label1\" content=\"Gesch\u00e4tzte Lesezeit\" \/>\n\t<meta name=\"twitter:data1\" content=\"1\u00a0Minute\" \/>\n<script type=\"application\/ld+json\" class=\"yoast-schema-graph\">{\"@context\":\"https:\\\/\\\/schema.org\",\"@graph\":[{\"@type\":\"WebPage\",\"@id\":\"https:\\\/\\\/elixscent.com\\\/product\\\/dual-set-scented-mini-bottles-chillout\\\/\",\"url\":\"https:\\\/\\\/elixscent.com\\\/product\\\/dual-set-scented-mini-bottles-chillout\\\/\",\"name\":\"Chillout & Relax Car Air Freshener | Caramel Coffee & Tropicoco\",\"isPartOf\":{\"@id\":\"https:\\\/\\\/elixscent.com\\\/#website\"},\"primaryImageOfPage\":{\"@id\":\"https:\\\/\\\/elixscent.com\\\/product\\\/dual-set-scented-mini-bottles-chillout\\\/#primaryimage\"},\"image\":{\"@id\":\"https:\\\/\\\/elixscent.com\\\/product\\\/dual-set-scented-mini-bottles-chillout\\\/#primaryimage\"},\"thumbnailUrl\":\"https:\\\/\\\/elixscent.com\\\/wp-content\\\/uploads\\\/WEBP_2xSMB_chilloutrelax_headder_1.0-1.webp\",\"datePublished\":\"2025-10-30T11:47:37+00:00\",\"dateModified\":\"2025-12-15T09:49:26+00:00\",\"description\":\"The Chillout & Relax car air freshener blends Caramel Coffee comfort with Tropicoco coconut freshness in two compact bottles for clean, even diffusion via a natural wood cap. Eco-minded materials: paper, wood, glass and recycled plastic\",\"breadcrumb\":{\"@id\":\"https:\\\/\\\/elixscent.com\\\/product\\\/dual-set-scented-mini-bottles-chillout\\\/#breadcrumb\"},\"inLanguage\":\"de\",\"potentialAction\":[{\"@type\":\"ReadAction\",\"target\":[\"https:\\\/\\\/elixscent.com\\\/product\\\/dual-set-scented-mini-bottles-chillout\\\/\"]}]},{\"@type\":\"ImageObject\",\"inLanguage\":\"de\",\"@id\":\"https:\\\/\\\/elixscent.com\\\/product\\\/dual-set-scented-mini-bottles-chillout\\\/#primaryimage\",\"url\":\"https:\\\/\\\/elixscent.com\\\/wp-content\\\/uploads\\\/WEBP_2xSMB_chilloutrelax_headder_1.0-1.webp\",\"contentUrl\":\"https:\\\/\\\/elixscent.com\\\/wp-content\\\/uploads\\\/WEBP_2xSMB_chilloutrelax_headder_1.0-1.webp\",\"width\":300,\"height\":731,\"caption\":\"car perfume 2 pcs set\"},{\"@type\":\"BreadcrumbList\",\"@id\":\"https:\\\/\\\/elixscent.com\\\/product\\\/dual-set-scented-mini-bottles-chillout\\\/#breadcrumb\",\"itemListElement\":[{\"@type\":\"ListItem\",\"position\":1,\"name\":\"Home\",\"item\":\"https:\\\/\\\/elixscent.com\\\/\"},{\"@type\":\"ListItem\",\"position\":2,\"name\":\"Products\",\"item\":\"https:\\\/\\\/elixscent.com\\\/product\\\/\"},{\"@type\":\"ListItem\",\"position\":3,\"name\":\"WOOD\",\"item\":\"https:\\\/\\\/elixscent.com\\\/product-category\\\/wooden-air-freshener\\\/\"},{\"@type\":\"ListItem\",\"position\":4,\"name\":\"2 x Scented Mini Bottles\",\"item\":\"https:\\\/\\\/elixscent.com\\\/product-category\\\/2-x-scented-mini-bottles\\\/\"},{\"@type\":\"ListItem\",\"position\":5,\"name\":\"Dual Set Scented Mini Bottles Chillout &#038; Relax\"}]},{\"@type\":\"WebSite\",\"@id\":\"https:\\\/\\\/elixscent.com\\\/#website\",\"url\":\"https:\\\/\\\/elixscent.com\\\/\",\"name\":\"ELiX EU air fresheners\",\"description\":\"Air &amp; Fabric, Perfectly Fresh\",\"publisher\":{\"@id\":\"https:\\\/\\\/elixscent.com\\\/#organization\"},\"potentialAction\":[{\"@type\":\"SearchAction\",\"target\":{\"@type\":\"EntryPoint\",\"urlTemplate\":\"https:\\\/\\\/elixscent.com\\\/?s={search_term_string}\"},\"query-input\":{\"@type\":\"PropertyValueSpecification\",\"valueRequired\":true,\"valueName\":\"search_term_string\"}}],\"inLanguage\":\"de\"},{\"@type\":\"Organization\",\"@id\":\"https:\\\/\\\/elixscent.com\\\/#organization\",\"name\":\"ELIX air freshener manufacturer\",\"url\":\"https:\\\/\\\/elixscent.com\\\/\",\"logo\":{\"@type\":\"ImageObject\",\"inLanguage\":\"de\",\"@id\":\"https:\\\/\\\/elixscent.com\\\/#\\\/schema\\\/logo\\\/image\\\/\",\"url\":\"https:\\\/\\\/elixscent.com\\\/wp-content\\\/uploads\\\/elix_logo_1.0-_300.jpg\",\"contentUrl\":\"https:\\\/\\\/elixscent.com\\\/wp-content\\\/uploads\\\/elix_logo_1.0-_300.jpg\",\"width\":300,\"height\":257,\"caption\":\"ELIX air freshener manufacturer\"},\"image\":{\"@id\":\"https:\\\/\\\/elixscent.com\\\/#\\\/schema\\\/logo\\\/image\\\/\"},\"sameAs\":[\"https:\\\/\\\/www.linkedin.com\\\/company\\\/30084929\"]}]}<\/script>\n<!-- \/ Yoast SEO Premium plugin. -->","yoast_head_json":{"title":"Chillout &amp; Relax Auto-Lufterfrischer | Karamell-Kaffee &amp; Tropicoco","description":"Der Chillout &amp; Relax Auto-Lufterfrischer verbindet den Komfort von Caramel-Kaffee mit der Frische von Tropicoco-Kokosnuss in zwei kompakten Flaschen, die sich durch einen nat\u00fcrlichen Holzverschluss sauber und gleichm\u00e4\u00dfig verteilen. Umweltbewusste Materialien: Papier, Holz, Glas und recycelter Kunststoff","robots":{"index":"index","follow":"follow","max-snippet":"max-snippet:-1","max-image-preview":"max-image-preview:large","max-video-preview":"max-video-preview:-1"},"canonical":"https:\/\/elixscent.com\/de\/produkt\/doppelset-duftende-mini-flaschen-chillout\/","og_locale":"de_DE","og_type":"article","og_title":"Dual Set Scented Mini Bottles Chillout & Relax","og_description":"The Chillout & Relax car air freshener blends Caramel Coffee comfort with Tropicoco coconut freshness in two compact bottles for clean, even diffusion via a natural wood cap. Eco-minded materials: paper, wood, glass and recycled plastic","og_url":"https:\/\/elixscent.com\/de\/produkt\/doppelset-duftende-mini-flaschen-chillout\/","og_site_name":"ELiX EU air fresheners","article_modified_time":"2025-12-15T09:49:26+00:00","og_image":[{"width":300,"height":731,"url":"https:\/\/elixscent.com\/wp-content\/uploads\/WEBP_2xSMB_chilloutrelax_headder_1.0-1.webp","type":"image\/webp"}],"twitter_card":"summary_large_image","twitter_misc":{"Gesch\u00e4tzte Lesezeit":"1\u00a0Minute"},"schema":{"@context":"https:\/\/schema.org","@graph":[{"@type":"WebPage","@id":"https:\/\/elixscent.com\/product\/dual-set-scented-mini-bottles-chillout\/","url":"https:\/\/elixscent.com\/product\/dual-set-scented-mini-bottles-chillout\/","name":"Chillout &amp; Relax Auto-Lufterfrischer | Karamell-Kaffee &amp; Tropicoco","isPartOf":{"@id":"https:\/\/elixscent.com\/#website"},"primaryImageOfPage":{"@id":"https:\/\/elixscent.com\/product\/dual-set-scented-mini-bottles-chillout\/#primaryimage"},"image":{"@id":"https:\/\/elixscent.com\/product\/dual-set-scented-mini-bottles-chillout\/#primaryimage"},"thumbnailUrl":"https:\/\/elixscent.com\/wp-content\/uploads\/WEBP_2xSMB_chilloutrelax_headder_1.0-1.webp","datePublished":"2025-10-30T11:47:37+00:00","dateModified":"2025-12-15T09:49:26+00:00","description":"Der Chillout &amp; Relax Auto-Lufterfrischer verbindet den Komfort von Caramel-Kaffee mit der Frische von Tropicoco-Kokosnuss in zwei kompakten Flaschen, die sich durch einen nat\u00fcrlichen Holzverschluss sauber und gleichm\u00e4\u00dfig verteilen. Umweltbewusste Materialien: Papier, Holz, Glas und recycelter Kunststoff","breadcrumb":{"@id":"https:\/\/elixscent.com\/product\/dual-set-scented-mini-bottles-chillout\/#breadcrumb"},"inLanguage":"de","potentialAction":[{"@type":"ReadAction","target":["https:\/\/elixscent.com\/product\/dual-set-scented-mini-bottles-chillout\/"]}]},{"@type":"ImageObject","inLanguage":"de","@id":"https:\/\/elixscent.com\/product\/dual-set-scented-mini-bottles-chillout\/#primaryimage","url":"https:\/\/elixscent.com\/wp-content\/uploads\/WEBP_2xSMB_chilloutrelax_headder_1.0-1.webp","contentUrl":"https:\/\/elixscent.com\/wp-content\/uploads\/WEBP_2xSMB_chilloutrelax_headder_1.0-1.webp","width":300,"height":731,"caption":"car perfume 2 pcs set"},{"@type":"BreadcrumbList","@id":"https:\/\/elixscent.com\/product\/dual-set-scented-mini-bottles-chillout\/#breadcrumb","itemListElement":[{"@type":"ListItem","position":1,"name":"Home","item":"https:\/\/elixscent.com\/"},{"@type":"ListItem","position":2,"name":"Products","item":"https:\/\/elixscent.com\/product\/"},{"@type":"ListItem","position":3,"name":"WOOD","item":"https:\/\/elixscent.com\/product-category\/wooden-air-freshener\/"},{"@type":"ListItem","position":4,"name":"2 x Scented Mini Bottles","item":"https:\/\/elixscent.com\/product-category\/2-x-scented-mini-bottles\/"},{"@type":"ListItem","position":5,"name":"Dual Set Scented Mini Bottles Chillout &#038; Relax"}]},{"@type":"WebSite","@id":"https:\/\/elixscent.com\/#website","url":"https:\/\/elixscent.com\/","name":"ELiX EU-Lufterfrischer","description":"Luft &amp; Stoff, perfekt frisch","publisher":{"@id":"https:\/\/elixscent.com\/#organization"},"potentialAction":[{"@type":"SearchAction","target":{"@type":"EntryPoint","urlTemplate":"https:\/\/elixscent.com\/?s={search_term_string}"},"query-input":{"@type":"PropertyValueSpecification","valueRequired":true,"valueName":"search_term_string"}}],"inLanguage":"de"},{"@type":"Organization","@id":"https:\/\/elixscent.com\/#organization","name":"ELIX Lufterfrischer Hersteller","url":"https:\/\/elixscent.com\/","logo":{"@type":"ImageObject","inLanguage":"de","@id":"https:\/\/elixscent.com\/#\/schema\/logo\/image\/","url":"https:\/\/elixscent.com\/wp-content\/uploads\/elix_logo_1.0-_300.jpg","contentUrl":"https:\/\/elixscent.com\/wp-content\/uploads\/elix_logo_1.0-_300.jpg","width":300,"height":257,"caption":"ELIX air freshener manufacturer"},"image":{"@id":"https:\/\/elixscent.com\/#\/schema\/logo\/image\/"},"sameAs":["https:\/\/www.linkedin.com\/company\/30084929"]}]}},"_links":{"self":[{"href":"https:\/\/elixscent.com\/de\/wp-json\/wp\/v2\/product\/59562","targetHints":{"allow":["GET"]}}],"collection":[{"href":"https:\/\/elixscent.com\/de\/wp-json\/wp\/v2\/product"}],"about":[{"href":"https:\/\/elixscent.com\/de\/wp-json\/wp\/v2\/types\/product"}],"version-history":[{"count":3,"href":"https:\/\/elixscent.com\/de\/wp-json\/wp\/v2\/product\/59562\/revisions"}],"predecessor-version":[{"id":60016,"href":"https:\/\/elixscent.com\/de\/wp-json\/wp\/v2\/product\/59562\/revisions\/60016"}],"wp:featuredmedia":[{"embeddable":true,"href":"https:\/\/elixscent.com\/de\/wp-json\/wp\/v2\/media\/59563"}],"wp:attachment":[{"href":"https:\/\/elixscent.com\/de\/wp-json\/wp\/v2\/media?parent=59562"}],"curies":[{"name":"wp","href":"https:\/\/api.w.org\/{rel}","templated":true}]}}