{"id":59305,"date":"2025-10-08T12:14:58","date_gmt":"2025-10-08T12:14:58","guid":{"rendered":"https:\/\/elixscent.com\/?post_type=product&#038;p=59305"},"modified":"2026-03-23T13:59:14","modified_gmt":"2026-03-23T13:59:14","slug":"vorhang-wasche-parfum-odorano","status":"publish","type":"product","link":"https:\/\/elixscent.com\/de\/product\/curtain-laundry-perfume-odorano\/","title":{"rendered":"CURTAIN Laundry Parf\u00fcm"},"content":{"rendered":"<p data-start=\"213\" data-end=\"690\">Tiefenreinigende Frische f\u00fcr Gardinen, Stores und Voiles - direkt nach dem Waschen. Angetrieben durch <strong data-start=\"301\" data-end=\"343\">Odorano\u00ae Technologie zur Geruchsneutralisierung<\/strong>Dieses W\u00e4scheparf\u00fcm hilft bei der Beseitigung hartn\u00e4ckiger Ger\u00fcche (Tabak, Muff, K\u00fcchenger\u00fcche) und hinterl\u00e4sst einen sauberen, angenehmen Duft, der nicht zu aufdringlich ist. Es wurde f\u00fcr den t\u00e4glichen Waschgang und empfindliche W\u00e4sche entwickelt und ist Schritt 1 des <strong data-start=\"567\" data-end=\"601\">CurtainCare No-Iron-Programm<\/strong>: waschen, dann mit Crease Releaser gl\u00e4tten und zwischen den Waschg\u00e4ngen mit Odour Absorber auffrischen.<\/p>\n<p data-start=\"692\" data-end=\"714\"><strong data-start=\"692\" data-end=\"714\">Warum Sie es lieben werden<\/strong><\/p>\n<ul data-start=\"715\" data-end=\"913\">\n<li data-start=\"715\" data-end=\"769\">\n<p data-start=\"717\" data-end=\"769\">Neutralisiert Ger\u00fcche an der <strong data-start=\"743\" data-end=\"751\">waschen<\/strong> Stufe (Odorano\u00ae)<\/p>\n<\/li>\n<li data-start=\"770\" data-end=\"826\">\n<p data-start=\"772\" data-end=\"826\">Sauberer, lang anhaltender Duft - nicht schwer oder s\u00fc\u00dflich<\/p>\n<\/li>\n<li data-start=\"827\" data-end=\"869\">\n<p data-start=\"829\" data-end=\"869\">Geeignet f\u00fcr Vorh\u00e4nge, Netze und Voiles<\/p>\n<\/li>\n<li data-start=\"870\" data-end=\"913\">\n<p data-start=\"872\" data-end=\"913\">Funktioniert mit Ihrem \u00fcblichen Waschmittel und Waschgang<\/p>\n<\/li>\n<\/ul>\n<p data-start=\"915\" data-end=\"1144\"><strong data-start=\"915\" data-end=\"929\">Wie zu verwenden<\/strong><br data-start=\"929\" data-end=\"932\" \/>Geben Sie es gem\u00e4\u00df den Anweisungen auf dem Etikett in die Waschmaschine (in der Regel in die Weichsp\u00fclerschublade oder den Dosierdeckel). Waschen Sie die W\u00e4sche entsprechend den Pflegehinweisen. F\u00fcr beste Ergebnisse zum Trocknen aufh\u00e4ngen und mit <strong data-start=\"1105\" data-end=\"1132\">Vorhangfaltenl\u00f6ser<\/strong> wenn sie feucht sind.<\/p>\n<p data-start=\"558\" data-end=\"696\" data-is-last-node=\"\" data-is-only-node=\"\">500ml<\/p>","protected":false},"featured_media":59306,"parent":0,"menu_order":0,"template":"","class_list":["post-59305","product","type-product","status-publish","has-post-thumbnail","hentry","product_category-curtain-care-no-iron"],"acf":[],"yoast_head":"<!-- This site is optimized with the Yoast SEO Premium plugin v27.4 (Yoast SEO v27.4) - https:\/\/yoast.com\/product\/yoast-seo-premium-wordpress\/ -->\n<title>Amarella Curtain Laundry Perfume with Odorano\u00ae<\/title>\n<meta name=\"description\" content=\"Neutralises tobacco, musty and kitchen odours during the wash and leaves a clean, pleasant scent. For curtains, nets and voiles. Step 1 of CurtainCare\" \/>\n<meta name=\"robots\" content=\"index, follow, max-snippet:-1, max-image-preview:large, max-video-preview:-1\" \/>\n<link rel=\"canonical\" href=\"https:\/\/elixscent.com\/de\/produkt\/vorhang-wasche-parfum-odorano\/\" \/>\n<meta property=\"og:locale\" content=\"de_DE\" \/>\n<meta property=\"og:type\" content=\"article\" \/>\n<meta property=\"og:title\" content=\"CURTAIN Laundry Perfume\" \/>\n<meta property=\"og:description\" content=\"Neutralises tobacco, musty and kitchen odours during the wash and leaves a clean, pleasant scent. For curtains, nets and voiles. Step 1 of CurtainCare\" \/>\n<meta property=\"og:url\" content=\"https:\/\/elixscent.com\/de\/produkt\/vorhang-wasche-parfum-odorano\/\" \/>\n<meta property=\"og:site_name\" content=\"ELiX EU air fresheners\" \/>\n<meta property=\"article:modified_time\" content=\"2026-03-23T13:59:14+00:00\" \/>\n<meta property=\"og:image\" content=\"https:\/\/elixscent.com\/wp-content\/uploads\/WEBP_Amarella_Curtain_Laundry_Perfume_500ml_product_1.0.webp\" \/>\n\t<meta property=\"og:image:width\" content=\"210\" \/>\n\t<meta property=\"og:image:height\" content=\"675\" \/>\n\t<meta property=\"og:image:type\" content=\"image\/webp\" \/>\n<meta name=\"twitter:card\" content=\"summary_large_image\" \/>\n<meta name=\"twitter:label1\" content=\"Gesch\u00e4tzte Lesezeit\" \/>\n\t<meta name=\"twitter:data1\" content=\"2\u00a0Minuten\" \/>\n<script type=\"application\/ld+json\" class=\"yoast-schema-graph\">{\"@context\":\"https:\\\/\\\/schema.org\",\"@graph\":[{\"@type\":\"WebPage\",\"@id\":\"https:\\\/\\\/elixscent.com\\\/product\\\/curtain-laundry-perfume-odorano\\\/\",\"url\":\"https:\\\/\\\/elixscent.com\\\/product\\\/curtain-laundry-perfume-odorano\\\/\",\"name\":\"Amarella Curtain Laundry Perfume with Odorano\u00ae\",\"isPartOf\":{\"@id\":\"https:\\\/\\\/elixscent.com\\\/#website\"},\"primaryImageOfPage\":{\"@id\":\"https:\\\/\\\/elixscent.com\\\/product\\\/curtain-laundry-perfume-odorano\\\/#primaryimage\"},\"image\":{\"@id\":\"https:\\\/\\\/elixscent.com\\\/product\\\/curtain-laundry-perfume-odorano\\\/#primaryimage\"},\"thumbnailUrl\":\"https:\\\/\\\/elixscent.com\\\/wp-content\\\/uploads\\\/WEBP_Amarella_Curtain_Laundry_Perfume_500ml_product_1.0.webp\",\"datePublished\":\"2025-10-08T12:14:58+00:00\",\"dateModified\":\"2026-03-23T13:59:14+00:00\",\"description\":\"Neutralises tobacco, musty and kitchen odours during the wash and leaves a clean, pleasant scent. For curtains, nets and voiles. Step 1 of CurtainCare\",\"breadcrumb\":{\"@id\":\"https:\\\/\\\/elixscent.com\\\/product\\\/curtain-laundry-perfume-odorano\\\/#breadcrumb\"},\"inLanguage\":\"de\",\"potentialAction\":[{\"@type\":\"ReadAction\",\"target\":[\"https:\\\/\\\/elixscent.com\\\/product\\\/curtain-laundry-perfume-odorano\\\/\"]}]},{\"@type\":\"ImageObject\",\"inLanguage\":\"de\",\"@id\":\"https:\\\/\\\/elixscent.com\\\/product\\\/curtain-laundry-perfume-odorano\\\/#primaryimage\",\"url\":\"https:\\\/\\\/elixscent.com\\\/wp-content\\\/uploads\\\/WEBP_Amarella_Curtain_Laundry_Perfume_500ml_product_1.0.webp\",\"contentUrl\":\"https:\\\/\\\/elixscent.com\\\/wp-content\\\/uploads\\\/WEBP_Amarella_Curtain_Laundry_Perfume_500ml_product_1.0.webp\",\"width\":210,\"height\":675,\"caption\":\"curtain laundry perfume\"},{\"@type\":\"BreadcrumbList\",\"@id\":\"https:\\\/\\\/elixscent.com\\\/product\\\/curtain-laundry-perfume-odorano\\\/#breadcrumb\",\"itemListElement\":[{\"@type\":\"ListItem\",\"position\":1,\"name\":\"Home\",\"item\":\"https:\\\/\\\/elixscent.com\\\/\"},{\"@type\":\"ListItem\",\"position\":2,\"name\":\"Products\",\"item\":\"https:\\\/\\\/elixscent.com\\\/product\\\/\"},{\"@type\":\"ListItem\",\"position\":3,\"name\":\"Curtain EasyCare Programme\",\"item\":\"https:\\\/\\\/elixscent.com\\\/product-category\\\/curtain-care-no-iron\\\/\"},{\"@type\":\"ListItem\",\"position\":4,\"name\":\"CURTAIN Laundry Perfume\"}]},{\"@type\":\"WebSite\",\"@id\":\"https:\\\/\\\/elixscent.com\\\/#website\",\"url\":\"https:\\\/\\\/elixscent.com\\\/\",\"name\":\"ELiX EU air fresheners\",\"description\":\"Air &amp; Fabric, Perfectly Fresh\",\"publisher\":{\"@id\":\"https:\\\/\\\/elixscent.com\\\/#organization\"},\"potentialAction\":[{\"@type\":\"SearchAction\",\"target\":{\"@type\":\"EntryPoint\",\"urlTemplate\":\"https:\\\/\\\/elixscent.com\\\/?s={search_term_string}\"},\"query-input\":{\"@type\":\"PropertyValueSpecification\",\"valueRequired\":true,\"valueName\":\"search_term_string\"}}],\"inLanguage\":\"de\"},{\"@type\":\"Organization\",\"@id\":\"https:\\\/\\\/elixscent.com\\\/#organization\",\"name\":\"ELIX air freshener manufacturer\",\"url\":\"https:\\\/\\\/elixscent.com\\\/\",\"logo\":{\"@type\":\"ImageObject\",\"inLanguage\":\"de\",\"@id\":\"https:\\\/\\\/elixscent.com\\\/#\\\/schema\\\/logo\\\/image\\\/\",\"url\":\"https:\\\/\\\/elixscent.com\\\/wp-content\\\/uploads\\\/elix_logo_1.0-_300.jpg\",\"contentUrl\":\"https:\\\/\\\/elixscent.com\\\/wp-content\\\/uploads\\\/elix_logo_1.0-_300.jpg\",\"width\":300,\"height\":257,\"caption\":\"ELIX air freshener manufacturer\"},\"image\":{\"@id\":\"https:\\\/\\\/elixscent.com\\\/#\\\/schema\\\/logo\\\/image\\\/\"},\"sameAs\":[\"https:\\\/\\\/www.linkedin.com\\\/company\\\/30084929\"]}]}<\/script>\n<!-- \/ Yoast SEO Premium plugin. -->","yoast_head_json":{"title":"Amarella Gardinenwaschparf\u00fcm mit Odorano\u00ae","description":"Neutralisiert Tabak-, Muff- und K\u00fcchenger\u00fcche w\u00e4hrend des Waschvorgangs und hinterl\u00e4sst einen sauberen, angenehmen Duft. F\u00fcr Vorh\u00e4nge, Gardinen und Voiles. Schritt 1 von CurtainCare","robots":{"index":"index","follow":"follow","max-snippet":"max-snippet:-1","max-image-preview":"max-image-preview:large","max-video-preview":"max-video-preview:-1"},"canonical":"https:\/\/elixscent.com\/de\/produkt\/vorhang-wasche-parfum-odorano\/","og_locale":"de_DE","og_type":"article","og_title":"CURTAIN Laundry Perfume","og_description":"Neutralises tobacco, musty and kitchen odours during the wash and leaves a clean, pleasant scent. For curtains, nets and voiles. Step 1 of CurtainCare","og_url":"https:\/\/elixscent.com\/de\/produkt\/vorhang-wasche-parfum-odorano\/","og_site_name":"ELiX EU air fresheners","article_modified_time":"2026-03-23T13:59:14+00:00","og_image":[{"width":210,"height":675,"url":"https:\/\/elixscent.com\/wp-content\/uploads\/WEBP_Amarella_Curtain_Laundry_Perfume_500ml_product_1.0.webp","type":"image\/webp"}],"twitter_card":"summary_large_image","twitter_misc":{"Gesch\u00e4tzte Lesezeit":"2\u00a0Minuten"},"schema":{"@context":"https:\/\/schema.org","@graph":[{"@type":"WebPage","@id":"https:\/\/elixscent.com\/product\/curtain-laundry-perfume-odorano\/","url":"https:\/\/elixscent.com\/product\/curtain-laundry-perfume-odorano\/","name":"Amarella Gardinenwaschparf\u00fcm mit Odorano\u00ae","isPartOf":{"@id":"https:\/\/elixscent.com\/#website"},"primaryImageOfPage":{"@id":"https:\/\/elixscent.com\/product\/curtain-laundry-perfume-odorano\/#primaryimage"},"image":{"@id":"https:\/\/elixscent.com\/product\/curtain-laundry-perfume-odorano\/#primaryimage"},"thumbnailUrl":"https:\/\/elixscent.com\/wp-content\/uploads\/WEBP_Amarella_Curtain_Laundry_Perfume_500ml_product_1.0.webp","datePublished":"2025-10-08T12:14:58+00:00","dateModified":"2026-03-23T13:59:14+00:00","description":"Neutralisiert Tabak-, Muff- und K\u00fcchenger\u00fcche w\u00e4hrend des Waschvorgangs und hinterl\u00e4sst einen sauberen, angenehmen Duft. F\u00fcr Vorh\u00e4nge, Gardinen und Voiles. Schritt 1 von CurtainCare","breadcrumb":{"@id":"https:\/\/elixscent.com\/product\/curtain-laundry-perfume-odorano\/#breadcrumb"},"inLanguage":"de","potentialAction":[{"@type":"ReadAction","target":["https:\/\/elixscent.com\/product\/curtain-laundry-perfume-odorano\/"]}]},{"@type":"ImageObject","inLanguage":"de","@id":"https:\/\/elixscent.com\/product\/curtain-laundry-perfume-odorano\/#primaryimage","url":"https:\/\/elixscent.com\/wp-content\/uploads\/WEBP_Amarella_Curtain_Laundry_Perfume_500ml_product_1.0.webp","contentUrl":"https:\/\/elixscent.com\/wp-content\/uploads\/WEBP_Amarella_Curtain_Laundry_Perfume_500ml_product_1.0.webp","width":210,"height":675,"caption":"curtain laundry perfume"},{"@type":"BreadcrumbList","@id":"https:\/\/elixscent.com\/product\/curtain-laundry-perfume-odorano\/#breadcrumb","itemListElement":[{"@type":"ListItem","position":1,"name":"Home","item":"https:\/\/elixscent.com\/"},{"@type":"ListItem","position":2,"name":"Products","item":"https:\/\/elixscent.com\/product\/"},{"@type":"ListItem","position":3,"name":"Curtain EasyCare Programme","item":"https:\/\/elixscent.com\/product-category\/curtain-care-no-iron\/"},{"@type":"ListItem","position":4,"name":"CURTAIN Laundry Perfume"}]},{"@type":"WebSite","@id":"https:\/\/elixscent.com\/#website","url":"https:\/\/elixscent.com\/","name":"ELiX EU-Lufterfrischer","description":"Luft &amp; Stoff, perfekt frisch","publisher":{"@id":"https:\/\/elixscent.com\/#organization"},"potentialAction":[{"@type":"SearchAction","target":{"@type":"EntryPoint","urlTemplate":"https:\/\/elixscent.com\/?s={search_term_string}"},"query-input":{"@type":"PropertyValueSpecification","valueRequired":true,"valueName":"search_term_string"}}],"inLanguage":"de"},{"@type":"Organization","@id":"https:\/\/elixscent.com\/#organization","name":"ELIX Lufterfrischer Hersteller","url":"https:\/\/elixscent.com\/","logo":{"@type":"ImageObject","inLanguage":"de","@id":"https:\/\/elixscent.com\/#\/schema\/logo\/image\/","url":"https:\/\/elixscent.com\/wp-content\/uploads\/elix_logo_1.0-_300.jpg","contentUrl":"https:\/\/elixscent.com\/wp-content\/uploads\/elix_logo_1.0-_300.jpg","width":300,"height":257,"caption":"ELIX air freshener manufacturer"},"image":{"@id":"https:\/\/elixscent.com\/#\/schema\/logo\/image\/"},"sameAs":["https:\/\/www.linkedin.com\/company\/30084929"]}]}},"_links":{"self":[{"href":"https:\/\/elixscent.com\/de\/wp-json\/wp\/v2\/product\/59305","targetHints":{"allow":["GET"]}}],"collection":[{"href":"https:\/\/elixscent.com\/de\/wp-json\/wp\/v2\/product"}],"about":[{"href":"https:\/\/elixscent.com\/de\/wp-json\/wp\/v2\/types\/product"}],"version-history":[{"count":3,"href":"https:\/\/elixscent.com\/de\/wp-json\/wp\/v2\/product\/59305\/revisions"}],"predecessor-version":[{"id":61048,"href":"https:\/\/elixscent.com\/de\/wp-json\/wp\/v2\/product\/59305\/revisions\/61048"}],"wp:featuredmedia":[{"embeddable":true,"href":"https:\/\/elixscent.com\/de\/wp-json\/wp\/v2\/media\/59306"}],"wp:attachment":[{"href":"https:\/\/elixscent.com\/de\/wp-json\/wp\/v2\/media?parent=59305"}],"curies":[{"name":"wp","href":"https:\/\/api.w.org\/{rel}","templated":true}]}}