{"id":59261,"date":"2025-10-08T06:59:43","date_gmt":"2025-10-08T06:59:43","guid":{"rendered":"https:\/\/elixscent.com\/?post_type=product&#038;p=59261"},"modified":"2025-11-03T14:03:17","modified_gmt":"2025-11-03T14:03:17","slug":"vc","status":"publish","type":"product","link":"https:\/\/elixscent.com\/de\/product\/vc\/","title":{"rendered":"Home Parf\u00fcm Vanille &amp; Karamell"},"content":{"rendered":"<p>Mit ihrem eleganten Design strahlt die 100-ml-Glasflasche Raffinesse aus und unterstreicht m\u00fchelos die \u00c4sthetik Ihres Wohnambientes. Das Paket enth\u00e4lt einen Satz hochwertiger Rohrst\u00e4bchen, die sorgf\u00e4ltig entwickelt wurden, um die Duftverbreitung zu maximieren und ein gleichm\u00e4\u00dfiges und angenehmes Erlebnis zu gew\u00e4hrleisten.<\/p>\n<p><span id=\"span-23-132\" class=\"ct-span oxy-stock-content-styles\"><em>&gt;&gt; Wenn Sie kaufen m\u00f6chten, besuchen Sie bitte unseren Shop:<\/em> <a class=\"_ps2id\" href=\"https:\/\/airfresh24.com\/products\/shop\/home-perfume-100\/\" data-ps2id-offset=\"\"><strong>www.airfresh24.com<\/strong><\/a><\/span><\/p>","protected":false},"featured_media":59262,"parent":0,"menu_order":0,"template":"","class_list":["post-59261","product","type-product","status-publish","has-post-thumbnail","hentry","product_category-hp100","product_category-home"],"acf":[],"yoast_head":"<!-- This site is optimized with the Yoast SEO Premium plugin v27.4 (Yoast SEO v27.4) - https:\/\/yoast.com\/product\/yoast-seo-premium-wordpress\/ -->\n<title>Home Perfume Vanilla &amp; Caramel - ELiX EU air fresheners<\/title>\n<meta name=\"description\" content=\"With its elegant design, the 100ml glass bottle exudes sophistication, effortlessly enhancing the aesthetics of your home decor. The package includes a set of high-quality reed sticks, carefully designed to maximize scent diffusion for a consistent and delightful experience.\" \/>\n<meta name=\"robots\" content=\"index, follow, max-snippet:-1, max-image-preview:large, max-video-preview:-1\" \/>\n<link rel=\"canonical\" href=\"https:\/\/elixscent.com\/de\/produkt\/vc\/\" \/>\n<meta property=\"og:locale\" content=\"de_DE\" \/>\n<meta property=\"og:type\" content=\"article\" \/>\n<meta property=\"og:title\" content=\"Home Perfume Vanilla &amp; Caramel\" \/>\n<meta property=\"og:description\" content=\"With its elegant design, the 100ml glass bottle exudes sophistication, effortlessly enhancing the aesthetics of your home decor. The package includes a set of high-quality reed sticks, carefully designed to maximize scent diffusion for a consistent and delightful experience.\" \/>\n<meta property=\"og:url\" content=\"https:\/\/elixscent.com\/de\/produkt\/vc\/\" \/>\n<meta property=\"og:site_name\" content=\"ELiX EU air fresheners\" \/>\n<meta property=\"article:modified_time\" content=\"2025-11-03T14:03:17+00:00\" \/>\n<meta property=\"og:image\" content=\"https:\/\/elixscent.com\/wp-content\/uploads\/WEBP_RF100_caramelvanilla_1.0-scaled.webp\" \/>\n\t<meta property=\"og:image:width\" content=\"2560\" \/>\n\t<meta property=\"og:image:height\" content=\"2560\" \/>\n\t<meta property=\"og:image:type\" content=\"image\/webp\" \/>\n<meta name=\"twitter:card\" content=\"summary_large_image\" \/>\n<meta name=\"twitter:label1\" content=\"Gesch\u00e4tzte Lesezeit\" \/>\n\t<meta name=\"twitter:data1\" content=\"1\u00a0Minute\" \/>\n<script type=\"application\/ld+json\" class=\"yoast-schema-graph\">{\"@context\":\"https:\\\/\\\/schema.org\",\"@graph\":[{\"@type\":\"WebPage\",\"@id\":\"https:\\\/\\\/elixscent.com\\\/product\\\/vc\\\/\",\"url\":\"https:\\\/\\\/elixscent.com\\\/product\\\/vc\\\/\",\"name\":\"Home Perfume Vanilla & Caramel - ELiX EU air fresheners\",\"isPartOf\":{\"@id\":\"https:\\\/\\\/elixscent.com\\\/#website\"},\"primaryImageOfPage\":{\"@id\":\"https:\\\/\\\/elixscent.com\\\/product\\\/vc\\\/#primaryimage\"},\"image\":{\"@id\":\"https:\\\/\\\/elixscent.com\\\/product\\\/vc\\\/#primaryimage\"},\"thumbnailUrl\":\"https:\\\/\\\/elixscent.com\\\/wp-content\\\/uploads\\\/WEBP_RF100_caramelvanilla_1.0-scaled.webp\",\"datePublished\":\"2025-10-08T06:59:43+00:00\",\"dateModified\":\"2025-11-03T14:03:17+00:00\",\"description\":\"With its elegant design, the 100ml glass bottle exudes sophistication, effortlessly enhancing the aesthetics of your home decor. The package includes a set of high-quality reed sticks, carefully designed to maximize scent diffusion for a consistent and delightful experience.\",\"breadcrumb\":{\"@id\":\"https:\\\/\\\/elixscent.com\\\/product\\\/vc\\\/#breadcrumb\"},\"inLanguage\":\"de\",\"potentialAction\":[{\"@type\":\"ReadAction\",\"target\":[\"https:\\\/\\\/elixscent.com\\\/product\\\/vc\\\/\"]}]},{\"@type\":\"ImageObject\",\"inLanguage\":\"de\",\"@id\":\"https:\\\/\\\/elixscent.com\\\/product\\\/vc\\\/#primaryimage\",\"url\":\"https:\\\/\\\/elixscent.com\\\/wp-content\\\/uploads\\\/WEBP_RF100_caramelvanilla_1.0-scaled.webp\",\"contentUrl\":\"https:\\\/\\\/elixscent.com\\\/wp-content\\\/uploads\\\/WEBP_RF100_caramelvanilla_1.0-scaled.webp\",\"width\":2560,\"height\":2560,\"caption\":\"home air freshener reed diffuser\"},{\"@type\":\"BreadcrumbList\",\"@id\":\"https:\\\/\\\/elixscent.com\\\/product\\\/vc\\\/#breadcrumb\",\"itemListElement\":[{\"@type\":\"ListItem\",\"position\":1,\"name\":\"Home\",\"item\":\"https:\\\/\\\/elixscent.com\\\/\"},{\"@type\":\"ListItem\",\"position\":2,\"name\":\"Products\",\"item\":\"https:\\\/\\\/elixscent.com\\\/product\\\/\"},{\"@type\":\"ListItem\",\"position\":3,\"name\":\"HOME PERFUME\",\"item\":\"https:\\\/\\\/elixscent.com\\\/product-category\\\/home\\\/\"},{\"@type\":\"ListItem\",\"position\":4,\"name\":\"Home Perfume Vanilla &#038; Caramel\"}]},{\"@type\":\"WebSite\",\"@id\":\"https:\\\/\\\/elixscent.com\\\/#website\",\"url\":\"https:\\\/\\\/elixscent.com\\\/\",\"name\":\"ELiX EU air fresheners\",\"description\":\"Air &amp; Fabric, Perfectly Fresh\",\"publisher\":{\"@id\":\"https:\\\/\\\/elixscent.com\\\/#organization\"},\"potentialAction\":[{\"@type\":\"SearchAction\",\"target\":{\"@type\":\"EntryPoint\",\"urlTemplate\":\"https:\\\/\\\/elixscent.com\\\/?s={search_term_string}\"},\"query-input\":{\"@type\":\"PropertyValueSpecification\",\"valueRequired\":true,\"valueName\":\"search_term_string\"}}],\"inLanguage\":\"de\"},{\"@type\":\"Organization\",\"@id\":\"https:\\\/\\\/elixscent.com\\\/#organization\",\"name\":\"ELIX air freshener manufacturer\",\"url\":\"https:\\\/\\\/elixscent.com\\\/\",\"logo\":{\"@type\":\"ImageObject\",\"inLanguage\":\"de\",\"@id\":\"https:\\\/\\\/elixscent.com\\\/#\\\/schema\\\/logo\\\/image\\\/\",\"url\":\"https:\\\/\\\/elixscent.com\\\/wp-content\\\/uploads\\\/elix_logo_1.0-_300.jpg\",\"contentUrl\":\"https:\\\/\\\/elixscent.com\\\/wp-content\\\/uploads\\\/elix_logo_1.0-_300.jpg\",\"width\":300,\"height\":257,\"caption\":\"ELIX air freshener manufacturer\"},\"image\":{\"@id\":\"https:\\\/\\\/elixscent.com\\\/#\\\/schema\\\/logo\\\/image\\\/\"},\"sameAs\":[\"https:\\\/\\\/www.linkedin.com\\\/company\\\/30084929\"]}]}<\/script>\n<!-- \/ Yoast SEO Premium plugin. -->","yoast_head_json":{"title":"Home Parf\u00fcm Vanille &amp; Karamell - ELiX EU Lufterfrischer","description":"Mit ihrem eleganten Design strahlt die 100-ml-Glasflasche Raffinesse aus und unterstreicht m\u00fchelos die \u00c4sthetik Ihres Wohnambientes. Das Paket enth\u00e4lt einen Satz hochwertiger Rohrst\u00e4bchen, die sorgf\u00e4ltig entwickelt wurden, um die Duftverbreitung zu maximieren und ein gleichm\u00e4\u00dfiges und angenehmes Erlebnis zu gew\u00e4hrleisten.","robots":{"index":"index","follow":"follow","max-snippet":"max-snippet:-1","max-image-preview":"max-image-preview:large","max-video-preview":"max-video-preview:-1"},"canonical":"https:\/\/elixscent.com\/de\/produkt\/vc\/","og_locale":"de_DE","og_type":"article","og_title":"Home Perfume Vanilla & Caramel","og_description":"With its elegant design, the 100ml glass bottle exudes sophistication, effortlessly enhancing the aesthetics of your home decor. The package includes a set of high-quality reed sticks, carefully designed to maximize scent diffusion for a consistent and delightful experience.","og_url":"https:\/\/elixscent.com\/de\/produkt\/vc\/","og_site_name":"ELiX EU air fresheners","article_modified_time":"2025-11-03T14:03:17+00:00","og_image":[{"width":2560,"height":2560,"url":"https:\/\/elixscent.com\/wp-content\/uploads\/WEBP_RF100_caramelvanilla_1.0-scaled.webp","type":"image\/webp"}],"twitter_card":"summary_large_image","twitter_misc":{"Gesch\u00e4tzte Lesezeit":"1\u00a0Minute"},"schema":{"@context":"https:\/\/schema.org","@graph":[{"@type":"WebPage","@id":"https:\/\/elixscent.com\/product\/vc\/","url":"https:\/\/elixscent.com\/product\/vc\/","name":"Home Parf\u00fcm Vanille &amp; Karamell - ELiX EU Lufterfrischer","isPartOf":{"@id":"https:\/\/elixscent.com\/#website"},"primaryImageOfPage":{"@id":"https:\/\/elixscent.com\/product\/vc\/#primaryimage"},"image":{"@id":"https:\/\/elixscent.com\/product\/vc\/#primaryimage"},"thumbnailUrl":"https:\/\/elixscent.com\/wp-content\/uploads\/WEBP_RF100_caramelvanilla_1.0-scaled.webp","datePublished":"2025-10-08T06:59:43+00:00","dateModified":"2025-11-03T14:03:17+00:00","description":"Mit ihrem eleganten Design strahlt die 100-ml-Glasflasche Raffinesse aus und unterstreicht m\u00fchelos die \u00c4sthetik Ihres Wohnambientes. Das Paket enth\u00e4lt einen Satz hochwertiger Rohrst\u00e4bchen, die sorgf\u00e4ltig entwickelt wurden, um die Duftverbreitung zu maximieren und ein gleichm\u00e4\u00dfiges und angenehmes Erlebnis zu gew\u00e4hrleisten.","breadcrumb":{"@id":"https:\/\/elixscent.com\/product\/vc\/#breadcrumb"},"inLanguage":"de","potentialAction":[{"@type":"ReadAction","target":["https:\/\/elixscent.com\/product\/vc\/"]}]},{"@type":"ImageObject","inLanguage":"de","@id":"https:\/\/elixscent.com\/product\/vc\/#primaryimage","url":"https:\/\/elixscent.com\/wp-content\/uploads\/WEBP_RF100_caramelvanilla_1.0-scaled.webp","contentUrl":"https:\/\/elixscent.com\/wp-content\/uploads\/WEBP_RF100_caramelvanilla_1.0-scaled.webp","width":2560,"height":2560,"caption":"home air freshener reed diffuser"},{"@type":"BreadcrumbList","@id":"https:\/\/elixscent.com\/product\/vc\/#breadcrumb","itemListElement":[{"@type":"ListItem","position":1,"name":"Home","item":"https:\/\/elixscent.com\/"},{"@type":"ListItem","position":2,"name":"Products","item":"https:\/\/elixscent.com\/product\/"},{"@type":"ListItem","position":3,"name":"HOME PERFUME","item":"https:\/\/elixscent.com\/product-category\/home\/"},{"@type":"ListItem","position":4,"name":"Home Perfume Vanilla &#038; Caramel"}]},{"@type":"WebSite","@id":"https:\/\/elixscent.com\/#website","url":"https:\/\/elixscent.com\/","name":"ELiX EU-Lufterfrischer","description":"Luft &amp; Stoff, perfekt frisch","publisher":{"@id":"https:\/\/elixscent.com\/#organization"},"potentialAction":[{"@type":"SearchAction","target":{"@type":"EntryPoint","urlTemplate":"https:\/\/elixscent.com\/?s={search_term_string}"},"query-input":{"@type":"PropertyValueSpecification","valueRequired":true,"valueName":"search_term_string"}}],"inLanguage":"de"},{"@type":"Organization","@id":"https:\/\/elixscent.com\/#organization","name":"ELIX Lufterfrischer Hersteller","url":"https:\/\/elixscent.com\/","logo":{"@type":"ImageObject","inLanguage":"de","@id":"https:\/\/elixscent.com\/#\/schema\/logo\/image\/","url":"https:\/\/elixscent.com\/wp-content\/uploads\/elix_logo_1.0-_300.jpg","contentUrl":"https:\/\/elixscent.com\/wp-content\/uploads\/elix_logo_1.0-_300.jpg","width":300,"height":257,"caption":"ELIX air freshener manufacturer"},"image":{"@id":"https:\/\/elixscent.com\/#\/schema\/logo\/image\/"},"sameAs":["https:\/\/www.linkedin.com\/company\/30084929"]}]}},"_links":{"self":[{"href":"https:\/\/elixscent.com\/de\/wp-json\/wp\/v2\/product\/59261","targetHints":{"allow":["GET"]}}],"collection":[{"href":"https:\/\/elixscent.com\/de\/wp-json\/wp\/v2\/product"}],"about":[{"href":"https:\/\/elixscent.com\/de\/wp-json\/wp\/v2\/types\/product"}],"version-history":[{"count":4,"href":"https:\/\/elixscent.com\/de\/wp-json\/wp\/v2\/product\/59261\/revisions"}],"predecessor-version":[{"id":60752,"href":"https:\/\/elixscent.com\/de\/wp-json\/wp\/v2\/product\/59261\/revisions\/60752"}],"wp:featuredmedia":[{"embeddable":true,"href":"https:\/\/elixscent.com\/de\/wp-json\/wp\/v2\/media\/59262"}],"wp:attachment":[{"href":"https:\/\/elixscent.com\/de\/wp-json\/wp\/v2\/media?parent=59261"}],"curies":[{"name":"wp","href":"https:\/\/api.w.org\/{rel}","templated":true}]}}