{"id":58358,"date":"2025-07-21T10:40:37","date_gmt":"2025-07-21T10:40:37","guid":{"rendered":"https:\/\/elixscent.com\/?post_type=product&#038;p=58358"},"modified":"2025-11-28T12:14:35","modified_gmt":"2025-11-28T12:14:35","slug":"amarella-hypoallergene-faltenentferner-75","status":"publish","type":"product","link":"https:\/\/elixscent.com\/de\/product\/amarella-hypoallergenic-crease-releaser-75\/","title":{"rendered":"AMARELLA Hypoallergene Faltenentferner 75"},"content":{"rendered":"<p><strong>Dermatologisch getestet durch ein unabh\u00e4ngiges Labor<\/strong><\/p>\n<p>&nbsp;<\/p>\n<p data-start=\"69\" data-end=\"108\"><strong data-start=\"69\" data-end=\"108\">Ihr B\u00fcgeleisen im Taschenformat in einer Flasche.<\/strong><\/p>\n<p data-start=\"110\" data-end=\"441\">Stecken Sie dieses 75-ml-Feinspray in Ihr Handgep\u00e4ck, Ihre Sporttasche oder Ihre Schreibtischschublade und beseitigen Sie Falten, Ger\u00fcche und Bakterien, wo immer Sie sind. Es wurde ohne die in der EU gelisteten Duftallergene formuliert und ist v\u00f6llig frei von Mikroplastik. Es ist sanft genug f\u00fcr zu Allergien neigende Haut und dennoch stark genug, um einen Anzug zwischen zwei Meetings aufzufrischen.<\/p>\n<h4 data-start=\"448\" data-end=\"485\">Warum Sie es auf der Stra\u00dfe lieben werden<\/h4>\n<ul data-start=\"486\" data-end=\"1221\">\n<li data-start=\"486\" data-end=\"630\">\n<p data-start=\"488\" data-end=\"630\"><strong data-start=\"488\" data-end=\"515\">Sofortige Faltenentfernung<\/strong> - Ein paar Spritzer entspannen die Fasern, so dass Falten in Minutenschnelle verschwinden; kein B\u00fcgeleisen, kein B\u00fcgelbrett und kein B\u00fcgelservice im Hotel erforderlich.<\/p>\n<\/li>\n<li data-start=\"788\" data-end=\"894\">\n<p data-start=\"790\" data-end=\"894\"><strong data-start=\"790\" data-end=\"820\">Fortschrittlicher Geruchsneutralisator<\/strong> - f\u00e4ngt Rauch-, Essens- und Schwei\u00dfger\u00fcche ein, anstatt sie zu \u00fcberdecken.<\/p>\n<\/li>\n<li data-start=\"895\" data-end=\"1034\">\n<p data-start=\"897\" data-end=\"1034\"><strong data-start=\"897\" data-end=\"941\">Hypoallergener \"Smooth Cotton\"-Duft<\/strong> - saubere W\u00e4sche ohne deklarationspflichtige Allergene, ideal f\u00fcr empfindliche Tr\u00e4ger.<\/p>\n<\/li>\n<li data-start=\"1035\" data-end=\"1221\">\n<p data-start=\"1037\" data-end=\"1221\"><strong data-start=\"1037\" data-end=\"1069\">Mikroplastikfrei &amp; \u00f6kologisch hergestellt<\/strong> - Eine Formel auf Wasserbasis, die in Polen mit erneuerbarer Energie hergestellt und in eine recycelbare PET-Flasche abgef\u00fcllt wird, die die Fl\u00fcssigkeitsgrenzwerte f\u00fcr Fluggesellschaften (unter 100 ml) einh\u00e4lt.<\/p>\n<\/li>\n<\/ul>\n<h4 data-start=\"1228\" data-end=\"1245\">Wie zu verwenden<\/h4>\n<ol data-start=\"1246\" data-end=\"1440\">\n<li data-start=\"1246\" data-end=\"1330\">\n<p data-start=\"1249\" data-end=\"1330\">Sch\u00fctteln Sie die Flasche und spr\u00fchen Sie dann gleichm\u00e4\u00dfig aus ca. 20 cm Entfernung auf den trockenen oder leicht feuchten Stoff.<\/p>\n<\/li>\n<li data-start=\"1331\" data-end=\"1395\">\n<p data-start=\"1334\" data-end=\"1395\">Gl\u00e4tten Sie das Tuch mit sanften Z\u00fcgen und h\u00e4ngen Sie es 3-5 Minuten lang auf.<\/p>\n<\/li>\n<li data-start=\"1396\" data-end=\"1440\">\n<p data-start=\"1399\" data-end=\"1440\">Sofort anziehen oder zum Verpacken falten.<\/p>\n<\/li>\n<\/ol>\n<p data-start=\"1442\" data-end=\"1535\">Unbedenklich f\u00fcr Baumwolle, Leinen, Viskose, Synthetik und Mischgewebe; nicht f\u00fcr empfindliche Seide und Leder verwenden.<\/p>\n<p data-start=\"1442\" data-end=\"1535\">Klein genug f\u00fcrs Handgep\u00e4ck, stark genug, um Ihr B\u00fcgeleisen zu ersetzen, und sanft genug f\u00fcr die empfindlichste Haut. <strong data-start=\"1651\" data-end=\"1799\">Amarella Crease Releaser 75 ml l\u00e4sst Sie knackig geb\u00fcgelt, frisch duftend und sicher allergenfrei aussehen, wohin Ihre Reise auch geht.<\/strong><\/p>\n<p data-start=\"1442\" data-end=\"1535\">Pr\u00fcfen Sie, wie es funktioniert: <a href=\"https:\/\/www.youtube.com\/watch?v=JEayzSW_y2s\">Elix Crease Releaser - wie man ihn anwendet<\/a><\/p>\n<p data-start=\"1442\" data-end=\"1535\">","protected":false},"featured_media":58357,"parent":0,"menu_order":0,"template":"","class_list":["post-58358","product","type-product","status-publish","has-post-thumbnail","hentry","product_category-amarella_hypoallergenic","product_category-hypoallergenic-crease-releaser"],"acf":[],"yoast_head":"<!-- This site is optimized with the Yoast SEO Premium plugin v27.2 (Yoast SEO v27.4) - https:\/\/yoast.com\/product\/yoast-seo-premium-wordpress\/ -->\n<title>AMARELLA Hypoallergenic Crease Releaser 75 - ELiX EU air fresheners<\/title>\n<meta name=\"robots\" content=\"index, follow, max-snippet:-1, max-image-preview:large, max-video-preview:-1\" \/>\n<link rel=\"canonical\" href=\"https:\/\/elixscent.com\/de\/produkt\/amarella-hypoallergene-faltenentferner-75\/\" \/>\n<meta property=\"og:locale\" content=\"de_DE\" \/>\n<meta property=\"og:type\" content=\"article\" \/>\n<meta property=\"og:title\" content=\"AMARELLA Hypoallergenic Crease Releaser 75\" \/>\n<meta property=\"og:description\" content=\"Dermatologically tested by an independent laboratory &nbsp; Your pocket-sized iron in a bottle. Slip this 75 ml fine-mist spray into [&hellip;]\" \/>\n<meta property=\"og:url\" content=\"https:\/\/elixscent.com\/de\/produkt\/amarella-hypoallergene-faltenentferner-75\/\" \/>\n<meta property=\"og:site_name\" content=\"ELiX EU air fresheners\" \/>\n<meta property=\"article:modified_time\" content=\"2025-11-28T12:14:35+00:00\" \/>\n<meta property=\"og:image\" content=\"https:\/\/elixscent.com\/wp-content\/uploads\/WEBP_CR_HYPO_75_produkt_1.0.webp\" \/>\n\t<meta property=\"og:image:width\" content=\"158\" \/>\n\t<meta property=\"og:image:height\" content=\"649\" \/>\n\t<meta property=\"og:image:type\" content=\"image\/webp\" \/>\n<meta name=\"twitter:card\" content=\"summary_large_image\" \/>\n<meta name=\"twitter:label1\" content=\"Gesch\u00e4tzte Lesezeit\" \/>\n\t<meta name=\"twitter:data1\" content=\"2\u00a0Minuten\" \/>\n<script type=\"application\/ld+json\" class=\"yoast-schema-graph\">{\"@context\":\"https:\\\/\\\/schema.org\",\"@graph\":[{\"@type\":\"WebPage\",\"@id\":\"https:\\\/\\\/elixscent.com\\\/product\\\/amarella-hypoallergenic-crease-releaser-75\\\/\",\"url\":\"https:\\\/\\\/elixscent.com\\\/product\\\/amarella-hypoallergenic-crease-releaser-75\\\/\",\"name\":\"AMARELLA Hypoallergenic Crease Releaser 75 - ELiX EU air fresheners\",\"isPartOf\":{\"@id\":\"https:\\\/\\\/elixscent.com\\\/#website\"},\"primaryImageOfPage\":{\"@id\":\"https:\\\/\\\/elixscent.com\\\/product\\\/amarella-hypoallergenic-crease-releaser-75\\\/#primaryimage\"},\"image\":{\"@id\":\"https:\\\/\\\/elixscent.com\\\/product\\\/amarella-hypoallergenic-crease-releaser-75\\\/#primaryimage\"},\"thumbnailUrl\":\"https:\\\/\\\/elixscent.com\\\/wp-content\\\/uploads\\\/WEBP_CR_HYPO_75_produkt_1.0.webp\",\"datePublished\":\"2025-07-21T10:40:37+00:00\",\"dateModified\":\"2025-11-28T12:14:35+00:00\",\"breadcrumb\":{\"@id\":\"https:\\\/\\\/elixscent.com\\\/product\\\/amarella-hypoallergenic-crease-releaser-75\\\/#breadcrumb\"},\"inLanguage\":\"de\",\"potentialAction\":[{\"@type\":\"ReadAction\",\"target\":[\"https:\\\/\\\/elixscent.com\\\/product\\\/amarella-hypoallergenic-crease-releaser-75\\\/\"]}]},{\"@type\":\"ImageObject\",\"inLanguage\":\"de\",\"@id\":\"https:\\\/\\\/elixscent.com\\\/product\\\/amarella-hypoallergenic-crease-releaser-75\\\/#primaryimage\",\"url\":\"https:\\\/\\\/elixscent.com\\\/wp-content\\\/uploads\\\/WEBP_CR_HYPO_75_produkt_1.0.webp\",\"contentUrl\":\"https:\\\/\\\/elixscent.com\\\/wp-content\\\/uploads\\\/WEBP_CR_HYPO_75_produkt_1.0.webp\",\"width\":158,\"height\":649,\"caption\":\"Crease Releaser Hypoallergenic\"},{\"@type\":\"BreadcrumbList\",\"@id\":\"https:\\\/\\\/elixscent.com\\\/product\\\/amarella-hypoallergenic-crease-releaser-75\\\/#breadcrumb\",\"itemListElement\":[{\"@type\":\"ListItem\",\"position\":1,\"name\":\"Home\",\"item\":\"https:\\\/\\\/elixscent.com\\\/\"},{\"@type\":\"ListItem\",\"position\":2,\"name\":\"Products\",\"item\":\"https:\\\/\\\/elixscent.com\\\/product\\\/\"},{\"@type\":\"ListItem\",\"position\":3,\"name\":\"AMARELLA Hypoallergenic Laundry\",\"item\":\"https:\\\/\\\/elixscent.com\\\/product-category\\\/amarella_hypoallergenic\\\/\"},{\"@type\":\"ListItem\",\"position\":4,\"name\":\"Hypoallergenic Crease Releaser\",\"item\":\"https:\\\/\\\/elixscent.com\\\/product-category\\\/hypoallergenic-crease-releaser\\\/\"},{\"@type\":\"ListItem\",\"position\":5,\"name\":\"AMARELLA Hypoallergenic Crease Releaser 75\"}]},{\"@type\":\"WebSite\",\"@id\":\"https:\\\/\\\/elixscent.com\\\/#website\",\"url\":\"https:\\\/\\\/elixscent.com\\\/\",\"name\":\"ELiX EU air fresheners\",\"description\":\"Air &amp; Fabric, Perfectly Fresh\",\"publisher\":{\"@id\":\"https:\\\/\\\/elixscent.com\\\/#organization\"},\"potentialAction\":[{\"@type\":\"SearchAction\",\"target\":{\"@type\":\"EntryPoint\",\"urlTemplate\":\"https:\\\/\\\/elixscent.com\\\/?s={search_term_string}\"},\"query-input\":{\"@type\":\"PropertyValueSpecification\",\"valueRequired\":true,\"valueName\":\"search_term_string\"}}],\"inLanguage\":\"de\"},{\"@type\":\"Organization\",\"@id\":\"https:\\\/\\\/elixscent.com\\\/#organization\",\"name\":\"ELIX air freshener manufacturer\",\"url\":\"https:\\\/\\\/elixscent.com\\\/\",\"logo\":{\"@type\":\"ImageObject\",\"inLanguage\":\"de\",\"@id\":\"https:\\\/\\\/elixscent.com\\\/#\\\/schema\\\/logo\\\/image\\\/\",\"url\":\"https:\\\/\\\/elixscent.com\\\/wp-content\\\/uploads\\\/elix_logo_1.0-_300.jpg\",\"contentUrl\":\"https:\\\/\\\/elixscent.com\\\/wp-content\\\/uploads\\\/elix_logo_1.0-_300.jpg\",\"width\":300,\"height\":257,\"caption\":\"ELIX air freshener manufacturer\"},\"image\":{\"@id\":\"https:\\\/\\\/elixscent.com\\\/#\\\/schema\\\/logo\\\/image\\\/\"},\"sameAs\":[\"https:\\\/\\\/www.linkedin.com\\\/company\\\/30084929\"]}]}<\/script>\n<!-- \/ Yoast SEO Premium plugin. -->","yoast_head_json":{"title":"AMARELLA Hypoallergene Faltenentferner 75 - ELiX EU Lufterfrischer","robots":{"index":"index","follow":"follow","max-snippet":"max-snippet:-1","max-image-preview":"max-image-preview:large","max-video-preview":"max-video-preview:-1"},"canonical":"https:\/\/elixscent.com\/de\/produkt\/amarella-hypoallergene-faltenentferner-75\/","og_locale":"de_DE","og_type":"article","og_title":"AMARELLA Hypoallergenic Crease Releaser 75","og_description":"Dermatologically tested by an independent laboratory &nbsp; Your pocket-sized iron in a bottle. Slip this 75 ml fine-mist spray into [&hellip;]","og_url":"https:\/\/elixscent.com\/de\/produkt\/amarella-hypoallergene-faltenentferner-75\/","og_site_name":"ELiX EU air fresheners","article_modified_time":"2025-11-28T12:14:35+00:00","og_image":[{"width":158,"height":649,"url":"https:\/\/elixscent.com\/wp-content\/uploads\/WEBP_CR_HYPO_75_produkt_1.0.webp","type":"image\/webp"}],"twitter_card":"summary_large_image","twitter_misc":{"Gesch\u00e4tzte Lesezeit":"2\u00a0Minuten"},"schema":{"@context":"https:\/\/schema.org","@graph":[{"@type":"WebPage","@id":"https:\/\/elixscent.com\/product\/amarella-hypoallergenic-crease-releaser-75\/","url":"https:\/\/elixscent.com\/product\/amarella-hypoallergenic-crease-releaser-75\/","name":"AMARELLA Hypoallergene Faltenentferner 75 - ELiX EU Lufterfrischer","isPartOf":{"@id":"https:\/\/elixscent.com\/#website"},"primaryImageOfPage":{"@id":"https:\/\/elixscent.com\/product\/amarella-hypoallergenic-crease-releaser-75\/#primaryimage"},"image":{"@id":"https:\/\/elixscent.com\/product\/amarella-hypoallergenic-crease-releaser-75\/#primaryimage"},"thumbnailUrl":"https:\/\/elixscent.com\/wp-content\/uploads\/WEBP_CR_HYPO_75_produkt_1.0.webp","datePublished":"2025-07-21T10:40:37+00:00","dateModified":"2025-11-28T12:14:35+00:00","breadcrumb":{"@id":"https:\/\/elixscent.com\/product\/amarella-hypoallergenic-crease-releaser-75\/#breadcrumb"},"inLanguage":"de","potentialAction":[{"@type":"ReadAction","target":["https:\/\/elixscent.com\/product\/amarella-hypoallergenic-crease-releaser-75\/"]}]},{"@type":"ImageObject","inLanguage":"de","@id":"https:\/\/elixscent.com\/product\/amarella-hypoallergenic-crease-releaser-75\/#primaryimage","url":"https:\/\/elixscent.com\/wp-content\/uploads\/WEBP_CR_HYPO_75_produkt_1.0.webp","contentUrl":"https:\/\/elixscent.com\/wp-content\/uploads\/WEBP_CR_HYPO_75_produkt_1.0.webp","width":158,"height":649,"caption":"Crease Releaser Hypoallergenic"},{"@type":"BreadcrumbList","@id":"https:\/\/elixscent.com\/product\/amarella-hypoallergenic-crease-releaser-75\/#breadcrumb","itemListElement":[{"@type":"ListItem","position":1,"name":"Home","item":"https:\/\/elixscent.com\/"},{"@type":"ListItem","position":2,"name":"Products","item":"https:\/\/elixscent.com\/product\/"},{"@type":"ListItem","position":3,"name":"AMARELLA Hypoallergenic Laundry","item":"https:\/\/elixscent.com\/product-category\/amarella_hypoallergenic\/"},{"@type":"ListItem","position":4,"name":"Hypoallergenic Crease Releaser","item":"https:\/\/elixscent.com\/product-category\/hypoallergenic-crease-releaser\/"},{"@type":"ListItem","position":5,"name":"AMARELLA Hypoallergenic Crease Releaser 75"}]},{"@type":"WebSite","@id":"https:\/\/elixscent.com\/#website","url":"https:\/\/elixscent.com\/","name":"ELiX EU-Lufterfrischer","description":"Luft &amp; Stoff, perfekt frisch","publisher":{"@id":"https:\/\/elixscent.com\/#organization"},"potentialAction":[{"@type":"SearchAction","target":{"@type":"EntryPoint","urlTemplate":"https:\/\/elixscent.com\/?s={search_term_string}"},"query-input":{"@type":"PropertyValueSpecification","valueRequired":true,"valueName":"search_term_string"}}],"inLanguage":"de"},{"@type":"Organization","@id":"https:\/\/elixscent.com\/#organization","name":"ELIX Lufterfrischer Hersteller","url":"https:\/\/elixscent.com\/","logo":{"@type":"ImageObject","inLanguage":"de","@id":"https:\/\/elixscent.com\/#\/schema\/logo\/image\/","url":"https:\/\/elixscent.com\/wp-content\/uploads\/elix_logo_1.0-_300.jpg","contentUrl":"https:\/\/elixscent.com\/wp-content\/uploads\/elix_logo_1.0-_300.jpg","width":300,"height":257,"caption":"ELIX air freshener manufacturer"},"image":{"@id":"https:\/\/elixscent.com\/#\/schema\/logo\/image\/"},"sameAs":["https:\/\/www.linkedin.com\/company\/30084929"]}]}},"_links":{"self":[{"href":"https:\/\/elixscent.com\/de\/wp-json\/wp\/v2\/product\/58358","targetHints":{"allow":["GET"]}}],"collection":[{"href":"https:\/\/elixscent.com\/de\/wp-json\/wp\/v2\/product"}],"about":[{"href":"https:\/\/elixscent.com\/de\/wp-json\/wp\/v2\/types\/product"}],"version-history":[{"count":8,"href":"https:\/\/elixscent.com\/de\/wp-json\/wp\/v2\/product\/58358\/revisions"}],"predecessor-version":[{"id":59761,"href":"https:\/\/elixscent.com\/de\/wp-json\/wp\/v2\/product\/58358\/revisions\/59761"}],"wp:featuredmedia":[{"embeddable":true,"href":"https:\/\/elixscent.com\/de\/wp-json\/wp\/v2\/media\/58357"}],"wp:attachment":[{"href":"https:\/\/elixscent.com\/de\/wp-json\/wp\/v2\/media?parent=58358"}],"curies":[{"name":"wp","href":"https:\/\/api.w.org\/{rel}","templated":true}]}}