{"id":56895,"date":"2025-03-26T14:38:23","date_gmt":"2025-03-26T14:38:23","guid":{"rendered":"https:\/\/elixscent.com\/?post_type=product&#038;p=56895"},"modified":"2025-08-01T07:55:26","modified_gmt":"2025-08-01T07:55:26","slug":"wasche-duftverstarker-lavella","status":"publish","type":"product","link":"https:\/\/elixscent.com\/de\/product\/laundry-scent-booster-lavella\/","title":{"rendered":"W\u00e4sche-Duftverst\u00e4rker Lavella"},"content":{"rendered":"<p data-start=\"75\" data-end=\"470\">H\u00fcllen Sie sich in die tr\u00f6stliche Umarmung von <strong data-start=\"118\" data-end=\"138\">Amarella Lavella<\/strong>ist ein Duft, der Ruhe, W\u00e4rme und Gelassenheit in Ihre W\u00e4sche bringt. Inspiriert von Momenten der Entspannung und Selbstf\u00fcrsorge, verwandelt dieser Duftverst\u00e4rker jede W\u00e4sche in ein beruhigendes, sinnliches Erlebnis. Stellen Sie sich das Gef\u00fchl von frisch gewaschener W\u00e4sche vor, durchdrungen von einem zarten, beruhigenden Duft, der wie eine sanfte Umarmung nachklingt.<\/p>\n<h3 data-start=\"472\" data-end=\"510\"><strong data-start=\"476\" data-end=\"508\">Duftprofil - Lavella:<\/strong><\/h3>\n<ul data-start=\"511\" data-end=\"828\">\n<li data-start=\"511\" data-end=\"616\">\n<p data-start=\"513\" data-end=\"616\"><strong data-start=\"513\" data-end=\"527\">Kopfnoten:<\/strong> Ein sanftes Fl\u00fcstern von frischem Lavendel und taufrischen Bl\u00fctenbl\u00e4ttern, das ein Gef\u00fchl von friedlichem Komfort hervorruft.<\/p>\n<\/li>\n<li data-start=\"617\" data-end=\"719\">\n<p data-start=\"619\" data-end=\"719\"><strong data-start=\"619\" data-end=\"635\">Herznoten:<\/strong> Eine zarte Mischung aus wei\u00dfen Bl\u00fcten und cremiger Vanille, die W\u00e4rme und Eleganz verleiht.<\/p>\n<\/li>\n<li data-start=\"720\" data-end=\"828\">\n<p data-start=\"722\" data-end=\"828\"><strong data-start=\"722\" data-end=\"737\">Basisnoten:<\/strong> Ein sanfter, moschusartiger Abgang mit einem Hauch weicher H\u00f6lzer, der einen dauerhaften Kokon der Gelassenheit schafft.<\/p>\n<\/li>\n<\/ul>\n<h3 data-start=\"830\" data-end=\"868\"><strong data-start=\"834\" data-end=\"866\">Warum Amarella Lavella w\u00e4hlen?<\/strong><\/h3>\n<p data-start=\"869\" data-end=\"1464\">\u2714 <strong data-start=\"871\" data-end=\"891\">Kein Mikroplastik<\/strong> - Frei von Duftstoff-Mikrokapseln, die gem\u00e4\u00df EU-Verordnung als Mikroplastik eingestuft werden.<br data-start=\"988\" data-end=\"991\" \/>\u2714 <strong data-start=\"993\" data-end=\"1025\">Ein Duft, der sich wie zu Hause anf\u00fchlt<\/strong> - Sie sollen W\u00e4rme, Gem\u00fctlichkeit und Momente purer Entspannung hervorrufen.<br data-start=\"1095\" data-end=\"1098\" \/>\u2714 <strong data-start=\"1100\" data-end=\"1126\">Langanhaltende Frische<\/strong> - Durchdringt Textilien mit einem beruhigenden, weichen Duft, der wochenlang anh\u00e4lt.<br data-start=\"1207\" data-end=\"1210\" \/>\u2714 <strong data-start=\"1212\" data-end=\"1247\">Sicher f\u00fcr alle Textilien und Maschinen<\/strong> - Funktioniert perfekt mit allen W\u00e4schearten und Waschmaschinen, einschlie\u00dflich HE-Modellen.<br data-start=\"1331\" data-end=\"1334\" \/>\u2714 <strong data-start=\"1336\" data-end=\"1361\">M\u00fchelose Gen\u00fcsse<\/strong> - Geben Sie die Perlen einfach in Ihre Waschtrommel und lassen Sie den beruhigenden Duft Ihre W\u00e4sche aufwerten.<\/p>\n<p data-start=\"1466\" data-end=\"1604\">Lassen Sie <strong data-start=\"1470\" data-end=\"1490\">Amarella Lavella<\/strong> verwandeln Sie Ihre W\u00e4sche in ein Entspannungsritual - wo Weichheit, W\u00e4rme und Gelassenheit bei jedem Waschgang zusammenkommen.<\/p>","protected":false},"featured_media":56896,"parent":0,"menu_order":0,"template":"","class_list":["post-56895","product","type-product","status-publish","has-post-thumbnail","hentry","product_category-amarella_2","product_category-laundry_scent_booster"],"acf":[],"yoast_head":"<!-- This site is optimized with the Yoast SEO Premium plugin v27.2 (Yoast SEO v27.4) - https:\/\/yoast.com\/product\/yoast-seo-premium-wordpress\/ -->\n<title>Laundry Scent Booster for a Long-Lasting Aroma<\/title>\n<meta name=\"description\" content=\"Amarella Laundry Scent Booster Beads \u2013 370g (24 Doses). Key Features: Advanced Fragrance Technology \u2013 Ensures deep fabric penetration for an enduring scent experience. No Microcapsules \u2013 Microplastic-Free\" \/>\n<meta name=\"robots\" content=\"index, follow, max-snippet:-1, max-image-preview:large, max-video-preview:-1\" \/>\n<link rel=\"canonical\" href=\"https:\/\/elixscent.com\/de\/produkt\/wasche-duftverstarker-lavella\/\" \/>\n<meta property=\"og:locale\" content=\"de_DE\" \/>\n<meta property=\"og:type\" content=\"article\" \/>\n<meta property=\"og:title\" content=\"Laundry Scent Booster Lavella\" \/>\n<meta property=\"og:description\" content=\"Amarella Laundry Scent Booster Beads \u2013 370g (24 Doses). Key Features: Advanced Fragrance Technology \u2013 Ensures deep fabric penetration for an enduring scent experience. No Microcapsules \u2013 Microplastic-Free\" \/>\n<meta property=\"og:url\" content=\"https:\/\/elixscent.com\/de\/produkt\/wasche-duftverstarker-lavella\/\" \/>\n<meta property=\"og:site_name\" content=\"ELiX EU air fresheners\" \/>\n<meta property=\"article:modified_time\" content=\"2025-08-01T07:55:26+00:00\" \/>\n<meta property=\"og:image\" content=\"https:\/\/elixscent.com\/wp-content\/uploads\/WEBP_Perfume_Beeds_lavella_1.1.webp\" \/>\n\t<meta property=\"og:image:width\" content=\"210\" \/>\n\t<meta property=\"og:image:height\" content=\"655\" \/>\n\t<meta property=\"og:image:type\" content=\"image\/webp\" \/>\n<meta name=\"twitter:card\" content=\"summary_large_image\" \/>\n<meta name=\"twitter:label1\" content=\"Gesch\u00e4tzte Lesezeit\" \/>\n\t<meta name=\"twitter:data1\" content=\"2\u00a0Minuten\" \/>\n<script type=\"application\/ld+json\" class=\"yoast-schema-graph\">{\"@context\":\"https:\\\/\\\/schema.org\",\"@graph\":[{\"@type\":\"WebPage\",\"@id\":\"https:\\\/\\\/elixscent.com\\\/product\\\/laundry-scent-booster-lavella\\\/\",\"url\":\"https:\\\/\\\/elixscent.com\\\/product\\\/laundry-scent-booster-lavella\\\/\",\"name\":\"Laundry Scent Booster for a Long-Lasting Aroma\",\"isPartOf\":{\"@id\":\"https:\\\/\\\/elixscent.com\\\/#website\"},\"primaryImageOfPage\":{\"@id\":\"https:\\\/\\\/elixscent.com\\\/product\\\/laundry-scent-booster-lavella\\\/#primaryimage\"},\"image\":{\"@id\":\"https:\\\/\\\/elixscent.com\\\/product\\\/laundry-scent-booster-lavella\\\/#primaryimage\"},\"thumbnailUrl\":\"https:\\\/\\\/elixscent.com\\\/wp-content\\\/uploads\\\/WEBP_Perfume_Beeds_lavella_1.1.webp\",\"datePublished\":\"2025-03-26T14:38:23+00:00\",\"dateModified\":\"2025-08-01T07:55:26+00:00\",\"description\":\"Amarella Laundry Scent Booster Beads \u2013 370g (24 Doses). Key Features: Advanced Fragrance Technology \u2013 Ensures deep fabric penetration for an enduring scent experience. No Microcapsules \u2013 Microplastic-Free\",\"breadcrumb\":{\"@id\":\"https:\\\/\\\/elixscent.com\\\/product\\\/laundry-scent-booster-lavella\\\/#breadcrumb\"},\"inLanguage\":\"de\",\"potentialAction\":[{\"@type\":\"ReadAction\",\"target\":[\"https:\\\/\\\/elixscent.com\\\/product\\\/laundry-scent-booster-lavella\\\/\"]}]},{\"@type\":\"ImageObject\",\"inLanguage\":\"de\",\"@id\":\"https:\\\/\\\/elixscent.com\\\/product\\\/laundry-scent-booster-lavella\\\/#primaryimage\",\"url\":\"https:\\\/\\\/elixscent.com\\\/wp-content\\\/uploads\\\/WEBP_Perfume_Beeds_lavella_1.1.webp\",\"contentUrl\":\"https:\\\/\\\/elixscent.com\\\/wp-content\\\/uploads\\\/WEBP_Perfume_Beeds_lavella_1.1.webp\",\"width\":210,\"height\":655,\"caption\":\"WEBP Perfume Beeds lavella 1.1\"},{\"@type\":\"BreadcrumbList\",\"@id\":\"https:\\\/\\\/elixscent.com\\\/product\\\/laundry-scent-booster-lavella\\\/#breadcrumb\",\"itemListElement\":[{\"@type\":\"ListItem\",\"position\":1,\"name\":\"Home\",\"item\":\"https:\\\/\\\/elixscent.com\\\/\"},{\"@type\":\"ListItem\",\"position\":2,\"name\":\"Products\",\"item\":\"https:\\\/\\\/elixscent.com\\\/product\\\/\"},{\"@type\":\"ListItem\",\"position\":3,\"name\":\"AMARELLA scented laundry\",\"item\":\"https:\\\/\\\/elixscent.com\\\/product-category\\\/amarella_2\\\/\"},{\"@type\":\"ListItem\",\"position\":4,\"name\":\"In-Wash Scent Booster Beads\",\"item\":\"https:\\\/\\\/elixscent.com\\\/product-category\\\/laundry_scent_booster\\\/\"},{\"@type\":\"ListItem\",\"position\":5,\"name\":\"Laundry Scent Booster Lavella\"}]},{\"@type\":\"WebSite\",\"@id\":\"https:\\\/\\\/elixscent.com\\\/#website\",\"url\":\"https:\\\/\\\/elixscent.com\\\/\",\"name\":\"ELiX EU air fresheners\",\"description\":\"Air &amp; Fabric, Perfectly Fresh\",\"publisher\":{\"@id\":\"https:\\\/\\\/elixscent.com\\\/#organization\"},\"potentialAction\":[{\"@type\":\"SearchAction\",\"target\":{\"@type\":\"EntryPoint\",\"urlTemplate\":\"https:\\\/\\\/elixscent.com\\\/?s={search_term_string}\"},\"query-input\":{\"@type\":\"PropertyValueSpecification\",\"valueRequired\":true,\"valueName\":\"search_term_string\"}}],\"inLanguage\":\"de\"},{\"@type\":\"Organization\",\"@id\":\"https:\\\/\\\/elixscent.com\\\/#organization\",\"name\":\"ELIX air freshener manufacturer\",\"url\":\"https:\\\/\\\/elixscent.com\\\/\",\"logo\":{\"@type\":\"ImageObject\",\"inLanguage\":\"de\",\"@id\":\"https:\\\/\\\/elixscent.com\\\/#\\\/schema\\\/logo\\\/image\\\/\",\"url\":\"https:\\\/\\\/elixscent.com\\\/wp-content\\\/uploads\\\/elix_logo_1.0-_300.jpg\",\"contentUrl\":\"https:\\\/\\\/elixscent.com\\\/wp-content\\\/uploads\\\/elix_logo_1.0-_300.jpg\",\"width\":300,\"height\":257,\"caption\":\"ELIX air freshener manufacturer\"},\"image\":{\"@id\":\"https:\\\/\\\/elixscent.com\\\/#\\\/schema\\\/logo\\\/image\\\/\"},\"sameAs\":[\"https:\\\/\\\/www.linkedin.com\\\/company\\\/30084929\"]}]}<\/script>\n<!-- \/ Yoast SEO Premium plugin. -->","yoast_head_json":{"title":"W\u00e4scheduftverst\u00e4rker f\u00fcr ein langanhaltendes Aroma","description":"Amarella Laundry Scent Booster Beads - 370g (24 Dosen). Hauptmerkmale: Fortschrittliche Dufttechnologie - Sorgt f\u00fcr ein tiefes Eindringen in den Stoff f\u00fcr ein lang anhaltendes Dufterlebnis. Keine Mikrokapseln - Mikroplastik-frei","robots":{"index":"index","follow":"follow","max-snippet":"max-snippet:-1","max-image-preview":"max-image-preview:large","max-video-preview":"max-video-preview:-1"},"canonical":"https:\/\/elixscent.com\/de\/produkt\/wasche-duftverstarker-lavella\/","og_locale":"de_DE","og_type":"article","og_title":"Laundry Scent Booster Lavella","og_description":"Amarella Laundry Scent Booster Beads \u2013 370g (24 Doses). Key Features: Advanced Fragrance Technology \u2013 Ensures deep fabric penetration for an enduring scent experience. No Microcapsules \u2013 Microplastic-Free","og_url":"https:\/\/elixscent.com\/de\/produkt\/wasche-duftverstarker-lavella\/","og_site_name":"ELiX EU air fresheners","article_modified_time":"2025-08-01T07:55:26+00:00","og_image":[{"width":210,"height":655,"url":"https:\/\/elixscent.com\/wp-content\/uploads\/WEBP_Perfume_Beeds_lavella_1.1.webp","type":"image\/webp"}],"twitter_card":"summary_large_image","twitter_misc":{"Gesch\u00e4tzte Lesezeit":"2\u00a0Minuten"},"schema":{"@context":"https:\/\/schema.org","@graph":[{"@type":"WebPage","@id":"https:\/\/elixscent.com\/product\/laundry-scent-booster-lavella\/","url":"https:\/\/elixscent.com\/product\/laundry-scent-booster-lavella\/","name":"W\u00e4scheduftverst\u00e4rker f\u00fcr ein langanhaltendes Aroma","isPartOf":{"@id":"https:\/\/elixscent.com\/#website"},"primaryImageOfPage":{"@id":"https:\/\/elixscent.com\/product\/laundry-scent-booster-lavella\/#primaryimage"},"image":{"@id":"https:\/\/elixscent.com\/product\/laundry-scent-booster-lavella\/#primaryimage"},"thumbnailUrl":"https:\/\/elixscent.com\/wp-content\/uploads\/WEBP_Perfume_Beeds_lavella_1.1.webp","datePublished":"2025-03-26T14:38:23+00:00","dateModified":"2025-08-01T07:55:26+00:00","description":"Amarella Laundry Scent Booster Beads - 370g (24 Dosen). Hauptmerkmale: Fortschrittliche Dufttechnologie - Sorgt f\u00fcr ein tiefes Eindringen in den Stoff f\u00fcr ein lang anhaltendes Dufterlebnis. Keine Mikrokapseln - Mikroplastik-frei","breadcrumb":{"@id":"https:\/\/elixscent.com\/product\/laundry-scent-booster-lavella\/#breadcrumb"},"inLanguage":"de","potentialAction":[{"@type":"ReadAction","target":["https:\/\/elixscent.com\/product\/laundry-scent-booster-lavella\/"]}]},{"@type":"ImageObject","inLanguage":"de","@id":"https:\/\/elixscent.com\/product\/laundry-scent-booster-lavella\/#primaryimage","url":"https:\/\/elixscent.com\/wp-content\/uploads\/WEBP_Perfume_Beeds_lavella_1.1.webp","contentUrl":"https:\/\/elixscent.com\/wp-content\/uploads\/WEBP_Perfume_Beeds_lavella_1.1.webp","width":210,"height":655,"caption":"WEBP Perfume Beeds lavella 1.1"},{"@type":"BreadcrumbList","@id":"https:\/\/elixscent.com\/product\/laundry-scent-booster-lavella\/#breadcrumb","itemListElement":[{"@type":"ListItem","position":1,"name":"Home","item":"https:\/\/elixscent.com\/"},{"@type":"ListItem","position":2,"name":"Products","item":"https:\/\/elixscent.com\/product\/"},{"@type":"ListItem","position":3,"name":"AMARELLA scented laundry","item":"https:\/\/elixscent.com\/product-category\/amarella_2\/"},{"@type":"ListItem","position":4,"name":"In-Wash Scent Booster Beads","item":"https:\/\/elixscent.com\/product-category\/laundry_scent_booster\/"},{"@type":"ListItem","position":5,"name":"Laundry Scent Booster Lavella"}]},{"@type":"WebSite","@id":"https:\/\/elixscent.com\/#website","url":"https:\/\/elixscent.com\/","name":"ELiX EU-Lufterfrischer","description":"Luft &amp; Stoff, perfekt frisch","publisher":{"@id":"https:\/\/elixscent.com\/#organization"},"potentialAction":[{"@type":"SearchAction","target":{"@type":"EntryPoint","urlTemplate":"https:\/\/elixscent.com\/?s={search_term_string}"},"query-input":{"@type":"PropertyValueSpecification","valueRequired":true,"valueName":"search_term_string"}}],"inLanguage":"de"},{"@type":"Organization","@id":"https:\/\/elixscent.com\/#organization","name":"ELIX Lufterfrischer Hersteller","url":"https:\/\/elixscent.com\/","logo":{"@type":"ImageObject","inLanguage":"de","@id":"https:\/\/elixscent.com\/#\/schema\/logo\/image\/","url":"https:\/\/elixscent.com\/wp-content\/uploads\/elix_logo_1.0-_300.jpg","contentUrl":"https:\/\/elixscent.com\/wp-content\/uploads\/elix_logo_1.0-_300.jpg","width":300,"height":257,"caption":"ELIX air freshener manufacturer"},"image":{"@id":"https:\/\/elixscent.com\/#\/schema\/logo\/image\/"},"sameAs":["https:\/\/www.linkedin.com\/company\/30084929"]}]}},"_links":{"self":[{"href":"https:\/\/elixscent.com\/de\/wp-json\/wp\/v2\/product\/56895","targetHints":{"allow":["GET"]}}],"collection":[{"href":"https:\/\/elixscent.com\/de\/wp-json\/wp\/v2\/product"}],"about":[{"href":"https:\/\/elixscent.com\/de\/wp-json\/wp\/v2\/types\/product"}],"version-history":[{"count":3,"href":"https:\/\/elixscent.com\/de\/wp-json\/wp\/v2\/product\/56895\/revisions"}],"predecessor-version":[{"id":58695,"href":"https:\/\/elixscent.com\/de\/wp-json\/wp\/v2\/product\/56895\/revisions\/58695"}],"wp:featuredmedia":[{"embeddable":true,"href":"https:\/\/elixscent.com\/de\/wp-json\/wp\/v2\/media\/56896"}],"wp:attachment":[{"href":"https:\/\/elixscent.com\/de\/wp-json\/wp\/v2\/media?parent=56895"}],"curies":[{"name":"wp","href":"https:\/\/api.w.org\/{rel}","templated":true}]}}