{"id":56890,"date":"2025-03-26T14:35:29","date_gmt":"2025-03-26T14:35:29","guid":{"rendered":"https:\/\/elixscent.com\/?post_type=product&#038;p=56890"},"modified":"2025-08-01T07:56:20","modified_gmt":"2025-08-01T07:56:20","slug":"wasche-duftverstarker-frutique","status":"publish","type":"product","link":"https:\/\/elixscent.com\/de\/product\/laundry-scent-booster-frutique\/","title":{"rendered":"W\u00e4sche-Duftverst\u00e4rker FrutiQue"},"content":{"rendered":"<p data-start=\"76\" data-end=\"404\">Entfesseln Sie einen Hauch von fruchtiger Frische mit <strong data-start=\"117\" data-end=\"138\">Amarella FrutiQue<\/strong> - ein verspielter und doch raffinierter Duft, der lebendige Fruchtnoten mit weicher, anhaltender W\u00e4rme verbindet. Dieser Duftverst\u00e4rker ist perfekt f\u00fcr alle, die einen energiegeladenen und fr\u00f6hlichen Duft lieben. Er verleiht Ihrer W\u00e4sche ein unwiderstehlich frisches und saftiges Aroma, das wochenlang anh\u00e4lt.<\/p>\n<h3 data-start=\"406\" data-end=\"445\"><strong data-start=\"410\" data-end=\"443\">Duftprofil - FrutiQue:<\/strong><\/h3>\n<ul data-start=\"446\" data-end=\"807\">\n<li data-start=\"446\" data-end=\"583\">\n<p data-start=\"448\" data-end=\"583\"><strong data-start=\"448\" data-end=\"462\">Kopfnoten:<\/strong> Eine lebendige Mischung aus reifen Beeren, saftigen Zitrusfr\u00fcchten und knackigem gr\u00fcnem Apfel, die einen belebenden ersten Eindruck vermittelt.<\/p>\n<\/li>\n<li data-start=\"584\" data-end=\"695\">\n<p data-start=\"586\" data-end=\"695\"><strong data-start=\"586\" data-end=\"602\">Herznoten:<\/strong> Eine k\u00f6stliche Verschmelzung von exotischen Fr\u00fcchten und zarten blumigen Noten, die dem Duft Tiefe und Lebendigkeit verleihen.<\/p>\n<\/li>\n<li data-start=\"696\" data-end=\"807\">\n<p data-start=\"698\" data-end=\"807\"><strong data-start=\"698\" data-end=\"713\">Basisnoten:<\/strong> Eine beruhigende Mischung aus weichem Moschus und dezenter S\u00fc\u00dfe, die f\u00fcr einen sanften und lang anhaltenden Abgang sorgt.<\/p>\n<\/li>\n<\/ul>\n<h3 data-start=\"809\" data-end=\"848\"><strong data-start=\"813\" data-end=\"846\">Warum Amarella FrutiQue w\u00e4hlen?<\/strong><\/h3>\n<p data-start=\"849\" data-end=\"1331\">\u2714 <strong data-start=\"851\" data-end=\"871\">Kein Mikroplastik<\/strong> - Frei von Duftstoff-Mikrokapseln, die gem\u00e4\u00df EU-Verordnung als Mikroplastik eingestuft werden.<br data-start=\"968\" data-end=\"971\" \/>\u2714 <strong data-start=\"973\" data-end=\"1006\">Langanhaltende fruchtige Frische<\/strong> - Durchdringt die Textilien mit einem anregenden, fr\u00f6hlichen Duft, der wochenlang anh\u00e4lt.<br data-start=\"1088\" data-end=\"1091\" \/>\u2714 <strong data-start=\"1093\" data-end=\"1128\">Sicher f\u00fcr alle Textilien und Maschinen<\/strong> - Funktioniert nahtlos mit allen W\u00e4schearten und Waschmaschinen, einschlie\u00dflich HE-Modellen.<br data-start=\"1213\" data-end=\"1216\" \/>\u2714 <strong data-start=\"1218\" data-end=\"1236\">M\u00fchelose Nutzung<\/strong> - Geben Sie die Perlen einfach in Ihre W\u00e4schetrommel und genie\u00dfen Sie bei jedem Waschgang einen Hauch von fruchtigem Genuss.<\/p>\n<p data-start=\"1333\" data-end=\"1449\">Erfrischen Sie Ihre Waschroutine mit <strong data-start=\"1367\" data-end=\"1388\">Amarella FrutiQue<\/strong> - die perfekte Balance zwischen saftiger Energie und anhaltender Frische.<\/p>","protected":false},"featured_media":56891,"parent":0,"menu_order":0,"template":"","class_list":["post-56890","product","type-product","status-publish","has-post-thumbnail","hentry","product_category-amarella_2","product_category-laundry_scent_booster"],"acf":[],"yoast_head":"<!-- This site is optimized with the Yoast SEO Premium plugin v27.4 (Yoast SEO v27.5) - https:\/\/yoast.com\/product\/yoast-seo-premium-wordpress\/ -->\n<title>Laundry Scent Booster for a Long-Lasting Aroma<\/title>\n<meta name=\"description\" content=\"Amarella Laundry Scent Booster Beads \u2013 370g (24 Doses). Key Features: Advanced Fragrance Technology \u2013 Ensures deep fabric penetration for an enduring scent experience. No Microcapsules \u2013 Microplastic-Free\" \/>\n<meta name=\"robots\" content=\"index, follow, max-snippet:-1, max-image-preview:large, max-video-preview:-1\" \/>\n<link rel=\"canonical\" href=\"https:\/\/elixscent.com\/de\/produkt\/wasche-duftverstarker-frutique\/\" \/>\n<meta property=\"og:locale\" content=\"de_DE\" \/>\n<meta property=\"og:type\" content=\"article\" \/>\n<meta property=\"og:title\" content=\"Laundry Scent Booster FrutiQue\" \/>\n<meta property=\"og:description\" content=\"Amarella Laundry Scent Booster Beads \u2013 370g (24 Doses). Key Features: Advanced Fragrance Technology \u2013 Ensures deep fabric penetration for an enduring scent experience. No Microcapsules \u2013 Microplastic-Free\" \/>\n<meta property=\"og:url\" content=\"https:\/\/elixscent.com\/de\/produkt\/wasche-duftverstarker-frutique\/\" \/>\n<meta property=\"og:site_name\" content=\"ELiX EU air fresheners\" \/>\n<meta property=\"article:modified_time\" content=\"2025-08-01T07:56:20+00:00\" \/>\n<meta property=\"og:image\" content=\"https:\/\/elixscent.com\/wp-content\/uploads\/WEBP_Perfume_Beeds_frutique_1.1.webp\" \/>\n\t<meta property=\"og:image:width\" content=\"210\" \/>\n\t<meta property=\"og:image:height\" content=\"655\" \/>\n\t<meta property=\"og:image:type\" content=\"image\/webp\" \/>\n<meta name=\"twitter:card\" content=\"summary_large_image\" \/>\n<meta name=\"twitter:label1\" content=\"Gesch\u00e4tzte Lesezeit\" \/>\n\t<meta name=\"twitter:data1\" content=\"2\u00a0Minuten\" \/>\n<script type=\"application\/ld+json\" class=\"yoast-schema-graph\">{\"@context\":\"https:\\\/\\\/schema.org\",\"@graph\":[{\"@type\":\"WebPage\",\"@id\":\"https:\\\/\\\/elixscent.com\\\/product\\\/laundry-scent-booster-frutique\\\/\",\"url\":\"https:\\\/\\\/elixscent.com\\\/product\\\/laundry-scent-booster-frutique\\\/\",\"name\":\"Laundry Scent Booster for a Long-Lasting Aroma\",\"isPartOf\":{\"@id\":\"https:\\\/\\\/elixscent.com\\\/#website\"},\"primaryImageOfPage\":{\"@id\":\"https:\\\/\\\/elixscent.com\\\/product\\\/laundry-scent-booster-frutique\\\/#primaryimage\"},\"image\":{\"@id\":\"https:\\\/\\\/elixscent.com\\\/product\\\/laundry-scent-booster-frutique\\\/#primaryimage\"},\"thumbnailUrl\":\"https:\\\/\\\/elixscent.com\\\/wp-content\\\/uploads\\\/WEBP_Perfume_Beeds_frutique_1.1.webp\",\"datePublished\":\"2025-03-26T14:35:29+00:00\",\"dateModified\":\"2025-08-01T07:56:20+00:00\",\"description\":\"Amarella Laundry Scent Booster Beads \u2013 370g (24 Doses). Key Features: Advanced Fragrance Technology \u2013 Ensures deep fabric penetration for an enduring scent experience. No Microcapsules \u2013 Microplastic-Free\",\"breadcrumb\":{\"@id\":\"https:\\\/\\\/elixscent.com\\\/product\\\/laundry-scent-booster-frutique\\\/#breadcrumb\"},\"inLanguage\":\"de\",\"potentialAction\":[{\"@type\":\"ReadAction\",\"target\":[\"https:\\\/\\\/elixscent.com\\\/product\\\/laundry-scent-booster-frutique\\\/\"]}]},{\"@type\":\"ImageObject\",\"inLanguage\":\"de\",\"@id\":\"https:\\\/\\\/elixscent.com\\\/product\\\/laundry-scent-booster-frutique\\\/#primaryimage\",\"url\":\"https:\\\/\\\/elixscent.com\\\/wp-content\\\/uploads\\\/WEBP_Perfume_Beeds_frutique_1.1.webp\",\"contentUrl\":\"https:\\\/\\\/elixscent.com\\\/wp-content\\\/uploads\\\/WEBP_Perfume_Beeds_frutique_1.1.webp\",\"width\":210,\"height\":655,\"caption\":\"WEBP Perfume Beeds frutique 1.1\"},{\"@type\":\"BreadcrumbList\",\"@id\":\"https:\\\/\\\/elixscent.com\\\/product\\\/laundry-scent-booster-frutique\\\/#breadcrumb\",\"itemListElement\":[{\"@type\":\"ListItem\",\"position\":1,\"name\":\"Home\",\"item\":\"https:\\\/\\\/elixscent.com\\\/\"},{\"@type\":\"ListItem\",\"position\":2,\"name\":\"Products\",\"item\":\"https:\\\/\\\/elixscent.com\\\/product\\\/\"},{\"@type\":\"ListItem\",\"position\":3,\"name\":\"AMARELLA scented laundry\",\"item\":\"https:\\\/\\\/elixscent.com\\\/product-category\\\/amarella_2\\\/\"},{\"@type\":\"ListItem\",\"position\":4,\"name\":\"In-Wash Scent Booster Beads\",\"item\":\"https:\\\/\\\/elixscent.com\\\/product-category\\\/laundry_scent_booster\\\/\"},{\"@type\":\"ListItem\",\"position\":5,\"name\":\"Laundry Scent Booster FrutiQue\"}]},{\"@type\":\"WebSite\",\"@id\":\"https:\\\/\\\/elixscent.com\\\/#website\",\"url\":\"https:\\\/\\\/elixscent.com\\\/\",\"name\":\"ELiX EU air fresheners\",\"description\":\"Air &amp; Fabric, Perfectly Fresh\",\"publisher\":{\"@id\":\"https:\\\/\\\/elixscent.com\\\/#organization\"},\"potentialAction\":[{\"@type\":\"SearchAction\",\"target\":{\"@type\":\"EntryPoint\",\"urlTemplate\":\"https:\\\/\\\/elixscent.com\\\/?s={search_term_string}\"},\"query-input\":{\"@type\":\"PropertyValueSpecification\",\"valueRequired\":true,\"valueName\":\"search_term_string\"}}],\"inLanguage\":\"de\"},{\"@type\":\"Organization\",\"@id\":\"https:\\\/\\\/elixscent.com\\\/#organization\",\"name\":\"ELIX air freshener manufacturer\",\"url\":\"https:\\\/\\\/elixscent.com\\\/\",\"logo\":{\"@type\":\"ImageObject\",\"inLanguage\":\"de\",\"@id\":\"https:\\\/\\\/elixscent.com\\\/#\\\/schema\\\/logo\\\/image\\\/\",\"url\":\"https:\\\/\\\/elixscent.com\\\/wp-content\\\/uploads\\\/elix_logo_1.0-_300.jpg\",\"contentUrl\":\"https:\\\/\\\/elixscent.com\\\/wp-content\\\/uploads\\\/elix_logo_1.0-_300.jpg\",\"width\":300,\"height\":257,\"caption\":\"ELIX air freshener manufacturer\"},\"image\":{\"@id\":\"https:\\\/\\\/elixscent.com\\\/#\\\/schema\\\/logo\\\/image\\\/\"},\"sameAs\":[\"https:\\\/\\\/www.linkedin.com\\\/company\\\/30084929\"]}]}<\/script>\n<!-- \/ Yoast SEO Premium plugin. -->","yoast_head_json":{"title":"W\u00e4scheduftverst\u00e4rker f\u00fcr ein langanhaltendes Aroma","description":"Amarella Laundry Scent Booster Beads - 370g (24 Dosen). Hauptmerkmale: Fortschrittliche Dufttechnologie - Sorgt f\u00fcr ein tiefes Eindringen in den Stoff f\u00fcr ein lang anhaltendes Dufterlebnis. Keine Mikrokapseln - Mikroplastik-frei","robots":{"index":"index","follow":"follow","max-snippet":"max-snippet:-1","max-image-preview":"max-image-preview:large","max-video-preview":"max-video-preview:-1"},"canonical":"https:\/\/elixscent.com\/de\/produkt\/wasche-duftverstarker-frutique\/","og_locale":"de_DE","og_type":"article","og_title":"Laundry Scent Booster FrutiQue","og_description":"Amarella Laundry Scent Booster Beads \u2013 370g (24 Doses). Key Features: Advanced Fragrance Technology \u2013 Ensures deep fabric penetration for an enduring scent experience. No Microcapsules \u2013 Microplastic-Free","og_url":"https:\/\/elixscent.com\/de\/produkt\/wasche-duftverstarker-frutique\/","og_site_name":"ELiX EU air fresheners","article_modified_time":"2025-08-01T07:56:20+00:00","og_image":[{"width":210,"height":655,"url":"https:\/\/elixscent.com\/wp-content\/uploads\/WEBP_Perfume_Beeds_frutique_1.1.webp","type":"image\/webp"}],"twitter_card":"summary_large_image","twitter_misc":{"Gesch\u00e4tzte Lesezeit":"2\u00a0Minuten"},"schema":{"@context":"https:\/\/schema.org","@graph":[{"@type":"WebPage","@id":"https:\/\/elixscent.com\/product\/laundry-scent-booster-frutique\/","url":"https:\/\/elixscent.com\/product\/laundry-scent-booster-frutique\/","name":"W\u00e4scheduftverst\u00e4rker f\u00fcr ein langanhaltendes Aroma","isPartOf":{"@id":"https:\/\/elixscent.com\/#website"},"primaryImageOfPage":{"@id":"https:\/\/elixscent.com\/product\/laundry-scent-booster-frutique\/#primaryimage"},"image":{"@id":"https:\/\/elixscent.com\/product\/laundry-scent-booster-frutique\/#primaryimage"},"thumbnailUrl":"https:\/\/elixscent.com\/wp-content\/uploads\/WEBP_Perfume_Beeds_frutique_1.1.webp","datePublished":"2025-03-26T14:35:29+00:00","dateModified":"2025-08-01T07:56:20+00:00","description":"Amarella Laundry Scent Booster Beads - 370g (24 Dosen). Hauptmerkmale: Fortschrittliche Dufttechnologie - Sorgt f\u00fcr ein tiefes Eindringen in den Stoff f\u00fcr ein lang anhaltendes Dufterlebnis. Keine Mikrokapseln - Mikroplastik-frei","breadcrumb":{"@id":"https:\/\/elixscent.com\/product\/laundry-scent-booster-frutique\/#breadcrumb"},"inLanguage":"de","potentialAction":[{"@type":"ReadAction","target":["https:\/\/elixscent.com\/product\/laundry-scent-booster-frutique\/"]}]},{"@type":"ImageObject","inLanguage":"de","@id":"https:\/\/elixscent.com\/product\/laundry-scent-booster-frutique\/#primaryimage","url":"https:\/\/elixscent.com\/wp-content\/uploads\/WEBP_Perfume_Beeds_frutique_1.1.webp","contentUrl":"https:\/\/elixscent.com\/wp-content\/uploads\/WEBP_Perfume_Beeds_frutique_1.1.webp","width":210,"height":655,"caption":"WEBP Perfume Beeds frutique 1.1"},{"@type":"BreadcrumbList","@id":"https:\/\/elixscent.com\/product\/laundry-scent-booster-frutique\/#breadcrumb","itemListElement":[{"@type":"ListItem","position":1,"name":"Home","item":"https:\/\/elixscent.com\/"},{"@type":"ListItem","position":2,"name":"Products","item":"https:\/\/elixscent.com\/product\/"},{"@type":"ListItem","position":3,"name":"AMARELLA scented laundry","item":"https:\/\/elixscent.com\/product-category\/amarella_2\/"},{"@type":"ListItem","position":4,"name":"In-Wash Scent Booster Beads","item":"https:\/\/elixscent.com\/product-category\/laundry_scent_booster\/"},{"@type":"ListItem","position":5,"name":"Laundry Scent Booster FrutiQue"}]},{"@type":"WebSite","@id":"https:\/\/elixscent.com\/#website","url":"https:\/\/elixscent.com\/","name":"ELiX EU-Lufterfrischer","description":"Luft &amp; Stoff, perfekt frisch","publisher":{"@id":"https:\/\/elixscent.com\/#organization"},"potentialAction":[{"@type":"SearchAction","target":{"@type":"EntryPoint","urlTemplate":"https:\/\/elixscent.com\/?s={search_term_string}"},"query-input":{"@type":"PropertyValueSpecification","valueRequired":true,"valueName":"search_term_string"}}],"inLanguage":"de"},{"@type":"Organization","@id":"https:\/\/elixscent.com\/#organization","name":"ELIX Lufterfrischer Hersteller","url":"https:\/\/elixscent.com\/","logo":{"@type":"ImageObject","inLanguage":"de","@id":"https:\/\/elixscent.com\/#\/schema\/logo\/image\/","url":"https:\/\/elixscent.com\/wp-content\/uploads\/elix_logo_1.0-_300.jpg","contentUrl":"https:\/\/elixscent.com\/wp-content\/uploads\/elix_logo_1.0-_300.jpg","width":300,"height":257,"caption":"ELIX air freshener manufacturer"},"image":{"@id":"https:\/\/elixscent.com\/#\/schema\/logo\/image\/"},"sameAs":["https:\/\/www.linkedin.com\/company\/30084929"]}]}},"_links":{"self":[{"href":"https:\/\/elixscent.com\/de\/wp-json\/wp\/v2\/product\/56890","targetHints":{"allow":["GET"]}}],"collection":[{"href":"https:\/\/elixscent.com\/de\/wp-json\/wp\/v2\/product"}],"about":[{"href":"https:\/\/elixscent.com\/de\/wp-json\/wp\/v2\/types\/product"}],"version-history":[{"count":4,"href":"https:\/\/elixscent.com\/de\/wp-json\/wp\/v2\/product\/56890\/revisions"}],"predecessor-version":[{"id":58697,"href":"https:\/\/elixscent.com\/de\/wp-json\/wp\/v2\/product\/56890\/revisions\/58697"}],"wp:featuredmedia":[{"embeddable":true,"href":"https:\/\/elixscent.com\/de\/wp-json\/wp\/v2\/media\/56891"}],"wp:attachment":[{"href":"https:\/\/elixscent.com\/de\/wp-json\/wp\/v2\/media?parent=56890"}],"curies":[{"name":"wp","href":"https:\/\/api.w.org\/{rel}","templated":true}]}}