{"id":54827,"date":"2024-12-05T10:54:44","date_gmt":"2024-12-05T10:54:44","guid":{"rendered":"https:\/\/elixscent.com\/?post_type=product&#038;p=54827"},"modified":"2025-12-04T07:26:32","modified_gmt":"2025-12-04T07:26:32","slug":"amarella-250-klassisch","status":"publish","type":"product","link":"https:\/\/elixscent.com\/de\/product\/amarella-250-classic\/","title":{"rendered":"AMARELLA 250 Klassisch"},"content":{"rendered":"<p>Entdecken Sie Classic - den reinen und sauberen Duft von frischer W\u00e4sche.<\/p>\n<p><strong>Maximale Duftkraft - jetzt in einer st\u00e4rker konzentrierten Formel!<\/strong><\/p>\n<p><strong>AMARELLA 250 ml<\/strong> ist ein hochwertiges Waschparf\u00fcm, das einen intensiven, lang anhaltenden Duft und eine hervorragende Effizienz bietet. Dank seiner konzentrierten Formel reicht eine Flasche f\u00fcr mehr als 50 W\u00e4schen.<\/p>\n<ul>\n<li><strong>Dauerhafte Frische<\/strong><br \/>\nSchon wenn Sie Ihre W\u00e4sche aus der Waschmaschine nehmen, werden Sie den einzigartigen Duft wahrnehmen. Er bleibt in der Luft, w\u00e4hrend die W\u00e4sche trocknet, und sobald sie trocken ist, riecht sie genauso wunderbar wie am Anfang.<\/li>\n<\/ul>\n<p>Mit zus\u00e4tzlichen weichmachenden Inhaltsstoffen duftet dieses Waschparf\u00fcm nicht nur Ihre Kleidung, sondern macht sie auch weicher.<\/p>\n<p>Denn W\u00e4sche waschen ist nicht nur eine l\u00e4stige Pflicht - es kann ein t\u00e4gliches Vergn\u00fcgen sein.<\/p>","protected":false},"featured_media":59912,"parent":0,"menu_order":0,"template":"","class_list":["post-54827","product","type-product","status-publish","has-post-thumbnail","hentry","product_category-amarella_2","product_category-perfumed-washing-oil"],"acf":[],"yoast_head":"<!-- This site is optimized with the Yoast SEO Premium plugin v27.4 (Yoast SEO v27.4) - https:\/\/yoast.com\/product\/yoast-seo-premium-wordpress\/ -->\n<title>AMARELLA Classic | Perfumed Washing Oil 250ml | ELiX Scent<\/title>\n<meta name=\"description\" content=\"Timeless classic fragrance in a perfumed washing oil. Ensures lasting freshness and care for your garments.\" \/>\n<meta name=\"robots\" content=\"index, follow, max-snippet:-1, max-image-preview:large, max-video-preview:-1\" \/>\n<link rel=\"canonical\" href=\"https:\/\/elixscent.com\/de\/produkt\/amarella-250-klassisch\/\" \/>\n<meta property=\"og:locale\" content=\"de_DE\" \/>\n<meta property=\"og:type\" content=\"article\" \/>\n<meta property=\"og:title\" content=\"AMARELLA 250 Classic\" \/>\n<meta property=\"og:description\" content=\"Timeless classic fragrance in a perfumed washing oil. Ensures lasting freshness and care for your garments.\" \/>\n<meta property=\"og:url\" content=\"https:\/\/elixscent.com\/de\/produkt\/amarella-250-klassisch\/\" \/>\n<meta property=\"og:site_name\" content=\"ELiX EU air fresheners\" \/>\n<meta property=\"article:modified_time\" content=\"2025-12-04T07:26:32+00:00\" \/>\n<meta property=\"og:image\" content=\"https:\/\/elixscent.com\/wp-content\/uploads\/WEBP_Amarella_250_classic_product_1.0-1.webp\" \/>\n\t<meta property=\"og:image:width\" content=\"174\" \/>\n\t<meta property=\"og:image:height\" content=\"699\" \/>\n\t<meta property=\"og:image:type\" content=\"image\/webp\" \/>\n<meta name=\"twitter:card\" content=\"summary_large_image\" \/>\n<meta name=\"twitter:label1\" content=\"Gesch\u00e4tzte Lesezeit\" \/>\n\t<meta name=\"twitter:data1\" content=\"1\u00a0Minute\" \/>\n<script type=\"application\/ld+json\" class=\"yoast-schema-graph\">{\"@context\":\"https:\\\/\\\/schema.org\",\"@graph\":[{\"@type\":\"WebPage\",\"@id\":\"https:\\\/\\\/elixscent.com\\\/product\\\/amarella-250-classic\\\/\",\"url\":\"https:\\\/\\\/elixscent.com\\\/product\\\/amarella-250-classic\\\/\",\"name\":\"AMARELLA Classic | Perfumed Washing Oil 250ml | ELiX Scent\",\"isPartOf\":{\"@id\":\"https:\\\/\\\/elixscent.com\\\/#website\"},\"primaryImageOfPage\":{\"@id\":\"https:\\\/\\\/elixscent.com\\\/product\\\/amarella-250-classic\\\/#primaryimage\"},\"image\":{\"@id\":\"https:\\\/\\\/elixscent.com\\\/product\\\/amarella-250-classic\\\/#primaryimage\"},\"thumbnailUrl\":\"https:\\\/\\\/elixscent.com\\\/wp-content\\\/uploads\\\/WEBP_Amarella_250_classic_product_1.0-1.webp\",\"datePublished\":\"2024-12-05T10:54:44+00:00\",\"dateModified\":\"2025-12-04T07:26:32+00:00\",\"description\":\"Timeless classic fragrance in a perfumed washing oil. Ensures lasting freshness and care for your garments.\",\"breadcrumb\":{\"@id\":\"https:\\\/\\\/elixscent.com\\\/product\\\/amarella-250-classic\\\/#breadcrumb\"},\"inLanguage\":\"de\",\"potentialAction\":[{\"@type\":\"ReadAction\",\"target\":[\"https:\\\/\\\/elixscent.com\\\/product\\\/amarella-250-classic\\\/\"]}]},{\"@type\":\"ImageObject\",\"inLanguage\":\"de\",\"@id\":\"https:\\\/\\\/elixscent.com\\\/product\\\/amarella-250-classic\\\/#primaryimage\",\"url\":\"https:\\\/\\\/elixscent.com\\\/wp-content\\\/uploads\\\/WEBP_Amarella_250_classic_product_1.0-1.webp\",\"contentUrl\":\"https:\\\/\\\/elixscent.com\\\/wp-content\\\/uploads\\\/WEBP_Amarella_250_classic_product_1.0-1.webp\",\"width\":174,\"height\":699,\"caption\":\"Laundry perfume classic\"},{\"@type\":\"BreadcrumbList\",\"@id\":\"https:\\\/\\\/elixscent.com\\\/product\\\/amarella-250-classic\\\/#breadcrumb\",\"itemListElement\":[{\"@type\":\"ListItem\",\"position\":1,\"name\":\"Home\",\"item\":\"https:\\\/\\\/elixscent.com\\\/\"},{\"@type\":\"ListItem\",\"position\":2,\"name\":\"Products\",\"item\":\"https:\\\/\\\/elixscent.com\\\/product\\\/\"},{\"@type\":\"ListItem\",\"position\":3,\"name\":\"AMARELLA scented laundry\",\"item\":\"https:\\\/\\\/elixscent.com\\\/product-category\\\/amarella_2\\\/\"},{\"@type\":\"ListItem\",\"position\":4,\"name\":\"Laundry Perfume 250\",\"item\":\"https:\\\/\\\/elixscent.com\\\/product-category\\\/perfumed-washing-oil\\\/\"},{\"@type\":\"ListItem\",\"position\":5,\"name\":\"AMARELLA 250 Classic\"}]},{\"@type\":\"WebSite\",\"@id\":\"https:\\\/\\\/elixscent.com\\\/#website\",\"url\":\"https:\\\/\\\/elixscent.com\\\/\",\"name\":\"ELiX EU air fresheners\",\"description\":\"Air &amp; Fabric, Perfectly Fresh\",\"publisher\":{\"@id\":\"https:\\\/\\\/elixscent.com\\\/#organization\"},\"potentialAction\":[{\"@type\":\"SearchAction\",\"target\":{\"@type\":\"EntryPoint\",\"urlTemplate\":\"https:\\\/\\\/elixscent.com\\\/?s={search_term_string}\"},\"query-input\":{\"@type\":\"PropertyValueSpecification\",\"valueRequired\":true,\"valueName\":\"search_term_string\"}}],\"inLanguage\":\"de\"},{\"@type\":\"Organization\",\"@id\":\"https:\\\/\\\/elixscent.com\\\/#organization\",\"name\":\"ELIX air freshener manufacturer\",\"url\":\"https:\\\/\\\/elixscent.com\\\/\",\"logo\":{\"@type\":\"ImageObject\",\"inLanguage\":\"de\",\"@id\":\"https:\\\/\\\/elixscent.com\\\/#\\\/schema\\\/logo\\\/image\\\/\",\"url\":\"https:\\\/\\\/elixscent.com\\\/wp-content\\\/uploads\\\/elix_logo_1.0-_300.jpg\",\"contentUrl\":\"https:\\\/\\\/elixscent.com\\\/wp-content\\\/uploads\\\/elix_logo_1.0-_300.jpg\",\"width\":300,\"height\":257,\"caption\":\"ELIX air freshener manufacturer\"},\"image\":{\"@id\":\"https:\\\/\\\/elixscent.com\\\/#\\\/schema\\\/logo\\\/image\\\/\"},\"sameAs\":[\"https:\\\/\\\/www.linkedin.com\\\/company\\\/30084929\"]}]}<\/script>\n<!-- \/ Yoast SEO Premium plugin. -->","yoast_head_json":{"title":"AMARELLA Classic | Parf\u00fcmiertes Wasch\u00f6l 250ml | ELiX Duft","description":"Zeitlos klassischer Duft in einem parf\u00fcmierten Wasch\u00f6l. Sorgt f\u00fcr anhaltende Frische und Pflege Ihrer Kleidung.","robots":{"index":"index","follow":"follow","max-snippet":"max-snippet:-1","max-image-preview":"max-image-preview:large","max-video-preview":"max-video-preview:-1"},"canonical":"https:\/\/elixscent.com\/de\/produkt\/amarella-250-klassisch\/","og_locale":"de_DE","og_type":"article","og_title":"AMARELLA 250 Classic","og_description":"Timeless classic fragrance in a perfumed washing oil. Ensures lasting freshness and care for your garments.","og_url":"https:\/\/elixscent.com\/de\/produkt\/amarella-250-klassisch\/","og_site_name":"ELiX EU air fresheners","article_modified_time":"2025-12-04T07:26:32+00:00","og_image":[{"width":174,"height":699,"url":"https:\/\/elixscent.com\/wp-content\/uploads\/WEBP_Amarella_250_classic_product_1.0-1.webp","type":"image\/webp"}],"twitter_card":"summary_large_image","twitter_misc":{"Gesch\u00e4tzte Lesezeit":"1\u00a0Minute"},"schema":{"@context":"https:\/\/schema.org","@graph":[{"@type":"WebPage","@id":"https:\/\/elixscent.com\/product\/amarella-250-classic\/","url":"https:\/\/elixscent.com\/product\/amarella-250-classic\/","name":"AMARELLA Classic | Parf\u00fcmiertes Wasch\u00f6l 250ml | ELiX Duft","isPartOf":{"@id":"https:\/\/elixscent.com\/#website"},"primaryImageOfPage":{"@id":"https:\/\/elixscent.com\/product\/amarella-250-classic\/#primaryimage"},"image":{"@id":"https:\/\/elixscent.com\/product\/amarella-250-classic\/#primaryimage"},"thumbnailUrl":"https:\/\/elixscent.com\/wp-content\/uploads\/WEBP_Amarella_250_classic_product_1.0-1.webp","datePublished":"2024-12-05T10:54:44+00:00","dateModified":"2025-12-04T07:26:32+00:00","description":"Zeitlos klassischer Duft in einem parf\u00fcmierten Wasch\u00f6l. Sorgt f\u00fcr anhaltende Frische und Pflege Ihrer Kleidung.","breadcrumb":{"@id":"https:\/\/elixscent.com\/product\/amarella-250-classic\/#breadcrumb"},"inLanguage":"de","potentialAction":[{"@type":"ReadAction","target":["https:\/\/elixscent.com\/product\/amarella-250-classic\/"]}]},{"@type":"ImageObject","inLanguage":"de","@id":"https:\/\/elixscent.com\/product\/amarella-250-classic\/#primaryimage","url":"https:\/\/elixscent.com\/wp-content\/uploads\/WEBP_Amarella_250_classic_product_1.0-1.webp","contentUrl":"https:\/\/elixscent.com\/wp-content\/uploads\/WEBP_Amarella_250_classic_product_1.0-1.webp","width":174,"height":699,"caption":"Laundry perfume classic"},{"@type":"BreadcrumbList","@id":"https:\/\/elixscent.com\/product\/amarella-250-classic\/#breadcrumb","itemListElement":[{"@type":"ListItem","position":1,"name":"Home","item":"https:\/\/elixscent.com\/"},{"@type":"ListItem","position":2,"name":"Products","item":"https:\/\/elixscent.com\/product\/"},{"@type":"ListItem","position":3,"name":"AMARELLA scented laundry","item":"https:\/\/elixscent.com\/product-category\/amarella_2\/"},{"@type":"ListItem","position":4,"name":"Laundry Perfume 250","item":"https:\/\/elixscent.com\/product-category\/perfumed-washing-oil\/"},{"@type":"ListItem","position":5,"name":"AMARELLA 250 Classic"}]},{"@type":"WebSite","@id":"https:\/\/elixscent.com\/#website","url":"https:\/\/elixscent.com\/","name":"ELiX EU-Lufterfrischer","description":"Luft &amp; Stoff, perfekt frisch","publisher":{"@id":"https:\/\/elixscent.com\/#organization"},"potentialAction":[{"@type":"SearchAction","target":{"@type":"EntryPoint","urlTemplate":"https:\/\/elixscent.com\/?s={search_term_string}"},"query-input":{"@type":"PropertyValueSpecification","valueRequired":true,"valueName":"search_term_string"}}],"inLanguage":"de"},{"@type":"Organization","@id":"https:\/\/elixscent.com\/#organization","name":"ELIX Lufterfrischer Hersteller","url":"https:\/\/elixscent.com\/","logo":{"@type":"ImageObject","inLanguage":"de","@id":"https:\/\/elixscent.com\/#\/schema\/logo\/image\/","url":"https:\/\/elixscent.com\/wp-content\/uploads\/elix_logo_1.0-_300.jpg","contentUrl":"https:\/\/elixscent.com\/wp-content\/uploads\/elix_logo_1.0-_300.jpg","width":300,"height":257,"caption":"ELIX air freshener manufacturer"},"image":{"@id":"https:\/\/elixscent.com\/#\/schema\/logo\/image\/"},"sameAs":["https:\/\/www.linkedin.com\/company\/30084929"]}]}},"_links":{"self":[{"href":"https:\/\/elixscent.com\/de\/wp-json\/wp\/v2\/product\/54827","targetHints":{"allow":["GET"]}}],"collection":[{"href":"https:\/\/elixscent.com\/de\/wp-json\/wp\/v2\/product"}],"about":[{"href":"https:\/\/elixscent.com\/de\/wp-json\/wp\/v2\/types\/product"}],"version-history":[{"count":11,"href":"https:\/\/elixscent.com\/de\/wp-json\/wp\/v2\/product\/54827\/revisions"}],"predecessor-version":[{"id":59916,"href":"https:\/\/elixscent.com\/de\/wp-json\/wp\/v2\/product\/54827\/revisions\/59916"}],"wp:featuredmedia":[{"embeddable":true,"href":"https:\/\/elixscent.com\/de\/wp-json\/wp\/v2\/media\/59912"}],"wp:attachment":[{"href":"https:\/\/elixscent.com\/de\/wp-json\/wp\/v2\/media?parent=54827"}],"curies":[{"name":"wp","href":"https:\/\/api.w.org\/{rel}","templated":true}]}}