{"id":54822,"date":"2024-12-05T09:01:55","date_gmt":"2024-12-05T09:01:55","guid":{"rendered":"https:\/\/elixscent.com\/?post_type=product&#038;p=54822"},"modified":"2026-01-27T14:01:08","modified_gmt":"2026-01-27T14:01:08","slug":"amarella-500-tropicala","status":"publish","type":"product","link":"https:\/\/elixscent.com\/de\/product\/amarella-500-tropicala\/","title":{"rendered":"AMARELLA PLUS Tropicala"},"content":{"rendered":"<p data-start=\"3034\" data-end=\"3166\">Manche Waschmittel f\u00fcgen nur Duftstoffe hinzu. Die eigentliche Frage ist: <strong data-start=\"3094\" data-end=\"3166\">Wollen Sie einen \u201csch\u00f6nen Duft\u201d oder W\u00e4sche, mit der man besser leben kann?<\/strong><\/p>\n<p data-start=\"3168\" data-end=\"3494\"><strong data-start=\"3168\" data-end=\"3207\">Amarella W\u00e4sche-Parf\u00fcm PLUS Tropicala<\/strong> ist so konzipiert, dass sich die Routine leichter anf\u00fchlt. Sie erhalten eine selbstbewusste, lang anhaltende Frische <em data-start=\"3298\" data-end=\"3303\">und<\/em> die allt\u00e4glichen Upgrades, auf die es ankommt: <strong data-start=\"3339\" data-end=\"3357\">weichere Stoffe<\/strong>, <strong data-start=\"3359\" data-end=\"3380\">weniger statische Anhaftung<\/strong>und <strong data-start=\"3386\" data-end=\"3404\">leichteres B\u00fcgeln<\/strong>-so dass die Kleidung mit weniger Aufwand besser aussieht und sich besser anf\u00fchlt.<\/p>\n<p data-start=\"3496\" data-end=\"3820\">Das Tropicala-Profil ist eine saubere, belebende Mischung: erfrischend <strong data-start=\"3558\" data-end=\"3581\">Lavendel und Zitrusfr\u00fcchte<\/strong> im Vordergrund, ein knackiges <strong data-start=\"3599\" data-end=\"3614\">minzgr\u00fcn<\/strong> Herz, und eine moderne aromatische Basis aus <strong data-start=\"3652\" data-end=\"3686\">Eukalyptus, Rosmarin und H\u00f6lzer, <\/strong>ideal f\u00fcr Bettw\u00e4sche, Handt\u00fccher, Sportkleidung und Alltagsgarderobe, die sich frisch und nicht schwer anf\u00fchlen soll.<\/p>\n<ul data-start=\"1918\" data-end=\"2448\">\n<li data-start=\"1918\" data-end=\"2032\">\n<p data-start=\"1920\" data-end=\"2032\"><strong data-start=\"1920\" data-end=\"1946\">Lang anhaltender Duft<\/strong> das die Textilien wunderbar frisch duften l\u00e4sst<\/p>\n<\/li>\n<li data-start=\"2033\" data-end=\"2131\">\n<p data-start=\"2035\" data-end=\"2131\"><strong data-start=\"2035\" data-end=\"2053\">Macht den Stoff weicher<\/strong> f\u00fcr ein weicheres, komfortableres Gef\u00fchl<\/p>\n<\/li>\n<li data-start=\"2132\" data-end=\"2241\">\n<p data-start=\"2134\" data-end=\"2241\"><strong data-start=\"2134\" data-end=\"2156\">Antistatische Wirkung<\/strong> hilft, das Anhaften zu verringern, insbesondere bei synthetischen Stoffen<\/p>\n<\/li>\n<li data-start=\"2242\" data-end=\"2339\">\n<p data-start=\"2244\" data-end=\"2339\"><strong data-start=\"2244\" data-end=\"2262\">Leichteres B\u00fcgeln - <\/strong>hilft, Falten zu reduzieren und spart Zeit<\/p>\n<\/li>\n<li data-start=\"2340\" data-end=\"2448\">\n<p data-start=\"2342\" data-end=\"2448\"><strong data-start=\"2342\" data-end=\"2369\">Effizientes 500-ml-Format - <\/strong>f\u00fcr den Dauereinsatz konzipiert <strong data-start=\"2387\" data-end=\"2406\">bis zu 50 W\u00e4schen<\/strong><\/p>\n<\/li>\n<\/ul>","protected":false},"featured_media":60376,"parent":0,"menu_order":0,"template":"","class_list":["post-54822","product","type-product","status-publish","has-post-thumbnail","hentry","product_category-amarella_2","product_category-laundry-perfume-plus"],"acf":[],"yoast_head":"<!-- This site is optimized with the Yoast SEO Premium plugin v27.4 (Yoast SEO v27.4) - https:\/\/yoast.com\/product\/yoast-seo-premium-wordpress\/ -->\n<title>Amarella Tropicala Laundry Perfume PLUS | In-Wash Scent Booster<\/title>\n<meta name=\"description\" content=\"In-wash scent booster liquid with Tropicala: lavender, citrus and mint. Softens fabric, reduces static and makes ironing easier. Up to 50 washes\" \/>\n<meta name=\"robots\" content=\"index, follow, max-snippet:-1, max-image-preview:large, max-video-preview:-1\" \/>\n<link rel=\"canonical\" href=\"https:\/\/elixscent.com\/de\/produkt\/amarella-500-tropicala\/\" \/>\n<meta property=\"og:locale\" content=\"de_DE\" \/>\n<meta property=\"og:type\" content=\"article\" \/>\n<meta property=\"og:title\" content=\"AMARELLA PLUS Tropicala\" \/>\n<meta property=\"og:description\" content=\"In-wash scent booster liquid with Tropicala: lavender, citrus and mint. Softens fabric, reduces static and makes ironing easier. Up to 50 washes\" \/>\n<meta property=\"og:url\" content=\"https:\/\/elixscent.com\/de\/produkt\/amarella-500-tropicala\/\" \/>\n<meta property=\"og:site_name\" content=\"ELiX EU air fresheners\" \/>\n<meta property=\"article:modified_time\" content=\"2026-01-27T14:01:08+00:00\" \/>\n<meta property=\"og:image\" content=\"https:\/\/elixscent.com\/wp-content\/uploads\/WEBP_PNG_Amarella500_white_tropicala_2.0.webp\" \/>\n\t<meta property=\"og:image:width\" content=\"210\" \/>\n\t<meta property=\"og:image:height\" content=\"675\" \/>\n\t<meta property=\"og:image:type\" content=\"image\/webp\" \/>\n<meta name=\"twitter:card\" content=\"summary_large_image\" \/>\n<meta name=\"twitter:label1\" content=\"Gesch\u00e4tzte Lesezeit\" \/>\n\t<meta name=\"twitter:data1\" content=\"2\u00a0Minuten\" \/>\n<script type=\"application\/ld+json\" class=\"yoast-schema-graph\">{\"@context\":\"https:\\\/\\\/schema.org\",\"@graph\":[{\"@type\":\"WebPage\",\"@id\":\"https:\\\/\\\/elixscent.com\\\/product\\\/amarella-500-tropicala\\\/\",\"url\":\"https:\\\/\\\/elixscent.com\\\/product\\\/amarella-500-tropicala\\\/\",\"name\":\"Amarella Tropicala Laundry Perfume PLUS | In-Wash Scent Booster\",\"isPartOf\":{\"@id\":\"https:\\\/\\\/elixscent.com\\\/#website\"},\"primaryImageOfPage\":{\"@id\":\"https:\\\/\\\/elixscent.com\\\/product\\\/amarella-500-tropicala\\\/#primaryimage\"},\"image\":{\"@id\":\"https:\\\/\\\/elixscent.com\\\/product\\\/amarella-500-tropicala\\\/#primaryimage\"},\"thumbnailUrl\":\"https:\\\/\\\/elixscent.com\\\/wp-content\\\/uploads\\\/WEBP_PNG_Amarella500_white_tropicala_2.0.webp\",\"datePublished\":\"2024-12-05T09:01:55+00:00\",\"dateModified\":\"2026-01-27T14:01:08+00:00\",\"description\":\"In-wash scent booster liquid with Tropicala: lavender, citrus and mint. Softens fabric, reduces static and makes ironing easier. Up to 50 washes\",\"breadcrumb\":{\"@id\":\"https:\\\/\\\/elixscent.com\\\/product\\\/amarella-500-tropicala\\\/#breadcrumb\"},\"inLanguage\":\"de\",\"potentialAction\":[{\"@type\":\"ReadAction\",\"target\":[\"https:\\\/\\\/elixscent.com\\\/product\\\/amarella-500-tropicala\\\/\"]}]},{\"@type\":\"ImageObject\",\"inLanguage\":\"de\",\"@id\":\"https:\\\/\\\/elixscent.com\\\/product\\\/amarella-500-tropicala\\\/#primaryimage\",\"url\":\"https:\\\/\\\/elixscent.com\\\/wp-content\\\/uploads\\\/WEBP_PNG_Amarella500_white_tropicala_2.0.webp\",\"contentUrl\":\"https:\\\/\\\/elixscent.com\\\/wp-content\\\/uploads\\\/WEBP_PNG_Amarella500_white_tropicala_2.0.webp\",\"width\":210,\"height\":675,\"caption\":\"in-wash scent booster plus\"},{\"@type\":\"BreadcrumbList\",\"@id\":\"https:\\\/\\\/elixscent.com\\\/product\\\/amarella-500-tropicala\\\/#breadcrumb\",\"itemListElement\":[{\"@type\":\"ListItem\",\"position\":1,\"name\":\"Home\",\"item\":\"https:\\\/\\\/elixscent.com\\\/\"},{\"@type\":\"ListItem\",\"position\":2,\"name\":\"Products\",\"item\":\"https:\\\/\\\/elixscent.com\\\/product\\\/\"},{\"@type\":\"ListItem\",\"position\":3,\"name\":\"AMARELLA scented laundry\",\"item\":\"https:\\\/\\\/elixscent.com\\\/product-category\\\/amarella_2\\\/\"},{\"@type\":\"ListItem\",\"position\":4,\"name\":\"AMARELLA PLUS Tropicala\"}]},{\"@type\":\"WebSite\",\"@id\":\"https:\\\/\\\/elixscent.com\\\/#website\",\"url\":\"https:\\\/\\\/elixscent.com\\\/\",\"name\":\"ELiX EU air fresheners\",\"description\":\"Air &amp; Fabric, Perfectly Fresh\",\"publisher\":{\"@id\":\"https:\\\/\\\/elixscent.com\\\/#organization\"},\"potentialAction\":[{\"@type\":\"SearchAction\",\"target\":{\"@type\":\"EntryPoint\",\"urlTemplate\":\"https:\\\/\\\/elixscent.com\\\/?s={search_term_string}\"},\"query-input\":{\"@type\":\"PropertyValueSpecification\",\"valueRequired\":true,\"valueName\":\"search_term_string\"}}],\"inLanguage\":\"de\"},{\"@type\":\"Organization\",\"@id\":\"https:\\\/\\\/elixscent.com\\\/#organization\",\"name\":\"ELIX air freshener manufacturer\",\"url\":\"https:\\\/\\\/elixscent.com\\\/\",\"logo\":{\"@type\":\"ImageObject\",\"inLanguage\":\"de\",\"@id\":\"https:\\\/\\\/elixscent.com\\\/#\\\/schema\\\/logo\\\/image\\\/\",\"url\":\"https:\\\/\\\/elixscent.com\\\/wp-content\\\/uploads\\\/elix_logo_1.0-_300.jpg\",\"contentUrl\":\"https:\\\/\\\/elixscent.com\\\/wp-content\\\/uploads\\\/elix_logo_1.0-_300.jpg\",\"width\":300,\"height\":257,\"caption\":\"ELIX air freshener manufacturer\"},\"image\":{\"@id\":\"https:\\\/\\\/elixscent.com\\\/#\\\/schema\\\/logo\\\/image\\\/\"},\"sameAs\":[\"https:\\\/\\\/www.linkedin.com\\\/company\\\/30084929\"]}]}<\/script>\n<!-- \/ Yoast SEO Premium plugin. -->","yoast_head_json":{"title":"Amarella Tropicala W\u00e4scheparf\u00fcm PLUS | In-Wash Duftverst\u00e4rker","description":"Fl\u00fcssiger Duftverst\u00e4rker f\u00fcr die W\u00e4sche mit Tropicala: Lavendel, Zitrus und Minze. Macht den Stoff weicher, reduziert die statische Aufladung und erleichtert das B\u00fcgeln. Bis zu 50 W\u00e4schen","robots":{"index":"index","follow":"follow","max-snippet":"max-snippet:-1","max-image-preview":"max-image-preview:large","max-video-preview":"max-video-preview:-1"},"canonical":"https:\/\/elixscent.com\/de\/produkt\/amarella-500-tropicala\/","og_locale":"de_DE","og_type":"article","og_title":"AMARELLA PLUS Tropicala","og_description":"In-wash scent booster liquid with Tropicala: lavender, citrus and mint. Softens fabric, reduces static and makes ironing easier. Up to 50 washes","og_url":"https:\/\/elixscent.com\/de\/produkt\/amarella-500-tropicala\/","og_site_name":"ELiX EU air fresheners","article_modified_time":"2026-01-27T14:01:08+00:00","og_image":[{"width":210,"height":675,"url":"https:\/\/elixscent.com\/wp-content\/uploads\/WEBP_PNG_Amarella500_white_tropicala_2.0.webp","type":"image\/webp"}],"twitter_card":"summary_large_image","twitter_misc":{"Gesch\u00e4tzte Lesezeit":"2\u00a0Minuten"},"schema":{"@context":"https:\/\/schema.org","@graph":[{"@type":"WebPage","@id":"https:\/\/elixscent.com\/product\/amarella-500-tropicala\/","url":"https:\/\/elixscent.com\/product\/amarella-500-tropicala\/","name":"Amarella Tropicala W\u00e4scheparf\u00fcm PLUS | In-Wash Duftverst\u00e4rker","isPartOf":{"@id":"https:\/\/elixscent.com\/#website"},"primaryImageOfPage":{"@id":"https:\/\/elixscent.com\/product\/amarella-500-tropicala\/#primaryimage"},"image":{"@id":"https:\/\/elixscent.com\/product\/amarella-500-tropicala\/#primaryimage"},"thumbnailUrl":"https:\/\/elixscent.com\/wp-content\/uploads\/WEBP_PNG_Amarella500_white_tropicala_2.0.webp","datePublished":"2024-12-05T09:01:55+00:00","dateModified":"2026-01-27T14:01:08+00:00","description":"Fl\u00fcssiger Duftverst\u00e4rker f\u00fcr die W\u00e4sche mit Tropicala: Lavendel, Zitrus und Minze. Macht den Stoff weicher, reduziert die statische Aufladung und erleichtert das B\u00fcgeln. Bis zu 50 W\u00e4schen","breadcrumb":{"@id":"https:\/\/elixscent.com\/product\/amarella-500-tropicala\/#breadcrumb"},"inLanguage":"de","potentialAction":[{"@type":"ReadAction","target":["https:\/\/elixscent.com\/product\/amarella-500-tropicala\/"]}]},{"@type":"ImageObject","inLanguage":"de","@id":"https:\/\/elixscent.com\/product\/amarella-500-tropicala\/#primaryimage","url":"https:\/\/elixscent.com\/wp-content\/uploads\/WEBP_PNG_Amarella500_white_tropicala_2.0.webp","contentUrl":"https:\/\/elixscent.com\/wp-content\/uploads\/WEBP_PNG_Amarella500_white_tropicala_2.0.webp","width":210,"height":675,"caption":"in-wash scent booster plus"},{"@type":"BreadcrumbList","@id":"https:\/\/elixscent.com\/product\/amarella-500-tropicala\/#breadcrumb","itemListElement":[{"@type":"ListItem","position":1,"name":"Home","item":"https:\/\/elixscent.com\/"},{"@type":"ListItem","position":2,"name":"Products","item":"https:\/\/elixscent.com\/product\/"},{"@type":"ListItem","position":3,"name":"AMARELLA scented laundry","item":"https:\/\/elixscent.com\/product-category\/amarella_2\/"},{"@type":"ListItem","position":4,"name":"AMARELLA PLUS Tropicala"}]},{"@type":"WebSite","@id":"https:\/\/elixscent.com\/#website","url":"https:\/\/elixscent.com\/","name":"ELiX EU-Lufterfrischer","description":"Luft &amp; Stoff, perfekt frisch","publisher":{"@id":"https:\/\/elixscent.com\/#organization"},"potentialAction":[{"@type":"SearchAction","target":{"@type":"EntryPoint","urlTemplate":"https:\/\/elixscent.com\/?s={search_term_string}"},"query-input":{"@type":"PropertyValueSpecification","valueRequired":true,"valueName":"search_term_string"}}],"inLanguage":"de"},{"@type":"Organization","@id":"https:\/\/elixscent.com\/#organization","name":"ELIX Lufterfrischer Hersteller","url":"https:\/\/elixscent.com\/","logo":{"@type":"ImageObject","inLanguage":"de","@id":"https:\/\/elixscent.com\/#\/schema\/logo\/image\/","url":"https:\/\/elixscent.com\/wp-content\/uploads\/elix_logo_1.0-_300.jpg","contentUrl":"https:\/\/elixscent.com\/wp-content\/uploads\/elix_logo_1.0-_300.jpg","width":300,"height":257,"caption":"ELIX air freshener manufacturer"},"image":{"@id":"https:\/\/elixscent.com\/#\/schema\/logo\/image\/"},"sameAs":["https:\/\/www.linkedin.com\/company\/30084929"]}]}},"_links":{"self":[{"href":"https:\/\/elixscent.com\/de\/wp-json\/wp\/v2\/product\/54822","targetHints":{"allow":["GET"]}}],"collection":[{"href":"https:\/\/elixscent.com\/de\/wp-json\/wp\/v2\/product"}],"about":[{"href":"https:\/\/elixscent.com\/de\/wp-json\/wp\/v2\/types\/product"}],"version-history":[{"count":11,"href":"https:\/\/elixscent.com\/de\/wp-json\/wp\/v2\/product\/54822\/revisions"}],"predecessor-version":[{"id":60380,"href":"https:\/\/elixscent.com\/de\/wp-json\/wp\/v2\/product\/54822\/revisions\/60380"}],"wp:featuredmedia":[{"embeddable":true,"href":"https:\/\/elixscent.com\/de\/wp-json\/wp\/v2\/media\/60376"}],"wp:attachment":[{"href":"https:\/\/elixscent.com\/de\/wp-json\/wp\/v2\/media?parent=54822"}],"curies":[{"name":"wp","href":"https:\/\/api.w.org\/{rel}","templated":true}]}}