{"id":54806,"date":"2024-12-05T08:51:12","date_gmt":"2024-12-05T08:51:12","guid":{"rendered":"https:\/\/elixscent.com\/?post_type=product&#038;p=54806"},"modified":"2026-01-27T14:07:13","modified_gmt":"2026-01-27T14:07:13","slug":"amarella-500-colavera","status":"publish","type":"product","link":"https:\/\/elixscent.com\/de\/product\/amarella-500-colavera\/","title":{"rendered":"AMARELLA PLUS Colavera"},"content":{"rendered":"<p data-start=\"3064\" data-end=\"3257\">Manche W\u00e4schebooster geben einen kurzen Schub und verschwinden dann wieder. Die eigentliche Frage ist: <strong data-start=\"3151\" data-end=\"3257\">Wollen Sie W\u00e4sche, die kurzzeitig gut riecht, oder W\u00e4sche, mit der es sich die ganze Woche \u00fcber leichter leben l\u00e4sst?<\/strong><\/p>\n<p data-start=\"3259\" data-end=\"3607\"><strong data-start=\"3259\" data-end=\"3297\">Amarella W\u00e4sche-Parf\u00fcm+ Colavera<\/strong> wurde entwickelt, um beides zu tun. Es verleiht den Textilien einen lang anhaltenden Duft und unterst\u00fctzt gleichzeitig das t\u00e4gliche \u201cFinish\u201d, das Ihnen wichtig ist: <strong data-start=\"3419\" data-end=\"3431\">Sanftheit<\/strong>, <strong data-start=\"3433\" data-end=\"3457\">verringerte statische Anhaftung<\/strong>und <strong data-start=\"3463\" data-end=\"3481\">leichteres B\u00fcgeln, <\/strong>So f\u00fchlen sich Kleidung und W\u00e4sche geschmeidiger an, sitzen besser und lassen sich mit weniger Aufwand fertigstellen.<\/p>\n<p data-start=\"3609\" data-end=\"3976\">Colavera er\u00f6ffnet mit einem raffinierten Kontrast von <strong data-start=\"3651\" data-end=\"3673\">Bergamotte und H\u00f6lzer<\/strong>, und geht dann \u00fcber in ein sauberes, elegantes Herz aus <strong data-start=\"3717\" data-end=\"3737\">Rose und Jasmin<\/strong> mit einem subtilen <strong data-start=\"3752\" data-end=\"3761\">Apfel<\/strong> Akzent und endet auf einer ruhigen, hochwertigen Basis aus <strong data-start=\"3808\" data-end=\"3840\">Sandelholz, Vetiver und Moschus<\/strong>. Es ist ideal f\u00fcr Bettw\u00e4sche, Handt\u00fccher und die t\u00e4gliche Garderobe, wenn Sie Frische mit Pr\u00e4senz w\u00fcnschen.<\/p>\n<ul>\n<li data-start=\"1952\" data-end=\"2070\">\n<p data-start=\"1954\" data-end=\"2070\"><strong data-start=\"1954\" data-end=\"1980\">Lang anhaltender Duft<\/strong> das die Textilien \u00fcber den Waschtag hinaus frisch duften l\u00e4sst<\/p>\n<\/li>\n<li data-start=\"2071\" data-end=\"2169\">\n<p data-start=\"2073\" data-end=\"2169\"><strong data-start=\"2073\" data-end=\"2091\">Macht den Stoff weicher<\/strong> f\u00fcr ein weicheres, komfortableres Gef\u00fchl<\/p>\n<\/li>\n<li data-start=\"2170\" data-end=\"2279\">\n<p data-start=\"2172\" data-end=\"2279\"><strong data-start=\"2172\" data-end=\"2194\">Antistatische Wirkung<\/strong> hilft, das Anhaften zu verringern, insbesondere bei synthetischen Stoffen<\/p>\n<\/li>\n<li data-start=\"2280\" data-end=\"2377\">\n<p data-start=\"2282\" data-end=\"2377\"><strong data-start=\"2282\" data-end=\"2300\">Leichteres B\u00fcgeln<\/strong>-hilft, Falten zu reduzieren und spart Zeit<\/p>\n<\/li>\n<li data-start=\"2378\" data-end=\"2486\">\n<p data-start=\"2380\" data-end=\"2486\"><strong data-start=\"2380\" data-end=\"2407\">Effizientes 500-ml-Format<\/strong>-f\u00fcr die Ewigkeit konzipiert <strong data-start=\"2425\" data-end=\"2444\">bis zu 50 W\u00e4schen<\/strong><\/p>\n<\/li>\n<\/ul>","protected":false},"featured_media":60381,"parent":0,"menu_order":0,"template":"","class_list":["post-54806","product","type-product","status-publish","has-post-thumbnail","hentry","product_category-amarella_2","product_category-laundry-perfume-plus"],"acf":[],"yoast_head":"<!-- This site is optimized with the Yoast SEO Premium plugin v27.4 (Yoast SEO v27.4) - https:\/\/yoast.com\/product\/yoast-seo-premium-wordpress\/ -->\n<title>Amarella Colavera Laundry Perfume PLUS | In-Wash Scent Booster<\/title>\n<meta name=\"description\" content=\"In-wash scent booster liquid with Colavera: patchouli, bergamot &amp; woods. Softens fabric, reduces static and makes ironing easier. Up to 50 washes\" \/>\n<meta name=\"robots\" content=\"index, follow, max-snippet:-1, max-image-preview:large, max-video-preview:-1\" \/>\n<link rel=\"canonical\" href=\"https:\/\/elixscent.com\/de\/produkt\/amarella-500-colavera\/\" \/>\n<meta property=\"og:locale\" content=\"de_DE\" \/>\n<meta property=\"og:type\" content=\"article\" \/>\n<meta property=\"og:title\" content=\"AMARELLA PLUS Colavera\" \/>\n<meta property=\"og:description\" content=\"In-wash scent booster liquid with Colavera: patchouli, bergamot &amp; woods. Softens fabric, reduces static and makes ironing easier. Up to 50 washes\" \/>\n<meta property=\"og:url\" content=\"https:\/\/elixscent.com\/de\/produkt\/amarella-500-colavera\/\" \/>\n<meta property=\"og:site_name\" content=\"ELiX EU air fresheners\" \/>\n<meta property=\"article:modified_time\" content=\"2026-01-27T14:07:13+00:00\" \/>\n<meta property=\"og:image\" content=\"https:\/\/elixscent.com\/wp-content\/uploads\/WEBP_PNG_Amarella500_white_colavera_2.0.webp\" \/>\n\t<meta property=\"og:image:width\" content=\"210\" \/>\n\t<meta property=\"og:image:height\" content=\"675\" \/>\n\t<meta property=\"og:image:type\" content=\"image\/webp\" \/>\n<meta name=\"twitter:card\" content=\"summary_large_image\" \/>\n<meta name=\"twitter:label1\" content=\"Gesch\u00e4tzte Lesezeit\" \/>\n\t<meta name=\"twitter:data1\" content=\"2\u00a0Minuten\" \/>\n<script type=\"application\/ld+json\" class=\"yoast-schema-graph\">{\"@context\":\"https:\\\/\\\/schema.org\",\"@graph\":[{\"@type\":\"WebPage\",\"@id\":\"https:\\\/\\\/elixscent.com\\\/product\\\/amarella-500-colavera\\\/\",\"url\":\"https:\\\/\\\/elixscent.com\\\/product\\\/amarella-500-colavera\\\/\",\"name\":\"Amarella Colavera Laundry Perfume PLUS | In-Wash Scent Booster\",\"isPartOf\":{\"@id\":\"https:\\\/\\\/elixscent.com\\\/#website\"},\"primaryImageOfPage\":{\"@id\":\"https:\\\/\\\/elixscent.com\\\/product\\\/amarella-500-colavera\\\/#primaryimage\"},\"image\":{\"@id\":\"https:\\\/\\\/elixscent.com\\\/product\\\/amarella-500-colavera\\\/#primaryimage\"},\"thumbnailUrl\":\"https:\\\/\\\/elixscent.com\\\/wp-content\\\/uploads\\\/WEBP_PNG_Amarella500_white_colavera_2.0.webp\",\"datePublished\":\"2024-12-05T08:51:12+00:00\",\"dateModified\":\"2026-01-27T14:07:13+00:00\",\"description\":\"In-wash scent booster liquid with Colavera: patchouli, bergamot & woods. Softens fabric, reduces static and makes ironing easier. Up to 50 washes\",\"breadcrumb\":{\"@id\":\"https:\\\/\\\/elixscent.com\\\/product\\\/amarella-500-colavera\\\/#breadcrumb\"},\"inLanguage\":\"de\",\"potentialAction\":[{\"@type\":\"ReadAction\",\"target\":[\"https:\\\/\\\/elixscent.com\\\/product\\\/amarella-500-colavera\\\/\"]}]},{\"@type\":\"ImageObject\",\"inLanguage\":\"de\",\"@id\":\"https:\\\/\\\/elixscent.com\\\/product\\\/amarella-500-colavera\\\/#primaryimage\",\"url\":\"https:\\\/\\\/elixscent.com\\\/wp-content\\\/uploads\\\/WEBP_PNG_Amarella500_white_colavera_2.0.webp\",\"contentUrl\":\"https:\\\/\\\/elixscent.com\\\/wp-content\\\/uploads\\\/WEBP_PNG_Amarella500_white_colavera_2.0.webp\",\"width\":210,\"height\":675,\"caption\":\"laundry perfume plus\"},{\"@type\":\"BreadcrumbList\",\"@id\":\"https:\\\/\\\/elixscent.com\\\/product\\\/amarella-500-colavera\\\/#breadcrumb\",\"itemListElement\":[{\"@type\":\"ListItem\",\"position\":1,\"name\":\"Home\",\"item\":\"https:\\\/\\\/elixscent.com\\\/\"},{\"@type\":\"ListItem\",\"position\":2,\"name\":\"Products\",\"item\":\"https:\\\/\\\/elixscent.com\\\/product\\\/\"},{\"@type\":\"ListItem\",\"position\":3,\"name\":\"AMARELLA scented laundry\",\"item\":\"https:\\\/\\\/elixscent.com\\\/product-category\\\/amarella_2\\\/\"},{\"@type\":\"ListItem\",\"position\":4,\"name\":\"AMARELLA PLUS Colavera\"}]},{\"@type\":\"WebSite\",\"@id\":\"https:\\\/\\\/elixscent.com\\\/#website\",\"url\":\"https:\\\/\\\/elixscent.com\\\/\",\"name\":\"ELiX EU air fresheners\",\"description\":\"Air &amp; Fabric, Perfectly Fresh\",\"publisher\":{\"@id\":\"https:\\\/\\\/elixscent.com\\\/#organization\"},\"potentialAction\":[{\"@type\":\"SearchAction\",\"target\":{\"@type\":\"EntryPoint\",\"urlTemplate\":\"https:\\\/\\\/elixscent.com\\\/?s={search_term_string}\"},\"query-input\":{\"@type\":\"PropertyValueSpecification\",\"valueRequired\":true,\"valueName\":\"search_term_string\"}}],\"inLanguage\":\"de\"},{\"@type\":\"Organization\",\"@id\":\"https:\\\/\\\/elixscent.com\\\/#organization\",\"name\":\"ELIX air freshener manufacturer\",\"url\":\"https:\\\/\\\/elixscent.com\\\/\",\"logo\":{\"@type\":\"ImageObject\",\"inLanguage\":\"de\",\"@id\":\"https:\\\/\\\/elixscent.com\\\/#\\\/schema\\\/logo\\\/image\\\/\",\"url\":\"https:\\\/\\\/elixscent.com\\\/wp-content\\\/uploads\\\/elix_logo_1.0-_300.jpg\",\"contentUrl\":\"https:\\\/\\\/elixscent.com\\\/wp-content\\\/uploads\\\/elix_logo_1.0-_300.jpg\",\"width\":300,\"height\":257,\"caption\":\"ELIX air freshener manufacturer\"},\"image\":{\"@id\":\"https:\\\/\\\/elixscent.com\\\/#\\\/schema\\\/logo\\\/image\\\/\"},\"sameAs\":[\"https:\\\/\\\/www.linkedin.com\\\/company\\\/30084929\"]}]}<\/script>\n<!-- \/ Yoast SEO Premium plugin. -->","yoast_head_json":{"title":"Amarella Colavera W\u00e4scheparf\u00fcm PLUS | In-Wash Scent Booster","description":"Fl\u00fcssiger Duftverst\u00e4rker f\u00fcr die W\u00e4sche mit Colavera: Patchouli, Bergamotte und H\u00f6lzer. Macht den Stoff weicher, reduziert die statische Aufladung und erleichtert das B\u00fcgeln. Bis zu 50 W\u00e4schen","robots":{"index":"index","follow":"follow","max-snippet":"max-snippet:-1","max-image-preview":"max-image-preview:large","max-video-preview":"max-video-preview:-1"},"canonical":"https:\/\/elixscent.com\/de\/produkt\/amarella-500-colavera\/","og_locale":"de_DE","og_type":"article","og_title":"AMARELLA PLUS Colavera","og_description":"In-wash scent booster liquid with Colavera: patchouli, bergamot & woods. Softens fabric, reduces static and makes ironing easier. Up to 50 washes","og_url":"https:\/\/elixscent.com\/de\/produkt\/amarella-500-colavera\/","og_site_name":"ELiX EU air fresheners","article_modified_time":"2026-01-27T14:07:13+00:00","og_image":[{"width":210,"height":675,"url":"https:\/\/elixscent.com\/wp-content\/uploads\/WEBP_PNG_Amarella500_white_colavera_2.0.webp","type":"image\/webp"}],"twitter_card":"summary_large_image","twitter_misc":{"Gesch\u00e4tzte Lesezeit":"2\u00a0Minuten"},"schema":{"@context":"https:\/\/schema.org","@graph":[{"@type":"WebPage","@id":"https:\/\/elixscent.com\/product\/amarella-500-colavera\/","url":"https:\/\/elixscent.com\/product\/amarella-500-colavera\/","name":"Amarella Colavera W\u00e4scheparf\u00fcm PLUS | In-Wash Scent Booster","isPartOf":{"@id":"https:\/\/elixscent.com\/#website"},"primaryImageOfPage":{"@id":"https:\/\/elixscent.com\/product\/amarella-500-colavera\/#primaryimage"},"image":{"@id":"https:\/\/elixscent.com\/product\/amarella-500-colavera\/#primaryimage"},"thumbnailUrl":"https:\/\/elixscent.com\/wp-content\/uploads\/WEBP_PNG_Amarella500_white_colavera_2.0.webp","datePublished":"2024-12-05T08:51:12+00:00","dateModified":"2026-01-27T14:07:13+00:00","description":"Fl\u00fcssiger Duftverst\u00e4rker f\u00fcr die W\u00e4sche mit Colavera: Patchouli, Bergamotte und H\u00f6lzer. Macht den Stoff weicher, reduziert die statische Aufladung und erleichtert das B\u00fcgeln. Bis zu 50 W\u00e4schen","breadcrumb":{"@id":"https:\/\/elixscent.com\/product\/amarella-500-colavera\/#breadcrumb"},"inLanguage":"de","potentialAction":[{"@type":"ReadAction","target":["https:\/\/elixscent.com\/product\/amarella-500-colavera\/"]}]},{"@type":"ImageObject","inLanguage":"de","@id":"https:\/\/elixscent.com\/product\/amarella-500-colavera\/#primaryimage","url":"https:\/\/elixscent.com\/wp-content\/uploads\/WEBP_PNG_Amarella500_white_colavera_2.0.webp","contentUrl":"https:\/\/elixscent.com\/wp-content\/uploads\/WEBP_PNG_Amarella500_white_colavera_2.0.webp","width":210,"height":675,"caption":"laundry perfume plus"},{"@type":"BreadcrumbList","@id":"https:\/\/elixscent.com\/product\/amarella-500-colavera\/#breadcrumb","itemListElement":[{"@type":"ListItem","position":1,"name":"Home","item":"https:\/\/elixscent.com\/"},{"@type":"ListItem","position":2,"name":"Products","item":"https:\/\/elixscent.com\/product\/"},{"@type":"ListItem","position":3,"name":"AMARELLA scented laundry","item":"https:\/\/elixscent.com\/product-category\/amarella_2\/"},{"@type":"ListItem","position":4,"name":"AMARELLA PLUS Colavera"}]},{"@type":"WebSite","@id":"https:\/\/elixscent.com\/#website","url":"https:\/\/elixscent.com\/","name":"ELiX EU-Lufterfrischer","description":"Luft &amp; Stoff, perfekt frisch","publisher":{"@id":"https:\/\/elixscent.com\/#organization"},"potentialAction":[{"@type":"SearchAction","target":{"@type":"EntryPoint","urlTemplate":"https:\/\/elixscent.com\/?s={search_term_string}"},"query-input":{"@type":"PropertyValueSpecification","valueRequired":true,"valueName":"search_term_string"}}],"inLanguage":"de"},{"@type":"Organization","@id":"https:\/\/elixscent.com\/#organization","name":"ELIX Lufterfrischer Hersteller","url":"https:\/\/elixscent.com\/","logo":{"@type":"ImageObject","inLanguage":"de","@id":"https:\/\/elixscent.com\/#\/schema\/logo\/image\/","url":"https:\/\/elixscent.com\/wp-content\/uploads\/elix_logo_1.0-_300.jpg","contentUrl":"https:\/\/elixscent.com\/wp-content\/uploads\/elix_logo_1.0-_300.jpg","width":300,"height":257,"caption":"ELIX air freshener manufacturer"},"image":{"@id":"https:\/\/elixscent.com\/#\/schema\/logo\/image\/"},"sameAs":["https:\/\/www.linkedin.com\/company\/30084929"]}]}},"_links":{"self":[{"href":"https:\/\/elixscent.com\/de\/wp-json\/wp\/v2\/product\/54806","targetHints":{"allow":["GET"]}}],"collection":[{"href":"https:\/\/elixscent.com\/de\/wp-json\/wp\/v2\/product"}],"about":[{"href":"https:\/\/elixscent.com\/de\/wp-json\/wp\/v2\/types\/product"}],"version-history":[{"count":8,"href":"https:\/\/elixscent.com\/de\/wp-json\/wp\/v2\/product\/54806\/revisions"}],"predecessor-version":[{"id":60385,"href":"https:\/\/elixscent.com\/de\/wp-json\/wp\/v2\/product\/54806\/revisions\/60385"}],"wp:featuredmedia":[{"embeddable":true,"href":"https:\/\/elixscent.com\/de\/wp-json\/wp\/v2\/media\/60381"}],"wp:attachment":[{"href":"https:\/\/elixscent.com\/de\/wp-json\/wp\/v2\/media?parent=54806"}],"curies":[{"name":"wp","href":"https:\/\/api.w.org\/{rel}","templated":true}]}}