{"id":53778,"date":"2024-11-04T13:12:39","date_gmt":"2024-11-04T13:12:39","guid":{"rendered":"https:\/\/elixscent.com\/?post_type=product&#038;p=53778"},"modified":"2025-08-23T06:43:33","modified_gmt":"2025-08-23T06:43:33","slug":"faltenloser-75-amarella-vanwood","status":"publish","type":"product","link":"https:\/\/elixscent.com\/de\/product\/crease-releaser-75-amarella-vanwood\/","title":{"rendered":"Faltenl\u00f6ser 75 Amarella Vanwood"},"content":{"rendered":"<div class=\"relative p-1 rounded-sm flex items-center justify-center bg-token-main-surface-primary text-token-text-primary h-8 w-8\">\n<p><strong><em>KEINE B\u00dcGELL\u00d6SUNG!<br \/>\n<\/em><\/strong><\/p>\n<p><strong>KLEIN-PAKET<\/strong> f\u00fcr Ihre Bequemlichkeit, perfekt f\u00fcr Reisen<\/p>\n<p>Entdecken Sie die klassische Eleganz unseres Duftes: eine zeitlose Mischung, die Ihren Textilien einen frischen, raffinierten Duft verleiht. Perfekt f\u00fcr alle, die einen Hauch von Raffinesse in ihren Alltagsgegenst\u00e4nden sch\u00e4tzen.<\/p>\n<\/div>\n<div><\/div>\n<ul>\n<li><strong>gl\u00e4ttet Falten<\/strong><\/li>\n<li><strong>Geruchsbeseitigung <\/strong><\/li>\n<li><strong>zart duftend f\u00fcr Ihre Erfrischung<br \/>\n<\/strong><strong><br \/>\n<\/strong>Anweisung: Vor Gebrauch sch\u00fctteln. Den Stoff gleichm\u00e4\u00dfig auf die gesamte Oberfl\u00e4che spr\u00fchen, so dass er feucht ist. Stoff leicht gl\u00e4tten oder dehnen. Trocknen lassen. Vor der Anwendung an einer kleinen Stofffl\u00e4che testen.<\/li>\n<\/ul>\n<p><strong>Pr\u00fcfen Sie, wie es funktioniert: <a href=\"https:\/\/www.youtube.com\/watch?v=JEayzSW_y2s\">Elix Crease Releaser - wie man ihn anwendet<\/a><\/strong><\/p>","protected":false},"featured_media":53790,"parent":0,"menu_order":0,"template":"","class_list":["post-53778","product","type-product","status-publish","has-post-thumbnail","hentry","product_category-amarella_2","product_category-crease_releaser_75"],"acf":[],"yoast_head":"<!-- This site is optimized with the Yoast SEO Premium plugin v27.2 (Yoast SEO v27.4) - https:\/\/yoast.com\/product\/yoast-seo-premium-wordpress\/ -->\n<title>Crease Releaser: Add Elegance to Your Fabrics - ELiX EU air fresheners<\/title>\n<meta name=\"description\" content=\"Discover the classic elegance of our fragrance that gives a fresh, sophisticated aroma to your fabrics. Perfect for those who appreciate a touch of sophistication in everyday essentials.\" \/>\n<meta name=\"robots\" content=\"index, follow, max-snippet:-1, max-image-preview:large, max-video-preview:-1\" \/>\n<link rel=\"canonical\" href=\"https:\/\/elixscent.com\/de\/produkt\/faltenloser-75-amarella-vanwood\/\" \/>\n<meta property=\"og:locale\" content=\"de_DE\" \/>\n<meta property=\"og:type\" content=\"article\" \/>\n<meta property=\"og:title\" content=\"Crease Releaser 75 Amarella Vanwood\" \/>\n<meta property=\"og:description\" content=\"Discover the classic elegance of our fragrance that gives a fresh, sophisticated aroma to your fabrics. Perfect for those who appreciate a touch of sophistication in everyday essentials.\" \/>\n<meta property=\"og:url\" content=\"https:\/\/elixscent.com\/de\/produkt\/faltenloser-75-amarella-vanwood\/\" \/>\n<meta property=\"og:site_name\" content=\"ELiX EU air fresheners\" \/>\n<meta property=\"article:modified_time\" content=\"2025-08-23T06:43:33+00:00\" \/>\n<meta property=\"og:image\" content=\"https:\/\/elixscent.com\/wp-content\/uploads\/CR_vanwood_75_ENG_1.0.webp\" \/>\n\t<meta property=\"og:image:width\" content=\"1341\" \/>\n\t<meta property=\"og:image:height\" content=\"1341\" \/>\n\t<meta property=\"og:image:type\" content=\"image\/webp\" \/>\n<meta name=\"twitter:card\" content=\"summary_large_image\" \/>\n<meta name=\"twitter:label1\" content=\"Gesch\u00e4tzte Lesezeit\" \/>\n\t<meta name=\"twitter:data1\" content=\"1\u00a0Minute\" \/>\n<script type=\"application\/ld+json\" class=\"yoast-schema-graph\">{\"@context\":\"https:\\\/\\\/schema.org\",\"@graph\":[{\"@type\":\"WebPage\",\"@id\":\"https:\\\/\\\/elixscent.com\\\/product\\\/crease-releaser-75-amarella-vanwood\\\/\",\"url\":\"https:\\\/\\\/elixscent.com\\\/product\\\/crease-releaser-75-amarella-vanwood\\\/\",\"name\":\"Crease Releaser: Add Elegance to Your Fabrics - ELiX EU air fresheners\",\"isPartOf\":{\"@id\":\"https:\\\/\\\/elixscent.com\\\/#website\"},\"primaryImageOfPage\":{\"@id\":\"https:\\\/\\\/elixscent.com\\\/product\\\/crease-releaser-75-amarella-vanwood\\\/#primaryimage\"},\"image\":{\"@id\":\"https:\\\/\\\/elixscent.com\\\/product\\\/crease-releaser-75-amarella-vanwood\\\/#primaryimage\"},\"thumbnailUrl\":\"https:\\\/\\\/elixscent.com\\\/wp-content\\\/uploads\\\/CR_vanwood_75_ENG_1.0.webp\",\"datePublished\":\"2024-11-04T13:12:39+00:00\",\"dateModified\":\"2025-08-23T06:43:33+00:00\",\"description\":\"Discover the classic elegance of our fragrance that gives a fresh, sophisticated aroma to your fabrics. Perfect for those who appreciate a touch of sophistication in everyday essentials.\",\"breadcrumb\":{\"@id\":\"https:\\\/\\\/elixscent.com\\\/product\\\/crease-releaser-75-amarella-vanwood\\\/#breadcrumb\"},\"inLanguage\":\"de\",\"potentialAction\":[{\"@type\":\"ReadAction\",\"target\":[\"https:\\\/\\\/elixscent.com\\\/product\\\/crease-releaser-75-amarella-vanwood\\\/\"]}]},{\"@type\":\"ImageObject\",\"inLanguage\":\"de\",\"@id\":\"https:\\\/\\\/elixscent.com\\\/product\\\/crease-releaser-75-amarella-vanwood\\\/#primaryimage\",\"url\":\"https:\\\/\\\/elixscent.com\\\/wp-content\\\/uploads\\\/CR_vanwood_75_ENG_1.0.webp\",\"contentUrl\":\"https:\\\/\\\/elixscent.com\\\/wp-content\\\/uploads\\\/CR_vanwood_75_ENG_1.0.webp\",\"width\":1341,\"height\":1341,\"caption\":\"CR vanwood 75 ENG 1.0\"},{\"@type\":\"BreadcrumbList\",\"@id\":\"https:\\\/\\\/elixscent.com\\\/product\\\/crease-releaser-75-amarella-vanwood\\\/#breadcrumb\",\"itemListElement\":[{\"@type\":\"ListItem\",\"position\":1,\"name\":\"Home\",\"item\":\"https:\\\/\\\/elixscent.com\\\/\"},{\"@type\":\"ListItem\",\"position\":2,\"name\":\"Products\",\"item\":\"https:\\\/\\\/elixscent.com\\\/product\\\/\"},{\"@type\":\"ListItem\",\"position\":3,\"name\":\"AMARELLA scented laundry\",\"item\":\"https:\\\/\\\/elixscent.com\\\/product-category\\\/amarella_2\\\/\"},{\"@type\":\"ListItem\",\"position\":4,\"name\":\"Crease Releaser 75\",\"item\":\"https:\\\/\\\/elixscent.com\\\/product-category\\\/crease_releaser_75\\\/\"},{\"@type\":\"ListItem\",\"position\":5,\"name\":\"Crease Releaser 75 Amarella Vanwood\"}]},{\"@type\":\"WebSite\",\"@id\":\"https:\\\/\\\/elixscent.com\\\/#website\",\"url\":\"https:\\\/\\\/elixscent.com\\\/\",\"name\":\"ELiX EU air fresheners\",\"description\":\"Air &amp; Fabric, Perfectly Fresh\",\"publisher\":{\"@id\":\"https:\\\/\\\/elixscent.com\\\/#organization\"},\"potentialAction\":[{\"@type\":\"SearchAction\",\"target\":{\"@type\":\"EntryPoint\",\"urlTemplate\":\"https:\\\/\\\/elixscent.com\\\/?s={search_term_string}\"},\"query-input\":{\"@type\":\"PropertyValueSpecification\",\"valueRequired\":true,\"valueName\":\"search_term_string\"}}],\"inLanguage\":\"de\"},{\"@type\":\"Organization\",\"@id\":\"https:\\\/\\\/elixscent.com\\\/#organization\",\"name\":\"ELIX air freshener manufacturer\",\"url\":\"https:\\\/\\\/elixscent.com\\\/\",\"logo\":{\"@type\":\"ImageObject\",\"inLanguage\":\"de\",\"@id\":\"https:\\\/\\\/elixscent.com\\\/#\\\/schema\\\/logo\\\/image\\\/\",\"url\":\"https:\\\/\\\/elixscent.com\\\/wp-content\\\/uploads\\\/elix_logo_1.0-_300.jpg\",\"contentUrl\":\"https:\\\/\\\/elixscent.com\\\/wp-content\\\/uploads\\\/elix_logo_1.0-_300.jpg\",\"width\":300,\"height\":257,\"caption\":\"ELIX air freshener manufacturer\"},\"image\":{\"@id\":\"https:\\\/\\\/elixscent.com\\\/#\\\/schema\\\/logo\\\/image\\\/\"},\"sameAs\":[\"https:\\\/\\\/www.linkedin.com\\\/company\\\/30084929\"]}]}<\/script>\n<!-- \/ Yoast SEO Premium plugin. -->","yoast_head_json":{"title":"Faltenl\u00f6ser: Verleiht Ihren Stoffen Eleganz - ELiX EU Lufterfrischer","description":"Entdecken Sie die klassische Eleganz unseres Duftes, der Ihren Textilien ein frisches, raffiniertes Aroma verleiht. Perfekt f\u00fcr alle, die einen Hauch von Raffinesse in ihren Alltagsgegenst\u00e4nden sch\u00e4tzen.","robots":{"index":"index","follow":"follow","max-snippet":"max-snippet:-1","max-image-preview":"max-image-preview:large","max-video-preview":"max-video-preview:-1"},"canonical":"https:\/\/elixscent.com\/de\/produkt\/faltenloser-75-amarella-vanwood\/","og_locale":"de_DE","og_type":"article","og_title":"Crease Releaser 75 Amarella Vanwood","og_description":"Discover the classic elegance of our fragrance that gives a fresh, sophisticated aroma to your fabrics. Perfect for those who appreciate a touch of sophistication in everyday essentials.","og_url":"https:\/\/elixscent.com\/de\/produkt\/faltenloser-75-amarella-vanwood\/","og_site_name":"ELiX EU air fresheners","article_modified_time":"2025-08-23T06:43:33+00:00","og_image":[{"width":1341,"height":1341,"url":"https:\/\/elixscent.com\/wp-content\/uploads\/CR_vanwood_75_ENG_1.0.webp","type":"image\/webp"}],"twitter_card":"summary_large_image","twitter_misc":{"Gesch\u00e4tzte Lesezeit":"1\u00a0Minute"},"schema":{"@context":"https:\/\/schema.org","@graph":[{"@type":"WebPage","@id":"https:\/\/elixscent.com\/product\/crease-releaser-75-amarella-vanwood\/","url":"https:\/\/elixscent.com\/product\/crease-releaser-75-amarella-vanwood\/","name":"Faltenl\u00f6ser: Verleiht Ihren Stoffen Eleganz - ELiX EU Lufterfrischer","isPartOf":{"@id":"https:\/\/elixscent.com\/#website"},"primaryImageOfPage":{"@id":"https:\/\/elixscent.com\/product\/crease-releaser-75-amarella-vanwood\/#primaryimage"},"image":{"@id":"https:\/\/elixscent.com\/product\/crease-releaser-75-amarella-vanwood\/#primaryimage"},"thumbnailUrl":"https:\/\/elixscent.com\/wp-content\/uploads\/CR_vanwood_75_ENG_1.0.webp","datePublished":"2024-11-04T13:12:39+00:00","dateModified":"2025-08-23T06:43:33+00:00","description":"Entdecken Sie die klassische Eleganz unseres Duftes, der Ihren Textilien ein frisches, raffiniertes Aroma verleiht. Perfekt f\u00fcr alle, die einen Hauch von Raffinesse in ihren Alltagsgegenst\u00e4nden sch\u00e4tzen.","breadcrumb":{"@id":"https:\/\/elixscent.com\/product\/crease-releaser-75-amarella-vanwood\/#breadcrumb"},"inLanguage":"de","potentialAction":[{"@type":"ReadAction","target":["https:\/\/elixscent.com\/product\/crease-releaser-75-amarella-vanwood\/"]}]},{"@type":"ImageObject","inLanguage":"de","@id":"https:\/\/elixscent.com\/product\/crease-releaser-75-amarella-vanwood\/#primaryimage","url":"https:\/\/elixscent.com\/wp-content\/uploads\/CR_vanwood_75_ENG_1.0.webp","contentUrl":"https:\/\/elixscent.com\/wp-content\/uploads\/CR_vanwood_75_ENG_1.0.webp","width":1341,"height":1341,"caption":"CR vanwood 75 ENG 1.0"},{"@type":"BreadcrumbList","@id":"https:\/\/elixscent.com\/product\/crease-releaser-75-amarella-vanwood\/#breadcrumb","itemListElement":[{"@type":"ListItem","position":1,"name":"Home","item":"https:\/\/elixscent.com\/"},{"@type":"ListItem","position":2,"name":"Products","item":"https:\/\/elixscent.com\/product\/"},{"@type":"ListItem","position":3,"name":"AMARELLA scented laundry","item":"https:\/\/elixscent.com\/product-category\/amarella_2\/"},{"@type":"ListItem","position":4,"name":"Crease Releaser 75","item":"https:\/\/elixscent.com\/product-category\/crease_releaser_75\/"},{"@type":"ListItem","position":5,"name":"Crease Releaser 75 Amarella Vanwood"}]},{"@type":"WebSite","@id":"https:\/\/elixscent.com\/#website","url":"https:\/\/elixscent.com\/","name":"ELiX EU-Lufterfrischer","description":"Luft &amp; Stoff, perfekt frisch","publisher":{"@id":"https:\/\/elixscent.com\/#organization"},"potentialAction":[{"@type":"SearchAction","target":{"@type":"EntryPoint","urlTemplate":"https:\/\/elixscent.com\/?s={search_term_string}"},"query-input":{"@type":"PropertyValueSpecification","valueRequired":true,"valueName":"search_term_string"}}],"inLanguage":"de"},{"@type":"Organization","@id":"https:\/\/elixscent.com\/#organization","name":"ELIX Lufterfrischer Hersteller","url":"https:\/\/elixscent.com\/","logo":{"@type":"ImageObject","inLanguage":"de","@id":"https:\/\/elixscent.com\/#\/schema\/logo\/image\/","url":"https:\/\/elixscent.com\/wp-content\/uploads\/elix_logo_1.0-_300.jpg","contentUrl":"https:\/\/elixscent.com\/wp-content\/uploads\/elix_logo_1.0-_300.jpg","width":300,"height":257,"caption":"ELIX air freshener manufacturer"},"image":{"@id":"https:\/\/elixscent.com\/#\/schema\/logo\/image\/"},"sameAs":["https:\/\/www.linkedin.com\/company\/30084929"]}]}},"_links":{"self":[{"href":"https:\/\/elixscent.com\/de\/wp-json\/wp\/v2\/product\/53778","targetHints":{"allow":["GET"]}}],"collection":[{"href":"https:\/\/elixscent.com\/de\/wp-json\/wp\/v2\/product"}],"about":[{"href":"https:\/\/elixscent.com\/de\/wp-json\/wp\/v2\/types\/product"}],"version-history":[{"count":7,"href":"https:\/\/elixscent.com\/de\/wp-json\/wp\/v2\/product\/53778\/revisions"}],"predecessor-version":[{"id":58880,"href":"https:\/\/elixscent.com\/de\/wp-json\/wp\/v2\/product\/53778\/revisions\/58880"}],"wp:featuredmedia":[{"embeddable":true,"href":"https:\/\/elixscent.com\/de\/wp-json\/wp\/v2\/media\/53790"}],"wp:attachment":[{"href":"https:\/\/elixscent.com\/de\/wp-json\/wp\/v2\/media?parent=53778"}],"curies":[{"name":"wp","href":"https:\/\/api.w.org\/{rel}","templated":true}]}}