{"id":53617,"date":"2024-10-22T10:06:25","date_gmt":"2024-10-22T10:06:25","guid":{"rendered":"https:\/\/elixscent.com\/?post_type=product&#038;p=53617"},"modified":"2025-06-16T13:04:31","modified_gmt":"2025-06-16T13:04:31","slug":"eau-de-parfum-siamorita-fur-sie","status":"publish","type":"product","link":"https:\/\/elixscent.com\/de\/product\/eau-de-parfum-siamorita-for-her\/","title":{"rendered":"Eau de Parfum Siamorita (f\u00fcr sie)"},"content":{"rendered":"<blockquote><p><span id=\"span-23-132\" class=\"ct-span oxy-stock-content-styles\"><em>Wenn Sie kaufen m\u00f6chten, besuchen Sie bitte unseren Shop:<\/em> <a class=\"_ps2id\" href=\"https:\/\/airfresh24.com\/products\/shop\/eau-de-parfum-handy-perfumes\/\" data-ps2id-offset=\"\"><strong>www.airfresh24.com<\/strong><\/a><\/span><\/p>\n<p>&nbsp;<\/p><\/blockquote>\n<p>Eine zarte und doch raffinierte Umarmung, die Romantik und Anmut ausstrahlt, dank einer tiefen Basis, in der sich die cremige S\u00fc\u00dfe der Vanille und der k\u00f6stliche Pfirsich vereinen, um das Gewicht von Patchouli und Moschus auszugleichen.<\/p>","protected":false},"featured_media":53610,"parent":0,"menu_order":0,"template":"","class_list":["post-53617","product","type-product","status-publish","has-post-thumbnail","hentry","product_category-parfum-10ml"],"acf":[],"yoast_head":"<!-- This site is optimized with the Yoast SEO Premium plugin v27.4 (Yoast SEO v27.5) - https:\/\/yoast.com\/product\/yoast-seo-premium-wordpress\/ -->\n<title>Eau de Parfum Siamorita (for her) 10ml | ELiX Scent<\/title>\n<meta name=\"description\" content=\"Siamorita blends peach, rose, and vanilla in a romantic 10ml perfume \u2013 compact, elegant, and perfect for on-the-go fragrance all day.\" \/>\n<meta name=\"robots\" content=\"index, follow, max-snippet:-1, max-image-preview:large, max-video-preview:-1\" \/>\n<link rel=\"canonical\" href=\"https:\/\/elixscent.com\/de\/produkt\/eau-de-parfum-siamorita-fur-sie\/\" \/>\n<meta property=\"og:locale\" content=\"de_DE\" \/>\n<meta property=\"og:type\" content=\"article\" \/>\n<meta property=\"og:title\" content=\"Eau de Parfum Siamorita (for her)\" \/>\n<meta property=\"og:description\" content=\"Siamorita blends peach, rose, and vanilla in a romantic 10ml perfume \u2013 compact, elegant, and perfect for on-the-go fragrance all day.\" \/>\n<meta property=\"og:url\" content=\"https:\/\/elixscent.com\/de\/produkt\/eau-de-parfum-siamorita-fur-sie\/\" \/>\n<meta property=\"og:site_name\" content=\"ELiX EU air fresheners\" \/>\n<meta property=\"article:modified_time\" content=\"2025-06-16T13:04:31+00:00\" \/>\n<meta property=\"og:image\" content=\"https:\/\/elixscent.com\/wp-content\/uploads\/10ml_perfume_siamorita_1.0-scaled.webp\" \/>\n\t<meta property=\"og:image:width\" content=\"2560\" \/>\n\t<meta property=\"og:image:height\" content=\"2560\" \/>\n\t<meta property=\"og:image:type\" content=\"image\/webp\" \/>\n<meta name=\"twitter:card\" content=\"summary_large_image\" \/>\n<meta name=\"twitter:label1\" content=\"Gesch\u00e4tzte Lesezeit\" \/>\n\t<meta name=\"twitter:data1\" content=\"1\u00a0Minute\" \/>\n<script type=\"application\/ld+json\" class=\"yoast-schema-graph\">{\"@context\":\"https:\\\/\\\/schema.org\",\"@graph\":[{\"@type\":\"WebPage\",\"@id\":\"https:\\\/\\\/elixscent.com\\\/product\\\/eau-de-parfum-siamorita-for-her\\\/\",\"url\":\"https:\\\/\\\/elixscent.com\\\/product\\\/eau-de-parfum-siamorita-for-her\\\/\",\"name\":\"Eau de Parfum Siamorita (for her) 10ml | ELiX Scent\",\"isPartOf\":{\"@id\":\"https:\\\/\\\/elixscent.com\\\/#website\"},\"primaryImageOfPage\":{\"@id\":\"https:\\\/\\\/elixscent.com\\\/product\\\/eau-de-parfum-siamorita-for-her\\\/#primaryimage\"},\"image\":{\"@id\":\"https:\\\/\\\/elixscent.com\\\/product\\\/eau-de-parfum-siamorita-for-her\\\/#primaryimage\"},\"thumbnailUrl\":\"https:\\\/\\\/elixscent.com\\\/wp-content\\\/uploads\\\/10ml_perfume_siamorita_1.0-scaled.webp\",\"datePublished\":\"2024-10-22T10:06:25+00:00\",\"dateModified\":\"2025-06-16T13:04:31+00:00\",\"description\":\"Siamorita blends peach, rose, and vanilla in a romantic 10ml perfume \u2013 compact, elegant, and perfect for on-the-go fragrance all day.\",\"breadcrumb\":{\"@id\":\"https:\\\/\\\/elixscent.com\\\/product\\\/eau-de-parfum-siamorita-for-her\\\/#breadcrumb\"},\"inLanguage\":\"de\",\"potentialAction\":[{\"@type\":\"ReadAction\",\"target\":[\"https:\\\/\\\/elixscent.com\\\/product\\\/eau-de-parfum-siamorita-for-her\\\/\"]}]},{\"@type\":\"ImageObject\",\"inLanguage\":\"de\",\"@id\":\"https:\\\/\\\/elixscent.com\\\/product\\\/eau-de-parfum-siamorita-for-her\\\/#primaryimage\",\"url\":\"https:\\\/\\\/elixscent.com\\\/wp-content\\\/uploads\\\/10ml_perfume_siamorita_1.0-scaled.webp\",\"contentUrl\":\"https:\\\/\\\/elixscent.com\\\/wp-content\\\/uploads\\\/10ml_perfume_siamorita_1.0-scaled.webp\",\"width\":2560,\"height\":2560,\"caption\":\"10ml perfume siamorita 1.0 scaled\"},{\"@type\":\"BreadcrumbList\",\"@id\":\"https:\\\/\\\/elixscent.com\\\/product\\\/eau-de-parfum-siamorita-for-her\\\/#breadcrumb\",\"itemListElement\":[{\"@type\":\"ListItem\",\"position\":1,\"name\":\"Home\",\"item\":\"https:\\\/\\\/elixscent.com\\\/\"},{\"@type\":\"ListItem\",\"position\":2,\"name\":\"Products\",\"item\":\"https:\\\/\\\/elixscent.com\\\/product\\\/\"},{\"@type\":\"ListItem\",\"position\":3,\"name\":\"Perfumery-Inspired\",\"item\":\"https:\\\/\\\/elixscent.com\\\/product-category\\\/perfumery_inspired\\\/\"},{\"@type\":\"ListItem\",\"position\":4,\"name\":\"PERFUME on-the-go 10ml\",\"item\":\"https:\\\/\\\/elixscent.com\\\/product-category\\\/parfum-10ml\\\/\"},{\"@type\":\"ListItem\",\"position\":5,\"name\":\"Eau de Parfum Siamorita (for her)\"}]},{\"@type\":\"WebSite\",\"@id\":\"https:\\\/\\\/elixscent.com\\\/#website\",\"url\":\"https:\\\/\\\/elixscent.com\\\/\",\"name\":\"ELiX EU air fresheners\",\"description\":\"Air &amp; Fabric, Perfectly Fresh\",\"publisher\":{\"@id\":\"https:\\\/\\\/elixscent.com\\\/#organization\"},\"potentialAction\":[{\"@type\":\"SearchAction\",\"target\":{\"@type\":\"EntryPoint\",\"urlTemplate\":\"https:\\\/\\\/elixscent.com\\\/?s={search_term_string}\"},\"query-input\":{\"@type\":\"PropertyValueSpecification\",\"valueRequired\":true,\"valueName\":\"search_term_string\"}}],\"inLanguage\":\"de\"},{\"@type\":\"Organization\",\"@id\":\"https:\\\/\\\/elixscent.com\\\/#organization\",\"name\":\"ELIX air freshener manufacturer\",\"url\":\"https:\\\/\\\/elixscent.com\\\/\",\"logo\":{\"@type\":\"ImageObject\",\"inLanguage\":\"de\",\"@id\":\"https:\\\/\\\/elixscent.com\\\/#\\\/schema\\\/logo\\\/image\\\/\",\"url\":\"https:\\\/\\\/elixscent.com\\\/wp-content\\\/uploads\\\/elix_logo_1.0-_300.jpg\",\"contentUrl\":\"https:\\\/\\\/elixscent.com\\\/wp-content\\\/uploads\\\/elix_logo_1.0-_300.jpg\",\"width\":300,\"height\":257,\"caption\":\"ELIX air freshener manufacturer\"},\"image\":{\"@id\":\"https:\\\/\\\/elixscent.com\\\/#\\\/schema\\\/logo\\\/image\\\/\"},\"sameAs\":[\"https:\\\/\\\/www.linkedin.com\\\/company\\\/30084929\"]}]}<\/script>\n<!-- \/ Yoast SEO Premium plugin. -->","yoast_head_json":{"title":"Eau de Parfum Siamorita (f\u00fcr sie) 10ml | ELiX Scent","description":"Siamorita ist eine Mischung aus Pfirsich, Rose und Vanille in einem romantischen 10-ml-Parf\u00fcm - kompakt, elegant und perfekt, um den ganzen Tag unterwegs zu sein.","robots":{"index":"index","follow":"follow","max-snippet":"max-snippet:-1","max-image-preview":"max-image-preview:large","max-video-preview":"max-video-preview:-1"},"canonical":"https:\/\/elixscent.com\/de\/produkt\/eau-de-parfum-siamorita-fur-sie\/","og_locale":"de_DE","og_type":"article","og_title":"Eau de Parfum Siamorita (for her)","og_description":"Siamorita blends peach, rose, and vanilla in a romantic 10ml perfume \u2013 compact, elegant, and perfect for on-the-go fragrance all day.","og_url":"https:\/\/elixscent.com\/de\/produkt\/eau-de-parfum-siamorita-fur-sie\/","og_site_name":"ELiX EU air fresheners","article_modified_time":"2025-06-16T13:04:31+00:00","og_image":[{"width":2560,"height":2560,"url":"https:\/\/elixscent.com\/wp-content\/uploads\/10ml_perfume_siamorita_1.0-scaled.webp","type":"image\/webp"}],"twitter_card":"summary_large_image","twitter_misc":{"Gesch\u00e4tzte Lesezeit":"1\u00a0Minute"},"schema":{"@context":"https:\/\/schema.org","@graph":[{"@type":"WebPage","@id":"https:\/\/elixscent.com\/product\/eau-de-parfum-siamorita-for-her\/","url":"https:\/\/elixscent.com\/product\/eau-de-parfum-siamorita-for-her\/","name":"Eau de Parfum Siamorita (f\u00fcr sie) 10ml | ELiX Scent","isPartOf":{"@id":"https:\/\/elixscent.com\/#website"},"primaryImageOfPage":{"@id":"https:\/\/elixscent.com\/product\/eau-de-parfum-siamorita-for-her\/#primaryimage"},"image":{"@id":"https:\/\/elixscent.com\/product\/eau-de-parfum-siamorita-for-her\/#primaryimage"},"thumbnailUrl":"https:\/\/elixscent.com\/wp-content\/uploads\/10ml_perfume_siamorita_1.0-scaled.webp","datePublished":"2024-10-22T10:06:25+00:00","dateModified":"2025-06-16T13:04:31+00:00","description":"Siamorita ist eine Mischung aus Pfirsich, Rose und Vanille in einem romantischen 10-ml-Parf\u00fcm - kompakt, elegant und perfekt, um den ganzen Tag unterwegs zu sein.","breadcrumb":{"@id":"https:\/\/elixscent.com\/product\/eau-de-parfum-siamorita-for-her\/#breadcrumb"},"inLanguage":"de","potentialAction":[{"@type":"ReadAction","target":["https:\/\/elixscent.com\/product\/eau-de-parfum-siamorita-for-her\/"]}]},{"@type":"ImageObject","inLanguage":"de","@id":"https:\/\/elixscent.com\/product\/eau-de-parfum-siamorita-for-her\/#primaryimage","url":"https:\/\/elixscent.com\/wp-content\/uploads\/10ml_perfume_siamorita_1.0-scaled.webp","contentUrl":"https:\/\/elixscent.com\/wp-content\/uploads\/10ml_perfume_siamorita_1.0-scaled.webp","width":2560,"height":2560,"caption":"10ml perfume siamorita 1.0 scaled"},{"@type":"BreadcrumbList","@id":"https:\/\/elixscent.com\/product\/eau-de-parfum-siamorita-for-her\/#breadcrumb","itemListElement":[{"@type":"ListItem","position":1,"name":"Home","item":"https:\/\/elixscent.com\/"},{"@type":"ListItem","position":2,"name":"Products","item":"https:\/\/elixscent.com\/product\/"},{"@type":"ListItem","position":3,"name":"Perfumery-Inspired","item":"https:\/\/elixscent.com\/product-category\/perfumery_inspired\/"},{"@type":"ListItem","position":4,"name":"PERFUME on-the-go 10ml","item":"https:\/\/elixscent.com\/product-category\/parfum-10ml\/"},{"@type":"ListItem","position":5,"name":"Eau de Parfum Siamorita (for her)"}]},{"@type":"WebSite","@id":"https:\/\/elixscent.com\/#website","url":"https:\/\/elixscent.com\/","name":"ELiX EU-Lufterfrischer","description":"Luft &amp; Stoff, perfekt frisch","publisher":{"@id":"https:\/\/elixscent.com\/#organization"},"potentialAction":[{"@type":"SearchAction","target":{"@type":"EntryPoint","urlTemplate":"https:\/\/elixscent.com\/?s={search_term_string}"},"query-input":{"@type":"PropertyValueSpecification","valueRequired":true,"valueName":"search_term_string"}}],"inLanguage":"de"},{"@type":"Organization","@id":"https:\/\/elixscent.com\/#organization","name":"ELIX Lufterfrischer Hersteller","url":"https:\/\/elixscent.com\/","logo":{"@type":"ImageObject","inLanguage":"de","@id":"https:\/\/elixscent.com\/#\/schema\/logo\/image\/","url":"https:\/\/elixscent.com\/wp-content\/uploads\/elix_logo_1.0-_300.jpg","contentUrl":"https:\/\/elixscent.com\/wp-content\/uploads\/elix_logo_1.0-_300.jpg","width":300,"height":257,"caption":"ELIX air freshener manufacturer"},"image":{"@id":"https:\/\/elixscent.com\/#\/schema\/logo\/image\/"},"sameAs":["https:\/\/www.linkedin.com\/company\/30084929"]}]}},"_links":{"self":[{"href":"https:\/\/elixscent.com\/de\/wp-json\/wp\/v2\/product\/53617","targetHints":{"allow":["GET"]}}],"collection":[{"href":"https:\/\/elixscent.com\/de\/wp-json\/wp\/v2\/product"}],"about":[{"href":"https:\/\/elixscent.com\/de\/wp-json\/wp\/v2\/types\/product"}],"version-history":[{"count":6,"href":"https:\/\/elixscent.com\/de\/wp-json\/wp\/v2\/product\/53617\/revisions"}],"predecessor-version":[{"id":54114,"href":"https:\/\/elixscent.com\/de\/wp-json\/wp\/v2\/product\/53617\/revisions\/54114"}],"wp:featuredmedia":[{"embeddable":true,"href":"https:\/\/elixscent.com\/de\/wp-json\/wp\/v2\/media\/53610"}],"wp:attachment":[{"href":"https:\/\/elixscent.com\/de\/wp-json\/wp\/v2\/media?parent=53617"}],"curies":[{"name":"wp","href":"https:\/\/api.w.org\/{rel}","templated":true}]}}