{"id":51379,"date":"2024-07-10T11:02:12","date_gmt":"2024-07-10T11:02:12","guid":{"rendered":"https:\/\/elixscent.com\/?post_type=product&#038;p=51379"},"modified":"2024-10-15T10:47:40","modified_gmt":"2024-10-15T10:47:40","slug":"kaffee-karamell","status":"publish","type":"product","link":"https:\/\/elixscent.com\/de\/product\/coffee-caramel\/","title":{"rendered":"Parf\u00fcm\u00f6l Kaffee - Karamell"},"content":{"rendered":"<p>Coffee Caramel Fragrance Oil, eine dekadente Mischung, die das unwiderstehliche Aroma von frisch gebr\u00fchtem Kaffee mit cremigem Karamell einf\u00e4ngt. Dieses k\u00f6stliche Duft\u00f6l vereint die reichen Noten von ger\u00f6steten Kaffeebohnen mit der s\u00fc\u00dfen, buttrigen Essenz von Karamell.<\/p>\n<p><span id=\"span-23-132\" class=\"ct-span oxy-stock-content-styles\"><em>&gt;&gt; Wenn Sie kaufen m\u00f6chten, besuchen Sie bitte unseren Shop:<\/em> <a class=\"_ps2id\" href=\"https:\/\/airfresh24.com\/product-category\/fragrance_oil\/\" data-ps2id-offset=\"\"><strong>www.airfresh24.com<\/strong><\/a><\/span><\/p>","protected":false},"featured_media":51380,"parent":0,"menu_order":0,"template":"","class_list":["post-51379","product","type-product","status-publish","has-post-thumbnail","hentry","product_category-essential-oils"],"acf":[],"yoast_head":"<!-- This site is optimized with the Yoast SEO Premium plugin v27.2 (Yoast SEO v27.4) - https:\/\/yoast.com\/product\/yoast-seo-premium-wordpress\/ -->\n<title>Fragrance Oil: The Aroma of Coffee and Caramel<\/title>\n<meta name=\"description\" content=\"Discover the fragrant richness of fragrance oils. Introducing a coffee and caramel fragrance oil that combines fresh, roasted coffee beans with the sweet, buttery aroma of caramel.\" \/>\n<meta name=\"robots\" content=\"index, follow, max-snippet:-1, max-image-preview:large, max-video-preview:-1\" \/>\n<link rel=\"canonical\" href=\"https:\/\/elixscent.com\/de\/produkt\/kaffee-karamell\/\" \/>\n<meta property=\"og:locale\" content=\"de_DE\" \/>\n<meta property=\"og:type\" content=\"article\" \/>\n<meta property=\"og:title\" content=\"Fragrance Oil Coffee - Caramel\" \/>\n<meta property=\"og:description\" content=\"Discover the fragrant richness of fragrance oils. Introducing a coffee and caramel fragrance oil that combines fresh, roasted coffee beans with the sweet, buttery aroma of caramel.\" \/>\n<meta property=\"og:url\" content=\"https:\/\/elixscent.com\/de\/produkt\/kaffee-karamell\/\" \/>\n<meta property=\"og:site_name\" content=\"ELiX EU air fresheners\" \/>\n<meta property=\"article:modified_time\" content=\"2024-10-15T10:47:40+00:00\" \/>\n<meta property=\"og:image\" content=\"https:\/\/elixscent.com\/wp-content\/uploads\/50ml_COFFEECARAMEL_1.0.webp\" \/>\n\t<meta property=\"og:image:width\" content=\"2048\" \/>\n\t<meta property=\"og:image:height\" content=\"2048\" \/>\n\t<meta property=\"og:image:type\" content=\"image\/webp\" \/>\n<meta name=\"twitter:card\" content=\"summary_large_image\" \/>\n<meta name=\"twitter:label1\" content=\"Gesch\u00e4tzte Lesezeit\" \/>\n\t<meta name=\"twitter:data1\" content=\"1\u00a0Minute\" \/>\n<script type=\"application\/ld+json\" class=\"yoast-schema-graph\">{\"@context\":\"https:\\\/\\\/schema.org\",\"@graph\":[{\"@type\":\"WebPage\",\"@id\":\"https:\\\/\\\/elixscent.com\\\/product\\\/coffee-caramel\\\/\",\"url\":\"https:\\\/\\\/elixscent.com\\\/product\\\/coffee-caramel\\\/\",\"name\":\"Fragrance Oil: The Aroma of Coffee and Caramel\",\"isPartOf\":{\"@id\":\"https:\\\/\\\/elixscent.com\\\/#website\"},\"primaryImageOfPage\":{\"@id\":\"https:\\\/\\\/elixscent.com\\\/product\\\/coffee-caramel\\\/#primaryimage\"},\"image\":{\"@id\":\"https:\\\/\\\/elixscent.com\\\/product\\\/coffee-caramel\\\/#primaryimage\"},\"thumbnailUrl\":\"https:\\\/\\\/elixscent.com\\\/wp-content\\\/uploads\\\/50ml_COFFEECARAMEL_1.0.webp\",\"datePublished\":\"2024-07-10T11:02:12+00:00\",\"dateModified\":\"2024-10-15T10:47:40+00:00\",\"description\":\"Discover the fragrant richness of fragrance oils. Introducing a coffee and caramel fragrance oil that combines fresh, roasted coffee beans with the sweet, buttery aroma of caramel.\",\"breadcrumb\":{\"@id\":\"https:\\\/\\\/elixscent.com\\\/product\\\/coffee-caramel\\\/#breadcrumb\"},\"inLanguage\":\"de\",\"potentialAction\":[{\"@type\":\"ReadAction\",\"target\":[\"https:\\\/\\\/elixscent.com\\\/product\\\/coffee-caramel\\\/\"]}]},{\"@type\":\"ImageObject\",\"inLanguage\":\"de\",\"@id\":\"https:\\\/\\\/elixscent.com\\\/product\\\/coffee-caramel\\\/#primaryimage\",\"url\":\"https:\\\/\\\/elixscent.com\\\/wp-content\\\/uploads\\\/50ml_COFFEECARAMEL_1.0.webp\",\"contentUrl\":\"https:\\\/\\\/elixscent.com\\\/wp-content\\\/uploads\\\/50ml_COFFEECARAMEL_1.0.webp\",\"width\":2048,\"height\":2048,\"caption\":\"50ml COFFEECARAMEL 1.0\"},{\"@type\":\"BreadcrumbList\",\"@id\":\"https:\\\/\\\/elixscent.com\\\/product\\\/coffee-caramel\\\/#breadcrumb\",\"itemListElement\":[{\"@type\":\"ListItem\",\"position\":1,\"name\":\"Home\",\"item\":\"https:\\\/\\\/elixscent.com\\\/\"},{\"@type\":\"ListItem\",\"position\":2,\"name\":\"Products\",\"item\":\"https:\\\/\\\/elixscent.com\\\/product\\\/\"},{\"@type\":\"ListItem\",\"position\":3,\"name\":\"ESSENTIAL OIL\",\"item\":\"https:\\\/\\\/elixscent.com\\\/product-category\\\/essential-oils\\\/\"},{\"@type\":\"ListItem\",\"position\":4,\"name\":\"Fragrance Oil Coffee - Caramel\"}]},{\"@type\":\"WebSite\",\"@id\":\"https:\\\/\\\/elixscent.com\\\/#website\",\"url\":\"https:\\\/\\\/elixscent.com\\\/\",\"name\":\"ELiX EU air fresheners\",\"description\":\"Air &amp; Fabric, Perfectly Fresh\",\"publisher\":{\"@id\":\"https:\\\/\\\/elixscent.com\\\/#organization\"},\"potentialAction\":[{\"@type\":\"SearchAction\",\"target\":{\"@type\":\"EntryPoint\",\"urlTemplate\":\"https:\\\/\\\/elixscent.com\\\/?s={search_term_string}\"},\"query-input\":{\"@type\":\"PropertyValueSpecification\",\"valueRequired\":true,\"valueName\":\"search_term_string\"}}],\"inLanguage\":\"de\"},{\"@type\":\"Organization\",\"@id\":\"https:\\\/\\\/elixscent.com\\\/#organization\",\"name\":\"ELIX air freshener manufacturer\",\"url\":\"https:\\\/\\\/elixscent.com\\\/\",\"logo\":{\"@type\":\"ImageObject\",\"inLanguage\":\"de\",\"@id\":\"https:\\\/\\\/elixscent.com\\\/#\\\/schema\\\/logo\\\/image\\\/\",\"url\":\"https:\\\/\\\/elixscent.com\\\/wp-content\\\/uploads\\\/elix_logo_1.0-_300.jpg\",\"contentUrl\":\"https:\\\/\\\/elixscent.com\\\/wp-content\\\/uploads\\\/elix_logo_1.0-_300.jpg\",\"width\":300,\"height\":257,\"caption\":\"ELIX air freshener manufacturer\"},\"image\":{\"@id\":\"https:\\\/\\\/elixscent.com\\\/#\\\/schema\\\/logo\\\/image\\\/\"},\"sameAs\":[\"https:\\\/\\\/www.linkedin.com\\\/company\\\/30084929\"]}]}<\/script>\n<!-- \/ Yoast SEO Premium plugin. -->","yoast_head_json":{"title":"Parf\u00fcm\u00f6l: Das Aroma von Kaffee und Karamell","description":"Entdecken Sie den duftenden Reichtum von Duft\u00f6len. Wir stellen Ihnen ein Kaffee-Karamell-Duft\u00f6l vor, das frische, ger\u00f6stete Kaffeebohnen mit dem s\u00fc\u00dfen, buttrigen Aroma von Karamell kombiniert.","robots":{"index":"index","follow":"follow","max-snippet":"max-snippet:-1","max-image-preview":"max-image-preview:large","max-video-preview":"max-video-preview:-1"},"canonical":"https:\/\/elixscent.com\/de\/produkt\/kaffee-karamell\/","og_locale":"de_DE","og_type":"article","og_title":"Fragrance Oil Coffee - Caramel","og_description":"Discover the fragrant richness of fragrance oils. Introducing a coffee and caramel fragrance oil that combines fresh, roasted coffee beans with the sweet, buttery aroma of caramel.","og_url":"https:\/\/elixscent.com\/de\/produkt\/kaffee-karamell\/","og_site_name":"ELiX EU air fresheners","article_modified_time":"2024-10-15T10:47:40+00:00","og_image":[{"width":2048,"height":2048,"url":"https:\/\/elixscent.com\/wp-content\/uploads\/50ml_COFFEECARAMEL_1.0.webp","type":"image\/webp"}],"twitter_card":"summary_large_image","twitter_misc":{"Gesch\u00e4tzte Lesezeit":"1\u00a0Minute"},"schema":{"@context":"https:\/\/schema.org","@graph":[{"@type":"WebPage","@id":"https:\/\/elixscent.com\/product\/coffee-caramel\/","url":"https:\/\/elixscent.com\/product\/coffee-caramel\/","name":"Parf\u00fcm\u00f6l: Das Aroma von Kaffee und Karamell","isPartOf":{"@id":"https:\/\/elixscent.com\/#website"},"primaryImageOfPage":{"@id":"https:\/\/elixscent.com\/product\/coffee-caramel\/#primaryimage"},"image":{"@id":"https:\/\/elixscent.com\/product\/coffee-caramel\/#primaryimage"},"thumbnailUrl":"https:\/\/elixscent.com\/wp-content\/uploads\/50ml_COFFEECARAMEL_1.0.webp","datePublished":"2024-07-10T11:02:12+00:00","dateModified":"2024-10-15T10:47:40+00:00","description":"Entdecken Sie den duftenden Reichtum von Duft\u00f6len. Wir stellen Ihnen ein Kaffee-Karamell-Duft\u00f6l vor, das frische, ger\u00f6stete Kaffeebohnen mit dem s\u00fc\u00dfen, buttrigen Aroma von Karamell kombiniert.","breadcrumb":{"@id":"https:\/\/elixscent.com\/product\/coffee-caramel\/#breadcrumb"},"inLanguage":"de","potentialAction":[{"@type":"ReadAction","target":["https:\/\/elixscent.com\/product\/coffee-caramel\/"]}]},{"@type":"ImageObject","inLanguage":"de","@id":"https:\/\/elixscent.com\/product\/coffee-caramel\/#primaryimage","url":"https:\/\/elixscent.com\/wp-content\/uploads\/50ml_COFFEECARAMEL_1.0.webp","contentUrl":"https:\/\/elixscent.com\/wp-content\/uploads\/50ml_COFFEECARAMEL_1.0.webp","width":2048,"height":2048,"caption":"50ml COFFEECARAMEL 1.0"},{"@type":"BreadcrumbList","@id":"https:\/\/elixscent.com\/product\/coffee-caramel\/#breadcrumb","itemListElement":[{"@type":"ListItem","position":1,"name":"Home","item":"https:\/\/elixscent.com\/"},{"@type":"ListItem","position":2,"name":"Products","item":"https:\/\/elixscent.com\/product\/"},{"@type":"ListItem","position":3,"name":"ESSENTIAL OIL","item":"https:\/\/elixscent.com\/product-category\/essential-oils\/"},{"@type":"ListItem","position":4,"name":"Fragrance Oil Coffee - Caramel"}]},{"@type":"WebSite","@id":"https:\/\/elixscent.com\/#website","url":"https:\/\/elixscent.com\/","name":"ELiX EU-Lufterfrischer","description":"Luft &amp; Stoff, perfekt frisch","publisher":{"@id":"https:\/\/elixscent.com\/#organization"},"potentialAction":[{"@type":"SearchAction","target":{"@type":"EntryPoint","urlTemplate":"https:\/\/elixscent.com\/?s={search_term_string}"},"query-input":{"@type":"PropertyValueSpecification","valueRequired":true,"valueName":"search_term_string"}}],"inLanguage":"de"},{"@type":"Organization","@id":"https:\/\/elixscent.com\/#organization","name":"ELIX Lufterfrischer Hersteller","url":"https:\/\/elixscent.com\/","logo":{"@type":"ImageObject","inLanguage":"de","@id":"https:\/\/elixscent.com\/#\/schema\/logo\/image\/","url":"https:\/\/elixscent.com\/wp-content\/uploads\/elix_logo_1.0-_300.jpg","contentUrl":"https:\/\/elixscent.com\/wp-content\/uploads\/elix_logo_1.0-_300.jpg","width":300,"height":257,"caption":"ELIX air freshener manufacturer"},"image":{"@id":"https:\/\/elixscent.com\/#\/schema\/logo\/image\/"},"sameAs":["https:\/\/www.linkedin.com\/company\/30084929"]}]}},"_links":{"self":[{"href":"https:\/\/elixscent.com\/de\/wp-json\/wp\/v2\/product\/51379","targetHints":{"allow":["GET"]}}],"collection":[{"href":"https:\/\/elixscent.com\/de\/wp-json\/wp\/v2\/product"}],"about":[{"href":"https:\/\/elixscent.com\/de\/wp-json\/wp\/v2\/types\/product"}],"version-history":[{"count":2,"href":"https:\/\/elixscent.com\/de\/wp-json\/wp\/v2\/product\/51379\/revisions"}],"predecessor-version":[{"id":53521,"href":"https:\/\/elixscent.com\/de\/wp-json\/wp\/v2\/product\/51379\/revisions\/53521"}],"wp:featuredmedia":[{"embeddable":true,"href":"https:\/\/elixscent.com\/de\/wp-json\/wp\/v2\/media\/51380"}],"wp:attachment":[{"href":"https:\/\/elixscent.com\/de\/wp-json\/wp\/v2\/media?parent=51379"}],"curies":[{"name":"wp","href":"https:\/\/api.w.org\/{rel}","templated":true}]}}