{"id":51367,"date":"2024-07-10T10:39:00","date_gmt":"2024-07-10T10:39:00","guid":{"rendered":"https:\/\/elixscent.com\/?post_type=product&#038;p=51367"},"modified":"2024-07-10T10:39:00","modified_gmt":"2024-07-10T10:39:00","slug":"mein-rhythmus","status":"publish","type":"product","link":"https:\/\/elixscent.com\/de\/product\/my-rhythm\/","title":{"rendered":"Parf\u00fcm\u00f6l Mein Rhythmus"},"content":{"rendered":"<p>My Rhythm Parf\u00fcm\u00f6l, in dem sich die exotische Essenz von Ambra und Patchouli mit den fesselnden Noten von Sandel- und Zedernholz vermischt. Erg\u00e4nzt durch die erfrischenden Akzente von Lavendel und Zitrusfr\u00fcchten wie Bergamotte entsteht ein fesselnder und s\u00fcchtig machender Duft.<\/p>\n<p>Erleben Sie die Anziehungskraft von My Rhythm Parf\u00fcm\u00f6l, wo die animalische F\u00fclle von Ambra und Patchouli auf die raffinierte Anziehungskraft von Sandel- und Zedernholz trifft. Ausbalanciert mit der belebenden Frische von Lavendel und Bergamotte bietet dieser Duft eine harmonische und unvergessliche olfaktorische Reise.<\/p>","protected":false},"featured_media":51368,"parent":0,"menu_order":0,"template":"","class_list":["post-51367","product","type-product","status-publish","has-post-thumbnail","hentry","product_category-essential-oils"],"acf":[],"yoast_head":"<!-- This site is optimized with the Yoast SEO Premium plugin v27.2 (Yoast SEO v27.4) - https:\/\/yoast.com\/product\/yoast-seo-premium-wordpress\/ -->\n<title>Perfume Oil: Discover the Captivating Scent of My Rhythm<\/title>\n<meta name=\"description\" content=\"Unlock the unforgettable scent of My Rhythm Perfume Oil. Let the allure of ambergris, patchouli, sandalwood, cedarwood, lavender, and citrus bergamot transport you to a world of elegance and sophistication.\" \/>\n<meta name=\"robots\" content=\"index, follow, max-snippet:-1, max-image-preview:large, max-video-preview:-1\" \/>\n<link rel=\"canonical\" href=\"https:\/\/elixscent.com\/de\/produkt\/mein-rhythmus\/\" \/>\n<meta property=\"og:locale\" content=\"de_DE\" \/>\n<meta property=\"og:type\" content=\"article\" \/>\n<meta property=\"og:title\" content=\"Perfume Oil My Rhythm\" \/>\n<meta property=\"og:description\" content=\"Unlock the unforgettable scent of My Rhythm Perfume Oil. Let the allure of ambergris, patchouli, sandalwood, cedarwood, lavender, and citrus bergamot transport you to a world of elegance and sophistication.\" \/>\n<meta property=\"og:url\" content=\"https:\/\/elixscent.com\/de\/produkt\/mein-rhythmus\/\" \/>\n<meta property=\"og:site_name\" content=\"ELiX EU air fresheners\" \/>\n<meta property=\"og:image\" content=\"https:\/\/elixscent.com\/wp-content\/uploads\/50ml_MYRHYTHM_1.0.webp\" \/>\n\t<meta property=\"og:image:width\" content=\"2048\" \/>\n\t<meta property=\"og:image:height\" content=\"2048\" \/>\n\t<meta property=\"og:image:type\" content=\"image\/webp\" \/>\n<meta name=\"twitter:card\" content=\"summary_large_image\" \/>\n<meta name=\"twitter:label1\" content=\"Gesch\u00e4tzte Lesezeit\" \/>\n\t<meta name=\"twitter:data1\" content=\"1\u00a0Minute\" \/>\n<script type=\"application\/ld+json\" class=\"yoast-schema-graph\">{\"@context\":\"https:\\\/\\\/schema.org\",\"@graph\":[{\"@type\":\"WebPage\",\"@id\":\"https:\\\/\\\/elixscent.com\\\/product\\\/my-rhythm\\\/\",\"url\":\"https:\\\/\\\/elixscent.com\\\/product\\\/my-rhythm\\\/\",\"name\":\"Perfume Oil: Discover the Captivating Scent of My Rhythm\",\"isPartOf\":{\"@id\":\"https:\\\/\\\/elixscent.com\\\/#website\"},\"primaryImageOfPage\":{\"@id\":\"https:\\\/\\\/elixscent.com\\\/product\\\/my-rhythm\\\/#primaryimage\"},\"image\":{\"@id\":\"https:\\\/\\\/elixscent.com\\\/product\\\/my-rhythm\\\/#primaryimage\"},\"thumbnailUrl\":\"https:\\\/\\\/elixscent.com\\\/wp-content\\\/uploads\\\/50ml_MYRHYTHM_1.0.webp\",\"datePublished\":\"2024-07-10T10:39:00+00:00\",\"description\":\"Unlock the unforgettable scent of My Rhythm Perfume Oil. Let the allure of ambergris, patchouli, sandalwood, cedarwood, lavender, and citrus bergamot transport you to a world of elegance and sophistication.\",\"breadcrumb\":{\"@id\":\"https:\\\/\\\/elixscent.com\\\/product\\\/my-rhythm\\\/#breadcrumb\"},\"inLanguage\":\"de\",\"potentialAction\":[{\"@type\":\"ReadAction\",\"target\":[\"https:\\\/\\\/elixscent.com\\\/product\\\/my-rhythm\\\/\"]}]},{\"@type\":\"ImageObject\",\"inLanguage\":\"de\",\"@id\":\"https:\\\/\\\/elixscent.com\\\/product\\\/my-rhythm\\\/#primaryimage\",\"url\":\"https:\\\/\\\/elixscent.com\\\/wp-content\\\/uploads\\\/50ml_MYRHYTHM_1.0.webp\",\"contentUrl\":\"https:\\\/\\\/elixscent.com\\\/wp-content\\\/uploads\\\/50ml_MYRHYTHM_1.0.webp\",\"width\":2048,\"height\":2048,\"caption\":\"50ml MYRHYTHM 1.0\"},{\"@type\":\"BreadcrumbList\",\"@id\":\"https:\\\/\\\/elixscent.com\\\/product\\\/my-rhythm\\\/#breadcrumb\",\"itemListElement\":[{\"@type\":\"ListItem\",\"position\":1,\"name\":\"Home\",\"item\":\"https:\\\/\\\/elixscent.com\\\/\"},{\"@type\":\"ListItem\",\"position\":2,\"name\":\"Products\",\"item\":\"https:\\\/\\\/elixscent.com\\\/product\\\/\"},{\"@type\":\"ListItem\",\"position\":3,\"name\":\"ESSENTIAL OIL\",\"item\":\"https:\\\/\\\/elixscent.com\\\/product-category\\\/essential-oils\\\/\"},{\"@type\":\"ListItem\",\"position\":4,\"name\":\"Perfume Oil My Rhythm\"}]},{\"@type\":\"WebSite\",\"@id\":\"https:\\\/\\\/elixscent.com\\\/#website\",\"url\":\"https:\\\/\\\/elixscent.com\\\/\",\"name\":\"ELiX EU air fresheners\",\"description\":\"Air &amp; Fabric, Perfectly Fresh\",\"publisher\":{\"@id\":\"https:\\\/\\\/elixscent.com\\\/#organization\"},\"potentialAction\":[{\"@type\":\"SearchAction\",\"target\":{\"@type\":\"EntryPoint\",\"urlTemplate\":\"https:\\\/\\\/elixscent.com\\\/?s={search_term_string}\"},\"query-input\":{\"@type\":\"PropertyValueSpecification\",\"valueRequired\":true,\"valueName\":\"search_term_string\"}}],\"inLanguage\":\"de\"},{\"@type\":\"Organization\",\"@id\":\"https:\\\/\\\/elixscent.com\\\/#organization\",\"name\":\"ELIX air freshener manufacturer\",\"url\":\"https:\\\/\\\/elixscent.com\\\/\",\"logo\":{\"@type\":\"ImageObject\",\"inLanguage\":\"de\",\"@id\":\"https:\\\/\\\/elixscent.com\\\/#\\\/schema\\\/logo\\\/image\\\/\",\"url\":\"https:\\\/\\\/elixscent.com\\\/wp-content\\\/uploads\\\/elix_logo_1.0-_300.jpg\",\"contentUrl\":\"https:\\\/\\\/elixscent.com\\\/wp-content\\\/uploads\\\/elix_logo_1.0-_300.jpg\",\"width\":300,\"height\":257,\"caption\":\"ELIX air freshener manufacturer\"},\"image\":{\"@id\":\"https:\\\/\\\/elixscent.com\\\/#\\\/schema\\\/logo\\\/image\\\/\"},\"sameAs\":[\"https:\\\/\\\/www.linkedin.com\\\/company\\\/30084929\"]}]}<\/script>\n<!-- \/ Yoast SEO Premium plugin. -->","yoast_head_json":{"title":"Parf\u00fcm\u00f6l: Entdecken Sie den fesselnden Duft von My Rhythm","description":"Entdecken Sie den unvergesslichen Duft von My Rhythm Parf\u00fcm\u00f6l. Lassen Sie sich von der Anziehungskraft von Ambra, Patchouli, Sandelholz, Zedernholz, Lavendel und Zitrusfr\u00fcchten wie Bergamotte in eine Welt der Eleganz und Raffinesse entf\u00fchren.","robots":{"index":"index","follow":"follow","max-snippet":"max-snippet:-1","max-image-preview":"max-image-preview:large","max-video-preview":"max-video-preview:-1"},"canonical":"https:\/\/elixscent.com\/de\/produkt\/mein-rhythmus\/","og_locale":"de_DE","og_type":"article","og_title":"Perfume Oil My Rhythm","og_description":"Unlock the unforgettable scent of My Rhythm Perfume Oil. Let the allure of ambergris, patchouli, sandalwood, cedarwood, lavender, and citrus bergamot transport you to a world of elegance and sophistication.","og_url":"https:\/\/elixscent.com\/de\/produkt\/mein-rhythmus\/","og_site_name":"ELiX EU air fresheners","og_image":[{"width":2048,"height":2048,"url":"https:\/\/elixscent.com\/wp-content\/uploads\/50ml_MYRHYTHM_1.0.webp","type":"image\/webp"}],"twitter_card":"summary_large_image","twitter_misc":{"Gesch\u00e4tzte Lesezeit":"1\u00a0Minute"},"schema":{"@context":"https:\/\/schema.org","@graph":[{"@type":"WebPage","@id":"https:\/\/elixscent.com\/product\/my-rhythm\/","url":"https:\/\/elixscent.com\/product\/my-rhythm\/","name":"Parf\u00fcm\u00f6l: Entdecken Sie den fesselnden Duft von My Rhythm","isPartOf":{"@id":"https:\/\/elixscent.com\/#website"},"primaryImageOfPage":{"@id":"https:\/\/elixscent.com\/product\/my-rhythm\/#primaryimage"},"image":{"@id":"https:\/\/elixscent.com\/product\/my-rhythm\/#primaryimage"},"thumbnailUrl":"https:\/\/elixscent.com\/wp-content\/uploads\/50ml_MYRHYTHM_1.0.webp","datePublished":"2024-07-10T10:39:00+00:00","description":"Entdecken Sie den unvergesslichen Duft von My Rhythm Parf\u00fcm\u00f6l. Lassen Sie sich von der Anziehungskraft von Ambra, Patchouli, Sandelholz, Zedernholz, Lavendel und Zitrusfr\u00fcchten wie Bergamotte in eine Welt der Eleganz und Raffinesse entf\u00fchren.","breadcrumb":{"@id":"https:\/\/elixscent.com\/product\/my-rhythm\/#breadcrumb"},"inLanguage":"de","potentialAction":[{"@type":"ReadAction","target":["https:\/\/elixscent.com\/product\/my-rhythm\/"]}]},{"@type":"ImageObject","inLanguage":"de","@id":"https:\/\/elixscent.com\/product\/my-rhythm\/#primaryimage","url":"https:\/\/elixscent.com\/wp-content\/uploads\/50ml_MYRHYTHM_1.0.webp","contentUrl":"https:\/\/elixscent.com\/wp-content\/uploads\/50ml_MYRHYTHM_1.0.webp","width":2048,"height":2048,"caption":"50ml MYRHYTHM 1.0"},{"@type":"BreadcrumbList","@id":"https:\/\/elixscent.com\/product\/my-rhythm\/#breadcrumb","itemListElement":[{"@type":"ListItem","position":1,"name":"Home","item":"https:\/\/elixscent.com\/"},{"@type":"ListItem","position":2,"name":"Products","item":"https:\/\/elixscent.com\/product\/"},{"@type":"ListItem","position":3,"name":"ESSENTIAL OIL","item":"https:\/\/elixscent.com\/product-category\/essential-oils\/"},{"@type":"ListItem","position":4,"name":"Perfume Oil My Rhythm"}]},{"@type":"WebSite","@id":"https:\/\/elixscent.com\/#website","url":"https:\/\/elixscent.com\/","name":"ELiX EU-Lufterfrischer","description":"Luft &amp; Stoff, perfekt frisch","publisher":{"@id":"https:\/\/elixscent.com\/#organization"},"potentialAction":[{"@type":"SearchAction","target":{"@type":"EntryPoint","urlTemplate":"https:\/\/elixscent.com\/?s={search_term_string}"},"query-input":{"@type":"PropertyValueSpecification","valueRequired":true,"valueName":"search_term_string"}}],"inLanguage":"de"},{"@type":"Organization","@id":"https:\/\/elixscent.com\/#organization","name":"ELIX Lufterfrischer Hersteller","url":"https:\/\/elixscent.com\/","logo":{"@type":"ImageObject","inLanguage":"de","@id":"https:\/\/elixscent.com\/#\/schema\/logo\/image\/","url":"https:\/\/elixscent.com\/wp-content\/uploads\/elix_logo_1.0-_300.jpg","contentUrl":"https:\/\/elixscent.com\/wp-content\/uploads\/elix_logo_1.0-_300.jpg","width":300,"height":257,"caption":"ELIX air freshener manufacturer"},"image":{"@id":"https:\/\/elixscent.com\/#\/schema\/logo\/image\/"},"sameAs":["https:\/\/www.linkedin.com\/company\/30084929"]}]}},"_links":{"self":[{"href":"https:\/\/elixscent.com\/de\/wp-json\/wp\/v2\/product\/51367","targetHints":{"allow":["GET"]}}],"collection":[{"href":"https:\/\/elixscent.com\/de\/wp-json\/wp\/v2\/product"}],"about":[{"href":"https:\/\/elixscent.com\/de\/wp-json\/wp\/v2\/types\/product"}],"version-history":[{"count":1,"href":"https:\/\/elixscent.com\/de\/wp-json\/wp\/v2\/product\/51367\/revisions"}],"predecessor-version":[{"id":51369,"href":"https:\/\/elixscent.com\/de\/wp-json\/wp\/v2\/product\/51367\/revisions\/51369"}],"wp:featuredmedia":[{"embeddable":true,"href":"https:\/\/elixscent.com\/de\/wp-json\/wp\/v2\/media\/51368"}],"wp:attachment":[{"href":"https:\/\/elixscent.com\/de\/wp-json\/wp\/v2\/media?parent=51367"}],"curies":[{"name":"wp","href":"https:\/\/api.w.org\/{rel}","templated":true}]}}