{"id":51358,"date":"2024-07-10T10:23:19","date_gmt":"2024-07-10T10:23:19","guid":{"rendered":"https:\/\/elixscent.com\/?post_type=product&#038;p=51358"},"modified":"2024-10-15T10:11:47","modified_gmt":"2024-10-15T10:11:47","slug":"odorano","status":"publish","type":"product","link":"https:\/\/elixscent.com\/de\/product\/odorano\/","title":{"rendered":"Nat\u00fcrliches Geruchsneutralisierungs\u00f6l"},"content":{"rendered":"<p>Odorano Natural Odor Neutralizer Oil ist eine leistungsstarke L\u00f6sung, die Ger\u00fcche wirksam neutralisiert und Ihre Umgebung erfrischt. Dieses innovative \u00d6l ist sowohl f\u00fcr den privaten als auch f\u00fcr den professionellen Gebrauch geeignet und bietet eine nat\u00fcrliche und effektive M\u00f6glichkeit, unerw\u00fcnschte Ger\u00fcche zu beseitigen.<\/p>\n<p>Odorano Natural Odor Neutralizer Oil ist eine leistungsstarke L\u00f6sung, die Ger\u00fcche wirksam neutralisiert und Ihre Umgebung erfrischt. Dieses innovative \u00d6l ist sowohl f\u00fcr den privaten als auch f\u00fcr den professionellen Gebrauch geeignet und bietet eine nat\u00fcrliche und effektive M\u00f6glichkeit, unerw\u00fcnschte Ger\u00fcche zu beseitigen.<\/p>\n<p><span id=\"span-23-132\" class=\"ct-span oxy-stock-content-styles\"><em>&gt;&gt; Wenn Sie kaufen m\u00f6chten, besuchen Sie bitte unseren Shop:<\/em> <a class=\"_ps2id\" href=\"https:\/\/airfresh24.com\/product-category\/fragrance_oil\/\" data-ps2id-offset=\"\"><strong>www.airfresh24.com<\/strong><\/a><\/span><\/p>","protected":false},"featured_media":51359,"parent":0,"menu_order":0,"template":"","class_list":["post-51358","product","type-product","status-publish","has-post-thumbnail","hentry","product_category-essential-oils"],"acf":[],"yoast_head":"<!-- This site is optimized with the Yoast SEO Premium plugin v27.2 (Yoast SEO v27.4) - https:\/\/yoast.com\/product\/yoast-seo-premium-wordpress\/ -->\n<title>Essential Oil: The Ultimate Solution for Odor Neutralization<\/title>\n<meta name=\"description\" content=\"Neutralize odors and refresh your environment with Odorano Natural Odor Neutralizer Oil. An effective and natural solution for eliminating unwanted smells.\" \/>\n<meta name=\"robots\" content=\"index, follow, max-snippet:-1, max-image-preview:large, max-video-preview:-1\" \/>\n<link rel=\"canonical\" href=\"https:\/\/elixscent.com\/de\/produkt\/odorano\/\" \/>\n<meta property=\"og:locale\" content=\"de_DE\" \/>\n<meta property=\"og:type\" content=\"article\" \/>\n<meta property=\"og:title\" content=\"Natural Odor Neutralizer Oil\" \/>\n<meta property=\"og:description\" content=\"Neutralize odors and refresh your environment with Odorano Natural Odor Neutralizer Oil. An effective and natural solution for eliminating unwanted smells.\" \/>\n<meta property=\"og:url\" content=\"https:\/\/elixscent.com\/de\/produkt\/odorano\/\" \/>\n<meta property=\"og:site_name\" content=\"ELiX EU air fresheners\" \/>\n<meta property=\"article:modified_time\" content=\"2024-10-15T10:11:47+00:00\" \/>\n<meta property=\"og:image\" content=\"https:\/\/elixscent.com\/wp-content\/uploads\/50ml_odorano_1.0.webp\" \/>\n\t<meta property=\"og:image:width\" content=\"2048\" \/>\n\t<meta property=\"og:image:height\" content=\"2048\" \/>\n\t<meta property=\"og:image:type\" content=\"image\/webp\" \/>\n<meta name=\"twitter:card\" content=\"summary_large_image\" \/>\n<meta name=\"twitter:label1\" content=\"Gesch\u00e4tzte Lesezeit\" \/>\n\t<meta name=\"twitter:data1\" content=\"1\u00a0Minute\" \/>\n<script type=\"application\/ld+json\" class=\"yoast-schema-graph\">{\"@context\":\"https:\\\/\\\/schema.org\",\"@graph\":[{\"@type\":\"WebPage\",\"@id\":\"https:\\\/\\\/elixscent.com\\\/product\\\/odorano\\\/\",\"url\":\"https:\\\/\\\/elixscent.com\\\/product\\\/odorano\\\/\",\"name\":\"Essential Oil: The Ultimate Solution for Odor Neutralization\",\"isPartOf\":{\"@id\":\"https:\\\/\\\/elixscent.com\\\/#website\"},\"primaryImageOfPage\":{\"@id\":\"https:\\\/\\\/elixscent.com\\\/product\\\/odorano\\\/#primaryimage\"},\"image\":{\"@id\":\"https:\\\/\\\/elixscent.com\\\/product\\\/odorano\\\/#primaryimage\"},\"thumbnailUrl\":\"https:\\\/\\\/elixscent.com\\\/wp-content\\\/uploads\\\/50ml_odorano_1.0.webp\",\"datePublished\":\"2024-07-10T10:23:19+00:00\",\"dateModified\":\"2024-10-15T10:11:47+00:00\",\"description\":\"Neutralize odors and refresh your environment with Odorano Natural Odor Neutralizer Oil. An effective and natural solution for eliminating unwanted smells.\",\"breadcrumb\":{\"@id\":\"https:\\\/\\\/elixscent.com\\\/product\\\/odorano\\\/#breadcrumb\"},\"inLanguage\":\"de\",\"potentialAction\":[{\"@type\":\"ReadAction\",\"target\":[\"https:\\\/\\\/elixscent.com\\\/product\\\/odorano\\\/\"]}]},{\"@type\":\"ImageObject\",\"inLanguage\":\"de\",\"@id\":\"https:\\\/\\\/elixscent.com\\\/product\\\/odorano\\\/#primaryimage\",\"url\":\"https:\\\/\\\/elixscent.com\\\/wp-content\\\/uploads\\\/50ml_odorano_1.0.webp\",\"contentUrl\":\"https:\\\/\\\/elixscent.com\\\/wp-content\\\/uploads\\\/50ml_odorano_1.0.webp\",\"width\":2048,\"height\":2048,\"caption\":\"50ml odorano 1.0\"},{\"@type\":\"BreadcrumbList\",\"@id\":\"https:\\\/\\\/elixscent.com\\\/product\\\/odorano\\\/#breadcrumb\",\"itemListElement\":[{\"@type\":\"ListItem\",\"position\":1,\"name\":\"Home\",\"item\":\"https:\\\/\\\/elixscent.com\\\/\"},{\"@type\":\"ListItem\",\"position\":2,\"name\":\"Products\",\"item\":\"https:\\\/\\\/elixscent.com\\\/product\\\/\"},{\"@type\":\"ListItem\",\"position\":3,\"name\":\"ESSENTIAL OIL\",\"item\":\"https:\\\/\\\/elixscent.com\\\/product-category\\\/essential-oils\\\/\"},{\"@type\":\"ListItem\",\"position\":4,\"name\":\"Natural Odor Neutralizer Oil\"}]},{\"@type\":\"WebSite\",\"@id\":\"https:\\\/\\\/elixscent.com\\\/#website\",\"url\":\"https:\\\/\\\/elixscent.com\\\/\",\"name\":\"ELiX EU air fresheners\",\"description\":\"Air &amp; Fabric, Perfectly Fresh\",\"publisher\":{\"@id\":\"https:\\\/\\\/elixscent.com\\\/#organization\"},\"potentialAction\":[{\"@type\":\"SearchAction\",\"target\":{\"@type\":\"EntryPoint\",\"urlTemplate\":\"https:\\\/\\\/elixscent.com\\\/?s={search_term_string}\"},\"query-input\":{\"@type\":\"PropertyValueSpecification\",\"valueRequired\":true,\"valueName\":\"search_term_string\"}}],\"inLanguage\":\"de\"},{\"@type\":\"Organization\",\"@id\":\"https:\\\/\\\/elixscent.com\\\/#organization\",\"name\":\"ELIX air freshener manufacturer\",\"url\":\"https:\\\/\\\/elixscent.com\\\/\",\"logo\":{\"@type\":\"ImageObject\",\"inLanguage\":\"de\",\"@id\":\"https:\\\/\\\/elixscent.com\\\/#\\\/schema\\\/logo\\\/image\\\/\",\"url\":\"https:\\\/\\\/elixscent.com\\\/wp-content\\\/uploads\\\/elix_logo_1.0-_300.jpg\",\"contentUrl\":\"https:\\\/\\\/elixscent.com\\\/wp-content\\\/uploads\\\/elix_logo_1.0-_300.jpg\",\"width\":300,\"height\":257,\"caption\":\"ELIX air freshener manufacturer\"},\"image\":{\"@id\":\"https:\\\/\\\/elixscent.com\\\/#\\\/schema\\\/logo\\\/image\\\/\"},\"sameAs\":[\"https:\\\/\\\/www.linkedin.com\\\/company\\\/30084929\"]}]}<\/script>\n<!-- \/ Yoast SEO Premium plugin. -->","yoast_head_json":{"title":"\u00c4therisches \u00d6l: Die ultimative L\u00f6sung zur Geruchsneutralisierung","description":"Neutralisieren Sie Ger\u00fcche und erfrischen Sie Ihre Umgebung mit Odorano Natural Odor Neutralizer Oil. Eine wirksame und nat\u00fcrliche L\u00f6sung f\u00fcr die Beseitigung unerw\u00fcnschter Ger\u00fcche.","robots":{"index":"index","follow":"follow","max-snippet":"max-snippet:-1","max-image-preview":"max-image-preview:large","max-video-preview":"max-video-preview:-1"},"canonical":"https:\/\/elixscent.com\/de\/produkt\/odorano\/","og_locale":"de_DE","og_type":"article","og_title":"Natural Odor Neutralizer Oil","og_description":"Neutralize odors and refresh your environment with Odorano Natural Odor Neutralizer Oil. An effective and natural solution for eliminating unwanted smells.","og_url":"https:\/\/elixscent.com\/de\/produkt\/odorano\/","og_site_name":"ELiX EU air fresheners","article_modified_time":"2024-10-15T10:11:47+00:00","og_image":[{"width":2048,"height":2048,"url":"https:\/\/elixscent.com\/wp-content\/uploads\/50ml_odorano_1.0.webp","type":"image\/webp"}],"twitter_card":"summary_large_image","twitter_misc":{"Gesch\u00e4tzte Lesezeit":"1\u00a0Minute"},"schema":{"@context":"https:\/\/schema.org","@graph":[{"@type":"WebPage","@id":"https:\/\/elixscent.com\/product\/odorano\/","url":"https:\/\/elixscent.com\/product\/odorano\/","name":"\u00c4therisches \u00d6l: Die ultimative L\u00f6sung zur Geruchsneutralisierung","isPartOf":{"@id":"https:\/\/elixscent.com\/#website"},"primaryImageOfPage":{"@id":"https:\/\/elixscent.com\/product\/odorano\/#primaryimage"},"image":{"@id":"https:\/\/elixscent.com\/product\/odorano\/#primaryimage"},"thumbnailUrl":"https:\/\/elixscent.com\/wp-content\/uploads\/50ml_odorano_1.0.webp","datePublished":"2024-07-10T10:23:19+00:00","dateModified":"2024-10-15T10:11:47+00:00","description":"Neutralisieren Sie Ger\u00fcche und erfrischen Sie Ihre Umgebung mit Odorano Natural Odor Neutralizer Oil. Eine wirksame und nat\u00fcrliche L\u00f6sung f\u00fcr die Beseitigung unerw\u00fcnschter Ger\u00fcche.","breadcrumb":{"@id":"https:\/\/elixscent.com\/product\/odorano\/#breadcrumb"},"inLanguage":"de","potentialAction":[{"@type":"ReadAction","target":["https:\/\/elixscent.com\/product\/odorano\/"]}]},{"@type":"ImageObject","inLanguage":"de","@id":"https:\/\/elixscent.com\/product\/odorano\/#primaryimage","url":"https:\/\/elixscent.com\/wp-content\/uploads\/50ml_odorano_1.0.webp","contentUrl":"https:\/\/elixscent.com\/wp-content\/uploads\/50ml_odorano_1.0.webp","width":2048,"height":2048,"caption":"50ml odorano 1.0"},{"@type":"BreadcrumbList","@id":"https:\/\/elixscent.com\/product\/odorano\/#breadcrumb","itemListElement":[{"@type":"ListItem","position":1,"name":"Home","item":"https:\/\/elixscent.com\/"},{"@type":"ListItem","position":2,"name":"Products","item":"https:\/\/elixscent.com\/product\/"},{"@type":"ListItem","position":3,"name":"ESSENTIAL OIL","item":"https:\/\/elixscent.com\/product-category\/essential-oils\/"},{"@type":"ListItem","position":4,"name":"Natural Odor Neutralizer Oil"}]},{"@type":"WebSite","@id":"https:\/\/elixscent.com\/#website","url":"https:\/\/elixscent.com\/","name":"ELiX EU-Lufterfrischer","description":"Luft &amp; Stoff, perfekt frisch","publisher":{"@id":"https:\/\/elixscent.com\/#organization"},"potentialAction":[{"@type":"SearchAction","target":{"@type":"EntryPoint","urlTemplate":"https:\/\/elixscent.com\/?s={search_term_string}"},"query-input":{"@type":"PropertyValueSpecification","valueRequired":true,"valueName":"search_term_string"}}],"inLanguage":"de"},{"@type":"Organization","@id":"https:\/\/elixscent.com\/#organization","name":"ELIX Lufterfrischer Hersteller","url":"https:\/\/elixscent.com\/","logo":{"@type":"ImageObject","inLanguage":"de","@id":"https:\/\/elixscent.com\/#\/schema\/logo\/image\/","url":"https:\/\/elixscent.com\/wp-content\/uploads\/elix_logo_1.0-_300.jpg","contentUrl":"https:\/\/elixscent.com\/wp-content\/uploads\/elix_logo_1.0-_300.jpg","width":300,"height":257,"caption":"ELIX air freshener manufacturer"},"image":{"@id":"https:\/\/elixscent.com\/#\/schema\/logo\/image\/"},"sameAs":["https:\/\/www.linkedin.com\/company\/30084929"]}]}},"_links":{"self":[{"href":"https:\/\/elixscent.com\/de\/wp-json\/wp\/v2\/product\/51358","targetHints":{"allow":["GET"]}}],"collection":[{"href":"https:\/\/elixscent.com\/de\/wp-json\/wp\/v2\/product"}],"about":[{"href":"https:\/\/elixscent.com\/de\/wp-json\/wp\/v2\/types\/product"}],"version-history":[{"count":3,"href":"https:\/\/elixscent.com\/de\/wp-json\/wp\/v2\/product\/51358\/revisions"}],"predecessor-version":[{"id":53508,"href":"https:\/\/elixscent.com\/de\/wp-json\/wp\/v2\/product\/51358\/revisions\/53508"}],"wp:featuredmedia":[{"embeddable":true,"href":"https:\/\/elixscent.com\/de\/wp-json\/wp\/v2\/media\/51359"}],"wp:attachment":[{"href":"https:\/\/elixscent.com\/de\/wp-json\/wp\/v2\/media?parent=51358"}],"curies":[{"name":"wp","href":"https:\/\/api.w.org\/{rel}","templated":true}]}}