{"id":33925,"date":"2024-06-13T07:18:14","date_gmt":"2024-06-13T07:18:14","guid":{"rendered":"https:\/\/elixscent.com\/?post_type=product&#038;p=33925"},"modified":"2024-10-14T13:14:52","modified_gmt":"2024-10-14T13:14:52","slug":"decor-berry-paradise","status":"publish","type":"product","link":"https:\/\/elixscent.com\/de\/product\/decor-berry-paradise\/","title":{"rendered":"DECOR reed diffuser with balls Berry Paradise"},"content":{"rendered":"<p>Lernen Sie unseren neuen Schilfdiffusor DECOR kennen <em>Beerenparadies<\/em> with small purple decorative marbles just like yummy berries! This reed diffuser will light up your space with some nice colors! Each uniqe fragrance have it's own color. Enjoy new concept for home decoration, and mix it up with diffrent design every 30 days!<\/p>\n<div id=\"text_block-22-132\" class=\"ct-text-block\">\n<p><span id=\"span-23-132\" class=\"ct-span oxy-stock-content-styles\"><em>&gt;&gt; Wenn Sie kaufen m\u00f6chten, besuchen Sie bitte unseren Shop:<\/em> <strong>www.airfresh24.com<\/strong><\/span><\/p>\n<\/div>","protected":false},"featured_media":33926,"parent":0,"menu_order":0,"template":"","class_list":["post-33925","product","type-product","status-publish","has-post-thumbnail","hentry","product_category-reed-diffuser-with-balls"],"acf":[],"yoast_head":"<!-- This site is optimized with the Yoast SEO Premium plugin v27.4 (Yoast SEO v27.4) - https:\/\/yoast.com\/product\/yoast-seo-premium-wordpress\/ -->\n<title>DECOR reed diffuser with balls Berry Paradise - ELiX EU air fresheners<\/title>\n<meta name=\"description\" content=\"Meet our new Reed diffuser DECOR with small decorative marbles! This reed diffuser will light up your space with some nice colors! Each uniqe fragrance have it&#039;s own color. Enjoy new concept for home decoration, and mix it up with diffrent design every 30 days!\" \/>\n<meta name=\"robots\" content=\"index, follow, max-snippet:-1, max-image-preview:large, max-video-preview:-1\" \/>\n<link rel=\"canonical\" href=\"https:\/\/elixscent.com\/de\/produkt\/decor-berry-paradise\/\" \/>\n<meta property=\"og:locale\" content=\"de_DE\" \/>\n<meta property=\"og:type\" content=\"article\" \/>\n<meta property=\"og:title\" content=\"DECOR reed diffuser with balls Berry Paradise\" \/>\n<meta property=\"og:description\" content=\"Meet our new Reed diffuser DECOR with small decorative marbles! This reed diffuser will light up your space with some nice colors! Each uniqe fragrance have it&#039;s own color. Enjoy new concept for home decoration, and mix it up with diffrent design every 30 days!\" \/>\n<meta property=\"og:url\" content=\"https:\/\/elixscent.com\/de\/produkt\/decor-berry-paradise\/\" \/>\n<meta property=\"og:site_name\" content=\"ELiX EU air fresheners\" \/>\n<meta property=\"article:modified_time\" content=\"2024-10-14T13:14:52+00:00\" \/>\n<meta property=\"og:image\" content=\"https:\/\/elixscent.com\/wp-content\/uploads\/ELIX_RF100ml_BP_1.0_800.webp\" \/>\n\t<meta property=\"og:image:width\" content=\"800\" \/>\n\t<meta property=\"og:image:height\" content=\"800\" \/>\n\t<meta property=\"og:image:type\" content=\"image\/webp\" \/>\n<meta name=\"twitter:card\" content=\"summary_large_image\" \/>\n<meta name=\"twitter:label1\" content=\"Gesch\u00e4tzte Lesezeit\" \/>\n\t<meta name=\"twitter:data1\" content=\"1\u00a0Minute\" \/>\n<script type=\"application\/ld+json\" class=\"yoast-schema-graph\">{\"@context\":\"https:\\\/\\\/schema.org\",\"@graph\":[{\"@type\":\"WebPage\",\"@id\":\"https:\\\/\\\/elixscent.com\\\/product\\\/decor-berry-paradise\\\/\",\"url\":\"https:\\\/\\\/elixscent.com\\\/product\\\/decor-berry-paradise\\\/\",\"name\":\"DECOR reed diffuser with balls Berry Paradise - ELiX EU air fresheners\",\"isPartOf\":{\"@id\":\"https:\\\/\\\/elixscent.com\\\/#website\"},\"primaryImageOfPage\":{\"@id\":\"https:\\\/\\\/elixscent.com\\\/product\\\/decor-berry-paradise\\\/#primaryimage\"},\"image\":{\"@id\":\"https:\\\/\\\/elixscent.com\\\/product\\\/decor-berry-paradise\\\/#primaryimage\"},\"thumbnailUrl\":\"https:\\\/\\\/elixscent.com\\\/wp-content\\\/uploads\\\/ELIX_RF100ml_BP_1.0_800.webp\",\"datePublished\":\"2024-06-13T07:18:14+00:00\",\"dateModified\":\"2024-10-14T13:14:52+00:00\",\"description\":\"Meet our new Reed diffuser DECOR with small decorative marbles! This reed diffuser will light up your space with some nice colors! Each uniqe fragrance have it's own color. Enjoy new concept for home decoration, and mix it up with diffrent design every 30 days!\",\"breadcrumb\":{\"@id\":\"https:\\\/\\\/elixscent.com\\\/product\\\/decor-berry-paradise\\\/#breadcrumb\"},\"inLanguage\":\"de\",\"potentialAction\":[{\"@type\":\"ReadAction\",\"target\":[\"https:\\\/\\\/elixscent.com\\\/product\\\/decor-berry-paradise\\\/\"]}]},{\"@type\":\"ImageObject\",\"inLanguage\":\"de\",\"@id\":\"https:\\\/\\\/elixscent.com\\\/product\\\/decor-berry-paradise\\\/#primaryimage\",\"url\":\"https:\\\/\\\/elixscent.com\\\/wp-content\\\/uploads\\\/ELIX_RF100ml_BP_1.0_800.webp\",\"contentUrl\":\"https:\\\/\\\/elixscent.com\\\/wp-content\\\/uploads\\\/ELIX_RF100ml_BP_1.0_800.webp\",\"width\":800,\"height\":800,\"caption\":\"ELIX RF100ml BP 1.0 800\"},{\"@type\":\"BreadcrumbList\",\"@id\":\"https:\\\/\\\/elixscent.com\\\/product\\\/decor-berry-paradise\\\/#breadcrumb\",\"itemListElement\":[{\"@type\":\"ListItem\",\"position\":1,\"name\":\"Home\",\"item\":\"https:\\\/\\\/elixscent.com\\\/\"},{\"@type\":\"ListItem\",\"position\":2,\"name\":\"Products\",\"item\":\"https:\\\/\\\/elixscent.com\\\/product\\\/\"},{\"@type\":\"ListItem\",\"position\":3,\"name\":\"HOME PERFUME\",\"item\":\"https:\\\/\\\/elixscent.com\\\/product-category\\\/home\\\/\"},{\"@type\":\"ListItem\",\"position\":4,\"name\":\"DECOR reed diffuser with balls\",\"item\":\"https:\\\/\\\/elixscent.com\\\/product-category\\\/reed-diffuser-with-balls\\\/\"},{\"@type\":\"ListItem\",\"position\":5,\"name\":\"DECOR reed diffuser with balls Berry Paradise\"}]},{\"@type\":\"WebSite\",\"@id\":\"https:\\\/\\\/elixscent.com\\\/#website\",\"url\":\"https:\\\/\\\/elixscent.com\\\/\",\"name\":\"ELiX EU air fresheners\",\"description\":\"Air &amp; Fabric, Perfectly Fresh\",\"publisher\":{\"@id\":\"https:\\\/\\\/elixscent.com\\\/#organization\"},\"potentialAction\":[{\"@type\":\"SearchAction\",\"target\":{\"@type\":\"EntryPoint\",\"urlTemplate\":\"https:\\\/\\\/elixscent.com\\\/?s={search_term_string}\"},\"query-input\":{\"@type\":\"PropertyValueSpecification\",\"valueRequired\":true,\"valueName\":\"search_term_string\"}}],\"inLanguage\":\"de\"},{\"@type\":\"Organization\",\"@id\":\"https:\\\/\\\/elixscent.com\\\/#organization\",\"name\":\"ELIX air freshener manufacturer\",\"url\":\"https:\\\/\\\/elixscent.com\\\/\",\"logo\":{\"@type\":\"ImageObject\",\"inLanguage\":\"de\",\"@id\":\"https:\\\/\\\/elixscent.com\\\/#\\\/schema\\\/logo\\\/image\\\/\",\"url\":\"https:\\\/\\\/elixscent.com\\\/wp-content\\\/uploads\\\/elix_logo_1.0-_300.jpg\",\"contentUrl\":\"https:\\\/\\\/elixscent.com\\\/wp-content\\\/uploads\\\/elix_logo_1.0-_300.jpg\",\"width\":300,\"height\":257,\"caption\":\"ELIX air freshener manufacturer\"},\"image\":{\"@id\":\"https:\\\/\\\/elixscent.com\\\/#\\\/schema\\\/logo\\\/image\\\/\"},\"sameAs\":[\"https:\\\/\\\/www.linkedin.com\\\/company\\\/30084929\"]}]}<\/script>\n<!-- \/ Yoast SEO Premium plugin. -->","yoast_head_json":{"title":"DECOR reed diffuser with balls Berry Paradise - ELiX EU air fresheners","description":"Treffen Sie unsere neue Reed Diffusor DECOR mit kleinen dekorativen Murmeln! Diese Reed Diffusor wird Ihren Raum mit einigen sch\u00f6nen Farben zu beleuchten! Jeder einzigartige Duft hat seine eigene Farbe. Genie\u00dfen Sie ein neues Konzept f\u00fcr die Heimdekoration, und mischen Sie es mit verschiedenen Design alle 30 Tage!","robots":{"index":"index","follow":"follow","max-snippet":"max-snippet:-1","max-image-preview":"max-image-preview:large","max-video-preview":"max-video-preview:-1"},"canonical":"https:\/\/elixscent.com\/de\/produkt\/decor-berry-paradise\/","og_locale":"de_DE","og_type":"article","og_title":"DECOR reed diffuser with balls Berry Paradise","og_description":"Meet our new Reed diffuser DECOR with small decorative marbles! This reed diffuser will light up your space with some nice colors! Each uniqe fragrance have it's own color. Enjoy new concept for home decoration, and mix it up with diffrent design every 30 days!","og_url":"https:\/\/elixscent.com\/de\/produkt\/decor-berry-paradise\/","og_site_name":"ELiX EU air fresheners","article_modified_time":"2024-10-14T13:14:52+00:00","og_image":[{"width":800,"height":800,"url":"https:\/\/elixscent.com\/wp-content\/uploads\/ELIX_RF100ml_BP_1.0_800.webp","type":"image\/webp"}],"twitter_card":"summary_large_image","twitter_misc":{"Gesch\u00e4tzte Lesezeit":"1\u00a0Minute"},"schema":{"@context":"https:\/\/schema.org","@graph":[{"@type":"WebPage","@id":"https:\/\/elixscent.com\/product\/decor-berry-paradise\/","url":"https:\/\/elixscent.com\/product\/decor-berry-paradise\/","name":"DECOR reed diffuser with balls Berry Paradise - ELiX EU air fresheners","isPartOf":{"@id":"https:\/\/elixscent.com\/#website"},"primaryImageOfPage":{"@id":"https:\/\/elixscent.com\/product\/decor-berry-paradise\/#primaryimage"},"image":{"@id":"https:\/\/elixscent.com\/product\/decor-berry-paradise\/#primaryimage"},"thumbnailUrl":"https:\/\/elixscent.com\/wp-content\/uploads\/ELIX_RF100ml_BP_1.0_800.webp","datePublished":"2024-06-13T07:18:14+00:00","dateModified":"2024-10-14T13:14:52+00:00","description":"Treffen Sie unsere neue Reed Diffusor DECOR mit kleinen dekorativen Murmeln! Diese Reed Diffusor wird Ihren Raum mit einigen sch\u00f6nen Farben zu beleuchten! Jeder einzigartige Duft hat seine eigene Farbe. Genie\u00dfen Sie ein neues Konzept f\u00fcr die Heimdekoration, und mischen Sie es mit verschiedenen Design alle 30 Tage!","breadcrumb":{"@id":"https:\/\/elixscent.com\/product\/decor-berry-paradise\/#breadcrumb"},"inLanguage":"de","potentialAction":[{"@type":"ReadAction","target":["https:\/\/elixscent.com\/product\/decor-berry-paradise\/"]}]},{"@type":"ImageObject","inLanguage":"de","@id":"https:\/\/elixscent.com\/product\/decor-berry-paradise\/#primaryimage","url":"https:\/\/elixscent.com\/wp-content\/uploads\/ELIX_RF100ml_BP_1.0_800.webp","contentUrl":"https:\/\/elixscent.com\/wp-content\/uploads\/ELIX_RF100ml_BP_1.0_800.webp","width":800,"height":800,"caption":"ELIX RF100ml BP 1.0 800"},{"@type":"BreadcrumbList","@id":"https:\/\/elixscent.com\/product\/decor-berry-paradise\/#breadcrumb","itemListElement":[{"@type":"ListItem","position":1,"name":"Home","item":"https:\/\/elixscent.com\/"},{"@type":"ListItem","position":2,"name":"Products","item":"https:\/\/elixscent.com\/product\/"},{"@type":"ListItem","position":3,"name":"HOME PERFUME","item":"https:\/\/elixscent.com\/product-category\/home\/"},{"@type":"ListItem","position":4,"name":"DECOR reed diffuser with balls","item":"https:\/\/elixscent.com\/product-category\/reed-diffuser-with-balls\/"},{"@type":"ListItem","position":5,"name":"DECOR reed diffuser with balls Berry Paradise"}]},{"@type":"WebSite","@id":"https:\/\/elixscent.com\/#website","url":"https:\/\/elixscent.com\/","name":"ELiX EU-Lufterfrischer","description":"Luft &amp; Stoff, perfekt frisch","publisher":{"@id":"https:\/\/elixscent.com\/#organization"},"potentialAction":[{"@type":"SearchAction","target":{"@type":"EntryPoint","urlTemplate":"https:\/\/elixscent.com\/?s={search_term_string}"},"query-input":{"@type":"PropertyValueSpecification","valueRequired":true,"valueName":"search_term_string"}}],"inLanguage":"de"},{"@type":"Organization","@id":"https:\/\/elixscent.com\/#organization","name":"ELIX Lufterfrischer Hersteller","url":"https:\/\/elixscent.com\/","logo":{"@type":"ImageObject","inLanguage":"de","@id":"https:\/\/elixscent.com\/#\/schema\/logo\/image\/","url":"https:\/\/elixscent.com\/wp-content\/uploads\/elix_logo_1.0-_300.jpg","contentUrl":"https:\/\/elixscent.com\/wp-content\/uploads\/elix_logo_1.0-_300.jpg","width":300,"height":257,"caption":"ELIX air freshener manufacturer"},"image":{"@id":"https:\/\/elixscent.com\/#\/schema\/logo\/image\/"},"sameAs":["https:\/\/www.linkedin.com\/company\/30084929"]}]}},"_links":{"self":[{"href":"https:\/\/elixscent.com\/de\/wp-json\/wp\/v2\/product\/33925","targetHints":{"allow":["GET"]}}],"collection":[{"href":"https:\/\/elixscent.com\/de\/wp-json\/wp\/v2\/product"}],"about":[{"href":"https:\/\/elixscent.com\/de\/wp-json\/wp\/v2\/types\/product"}],"version-history":[{"count":9,"href":"https:\/\/elixscent.com\/de\/wp-json\/wp\/v2\/product\/33925\/revisions"}],"predecessor-version":[{"id":53346,"href":"https:\/\/elixscent.com\/de\/wp-json\/wp\/v2\/product\/33925\/revisions\/53346"}],"wp:featuredmedia":[{"embeddable":true,"href":"https:\/\/elixscent.com\/de\/wp-json\/wp\/v2\/media\/33926"}],"wp:attachment":[{"href":"https:\/\/elixscent.com\/de\/wp-json\/wp\/v2\/media?parent=33925"}],"curies":[{"name":"wp","href":"https:\/\/api.w.org\/{rel}","templated":true}]}}