{"id":33737,"date":"2024-05-28T11:07:57","date_gmt":"2024-05-28T11:07:57","guid":{"rendered":"https:\/\/elixscent.com\/?post_type=product&#038;p=33737"},"modified":"2024-10-14T11:25:40","modified_gmt":"2024-10-14T11:25:40","slug":"kunstwerk-neuwagen","status":"publish","type":"product","link":"https:\/\/elixscent.com\/de\/product\/piece-of-art-newcar\/","title":{"rendered":"Kunstwerk Neuwagen"},"content":{"rendered":"<p>Entdecken Sie die au\u00dfergew\u00f6hnlichen M\u00f6glichkeiten der Peace of Art Papier-Lufterfrischer. Schaffen Sie eine F\u00fclle von sch\u00f6nen D\u00fcften in Ihrem Interieur.<\/p>\n<p><span id=\"span-23-132\" class=\"ct-span oxy-stock-content-styles\"><em>&gt;&gt; Wenn Sie kaufen m\u00f6chten, besuchen Sie bitte unseren Shop:<\/em> <strong><a href=\"https:\/\/airfresh24.com\/products\/shop\/piece-of-art-cellulose-air-freshener\/\">www.airfresh24.com<\/a><\/strong><\/span><\/p>","protected":false},"featured_media":33738,"parent":0,"menu_order":0,"template":"","class_list":["post-33737","product","type-product","status-publish","has-post-thumbnail","hentry","product_category-art"],"acf":[],"yoast_head":"<!-- This site is optimized with the Yoast SEO Premium plugin v27.2 (Yoast SEO v27.4) - https:\/\/yoast.com\/product\/yoast-seo-premium-wordpress\/ -->\n<title>The Power of Paper Air Freshener Cherry: Transform Your Car<\/title>\n<meta name=\"description\" content=\"Discover the extraordinary possibilities of Peace of Art paper air fresheners. Create full of beautiful fragrances in your interior.\" \/>\n<meta name=\"robots\" content=\"index, follow, max-snippet:-1, max-image-preview:large, max-video-preview:-1\" \/>\n<link rel=\"canonical\" href=\"https:\/\/elixscent.com\/de\/produkt\/kunstwerk-neuwagen\/\" \/>\n<meta property=\"og:locale\" content=\"de_DE\" \/>\n<meta property=\"og:type\" content=\"article\" \/>\n<meta property=\"og:title\" content=\"Piece of Art New Car\" \/>\n<meta property=\"og:description\" content=\"Discover the extraordinary possibilities of Peace of Art paper air fresheners. Create full of beautiful fragrances in your interior.\" \/>\n<meta property=\"og:url\" content=\"https:\/\/elixscent.com\/de\/produkt\/kunstwerk-neuwagen\/\" \/>\n<meta property=\"og:site_name\" content=\"ELiX EU air fresheners\" \/>\n<meta property=\"article:modified_time\" content=\"2024-10-14T11:25:40+00:00\" \/>\n<meta property=\"og:image\" content=\"https:\/\/elixscent.com\/wp-content\/uploads\/POA_newcar_1.0F.webp\" \/>\n\t<meta property=\"og:image:width\" content=\"589\" \/>\n\t<meta property=\"og:image:height\" content=\"600\" \/>\n\t<meta property=\"og:image:type\" content=\"image\/webp\" \/>\n<meta name=\"twitter:card\" content=\"summary_large_image\" \/>\n<meta name=\"twitter:label1\" content=\"Gesch\u00e4tzte Lesezeit\" \/>\n\t<meta name=\"twitter:data1\" content=\"1\u00a0Minute\" \/>\n<script type=\"application\/ld+json\" class=\"yoast-schema-graph\">{\"@context\":\"https:\\\/\\\/schema.org\",\"@graph\":[{\"@type\":\"WebPage\",\"@id\":\"https:\\\/\\\/elixscent.com\\\/product\\\/piece-of-art-newcar\\\/\",\"url\":\"https:\\\/\\\/elixscent.com\\\/product\\\/piece-of-art-newcar\\\/\",\"name\":\"The Power of Paper Air Freshener Cherry: Transform Your Car\",\"isPartOf\":{\"@id\":\"https:\\\/\\\/elixscent.com\\\/#website\"},\"primaryImageOfPage\":{\"@id\":\"https:\\\/\\\/elixscent.com\\\/product\\\/piece-of-art-newcar\\\/#primaryimage\"},\"image\":{\"@id\":\"https:\\\/\\\/elixscent.com\\\/product\\\/piece-of-art-newcar\\\/#primaryimage\"},\"thumbnailUrl\":\"https:\\\/\\\/elixscent.com\\\/wp-content\\\/uploads\\\/POA_newcar_1.0F.webp\",\"datePublished\":\"2024-05-28T11:07:57+00:00\",\"dateModified\":\"2024-10-14T11:25:40+00:00\",\"description\":\"Discover the extraordinary possibilities of Peace of Art paper air fresheners. Create full of beautiful fragrances in your interior.\",\"breadcrumb\":{\"@id\":\"https:\\\/\\\/elixscent.com\\\/product\\\/piece-of-art-newcar\\\/#breadcrumb\"},\"inLanguage\":\"de\",\"potentialAction\":[{\"@type\":\"ReadAction\",\"target\":[\"https:\\\/\\\/elixscent.com\\\/product\\\/piece-of-art-newcar\\\/\"]}]},{\"@type\":\"ImageObject\",\"inLanguage\":\"de\",\"@id\":\"https:\\\/\\\/elixscent.com\\\/product\\\/piece-of-art-newcar\\\/#primaryimage\",\"url\":\"https:\\\/\\\/elixscent.com\\\/wp-content\\\/uploads\\\/POA_newcar_1.0F.webp\",\"contentUrl\":\"https:\\\/\\\/elixscent.com\\\/wp-content\\\/uploads\\\/POA_newcar_1.0F.webp\",\"width\":589,\"height\":600,\"caption\":\"POA newcar 1.0F\"},{\"@type\":\"BreadcrumbList\",\"@id\":\"https:\\\/\\\/elixscent.com\\\/product\\\/piece-of-art-newcar\\\/#breadcrumb\",\"itemListElement\":[{\"@type\":\"ListItem\",\"position\":1,\"name\":\"Home\",\"item\":\"https:\\\/\\\/elixscent.com\\\/\"},{\"@type\":\"ListItem\",\"position\":2,\"name\":\"Products\",\"item\":\"https:\\\/\\\/elixscent.com\\\/product\\\/\"},{\"@type\":\"ListItem\",\"position\":3,\"name\":\"Paper air fresheners\",\"item\":\"https:\\\/\\\/elixscent.com\\\/product-category\\\/paper-air-fresheners\\\/\"},{\"@type\":\"ListItem\",\"position\":4,\"name\":\"PIECE of ART\",\"item\":\"https:\\\/\\\/elixscent.com\\\/product-category\\\/art\\\/\"},{\"@type\":\"ListItem\",\"position\":5,\"name\":\"Piece of Art New Car\"}]},{\"@type\":\"WebSite\",\"@id\":\"https:\\\/\\\/elixscent.com\\\/#website\",\"url\":\"https:\\\/\\\/elixscent.com\\\/\",\"name\":\"ELiX EU air fresheners\",\"description\":\"Air &amp; Fabric, Perfectly Fresh\",\"publisher\":{\"@id\":\"https:\\\/\\\/elixscent.com\\\/#organization\"},\"potentialAction\":[{\"@type\":\"SearchAction\",\"target\":{\"@type\":\"EntryPoint\",\"urlTemplate\":\"https:\\\/\\\/elixscent.com\\\/?s={search_term_string}\"},\"query-input\":{\"@type\":\"PropertyValueSpecification\",\"valueRequired\":true,\"valueName\":\"search_term_string\"}}],\"inLanguage\":\"de\"},{\"@type\":\"Organization\",\"@id\":\"https:\\\/\\\/elixscent.com\\\/#organization\",\"name\":\"ELIX air freshener manufacturer\",\"url\":\"https:\\\/\\\/elixscent.com\\\/\",\"logo\":{\"@type\":\"ImageObject\",\"inLanguage\":\"de\",\"@id\":\"https:\\\/\\\/elixscent.com\\\/#\\\/schema\\\/logo\\\/image\\\/\",\"url\":\"https:\\\/\\\/elixscent.com\\\/wp-content\\\/uploads\\\/elix_logo_1.0-_300.jpg\",\"contentUrl\":\"https:\\\/\\\/elixscent.com\\\/wp-content\\\/uploads\\\/elix_logo_1.0-_300.jpg\",\"width\":300,\"height\":257,\"caption\":\"ELIX air freshener manufacturer\"},\"image\":{\"@id\":\"https:\\\/\\\/elixscent.com\\\/#\\\/schema\\\/logo\\\/image\\\/\"},\"sameAs\":[\"https:\\\/\\\/www.linkedin.com\\\/company\\\/30084929\"]}]}<\/script>\n<!-- \/ Yoast SEO Premium plugin. -->","yoast_head_json":{"title":"Die Macht der Papier-Lufterfrischer-Kirsche: Verwandeln Sie Ihr Auto","description":"Entdecken Sie die au\u00dfergew\u00f6hnlichen M\u00f6glichkeiten der Peace of Art Papier-Lufterfrischer. Schaffen Sie eine F\u00fclle von sch\u00f6nen D\u00fcften in Ihrem Interieur.","robots":{"index":"index","follow":"follow","max-snippet":"max-snippet:-1","max-image-preview":"max-image-preview:large","max-video-preview":"max-video-preview:-1"},"canonical":"https:\/\/elixscent.com\/de\/produkt\/kunstwerk-neuwagen\/","og_locale":"de_DE","og_type":"article","og_title":"Piece of Art New Car","og_description":"Discover the extraordinary possibilities of Peace of Art paper air fresheners. Create full of beautiful fragrances in your interior.","og_url":"https:\/\/elixscent.com\/de\/produkt\/kunstwerk-neuwagen\/","og_site_name":"ELiX EU air fresheners","article_modified_time":"2024-10-14T11:25:40+00:00","og_image":[{"width":589,"height":600,"url":"https:\/\/elixscent.com\/wp-content\/uploads\/POA_newcar_1.0F.webp","type":"image\/webp"}],"twitter_card":"summary_large_image","twitter_misc":{"Gesch\u00e4tzte Lesezeit":"1\u00a0Minute"},"schema":{"@context":"https:\/\/schema.org","@graph":[{"@type":"WebPage","@id":"https:\/\/elixscent.com\/product\/piece-of-art-newcar\/","url":"https:\/\/elixscent.com\/product\/piece-of-art-newcar\/","name":"Die Macht der Papier-Lufterfrischer-Kirsche: Verwandeln Sie Ihr Auto","isPartOf":{"@id":"https:\/\/elixscent.com\/#website"},"primaryImageOfPage":{"@id":"https:\/\/elixscent.com\/product\/piece-of-art-newcar\/#primaryimage"},"image":{"@id":"https:\/\/elixscent.com\/product\/piece-of-art-newcar\/#primaryimage"},"thumbnailUrl":"https:\/\/elixscent.com\/wp-content\/uploads\/POA_newcar_1.0F.webp","datePublished":"2024-05-28T11:07:57+00:00","dateModified":"2024-10-14T11:25:40+00:00","description":"Entdecken Sie die au\u00dfergew\u00f6hnlichen M\u00f6glichkeiten der Peace of Art Papier-Lufterfrischer. Schaffen Sie eine F\u00fclle von sch\u00f6nen D\u00fcften in Ihrem Interieur.","breadcrumb":{"@id":"https:\/\/elixscent.com\/product\/piece-of-art-newcar\/#breadcrumb"},"inLanguage":"de","potentialAction":[{"@type":"ReadAction","target":["https:\/\/elixscent.com\/product\/piece-of-art-newcar\/"]}]},{"@type":"ImageObject","inLanguage":"de","@id":"https:\/\/elixscent.com\/product\/piece-of-art-newcar\/#primaryimage","url":"https:\/\/elixscent.com\/wp-content\/uploads\/POA_newcar_1.0F.webp","contentUrl":"https:\/\/elixscent.com\/wp-content\/uploads\/POA_newcar_1.0F.webp","width":589,"height":600,"caption":"POA newcar 1.0F"},{"@type":"BreadcrumbList","@id":"https:\/\/elixscent.com\/product\/piece-of-art-newcar\/#breadcrumb","itemListElement":[{"@type":"ListItem","position":1,"name":"Home","item":"https:\/\/elixscent.com\/"},{"@type":"ListItem","position":2,"name":"Products","item":"https:\/\/elixscent.com\/product\/"},{"@type":"ListItem","position":3,"name":"Paper air fresheners","item":"https:\/\/elixscent.com\/product-category\/paper-air-fresheners\/"},{"@type":"ListItem","position":4,"name":"PIECE of ART","item":"https:\/\/elixscent.com\/product-category\/art\/"},{"@type":"ListItem","position":5,"name":"Piece of Art New Car"}]},{"@type":"WebSite","@id":"https:\/\/elixscent.com\/#website","url":"https:\/\/elixscent.com\/","name":"ELiX EU-Lufterfrischer","description":"Luft &amp; Stoff, perfekt frisch","publisher":{"@id":"https:\/\/elixscent.com\/#organization"},"potentialAction":[{"@type":"SearchAction","target":{"@type":"EntryPoint","urlTemplate":"https:\/\/elixscent.com\/?s={search_term_string}"},"query-input":{"@type":"PropertyValueSpecification","valueRequired":true,"valueName":"search_term_string"}}],"inLanguage":"de"},{"@type":"Organization","@id":"https:\/\/elixscent.com\/#organization","name":"ELIX Lufterfrischer Hersteller","url":"https:\/\/elixscent.com\/","logo":{"@type":"ImageObject","inLanguage":"de","@id":"https:\/\/elixscent.com\/#\/schema\/logo\/image\/","url":"https:\/\/elixscent.com\/wp-content\/uploads\/elix_logo_1.0-_300.jpg","contentUrl":"https:\/\/elixscent.com\/wp-content\/uploads\/elix_logo_1.0-_300.jpg","width":300,"height":257,"caption":"ELIX air freshener manufacturer"},"image":{"@id":"https:\/\/elixscent.com\/#\/schema\/logo\/image\/"},"sameAs":["https:\/\/www.linkedin.com\/company\/30084929"]}]}},"_links":{"self":[{"href":"https:\/\/elixscent.com\/de\/wp-json\/wp\/v2\/product\/33737","targetHints":{"allow":["GET"]}}],"collection":[{"href":"https:\/\/elixscent.com\/de\/wp-json\/wp\/v2\/product"}],"about":[{"href":"https:\/\/elixscent.com\/de\/wp-json\/wp\/v2\/types\/product"}],"version-history":[{"count":5,"href":"https:\/\/elixscent.com\/de\/wp-json\/wp\/v2\/product\/33737\/revisions"}],"predecessor-version":[{"id":53265,"href":"https:\/\/elixscent.com\/de\/wp-json\/wp\/v2\/product\/33737\/revisions\/53265"}],"wp:featuredmedia":[{"embeddable":true,"href":"https:\/\/elixscent.com\/de\/wp-json\/wp\/v2\/media\/33738"}],"wp:attachment":[{"href":"https:\/\/elixscent.com\/de\/wp-json\/wp\/v2\/media?parent=33737"}],"curies":[{"name":"wp","href":"https:\/\/api.w.org\/{rel}","templated":true}]}}