{"id":29439,"date":"2023-06-16T07:25:11","date_gmt":"2023-06-16T07:25:11","guid":{"rendered":"https:\/\/elixscent.com\/?post_type=product&#038;p=29439"},"modified":"2024-10-14T11:19:48","modified_gmt":"2024-10-14T11:19:48","slug":"ringo-kaugummi","status":"publish","type":"product","link":"https:\/\/elixscent.com\/de\/product\/ringo-bubble-gum\/","title":{"rendered":"RINGO Kaugummi"},"content":{"rendered":"<p>Dieser bezaubernde Lufterfrischer passt m\u00fchelos in jede Autoentl\u00fcftung und erf\u00fcllt Ihr Fahrzeug mit einem s\u00fc\u00dfen und verspielten Duft.<\/p>\n<p>Genie\u00dfen Sie ein langanhaltendes und sanftes Dufterlebnis, wenn RINGO einen kontinuierlichen Strom von fesselndem Kaugummiduft freisetzt und eine fr\u00f6hliche Atmosph\u00e4re w\u00e4hrend Ihrer Autofahrten schafft.<\/p>\n<p>Mit seinem diskreten Design bringt RINGO einen Hauch von Spa\u00df und Frische in den Innenraum Ihres Autos. Der unwiderstehliche Duft von Kaugummi begleitet Sie auf jeder Fahrt und macht Ihre Reisen zu einem angenehmen Erlebnis.<\/p>\n<p><span id=\"span-23-132\" class=\"ct-span oxy-stock-content-styles\"><em>&gt;&gt; Wenn Sie kaufen m\u00f6chten, besuchen Sie bitte unseren Shop:<\/em><\/span> <strong><a class=\"_ps2id\" href=\"https:\/\/airfresh24.com\/products\/shop\/ringo\/\" data-ps2id-offset=\"\">www.airfresh24.com<\/a><\/strong><\/p>","protected":false},"featured_media":29440,"parent":0,"menu_order":0,"template":"","class_list":["post-29439","product","type-product","status-publish","has-post-thumbnail","hentry","product_category-ringo"],"acf":[],"yoast_head":"<!-- This site is optimized with the Yoast SEO Premium plugin v27.2 (Yoast SEO v27.4) - https:\/\/yoast.com\/product\/yoast-seo-premium-wordpress\/ -->\n<title>RINGO Bubble Gum - Polymer air freshener<\/title>\n<meta name=\"description\" content=\"With precise fragrance dosing during the injection process, our air fresheners ensure an distribution of scent throughout the material. The result? An exceptional scent experience every time\" \/>\n<meta name=\"robots\" content=\"index, follow, max-snippet:-1, max-image-preview:large, max-video-preview:-1\" \/>\n<link rel=\"canonical\" href=\"https:\/\/elixscent.com\/de\/produkt\/ringo-kaugummi\/\" \/>\n<meta property=\"og:locale\" content=\"de_DE\" \/>\n<meta property=\"og:type\" content=\"article\" \/>\n<meta property=\"og:title\" content=\"RINGO Bubble Gum\" \/>\n<meta property=\"og:description\" content=\"With precise fragrance dosing during the injection process, our air fresheners ensure an distribution of scent throughout the material. The result? An exceptional scent experience every time\" \/>\n<meta property=\"og:url\" content=\"https:\/\/elixscent.com\/de\/produkt\/ringo-kaugummi\/\" \/>\n<meta property=\"og:site_name\" content=\"ELiX EU air fresheners\" \/>\n<meta property=\"article:modified_time\" content=\"2024-10-14T11:19:48+00:00\" \/>\n<meta property=\"og:image\" content=\"https:\/\/elixscent.com\/wp-content\/uploads\/ringo_bubblegum.png\" \/>\n\t<meta property=\"og:image:width\" content=\"250\" \/>\n\t<meta property=\"og:image:height\" content=\"611\" \/>\n\t<meta property=\"og:image:type\" content=\"image\/png\" \/>\n<meta name=\"twitter:card\" content=\"summary_large_image\" \/>\n<meta name=\"twitter:label1\" content=\"Gesch\u00e4tzte Lesezeit\" \/>\n\t<meta name=\"twitter:data1\" content=\"1\u00a0Minute\" \/>\n<script type=\"application\/ld+json\" class=\"yoast-schema-graph\">{\"@context\":\"https:\\\/\\\/schema.org\",\"@graph\":[{\"@type\":\"WebPage\",\"@id\":\"https:\\\/\\\/elixscent.com\\\/product\\\/ringo-bubble-gum\\\/\",\"url\":\"https:\\\/\\\/elixscent.com\\\/product\\\/ringo-bubble-gum\\\/\",\"name\":\"RINGO Bubble Gum - Polymer air freshener\",\"isPartOf\":{\"@id\":\"https:\\\/\\\/elixscent.com\\\/#website\"},\"primaryImageOfPage\":{\"@id\":\"https:\\\/\\\/elixscent.com\\\/product\\\/ringo-bubble-gum\\\/#primaryimage\"},\"image\":{\"@id\":\"https:\\\/\\\/elixscent.com\\\/product\\\/ringo-bubble-gum\\\/#primaryimage\"},\"thumbnailUrl\":\"https:\\\/\\\/elixscent.com\\\/wp-content\\\/uploads\\\/ringo_bubblegum.png\",\"datePublished\":\"2023-06-16T07:25:11+00:00\",\"dateModified\":\"2024-10-14T11:19:48+00:00\",\"description\":\"With precise fragrance dosing during the injection process, our air fresheners ensure an distribution of scent throughout the material. The result? An exceptional scent experience every time\",\"breadcrumb\":{\"@id\":\"https:\\\/\\\/elixscent.com\\\/product\\\/ringo-bubble-gum\\\/#breadcrumb\"},\"inLanguage\":\"de\",\"potentialAction\":[{\"@type\":\"ReadAction\",\"target\":[\"https:\\\/\\\/elixscent.com\\\/product\\\/ringo-bubble-gum\\\/\"]}]},{\"@type\":\"ImageObject\",\"inLanguage\":\"de\",\"@id\":\"https:\\\/\\\/elixscent.com\\\/product\\\/ringo-bubble-gum\\\/#primaryimage\",\"url\":\"https:\\\/\\\/elixscent.com\\\/wp-content\\\/uploads\\\/ringo_bubblegum.png\",\"contentUrl\":\"https:\\\/\\\/elixscent.com\\\/wp-content\\\/uploads\\\/ringo_bubblegum.png\",\"width\":250,\"height\":611,\"caption\":\"ringo bubblegum\"},{\"@type\":\"BreadcrumbList\",\"@id\":\"https:\\\/\\\/elixscent.com\\\/product\\\/ringo-bubble-gum\\\/#breadcrumb\",\"itemListElement\":[{\"@type\":\"ListItem\",\"position\":1,\"name\":\"Home\",\"item\":\"https:\\\/\\\/elixscent.com\\\/\"},{\"@type\":\"ListItem\",\"position\":2,\"name\":\"Products\",\"item\":\"https:\\\/\\\/elixscent.com\\\/product\\\/\"},{\"@type\":\"ListItem\",\"position\":3,\"name\":\"RINGO Bubble Gum\"}]},{\"@type\":\"WebSite\",\"@id\":\"https:\\\/\\\/elixscent.com\\\/#website\",\"url\":\"https:\\\/\\\/elixscent.com\\\/\",\"name\":\"ELiX EU air fresheners\",\"description\":\"Air &amp; Fabric, Perfectly Fresh\",\"publisher\":{\"@id\":\"https:\\\/\\\/elixscent.com\\\/#organization\"},\"potentialAction\":[{\"@type\":\"SearchAction\",\"target\":{\"@type\":\"EntryPoint\",\"urlTemplate\":\"https:\\\/\\\/elixscent.com\\\/?s={search_term_string}\"},\"query-input\":{\"@type\":\"PropertyValueSpecification\",\"valueRequired\":true,\"valueName\":\"search_term_string\"}}],\"inLanguage\":\"de\"},{\"@type\":\"Organization\",\"@id\":\"https:\\\/\\\/elixscent.com\\\/#organization\",\"name\":\"ELIX air freshener manufacturer\",\"url\":\"https:\\\/\\\/elixscent.com\\\/\",\"logo\":{\"@type\":\"ImageObject\",\"inLanguage\":\"de\",\"@id\":\"https:\\\/\\\/elixscent.com\\\/#\\\/schema\\\/logo\\\/image\\\/\",\"url\":\"https:\\\/\\\/elixscent.com\\\/wp-content\\\/uploads\\\/elix_logo_1.0-_300.jpg\",\"contentUrl\":\"https:\\\/\\\/elixscent.com\\\/wp-content\\\/uploads\\\/elix_logo_1.0-_300.jpg\",\"width\":300,\"height\":257,\"caption\":\"ELIX air freshener manufacturer\"},\"image\":{\"@id\":\"https:\\\/\\\/elixscent.com\\\/#\\\/schema\\\/logo\\\/image\\\/\"},\"sameAs\":[\"https:\\\/\\\/www.linkedin.com\\\/company\\\/30084929\"]}]}<\/script>\n<!-- \/ Yoast SEO Premium plugin. -->","yoast_head_json":{"title":"RINGO Bubble Gum - Polymer Lufterfrischer","description":"Durch pr\u00e4zise Duftdosierung w\u00e4hrend des Einspritzvorgangs sorgen unsere Lufterfrischer f\u00fcr eine Verteilung des Duftes im gesamten Material. Das Ergebnis? Jedes Mal ein au\u00dfergew\u00f6hnliches Dufterlebnis","robots":{"index":"index","follow":"follow","max-snippet":"max-snippet:-1","max-image-preview":"max-image-preview:large","max-video-preview":"max-video-preview:-1"},"canonical":"https:\/\/elixscent.com\/de\/produkt\/ringo-kaugummi\/","og_locale":"de_DE","og_type":"article","og_title":"RINGO Bubble Gum","og_description":"With precise fragrance dosing during the injection process, our air fresheners ensure an distribution of scent throughout the material. The result? An exceptional scent experience every time","og_url":"https:\/\/elixscent.com\/de\/produkt\/ringo-kaugummi\/","og_site_name":"ELiX EU air fresheners","article_modified_time":"2024-10-14T11:19:48+00:00","og_image":[{"width":250,"height":611,"url":"https:\/\/elixscent.com\/wp-content\/uploads\/ringo_bubblegum.png","type":"image\/png"}],"twitter_card":"summary_large_image","twitter_misc":{"Gesch\u00e4tzte Lesezeit":"1\u00a0Minute"},"schema":{"@context":"https:\/\/schema.org","@graph":[{"@type":"WebPage","@id":"https:\/\/elixscent.com\/product\/ringo-bubble-gum\/","url":"https:\/\/elixscent.com\/product\/ringo-bubble-gum\/","name":"RINGO Bubble Gum - Polymer Lufterfrischer","isPartOf":{"@id":"https:\/\/elixscent.com\/#website"},"primaryImageOfPage":{"@id":"https:\/\/elixscent.com\/product\/ringo-bubble-gum\/#primaryimage"},"image":{"@id":"https:\/\/elixscent.com\/product\/ringo-bubble-gum\/#primaryimage"},"thumbnailUrl":"https:\/\/elixscent.com\/wp-content\/uploads\/ringo_bubblegum.png","datePublished":"2023-06-16T07:25:11+00:00","dateModified":"2024-10-14T11:19:48+00:00","description":"Durch pr\u00e4zise Duftdosierung w\u00e4hrend des Einspritzvorgangs sorgen unsere Lufterfrischer f\u00fcr eine Verteilung des Duftes im gesamten Material. Das Ergebnis? Jedes Mal ein au\u00dfergew\u00f6hnliches Dufterlebnis","breadcrumb":{"@id":"https:\/\/elixscent.com\/product\/ringo-bubble-gum\/#breadcrumb"},"inLanguage":"de","potentialAction":[{"@type":"ReadAction","target":["https:\/\/elixscent.com\/product\/ringo-bubble-gum\/"]}]},{"@type":"ImageObject","inLanguage":"de","@id":"https:\/\/elixscent.com\/product\/ringo-bubble-gum\/#primaryimage","url":"https:\/\/elixscent.com\/wp-content\/uploads\/ringo_bubblegum.png","contentUrl":"https:\/\/elixscent.com\/wp-content\/uploads\/ringo_bubblegum.png","width":250,"height":611,"caption":"ringo bubblegum"},{"@type":"BreadcrumbList","@id":"https:\/\/elixscent.com\/product\/ringo-bubble-gum\/#breadcrumb","itemListElement":[{"@type":"ListItem","position":1,"name":"Home","item":"https:\/\/elixscent.com\/"},{"@type":"ListItem","position":2,"name":"Products","item":"https:\/\/elixscent.com\/product\/"},{"@type":"ListItem","position":3,"name":"RINGO Bubble Gum"}]},{"@type":"WebSite","@id":"https:\/\/elixscent.com\/#website","url":"https:\/\/elixscent.com\/","name":"ELiX EU-Lufterfrischer","description":"Luft &amp; Stoff, perfekt frisch","publisher":{"@id":"https:\/\/elixscent.com\/#organization"},"potentialAction":[{"@type":"SearchAction","target":{"@type":"EntryPoint","urlTemplate":"https:\/\/elixscent.com\/?s={search_term_string}"},"query-input":{"@type":"PropertyValueSpecification","valueRequired":true,"valueName":"search_term_string"}}],"inLanguage":"de"},{"@type":"Organization","@id":"https:\/\/elixscent.com\/#organization","name":"ELIX Lufterfrischer Hersteller","url":"https:\/\/elixscent.com\/","logo":{"@type":"ImageObject","inLanguage":"de","@id":"https:\/\/elixscent.com\/#\/schema\/logo\/image\/","url":"https:\/\/elixscent.com\/wp-content\/uploads\/elix_logo_1.0-_300.jpg","contentUrl":"https:\/\/elixscent.com\/wp-content\/uploads\/elix_logo_1.0-_300.jpg","width":300,"height":257,"caption":"ELIX air freshener manufacturer"},"image":{"@id":"https:\/\/elixscent.com\/#\/schema\/logo\/image\/"},"sameAs":["https:\/\/www.linkedin.com\/company\/30084929"]}]}},"_links":{"self":[{"href":"https:\/\/elixscent.com\/de\/wp-json\/wp\/v2\/product\/29439","targetHints":{"allow":["GET"]}}],"collection":[{"href":"https:\/\/elixscent.com\/de\/wp-json\/wp\/v2\/product"}],"about":[{"href":"https:\/\/elixscent.com\/de\/wp-json\/wp\/v2\/types\/product"}],"version-history":[{"count":10,"href":"https:\/\/elixscent.com\/de\/wp-json\/wp\/v2\/product\/29439\/revisions"}],"predecessor-version":[{"id":53234,"href":"https:\/\/elixscent.com\/de\/wp-json\/wp\/v2\/product\/29439\/revisions\/53234"}],"wp:featuredmedia":[{"embeddable":true,"href":"https:\/\/elixscent.com\/de\/wp-json\/wp\/v2\/media\/29440"}],"wp:attachment":[{"href":"https:\/\/elixscent.com\/de\/wp-json\/wp\/v2\/media?parent=29439"}],"curies":[{"name":"wp","href":"https:\/\/api.w.org\/{rel}","templated":true}]}}