{"id":29430,"date":"2023-06-16T07:17:17","date_gmt":"2023-06-16T07:17:17","guid":{"rendered":"https:\/\/elixscent.com\/?post_type=product&#038;p=29430"},"modified":"2024-10-14T11:20:04","modified_gmt":"2024-10-14T11:20:04","slug":"ringo-neuwagen","status":"publish","type":"product","link":"https:\/\/elixscent.com\/de\/product\/ringo-new-car\/","title":{"rendered":"RINGO Neuwagen"},"content":{"rendered":"<p>Erleben Sie jeden Tag das Gef\u00fchl, ein brandneues Auto zu fahren - mit RINGO New Car Scent. RINGO wurde speziell entwickelt, um den frischen, sauberen Duft eines neu gekauften Fahrzeugs zu erzeugen und wird Sie in das berauschende Gef\u00fchl zur\u00fcckversetzen, in ein ausstellungsfrisches Auto zu steigen.<\/p>\n<p>RINGO ist einfach in der Anwendung und diskret im Design, l\u00e4sst sich m\u00fchelos an der L\u00fcftungs\u00f6ffnung Ihres Autos befestigen und verstr\u00f6mt einen lang anhaltenden und gleichm\u00e4\u00dfigen Duft. Jede Fahrt wird zu einem sinnlichen Vergn\u00fcgen, wenn RINGO Ihr Auto mit dem bet\u00f6renden Duft eines frisch gekauften Autos erf\u00fcllt.<\/p>\n<p>Lassen Sie sich von RINGO auf eine Duftreise mitnehmen, bei der Sie sich f\u00fchlen werden, als k\u00e4men Sie gerade vom Parkplatz des Autohauses.<\/p>\n<p><span id=\"span-23-132\" class=\"ct-span oxy-stock-content-styles\"><em>&gt;&gt; Wenn Sie kaufen m\u00f6chten, besuchen Sie bitte unseren Shop:<\/em><\/span>\u00a0<strong><a class=\"_ps2id\" href=\"https:\/\/airfresh24.com\/products\/shop\/ringo\/\" data-ps2id-offset=\"\">www.airfresh24.com<\/a><\/strong><\/p>","protected":false},"featured_media":29431,"parent":0,"menu_order":0,"template":"","class_list":["post-29430","product","type-product","status-publish","has-post-thumbnail","hentry","product_category-ringo"],"acf":[],"yoast_head":"<!-- This site is optimized with the Yoast SEO Premium plugin v27.4 (Yoast SEO v27.4) - https:\/\/yoast.com\/product\/yoast-seo-premium-wordpress\/ -->\n<title>RINGO New Car - Polymer air freshener<\/title>\n<meta name=\"description\" content=\"With precise fragrance dosing during the injection process, our air fresheners ensure an distribution of scent throughout the material. The result? An exceptional scent experience every time\" \/>\n<meta name=\"robots\" content=\"index, follow, max-snippet:-1, max-image-preview:large, max-video-preview:-1\" \/>\n<link rel=\"canonical\" href=\"https:\/\/elixscent.com\/de\/produkt\/ringo-neuwagen\/\" \/>\n<meta property=\"og:locale\" content=\"de_DE\" \/>\n<meta property=\"og:type\" content=\"article\" \/>\n<meta property=\"og:title\" content=\"RINGO New Car\" \/>\n<meta property=\"og:description\" content=\"With precise fragrance dosing during the injection process, our air fresheners ensure an distribution of scent throughout the material. The result? An exceptional scent experience every time\" \/>\n<meta property=\"og:url\" content=\"https:\/\/elixscent.com\/de\/produkt\/ringo-neuwagen\/\" \/>\n<meta property=\"og:site_name\" content=\"ELiX EU air fresheners\" \/>\n<meta property=\"article:modified_time\" content=\"2024-10-14T11:20:04+00:00\" \/>\n<meta property=\"og:image\" content=\"https:\/\/elixscent.com\/wp-content\/uploads\/ringo_newcar-1.png\" \/>\n\t<meta property=\"og:image:width\" content=\"250\" \/>\n\t<meta property=\"og:image:height\" content=\"611\" \/>\n\t<meta property=\"og:image:type\" content=\"image\/png\" \/>\n<meta name=\"twitter:card\" content=\"summary_large_image\" \/>\n<meta name=\"twitter:label1\" content=\"Gesch\u00e4tzte Lesezeit\" \/>\n\t<meta name=\"twitter:data1\" content=\"1\u00a0Minute\" \/>\n<script type=\"application\/ld+json\" class=\"yoast-schema-graph\">{\"@context\":\"https:\\\/\\\/schema.org\",\"@graph\":[{\"@type\":\"WebPage\",\"@id\":\"https:\\\/\\\/elixscent.com\\\/product\\\/ringo-new-car\\\/\",\"url\":\"https:\\\/\\\/elixscent.com\\\/product\\\/ringo-new-car\\\/\",\"name\":\"RINGO New Car - Polymer air freshener\",\"isPartOf\":{\"@id\":\"https:\\\/\\\/elixscent.com\\\/#website\"},\"primaryImageOfPage\":{\"@id\":\"https:\\\/\\\/elixscent.com\\\/product\\\/ringo-new-car\\\/#primaryimage\"},\"image\":{\"@id\":\"https:\\\/\\\/elixscent.com\\\/product\\\/ringo-new-car\\\/#primaryimage\"},\"thumbnailUrl\":\"https:\\\/\\\/elixscent.com\\\/wp-content\\\/uploads\\\/ringo_newcar-1.png\",\"datePublished\":\"2023-06-16T07:17:17+00:00\",\"dateModified\":\"2024-10-14T11:20:04+00:00\",\"description\":\"With precise fragrance dosing during the injection process, our air fresheners ensure an distribution of scent throughout the material. The result? An exceptional scent experience every time\",\"breadcrumb\":{\"@id\":\"https:\\\/\\\/elixscent.com\\\/product\\\/ringo-new-car\\\/#breadcrumb\"},\"inLanguage\":\"de\",\"potentialAction\":[{\"@type\":\"ReadAction\",\"target\":[\"https:\\\/\\\/elixscent.com\\\/product\\\/ringo-new-car\\\/\"]}]},{\"@type\":\"ImageObject\",\"inLanguage\":\"de\",\"@id\":\"https:\\\/\\\/elixscent.com\\\/product\\\/ringo-new-car\\\/#primaryimage\",\"url\":\"https:\\\/\\\/elixscent.com\\\/wp-content\\\/uploads\\\/ringo_newcar-1.png\",\"contentUrl\":\"https:\\\/\\\/elixscent.com\\\/wp-content\\\/uploads\\\/ringo_newcar-1.png\",\"width\":250,\"height\":611,\"caption\":\"ringo newcar 1\"},{\"@type\":\"BreadcrumbList\",\"@id\":\"https:\\\/\\\/elixscent.com\\\/product\\\/ringo-new-car\\\/#breadcrumb\",\"itemListElement\":[{\"@type\":\"ListItem\",\"position\":1,\"name\":\"Home\",\"item\":\"https:\\\/\\\/elixscent.com\\\/\"},{\"@type\":\"ListItem\",\"position\":2,\"name\":\"Products\",\"item\":\"https:\\\/\\\/elixscent.com\\\/product\\\/\"},{\"@type\":\"ListItem\",\"position\":3,\"name\":\"RINGO New Car\"}]},{\"@type\":\"WebSite\",\"@id\":\"https:\\\/\\\/elixscent.com\\\/#website\",\"url\":\"https:\\\/\\\/elixscent.com\\\/\",\"name\":\"ELiX EU air fresheners\",\"description\":\"Air &amp; Fabric, Perfectly Fresh\",\"publisher\":{\"@id\":\"https:\\\/\\\/elixscent.com\\\/#organization\"},\"potentialAction\":[{\"@type\":\"SearchAction\",\"target\":{\"@type\":\"EntryPoint\",\"urlTemplate\":\"https:\\\/\\\/elixscent.com\\\/?s={search_term_string}\"},\"query-input\":{\"@type\":\"PropertyValueSpecification\",\"valueRequired\":true,\"valueName\":\"search_term_string\"}}],\"inLanguage\":\"de\"},{\"@type\":\"Organization\",\"@id\":\"https:\\\/\\\/elixscent.com\\\/#organization\",\"name\":\"ELIX air freshener manufacturer\",\"url\":\"https:\\\/\\\/elixscent.com\\\/\",\"logo\":{\"@type\":\"ImageObject\",\"inLanguage\":\"de\",\"@id\":\"https:\\\/\\\/elixscent.com\\\/#\\\/schema\\\/logo\\\/image\\\/\",\"url\":\"https:\\\/\\\/elixscent.com\\\/wp-content\\\/uploads\\\/elix_logo_1.0-_300.jpg\",\"contentUrl\":\"https:\\\/\\\/elixscent.com\\\/wp-content\\\/uploads\\\/elix_logo_1.0-_300.jpg\",\"width\":300,\"height\":257,\"caption\":\"ELIX air freshener manufacturer\"},\"image\":{\"@id\":\"https:\\\/\\\/elixscent.com\\\/#\\\/schema\\\/logo\\\/image\\\/\"},\"sameAs\":[\"https:\\\/\\\/www.linkedin.com\\\/company\\\/30084929\"]}]}<\/script>\n<!-- \/ Yoast SEO Premium plugin. -->","yoast_head_json":{"title":"RINGO New Car - Polymer Lufterfrischer","description":"Durch pr\u00e4zise Duftdosierung w\u00e4hrend des Einspritzvorgangs sorgen unsere Lufterfrischer f\u00fcr eine Verteilung des Duftes im gesamten Material. Das Ergebnis? Jedes Mal ein au\u00dfergew\u00f6hnliches Dufterlebnis","robots":{"index":"index","follow":"follow","max-snippet":"max-snippet:-1","max-image-preview":"max-image-preview:large","max-video-preview":"max-video-preview:-1"},"canonical":"https:\/\/elixscent.com\/de\/produkt\/ringo-neuwagen\/","og_locale":"de_DE","og_type":"article","og_title":"RINGO New Car","og_description":"With precise fragrance dosing during the injection process, our air fresheners ensure an distribution of scent throughout the material. The result? An exceptional scent experience every time","og_url":"https:\/\/elixscent.com\/de\/produkt\/ringo-neuwagen\/","og_site_name":"ELiX EU air fresheners","article_modified_time":"2024-10-14T11:20:04+00:00","og_image":[{"width":250,"height":611,"url":"https:\/\/elixscent.com\/wp-content\/uploads\/ringo_newcar-1.png","type":"image\/png"}],"twitter_card":"summary_large_image","twitter_misc":{"Gesch\u00e4tzte Lesezeit":"1\u00a0Minute"},"schema":{"@context":"https:\/\/schema.org","@graph":[{"@type":"WebPage","@id":"https:\/\/elixscent.com\/product\/ringo-new-car\/","url":"https:\/\/elixscent.com\/product\/ringo-new-car\/","name":"RINGO New Car - Polymer Lufterfrischer","isPartOf":{"@id":"https:\/\/elixscent.com\/#website"},"primaryImageOfPage":{"@id":"https:\/\/elixscent.com\/product\/ringo-new-car\/#primaryimage"},"image":{"@id":"https:\/\/elixscent.com\/product\/ringo-new-car\/#primaryimage"},"thumbnailUrl":"https:\/\/elixscent.com\/wp-content\/uploads\/ringo_newcar-1.png","datePublished":"2023-06-16T07:17:17+00:00","dateModified":"2024-10-14T11:20:04+00:00","description":"Durch pr\u00e4zise Duftdosierung w\u00e4hrend des Einspritzvorgangs sorgen unsere Lufterfrischer f\u00fcr eine Verteilung des Duftes im gesamten Material. Das Ergebnis? Jedes Mal ein au\u00dfergew\u00f6hnliches Dufterlebnis","breadcrumb":{"@id":"https:\/\/elixscent.com\/product\/ringo-new-car\/#breadcrumb"},"inLanguage":"de","potentialAction":[{"@type":"ReadAction","target":["https:\/\/elixscent.com\/product\/ringo-new-car\/"]}]},{"@type":"ImageObject","inLanguage":"de","@id":"https:\/\/elixscent.com\/product\/ringo-new-car\/#primaryimage","url":"https:\/\/elixscent.com\/wp-content\/uploads\/ringo_newcar-1.png","contentUrl":"https:\/\/elixscent.com\/wp-content\/uploads\/ringo_newcar-1.png","width":250,"height":611,"caption":"ringo newcar 1"},{"@type":"BreadcrumbList","@id":"https:\/\/elixscent.com\/product\/ringo-new-car\/#breadcrumb","itemListElement":[{"@type":"ListItem","position":1,"name":"Home","item":"https:\/\/elixscent.com\/"},{"@type":"ListItem","position":2,"name":"Products","item":"https:\/\/elixscent.com\/product\/"},{"@type":"ListItem","position":3,"name":"RINGO New Car"}]},{"@type":"WebSite","@id":"https:\/\/elixscent.com\/#website","url":"https:\/\/elixscent.com\/","name":"ELiX EU-Lufterfrischer","description":"Luft &amp; Stoff, perfekt frisch","publisher":{"@id":"https:\/\/elixscent.com\/#organization"},"potentialAction":[{"@type":"SearchAction","target":{"@type":"EntryPoint","urlTemplate":"https:\/\/elixscent.com\/?s={search_term_string}"},"query-input":{"@type":"PropertyValueSpecification","valueRequired":true,"valueName":"search_term_string"}}],"inLanguage":"de"},{"@type":"Organization","@id":"https:\/\/elixscent.com\/#organization","name":"ELIX Lufterfrischer Hersteller","url":"https:\/\/elixscent.com\/","logo":{"@type":"ImageObject","inLanguage":"de","@id":"https:\/\/elixscent.com\/#\/schema\/logo\/image\/","url":"https:\/\/elixscent.com\/wp-content\/uploads\/elix_logo_1.0-_300.jpg","contentUrl":"https:\/\/elixscent.com\/wp-content\/uploads\/elix_logo_1.0-_300.jpg","width":300,"height":257,"caption":"ELIX air freshener manufacturer"},"image":{"@id":"https:\/\/elixscent.com\/#\/schema\/logo\/image\/"},"sameAs":["https:\/\/www.linkedin.com\/company\/30084929"]}]}},"_links":{"self":[{"href":"https:\/\/elixscent.com\/de\/wp-json\/wp\/v2\/product\/29430","targetHints":{"allow":["GET"]}}],"collection":[{"href":"https:\/\/elixscent.com\/de\/wp-json\/wp\/v2\/product"}],"about":[{"href":"https:\/\/elixscent.com\/de\/wp-json\/wp\/v2\/types\/product"}],"version-history":[{"count":9,"href":"https:\/\/elixscent.com\/de\/wp-json\/wp\/v2\/product\/29430\/revisions"}],"predecessor-version":[{"id":53236,"href":"https:\/\/elixscent.com\/de\/wp-json\/wp\/v2\/product\/29430\/revisions\/53236"}],"wp:featuredmedia":[{"embeddable":true,"href":"https:\/\/elixscent.com\/de\/wp-json\/wp\/v2\/media\/29431"}],"wp:attachment":[{"href":"https:\/\/elixscent.com\/de\/wp-json\/wp\/v2\/media?parent=29430"}],"curies":[{"name":"wp","href":"https:\/\/api.w.org\/{rel}","templated":true}]}}