{"id":29422,"date":"2023-06-16T07:02:45","date_gmt":"2023-06-16T07:02:45","guid":{"rendered":"https:\/\/elixscent.com\/?post_type=product&#038;p=29422"},"modified":"2024-10-14T11:20:15","modified_gmt":"2024-10-14T11:20:15","slug":"ringo-sandelholz","status":"publish","type":"product","link":"https:\/\/elixscent.com\/de\/product\/ringo-sandalwood\/","title":{"rendered":"RINGO Sandelholz"},"content":{"rendered":"<p>Erleben Sie die Anziehungskraft von Ringo Sandalwood, einem Duft, der Sie in eine bezaubernde Oase der Ruhe entf\u00fchrt. Tauchen Sie ein in die warmen, holzigen Noten von Sandelholz, das f\u00fcr sein reiches und zeitloses Aroma bekannt ist.<\/p>\n<p>Ringo Sandalwood wurde sorgf\u00e4ltig hergestellt, um eine unvergleichliche Sinnesreise zu schaffen.<\/p>\n<p>Mit seinem schlanken und diskreten Design f\u00fcgt sich Ringo m\u00fchelos in jedes Fahrzeuginterieur ein und verleiht Ihrem Fahrerlebnis einen Hauch von Eleganz. Befestigen Sie ihn einfach an der L\u00fcftungs\u00f6ffnung Ihres Autos und lassen Sie den bet\u00f6renden Duft in die Luft str\u00f6men, der jede Autofahrt zu einem angenehmen Erlebnis macht.<\/p>\n<p>Tauchen Sie ein in den bet\u00f6renden Duft von Ringo Sandelholz und entdecken Sie die perfekte Balance zwischen Natur und Luxus.<\/p>\n<p><span id=\"span-23-132\" class=\"ct-span oxy-stock-content-styles\"><em>&gt;&gt; Wenn Sie kaufen m\u00f6chten, besuchen Sie bitte unseren Shop:<\/em><\/span> <a class=\"_ps2id\" href=\"https:\/\/airfresh24.com\/products\/shop\/ringo\/\" data-ps2id-offset=\"\"><strong>www.airfresh24.com<\/strong><\/a><\/p>","protected":false},"featured_media":29423,"parent":0,"menu_order":0,"template":"","class_list":["post-29422","product","type-product","status-publish","has-post-thumbnail","hentry","product_category-ringo"],"acf":[],"yoast_head":"<!-- This site is optimized with the Yoast SEO Premium plugin v27.4 (Yoast SEO v27.4) - https:\/\/yoast.com\/product\/yoast-seo-premium-wordpress\/ -->\n<title>RINGO Sandalwood - Polymer air freshener<\/title>\n<meta name=\"description\" content=\"With precise fragrance dosing during the injection process, our air fresheners ensure an distribution of scent throughout the material. The result? An exceptional scent experience every time\" \/>\n<meta name=\"robots\" content=\"index, follow, max-snippet:-1, max-image-preview:large, max-video-preview:-1\" \/>\n<link rel=\"canonical\" href=\"https:\/\/elixscent.com\/de\/produkt\/ringo-sandelholz\/\" \/>\n<meta property=\"og:locale\" content=\"de_DE\" \/>\n<meta property=\"og:type\" content=\"article\" \/>\n<meta property=\"og:title\" content=\"RINGO Sandalwood\" \/>\n<meta property=\"og:description\" content=\"With precise fragrance dosing during the injection process, our air fresheners ensure an distribution of scent throughout the material. The result? An exceptional scent experience every time\" \/>\n<meta property=\"og:url\" content=\"https:\/\/elixscent.com\/de\/produkt\/ringo-sandelholz\/\" \/>\n<meta property=\"og:site_name\" content=\"ELiX EU air fresheners\" \/>\n<meta property=\"article:modified_time\" content=\"2024-10-14T11:20:15+00:00\" \/>\n<meta property=\"og:image\" content=\"https:\/\/elixscent.com\/wp-content\/uploads\/ringo_sandalwood.png\" \/>\n\t<meta property=\"og:image:width\" content=\"250\" \/>\n\t<meta property=\"og:image:height\" content=\"611\" \/>\n\t<meta property=\"og:image:type\" content=\"image\/png\" \/>\n<meta name=\"twitter:card\" content=\"summary_large_image\" \/>\n<meta name=\"twitter:label1\" content=\"Gesch\u00e4tzte Lesezeit\" \/>\n\t<meta name=\"twitter:data1\" content=\"1\u00a0Minute\" \/>\n<script type=\"application\/ld+json\" class=\"yoast-schema-graph\">{\"@context\":\"https:\\\/\\\/schema.org\",\"@graph\":[{\"@type\":\"WebPage\",\"@id\":\"https:\\\/\\\/elixscent.com\\\/product\\\/ringo-sandalwood\\\/\",\"url\":\"https:\\\/\\\/elixscent.com\\\/product\\\/ringo-sandalwood\\\/\",\"name\":\"RINGO Sandalwood - Polymer air freshener\",\"isPartOf\":{\"@id\":\"https:\\\/\\\/elixscent.com\\\/#website\"},\"primaryImageOfPage\":{\"@id\":\"https:\\\/\\\/elixscent.com\\\/product\\\/ringo-sandalwood\\\/#primaryimage\"},\"image\":{\"@id\":\"https:\\\/\\\/elixscent.com\\\/product\\\/ringo-sandalwood\\\/#primaryimage\"},\"thumbnailUrl\":\"https:\\\/\\\/elixscent.com\\\/wp-content\\\/uploads\\\/ringo_sandalwood.png\",\"datePublished\":\"2023-06-16T07:02:45+00:00\",\"dateModified\":\"2024-10-14T11:20:15+00:00\",\"description\":\"With precise fragrance dosing during the injection process, our air fresheners ensure an distribution of scent throughout the material. The result? An exceptional scent experience every time\",\"breadcrumb\":{\"@id\":\"https:\\\/\\\/elixscent.com\\\/product\\\/ringo-sandalwood\\\/#breadcrumb\"},\"inLanguage\":\"de\",\"potentialAction\":[{\"@type\":\"ReadAction\",\"target\":[\"https:\\\/\\\/elixscent.com\\\/product\\\/ringo-sandalwood\\\/\"]}]},{\"@type\":\"ImageObject\",\"inLanguage\":\"de\",\"@id\":\"https:\\\/\\\/elixscent.com\\\/product\\\/ringo-sandalwood\\\/#primaryimage\",\"url\":\"https:\\\/\\\/elixscent.com\\\/wp-content\\\/uploads\\\/ringo_sandalwood.png\",\"contentUrl\":\"https:\\\/\\\/elixscent.com\\\/wp-content\\\/uploads\\\/ringo_sandalwood.png\",\"width\":250,\"height\":611,\"caption\":\"ringo sandalwood\"},{\"@type\":\"BreadcrumbList\",\"@id\":\"https:\\\/\\\/elixscent.com\\\/product\\\/ringo-sandalwood\\\/#breadcrumb\",\"itemListElement\":[{\"@type\":\"ListItem\",\"position\":1,\"name\":\"Home\",\"item\":\"https:\\\/\\\/elixscent.com\\\/\"},{\"@type\":\"ListItem\",\"position\":2,\"name\":\"Products\",\"item\":\"https:\\\/\\\/elixscent.com\\\/product\\\/\"},{\"@type\":\"ListItem\",\"position\":3,\"name\":\"RINGO Sandalwood\"}]},{\"@type\":\"WebSite\",\"@id\":\"https:\\\/\\\/elixscent.com\\\/#website\",\"url\":\"https:\\\/\\\/elixscent.com\\\/\",\"name\":\"ELiX EU air fresheners\",\"description\":\"Air &amp; Fabric, Perfectly Fresh\",\"publisher\":{\"@id\":\"https:\\\/\\\/elixscent.com\\\/#organization\"},\"potentialAction\":[{\"@type\":\"SearchAction\",\"target\":{\"@type\":\"EntryPoint\",\"urlTemplate\":\"https:\\\/\\\/elixscent.com\\\/?s={search_term_string}\"},\"query-input\":{\"@type\":\"PropertyValueSpecification\",\"valueRequired\":true,\"valueName\":\"search_term_string\"}}],\"inLanguage\":\"de\"},{\"@type\":\"Organization\",\"@id\":\"https:\\\/\\\/elixscent.com\\\/#organization\",\"name\":\"ELIX air freshener manufacturer\",\"url\":\"https:\\\/\\\/elixscent.com\\\/\",\"logo\":{\"@type\":\"ImageObject\",\"inLanguage\":\"de\",\"@id\":\"https:\\\/\\\/elixscent.com\\\/#\\\/schema\\\/logo\\\/image\\\/\",\"url\":\"https:\\\/\\\/elixscent.com\\\/wp-content\\\/uploads\\\/elix_logo_1.0-_300.jpg\",\"contentUrl\":\"https:\\\/\\\/elixscent.com\\\/wp-content\\\/uploads\\\/elix_logo_1.0-_300.jpg\",\"width\":300,\"height\":257,\"caption\":\"ELIX air freshener manufacturer\"},\"image\":{\"@id\":\"https:\\\/\\\/elixscent.com\\\/#\\\/schema\\\/logo\\\/image\\\/\"},\"sameAs\":[\"https:\\\/\\\/www.linkedin.com\\\/company\\\/30084929\"]}]}<\/script>\n<!-- \/ Yoast SEO Premium plugin. -->","yoast_head_json":{"title":"RINGO Sandelholz - Polymer Lufterfrischer","description":"Durch pr\u00e4zise Duftdosierung w\u00e4hrend des Einspritzvorgangs sorgen unsere Lufterfrischer f\u00fcr eine Verteilung des Duftes im gesamten Material. Das Ergebnis? Jedes Mal ein au\u00dfergew\u00f6hnliches Dufterlebnis","robots":{"index":"index","follow":"follow","max-snippet":"max-snippet:-1","max-image-preview":"max-image-preview:large","max-video-preview":"max-video-preview:-1"},"canonical":"https:\/\/elixscent.com\/de\/produkt\/ringo-sandelholz\/","og_locale":"de_DE","og_type":"article","og_title":"RINGO Sandalwood","og_description":"With precise fragrance dosing during the injection process, our air fresheners ensure an distribution of scent throughout the material. The result? An exceptional scent experience every time","og_url":"https:\/\/elixscent.com\/de\/produkt\/ringo-sandelholz\/","og_site_name":"ELiX EU air fresheners","article_modified_time":"2024-10-14T11:20:15+00:00","og_image":[{"width":250,"height":611,"url":"https:\/\/elixscent.com\/wp-content\/uploads\/ringo_sandalwood.png","type":"image\/png"}],"twitter_card":"summary_large_image","twitter_misc":{"Gesch\u00e4tzte Lesezeit":"1\u00a0Minute"},"schema":{"@context":"https:\/\/schema.org","@graph":[{"@type":"WebPage","@id":"https:\/\/elixscent.com\/product\/ringo-sandalwood\/","url":"https:\/\/elixscent.com\/product\/ringo-sandalwood\/","name":"RINGO Sandelholz - Polymer Lufterfrischer","isPartOf":{"@id":"https:\/\/elixscent.com\/#website"},"primaryImageOfPage":{"@id":"https:\/\/elixscent.com\/product\/ringo-sandalwood\/#primaryimage"},"image":{"@id":"https:\/\/elixscent.com\/product\/ringo-sandalwood\/#primaryimage"},"thumbnailUrl":"https:\/\/elixscent.com\/wp-content\/uploads\/ringo_sandalwood.png","datePublished":"2023-06-16T07:02:45+00:00","dateModified":"2024-10-14T11:20:15+00:00","description":"Durch pr\u00e4zise Duftdosierung w\u00e4hrend des Einspritzvorgangs sorgen unsere Lufterfrischer f\u00fcr eine Verteilung des Duftes im gesamten Material. Das Ergebnis? Jedes Mal ein au\u00dfergew\u00f6hnliches Dufterlebnis","breadcrumb":{"@id":"https:\/\/elixscent.com\/product\/ringo-sandalwood\/#breadcrumb"},"inLanguage":"de","potentialAction":[{"@type":"ReadAction","target":["https:\/\/elixscent.com\/product\/ringo-sandalwood\/"]}]},{"@type":"ImageObject","inLanguage":"de","@id":"https:\/\/elixscent.com\/product\/ringo-sandalwood\/#primaryimage","url":"https:\/\/elixscent.com\/wp-content\/uploads\/ringo_sandalwood.png","contentUrl":"https:\/\/elixscent.com\/wp-content\/uploads\/ringo_sandalwood.png","width":250,"height":611,"caption":"ringo sandalwood"},{"@type":"BreadcrumbList","@id":"https:\/\/elixscent.com\/product\/ringo-sandalwood\/#breadcrumb","itemListElement":[{"@type":"ListItem","position":1,"name":"Home","item":"https:\/\/elixscent.com\/"},{"@type":"ListItem","position":2,"name":"Products","item":"https:\/\/elixscent.com\/product\/"},{"@type":"ListItem","position":3,"name":"RINGO Sandalwood"}]},{"@type":"WebSite","@id":"https:\/\/elixscent.com\/#website","url":"https:\/\/elixscent.com\/","name":"ELiX EU-Lufterfrischer","description":"Luft &amp; Stoff, perfekt frisch","publisher":{"@id":"https:\/\/elixscent.com\/#organization"},"potentialAction":[{"@type":"SearchAction","target":{"@type":"EntryPoint","urlTemplate":"https:\/\/elixscent.com\/?s={search_term_string}"},"query-input":{"@type":"PropertyValueSpecification","valueRequired":true,"valueName":"search_term_string"}}],"inLanguage":"de"},{"@type":"Organization","@id":"https:\/\/elixscent.com\/#organization","name":"ELIX Lufterfrischer Hersteller","url":"https:\/\/elixscent.com\/","logo":{"@type":"ImageObject","inLanguage":"de","@id":"https:\/\/elixscent.com\/#\/schema\/logo\/image\/","url":"https:\/\/elixscent.com\/wp-content\/uploads\/elix_logo_1.0-_300.jpg","contentUrl":"https:\/\/elixscent.com\/wp-content\/uploads\/elix_logo_1.0-_300.jpg","width":300,"height":257,"caption":"ELIX air freshener manufacturer"},"image":{"@id":"https:\/\/elixscent.com\/#\/schema\/logo\/image\/"},"sameAs":["https:\/\/www.linkedin.com\/company\/30084929"]}]}},"_links":{"self":[{"href":"https:\/\/elixscent.com\/de\/wp-json\/wp\/v2\/product\/29422","targetHints":{"allow":["GET"]}}],"collection":[{"href":"https:\/\/elixscent.com\/de\/wp-json\/wp\/v2\/product"}],"about":[{"href":"https:\/\/elixscent.com\/de\/wp-json\/wp\/v2\/types\/product"}],"version-history":[{"count":10,"href":"https:\/\/elixscent.com\/de\/wp-json\/wp\/v2\/product\/29422\/revisions"}],"predecessor-version":[{"id":53238,"href":"https:\/\/elixscent.com\/de\/wp-json\/wp\/v2\/product\/29422\/revisions\/53238"}],"wp:featuredmedia":[{"embeddable":true,"href":"https:\/\/elixscent.com\/de\/wp-json\/wp\/v2\/media\/29423"}],"wp:attachment":[{"href":"https:\/\/elixscent.com\/de\/wp-json\/wp\/v2\/media?parent=29422"}],"curies":[{"name":"wp","href":"https:\/\/api.w.org\/{rel}","templated":true}]}}