{"id":28600,"date":"2023-01-19T08:41:45","date_gmt":"2023-01-19T08:41:45","guid":{"rendered":"https:\/\/elixscent.com\/?post_type=product&#038;p=28600"},"modified":"2024-10-14T13:32:58","modified_gmt":"2024-10-14T13:32:58","slug":"saldo-300","status":"publish","type":"product","link":"https:\/\/elixscent.com\/de\/product\/balance-300\/","title":{"rendered":"Relaxeen Balance 300"},"content":{"rendered":"<p><span id=\"span-23-132\" class=\"ct-span oxy-stock-content-styles\">Erstaunlich blumige Sammlung, so lebendig und colorfull wie Sie auf der Verpackung sehen k\u00f6nnen, sind D\u00fcfte im Inneren! Stark und lang anhaltend, sehr frisch, blumig und wiesenartig Produkte werden sch\u00f6ne Erinnerungen in Ihrem Raum zu schaffen!<\/span><\/p>\n<p><span id=\"span-23-132\" class=\"ct-span oxy-stock-content-styles\"><em>&gt;&gt; Wenn Sie kaufen m\u00f6chten, besuchen Sie bitte unseren Shop:<\/em> <a class=\"_ps2id\" href=\"https:\/\/airfresh24.com\/products\/shop\/relaxeen\/\" data-ps2id-offset=\"\"><strong>www.airfresh24.com<\/strong><\/a><\/span><\/p>","protected":false},"featured_media":28597,"parent":0,"menu_order":0,"template":"","class_list":["post-28600","product","type-product","status-publish","has-post-thumbnail","hentry","product_category-relaxeen-300"],"acf":[],"yoast_head":"<!-- This site is optimized with the Yoast SEO Premium plugin v27.2 (Yoast SEO v27.4) - https:\/\/yoast.com\/product\/yoast-seo-premium-wordpress\/ -->\n<title>Relaxeen Balance 300 - ELiX EU air fresheners<\/title>\n<meta name=\"description\" content=\"The only such air freshener on the market, truly natural, containing plant extracts, which will make you feel like in a real garden\" \/>\n<meta name=\"robots\" content=\"index, follow, max-snippet:-1, max-image-preview:large, max-video-preview:-1\" \/>\n<link rel=\"canonical\" href=\"https:\/\/elixscent.com\/de\/produkt\/saldo-300\/\" \/>\n<meta property=\"og:locale\" content=\"de_DE\" \/>\n<meta property=\"og:type\" content=\"article\" \/>\n<meta property=\"og:title\" content=\"Relaxeen Balance 300\" \/>\n<meta property=\"og:description\" content=\"The only such air freshener on the market, truly natural, containing plant extracts, which will make you feel like in a real garden\" \/>\n<meta property=\"og:url\" content=\"https:\/\/elixscent.com\/de\/produkt\/saldo-300\/\" \/>\n<meta property=\"og:site_name\" content=\"ELiX EU air fresheners\" \/>\n<meta property=\"article:modified_time\" content=\"2024-10-14T13:32:58+00:00\" \/>\n<meta property=\"og:image\" content=\"https:\/\/elixscent.com\/wp-content\/uploads\/Relaxeen_ENG_balance_2.0.png\" \/>\n\t<meta property=\"og:image:width\" content=\"175\" \/>\n\t<meta property=\"og:image:height\" content=\"623\" \/>\n\t<meta property=\"og:image:type\" content=\"image\/png\" \/>\n<meta name=\"twitter:card\" content=\"summary_large_image\" \/>\n<meta name=\"twitter:label1\" content=\"Gesch\u00e4tzte Lesezeit\" \/>\n\t<meta name=\"twitter:data1\" content=\"1\u00a0Minute\" \/>\n<script type=\"application\/ld+json\" class=\"yoast-schema-graph\">{\"@context\":\"https:\\\/\\\/schema.org\",\"@graph\":[{\"@type\":\"WebPage\",\"@id\":\"https:\\\/\\\/elixscent.com\\\/product\\\/balance-300\\\/\",\"url\":\"https:\\\/\\\/elixscent.com\\\/product\\\/balance-300\\\/\",\"name\":\"Relaxeen Balance 300 - ELiX EU air fresheners\",\"isPartOf\":{\"@id\":\"https:\\\/\\\/elixscent.com\\\/#website\"},\"primaryImageOfPage\":{\"@id\":\"https:\\\/\\\/elixscent.com\\\/product\\\/balance-300\\\/#primaryimage\"},\"image\":{\"@id\":\"https:\\\/\\\/elixscent.com\\\/product\\\/balance-300\\\/#primaryimage\"},\"thumbnailUrl\":\"https:\\\/\\\/elixscent.com\\\/wp-content\\\/uploads\\\/Relaxeen_ENG_balance_2.0.png\",\"datePublished\":\"2023-01-19T08:41:45+00:00\",\"dateModified\":\"2024-10-14T13:32:58+00:00\",\"description\":\"The only such air freshener on the market, truly natural, containing plant extracts, which will make you feel like in a real garden\",\"breadcrumb\":{\"@id\":\"https:\\\/\\\/elixscent.com\\\/product\\\/balance-300\\\/#breadcrumb\"},\"inLanguage\":\"de\",\"potentialAction\":[{\"@type\":\"ReadAction\",\"target\":[\"https:\\\/\\\/elixscent.com\\\/product\\\/balance-300\\\/\"]}]},{\"@type\":\"ImageObject\",\"inLanguage\":\"de\",\"@id\":\"https:\\\/\\\/elixscent.com\\\/product\\\/balance-300\\\/#primaryimage\",\"url\":\"https:\\\/\\\/elixscent.com\\\/wp-content\\\/uploads\\\/Relaxeen_ENG_balance_2.0.png\",\"contentUrl\":\"https:\\\/\\\/elixscent.com\\\/wp-content\\\/uploads\\\/Relaxeen_ENG_balance_2.0.png\",\"width\":175,\"height\":623,\"caption\":\"aromatic Balance natural air freshener\"},{\"@type\":\"BreadcrumbList\",\"@id\":\"https:\\\/\\\/elixscent.com\\\/product\\\/balance-300\\\/#breadcrumb\",\"itemListElement\":[{\"@type\":\"ListItem\",\"position\":1,\"name\":\"Home\",\"item\":\"https:\\\/\\\/elixscent.com\\\/\"},{\"@type\":\"ListItem\",\"position\":2,\"name\":\"Products\",\"item\":\"https:\\\/\\\/elixscent.com\\\/product\\\/\"},{\"@type\":\"ListItem\",\"position\":3,\"name\":\"SPRAY AIR FRESHENERS\",\"item\":\"https:\\\/\\\/elixscent.com\\\/product-category\\\/air-spray\\\/\"},{\"@type\":\"ListItem\",\"position\":4,\"name\":\"Relaxeen 300\",\"item\":\"https:\\\/\\\/elixscent.com\\\/product-category\\\/relaxeen-300\\\/\"},{\"@type\":\"ListItem\",\"position\":5,\"name\":\"Relaxeen Balance 300\"}]},{\"@type\":\"WebSite\",\"@id\":\"https:\\\/\\\/elixscent.com\\\/#website\",\"url\":\"https:\\\/\\\/elixscent.com\\\/\",\"name\":\"ELiX EU air fresheners\",\"description\":\"Air &amp; Fabric, Perfectly Fresh\",\"publisher\":{\"@id\":\"https:\\\/\\\/elixscent.com\\\/#organization\"},\"potentialAction\":[{\"@type\":\"SearchAction\",\"target\":{\"@type\":\"EntryPoint\",\"urlTemplate\":\"https:\\\/\\\/elixscent.com\\\/?s={search_term_string}\"},\"query-input\":{\"@type\":\"PropertyValueSpecification\",\"valueRequired\":true,\"valueName\":\"search_term_string\"}}],\"inLanguage\":\"de\"},{\"@type\":\"Organization\",\"@id\":\"https:\\\/\\\/elixscent.com\\\/#organization\",\"name\":\"ELIX air freshener manufacturer\",\"url\":\"https:\\\/\\\/elixscent.com\\\/\",\"logo\":{\"@type\":\"ImageObject\",\"inLanguage\":\"de\",\"@id\":\"https:\\\/\\\/elixscent.com\\\/#\\\/schema\\\/logo\\\/image\\\/\",\"url\":\"https:\\\/\\\/elixscent.com\\\/wp-content\\\/uploads\\\/elix_logo_1.0-_300.jpg\",\"contentUrl\":\"https:\\\/\\\/elixscent.com\\\/wp-content\\\/uploads\\\/elix_logo_1.0-_300.jpg\",\"width\":300,\"height\":257,\"caption\":\"ELIX air freshener manufacturer\"},\"image\":{\"@id\":\"https:\\\/\\\/elixscent.com\\\/#\\\/schema\\\/logo\\\/image\\\/\"},\"sameAs\":[\"https:\\\/\\\/www.linkedin.com\\\/company\\\/30084929\"]}]}<\/script>\n<!-- \/ Yoast SEO Premium plugin. -->","yoast_head_json":{"title":"Relaxeen Balance 300 - ELiX EU Lufterfrischer","description":"Der einzige Lufterfrischer auf dem Markt, der wirklich nat\u00fcrlich ist und Pflanzenextrakte enth\u00e4lt, so dass Sie sich wie in einem echten Garten f\u00fchlen werden","robots":{"index":"index","follow":"follow","max-snippet":"max-snippet:-1","max-image-preview":"max-image-preview:large","max-video-preview":"max-video-preview:-1"},"canonical":"https:\/\/elixscent.com\/de\/produkt\/saldo-300\/","og_locale":"de_DE","og_type":"article","og_title":"Relaxeen Balance 300","og_description":"The only such air freshener on the market, truly natural, containing plant extracts, which will make you feel like in a real garden","og_url":"https:\/\/elixscent.com\/de\/produkt\/saldo-300\/","og_site_name":"ELiX EU air fresheners","article_modified_time":"2024-10-14T13:32:58+00:00","og_image":[{"width":175,"height":623,"url":"https:\/\/elixscent.com\/wp-content\/uploads\/Relaxeen_ENG_balance_2.0.png","type":"image\/png"}],"twitter_card":"summary_large_image","twitter_misc":{"Gesch\u00e4tzte Lesezeit":"1\u00a0Minute"},"schema":{"@context":"https:\/\/schema.org","@graph":[{"@type":"WebPage","@id":"https:\/\/elixscent.com\/product\/balance-300\/","url":"https:\/\/elixscent.com\/product\/balance-300\/","name":"Relaxeen Balance 300 - ELiX EU Lufterfrischer","isPartOf":{"@id":"https:\/\/elixscent.com\/#website"},"primaryImageOfPage":{"@id":"https:\/\/elixscent.com\/product\/balance-300\/#primaryimage"},"image":{"@id":"https:\/\/elixscent.com\/product\/balance-300\/#primaryimage"},"thumbnailUrl":"https:\/\/elixscent.com\/wp-content\/uploads\/Relaxeen_ENG_balance_2.0.png","datePublished":"2023-01-19T08:41:45+00:00","dateModified":"2024-10-14T13:32:58+00:00","description":"Der einzige Lufterfrischer auf dem Markt, der wirklich nat\u00fcrlich ist und Pflanzenextrakte enth\u00e4lt, so dass Sie sich wie in einem echten Garten f\u00fchlen werden","breadcrumb":{"@id":"https:\/\/elixscent.com\/product\/balance-300\/#breadcrumb"},"inLanguage":"de","potentialAction":[{"@type":"ReadAction","target":["https:\/\/elixscent.com\/product\/balance-300\/"]}]},{"@type":"ImageObject","inLanguage":"de","@id":"https:\/\/elixscent.com\/product\/balance-300\/#primaryimage","url":"https:\/\/elixscent.com\/wp-content\/uploads\/Relaxeen_ENG_balance_2.0.png","contentUrl":"https:\/\/elixscent.com\/wp-content\/uploads\/Relaxeen_ENG_balance_2.0.png","width":175,"height":623,"caption":"aromatic Balance natural air freshener"},{"@type":"BreadcrumbList","@id":"https:\/\/elixscent.com\/product\/balance-300\/#breadcrumb","itemListElement":[{"@type":"ListItem","position":1,"name":"Home","item":"https:\/\/elixscent.com\/"},{"@type":"ListItem","position":2,"name":"Products","item":"https:\/\/elixscent.com\/product\/"},{"@type":"ListItem","position":3,"name":"SPRAY AIR FRESHENERS","item":"https:\/\/elixscent.com\/product-category\/air-spray\/"},{"@type":"ListItem","position":4,"name":"Relaxeen 300","item":"https:\/\/elixscent.com\/product-category\/relaxeen-300\/"},{"@type":"ListItem","position":5,"name":"Relaxeen Balance 300"}]},{"@type":"WebSite","@id":"https:\/\/elixscent.com\/#website","url":"https:\/\/elixscent.com\/","name":"ELiX EU-Lufterfrischer","description":"Luft &amp; Stoff, perfekt frisch","publisher":{"@id":"https:\/\/elixscent.com\/#organization"},"potentialAction":[{"@type":"SearchAction","target":{"@type":"EntryPoint","urlTemplate":"https:\/\/elixscent.com\/?s={search_term_string}"},"query-input":{"@type":"PropertyValueSpecification","valueRequired":true,"valueName":"search_term_string"}}],"inLanguage":"de"},{"@type":"Organization","@id":"https:\/\/elixscent.com\/#organization","name":"ELIX Lufterfrischer Hersteller","url":"https:\/\/elixscent.com\/","logo":{"@type":"ImageObject","inLanguage":"de","@id":"https:\/\/elixscent.com\/#\/schema\/logo\/image\/","url":"https:\/\/elixscent.com\/wp-content\/uploads\/elix_logo_1.0-_300.jpg","contentUrl":"https:\/\/elixscent.com\/wp-content\/uploads\/elix_logo_1.0-_300.jpg","width":300,"height":257,"caption":"ELIX air freshener manufacturer"},"image":{"@id":"https:\/\/elixscent.com\/#\/schema\/logo\/image\/"},"sameAs":["https:\/\/www.linkedin.com\/company\/30084929"]}]}},"_links":{"self":[{"href":"https:\/\/elixscent.com\/de\/wp-json\/wp\/v2\/product\/28600","targetHints":{"allow":["GET"]}}],"collection":[{"href":"https:\/\/elixscent.com\/de\/wp-json\/wp\/v2\/product"}],"about":[{"href":"https:\/\/elixscent.com\/de\/wp-json\/wp\/v2\/types\/product"}],"version-history":[{"count":9,"href":"https:\/\/elixscent.com\/de\/wp-json\/wp\/v2\/product\/28600\/revisions"}],"predecessor-version":[{"id":53405,"href":"https:\/\/elixscent.com\/de\/wp-json\/wp\/v2\/product\/28600\/revisions\/53405"}],"wp:featuredmedia":[{"embeddable":true,"href":"https:\/\/elixscent.com\/de\/wp-json\/wp\/v2\/media\/28597"}],"wp:attachment":[{"href":"https:\/\/elixscent.com\/de\/wp-json\/wp\/v2\/media?parent=28600"}],"curies":[{"name":"wp","href":"https:\/\/api.w.org\/{rel}","templated":true}]}}