{"id":28446,"date":"2022-12-15T10:39:40","date_gmt":"2022-12-15T10:39:40","guid":{"rendered":"https:\/\/elixscent.com\/?post_type=product&#038;p=28446"},"modified":"2026-03-02T08:07:11","modified_gmt":"2026-03-02T08:07:11","slug":"hp-leder","status":"publish","type":"product","link":"https:\/\/elixscent.com\/de\/product\/hp-leather\/","title":{"rendered":"Home Parf\u00fcm Leder &amp; Tuberose"},"content":{"rendered":"<p><em>Einfach, gro\u00df und stilvoll...!<\/em><\/p>\n<p>Der Duft von <em><strong>Leder &amp; Tuberose<\/strong><\/em> verleiht Ihrem Raum eine frische, elegante und neblige Ausstrahlung, so lange <em><strong>125 ml<\/strong><\/em> Kapazit\u00e4t wird dauern! In diesem Duft perfekte Mischung aus Apfel, Orange und zarten Zimt, aber vor allem erstaunliche Kraft der Tuberose machen Sie anders \u00fcberrascht jedes Mal, wenn Sie den Raum betreten.<\/p>\n<p>H\u00fcbsch verpackt, perfekt als Geschenk oder als kleine Aufmerksamkeit f\u00fcr sich selbst!<br \/>\nMinimalistisches Produktdesign, das in jeden Raum und in jedes Haus passt!<\/p>\n<p><span id=\"span-23-132\" class=\"ct-span oxy-stock-content-styles\"><em>&gt;&gt; Wenn Sie kaufen m\u00f6chten, besuchen Sie bitte unseren Shop:<\/em> <a class=\"_ps2id\" href=\"https:\/\/airfresh24.com\/products\/shop\/home-perfume-125\/\" data-ps2id-offset=\"\"><strong>www.airfresh24.com<\/strong><\/a><\/span><\/p>","protected":false},"featured_media":28457,"parent":0,"menu_order":0,"template":"","class_list":["post-28446","product","type-product","status-publish","has-post-thumbnail","hentry","product_category-hp","product_category-home"],"acf":[],"yoast_head":"<!-- This site is optimized with the Yoast SEO Premium plugin v27.2 (Yoast SEO v27.4) - https:\/\/yoast.com\/product\/yoast-seo-premium-wordpress\/ -->\n<title>Home Perfume Leather &amp; Tuberose | ELiX Scent<\/title>\n<meta name=\"description\" content=\"Bold and refined \u2013 Home Perfume by ELiX combines deep leather notes with floral tuberose for a luxurious home fragrance.\" \/>\n<meta name=\"robots\" content=\"index, follow, max-snippet:-1, max-image-preview:large, max-video-preview:-1\" \/>\n<link rel=\"canonical\" href=\"https:\/\/elixscent.com\/de\/produkt\/hp-leder\/\" \/>\n<meta property=\"og:locale\" content=\"de_DE\" \/>\n<meta property=\"og:type\" content=\"article\" \/>\n<meta property=\"og:title\" content=\"Home Perfume Leather &amp; Tuberose\" \/>\n<meta property=\"og:description\" content=\"Bold and refined \u2013 Home Perfume by ELiX combines deep leather notes with floral tuberose for a luxurious home fragrance.\" \/>\n<meta property=\"og:url\" content=\"https:\/\/elixscent.com\/de\/produkt\/hp-leder\/\" \/>\n<meta property=\"og:site_name\" content=\"ELiX EU air fresheners\" \/>\n<meta property=\"article:modified_time\" content=\"2026-03-02T08:07:11+00:00\" \/>\n<meta property=\"og:image\" content=\"https:\/\/elixscent.com\/wp-content\/uploads\/Reed-Diffuser-Leather-Tuberose-480-1.png\" \/>\n\t<meta property=\"og:image:width\" content=\"500\" \/>\n\t<meta property=\"og:image:height\" content=\"600\" \/>\n\t<meta property=\"og:image:type\" content=\"image\/png\" \/>\n<meta name=\"twitter:card\" content=\"summary_large_image\" \/>\n<meta name=\"twitter:label1\" content=\"Gesch\u00e4tzte Lesezeit\" \/>\n\t<meta name=\"twitter:data1\" content=\"1\u00a0Minute\" \/>\n<script type=\"application\/ld+json\" class=\"yoast-schema-graph\">{\"@context\":\"https:\\\/\\\/schema.org\",\"@graph\":[{\"@type\":\"WebPage\",\"@id\":\"https:\\\/\\\/elixscent.com\\\/product\\\/hp-leather\\\/\",\"url\":\"https:\\\/\\\/elixscent.com\\\/product\\\/hp-leather\\\/\",\"name\":\"Home Perfume Leather & Tuberose | ELiX Scent\",\"isPartOf\":{\"@id\":\"https:\\\/\\\/elixscent.com\\\/#website\"},\"primaryImageOfPage\":{\"@id\":\"https:\\\/\\\/elixscent.com\\\/product\\\/hp-leather\\\/#primaryimage\"},\"image\":{\"@id\":\"https:\\\/\\\/elixscent.com\\\/product\\\/hp-leather\\\/#primaryimage\"},\"thumbnailUrl\":\"https:\\\/\\\/elixscent.com\\\/wp-content\\\/uploads\\\/Reed-Diffuser-Leather-Tuberose-480-1.png\",\"datePublished\":\"2022-12-15T10:39:40+00:00\",\"dateModified\":\"2026-03-02T08:07:11+00:00\",\"description\":\"Bold and refined \u2013 Home Perfume by ELiX combines deep leather notes with floral tuberose for a luxurious home fragrance.\",\"breadcrumb\":{\"@id\":\"https:\\\/\\\/elixscent.com\\\/product\\\/hp-leather\\\/#breadcrumb\"},\"inLanguage\":\"de\",\"potentialAction\":[{\"@type\":\"ReadAction\",\"target\":[\"https:\\\/\\\/elixscent.com\\\/product\\\/hp-leather\\\/\"]}]},{\"@type\":\"ImageObject\",\"inLanguage\":\"de\",\"@id\":\"https:\\\/\\\/elixscent.com\\\/product\\\/hp-leather\\\/#primaryimage\",\"url\":\"https:\\\/\\\/elixscent.com\\\/wp-content\\\/uploads\\\/Reed-Diffuser-Leather-Tuberose-480-1.png\",\"contentUrl\":\"https:\\\/\\\/elixscent.com\\\/wp-content\\\/uploads\\\/Reed-Diffuser-Leather-Tuberose-480-1.png\",\"width\":500,\"height\":600,\"caption\":\"Reed Diffuser Leather Tuberose 480 1\"},{\"@type\":\"BreadcrumbList\",\"@id\":\"https:\\\/\\\/elixscent.com\\\/product\\\/hp-leather\\\/#breadcrumb\",\"itemListElement\":[{\"@type\":\"ListItem\",\"position\":1,\"name\":\"Home\",\"item\":\"https:\\\/\\\/elixscent.com\\\/\"},{\"@type\":\"ListItem\",\"position\":2,\"name\":\"Products\",\"item\":\"https:\\\/\\\/elixscent.com\\\/product\\\/\"},{\"@type\":\"ListItem\",\"position\":3,\"name\":\"HOME PERFUME\",\"item\":\"https:\\\/\\\/elixscent.com\\\/product-category\\\/home\\\/\"},{\"@type\":\"ListItem\",\"position\":4,\"name\":\"Home Perfume Leather &#038; Tuberose\"}]},{\"@type\":\"WebSite\",\"@id\":\"https:\\\/\\\/elixscent.com\\\/#website\",\"url\":\"https:\\\/\\\/elixscent.com\\\/\",\"name\":\"ELiX EU air fresheners\",\"description\":\"Air &amp; Fabric, Perfectly Fresh\",\"publisher\":{\"@id\":\"https:\\\/\\\/elixscent.com\\\/#organization\"},\"potentialAction\":[{\"@type\":\"SearchAction\",\"target\":{\"@type\":\"EntryPoint\",\"urlTemplate\":\"https:\\\/\\\/elixscent.com\\\/?s={search_term_string}\"},\"query-input\":{\"@type\":\"PropertyValueSpecification\",\"valueRequired\":true,\"valueName\":\"search_term_string\"}}],\"inLanguage\":\"de\"},{\"@type\":\"Organization\",\"@id\":\"https:\\\/\\\/elixscent.com\\\/#organization\",\"name\":\"ELIX air freshener manufacturer\",\"url\":\"https:\\\/\\\/elixscent.com\\\/\",\"logo\":{\"@type\":\"ImageObject\",\"inLanguage\":\"de\",\"@id\":\"https:\\\/\\\/elixscent.com\\\/#\\\/schema\\\/logo\\\/image\\\/\",\"url\":\"https:\\\/\\\/elixscent.com\\\/wp-content\\\/uploads\\\/elix_logo_1.0-_300.jpg\",\"contentUrl\":\"https:\\\/\\\/elixscent.com\\\/wp-content\\\/uploads\\\/elix_logo_1.0-_300.jpg\",\"width\":300,\"height\":257,\"caption\":\"ELIX air freshener manufacturer\"},\"image\":{\"@id\":\"https:\\\/\\\/elixscent.com\\\/#\\\/schema\\\/logo\\\/image\\\/\"},\"sameAs\":[\"https:\\\/\\\/www.linkedin.com\\\/company\\\/30084929\"]}]}<\/script>\n<!-- \/ Yoast SEO Premium plugin. -->","yoast_head_json":{"title":"Home Parf\u00fcm Leder &amp; Tuberose | ELiX Scent","description":"K\u00fchn und raffiniert - Home Perfume von ELiX kombiniert tiefe Ledernoten mit blumiger Tuberose zu einem luxuri\u00f6sen Heimduft.","robots":{"index":"index","follow":"follow","max-snippet":"max-snippet:-1","max-image-preview":"max-image-preview:large","max-video-preview":"max-video-preview:-1"},"canonical":"https:\/\/elixscent.com\/de\/produkt\/hp-leder\/","og_locale":"de_DE","og_type":"article","og_title":"Home Perfume Leather & Tuberose","og_description":"Bold and refined \u2013 Home Perfume by ELiX combines deep leather notes with floral tuberose for a luxurious home fragrance.","og_url":"https:\/\/elixscent.com\/de\/produkt\/hp-leder\/","og_site_name":"ELiX EU air fresheners","article_modified_time":"2026-03-02T08:07:11+00:00","og_image":[{"width":500,"height":600,"url":"https:\/\/elixscent.com\/wp-content\/uploads\/Reed-Diffuser-Leather-Tuberose-480-1.png","type":"image\/png"}],"twitter_card":"summary_large_image","twitter_misc":{"Gesch\u00e4tzte Lesezeit":"1\u00a0Minute"},"schema":{"@context":"https:\/\/schema.org","@graph":[{"@type":"WebPage","@id":"https:\/\/elixscent.com\/product\/hp-leather\/","url":"https:\/\/elixscent.com\/product\/hp-leather\/","name":"Home Parf\u00fcm Leder &amp; Tuberose | ELiX Scent","isPartOf":{"@id":"https:\/\/elixscent.com\/#website"},"primaryImageOfPage":{"@id":"https:\/\/elixscent.com\/product\/hp-leather\/#primaryimage"},"image":{"@id":"https:\/\/elixscent.com\/product\/hp-leather\/#primaryimage"},"thumbnailUrl":"https:\/\/elixscent.com\/wp-content\/uploads\/Reed-Diffuser-Leather-Tuberose-480-1.png","datePublished":"2022-12-15T10:39:40+00:00","dateModified":"2026-03-02T08:07:11+00:00","description":"K\u00fchn und raffiniert - Home Perfume von ELiX kombiniert tiefe Ledernoten mit blumiger Tuberose zu einem luxuri\u00f6sen Heimduft.","breadcrumb":{"@id":"https:\/\/elixscent.com\/product\/hp-leather\/#breadcrumb"},"inLanguage":"de","potentialAction":[{"@type":"ReadAction","target":["https:\/\/elixscent.com\/product\/hp-leather\/"]}]},{"@type":"ImageObject","inLanguage":"de","@id":"https:\/\/elixscent.com\/product\/hp-leather\/#primaryimage","url":"https:\/\/elixscent.com\/wp-content\/uploads\/Reed-Diffuser-Leather-Tuberose-480-1.png","contentUrl":"https:\/\/elixscent.com\/wp-content\/uploads\/Reed-Diffuser-Leather-Tuberose-480-1.png","width":500,"height":600,"caption":"Reed Diffuser Leather Tuberose 480 1"},{"@type":"BreadcrumbList","@id":"https:\/\/elixscent.com\/product\/hp-leather\/#breadcrumb","itemListElement":[{"@type":"ListItem","position":1,"name":"Home","item":"https:\/\/elixscent.com\/"},{"@type":"ListItem","position":2,"name":"Products","item":"https:\/\/elixscent.com\/product\/"},{"@type":"ListItem","position":3,"name":"HOME PERFUME","item":"https:\/\/elixscent.com\/product-category\/home\/"},{"@type":"ListItem","position":4,"name":"Home Perfume Leather &#038; Tuberose"}]},{"@type":"WebSite","@id":"https:\/\/elixscent.com\/#website","url":"https:\/\/elixscent.com\/","name":"ELiX EU-Lufterfrischer","description":"Luft &amp; Stoff, perfekt frisch","publisher":{"@id":"https:\/\/elixscent.com\/#organization"},"potentialAction":[{"@type":"SearchAction","target":{"@type":"EntryPoint","urlTemplate":"https:\/\/elixscent.com\/?s={search_term_string}"},"query-input":{"@type":"PropertyValueSpecification","valueRequired":true,"valueName":"search_term_string"}}],"inLanguage":"de"},{"@type":"Organization","@id":"https:\/\/elixscent.com\/#organization","name":"ELIX Lufterfrischer Hersteller","url":"https:\/\/elixscent.com\/","logo":{"@type":"ImageObject","inLanguage":"de","@id":"https:\/\/elixscent.com\/#\/schema\/logo\/image\/","url":"https:\/\/elixscent.com\/wp-content\/uploads\/elix_logo_1.0-_300.jpg","contentUrl":"https:\/\/elixscent.com\/wp-content\/uploads\/elix_logo_1.0-_300.jpg","width":300,"height":257,"caption":"ELIX air freshener manufacturer"},"image":{"@id":"https:\/\/elixscent.com\/#\/schema\/logo\/image\/"},"sameAs":["https:\/\/www.linkedin.com\/company\/30084929"]}]}},"_links":{"self":[{"href":"https:\/\/elixscent.com\/de\/wp-json\/wp\/v2\/product\/28446","targetHints":{"allow":["GET"]}}],"collection":[{"href":"https:\/\/elixscent.com\/de\/wp-json\/wp\/v2\/product"}],"about":[{"href":"https:\/\/elixscent.com\/de\/wp-json\/wp\/v2\/types\/product"}],"version-history":[{"count":12,"href":"https:\/\/elixscent.com\/de\/wp-json\/wp\/v2\/product\/28446\/revisions"}],"predecessor-version":[{"id":60750,"href":"https:\/\/elixscent.com\/de\/wp-json\/wp\/v2\/product\/28446\/revisions\/60750"}],"wp:featuredmedia":[{"embeddable":true,"href":"https:\/\/elixscent.com\/de\/wp-json\/wp\/v2\/media\/28457"}],"wp:attachment":[{"href":"https:\/\/elixscent.com\/de\/wp-json\/wp\/v2\/media?parent=28446"}],"curies":[{"name":"wp","href":"https:\/\/api.w.org\/{rel}","templated":true}]}}