{"id":26751,"date":"2022-08-12T10:28:07","date_gmt":"2022-08-12T10:28:07","guid":{"rendered":"https:\/\/elixscent.com\/?post_type=product&#038;p=26751"},"modified":"2023-02-08T10:47:45","modified_gmt":"2023-02-08T10:47:45","slug":"bio-vanille-sandelholz-hangend","status":"publish","type":"product","link":"https:\/\/elixscent.com\/de\/product\/organic-hanging-vanilla-sandalwood\/","title":{"rendered":"ORGANIC h\u00e4ngend Vanille &amp; Sandelholz"},"content":{"rendered":"","protected":false},"featured_media":26753,"parent":0,"menu_order":6,"template":"","class_list":["post-26751","product","type-product","status-publish","has-post-thumbnail","hentry","product_category-organic-h","product_category-organic"],"acf":[],"yoast_head":"<!-- This site is optimized with the Yoast SEO Premium plugin v27.2 (Yoast SEO v27.4) - https:\/\/yoast.com\/product\/yoast-seo-premium-wordpress\/ -->\n<title>ORGANIC hanging Vanilla &amp; Sandalwood car air freshener by ELiX<\/title>\n<meta name=\"description\" content=\"Wood soaked in a special fragrance composition. Air freshener known and tested for years. Now in an improved version\" \/>\n<meta name=\"robots\" content=\"index, follow, max-snippet:-1, max-image-preview:large, max-video-preview:-1\" \/>\n<link rel=\"canonical\" href=\"https:\/\/elixscent.com\/de\/produkt\/bio-vanille-sandelholz-hangend\/\" \/>\n<meta property=\"og:locale\" content=\"de_DE\" \/>\n<meta property=\"og:type\" content=\"article\" \/>\n<meta property=\"og:title\" content=\"ORGANIC hanging Vanilla &amp; Sandalwood\" \/>\n<meta property=\"og:description\" content=\"Wood soaked in a special fragrance composition. Air freshener known and tested for years. Now in an improved version\" \/>\n<meta property=\"og:url\" content=\"https:\/\/elixscent.com\/de\/produkt\/bio-vanille-sandelholz-hangend\/\" \/>\n<meta property=\"og:site_name\" content=\"ELiX EU air fresheners\" \/>\n<meta property=\"article:modified_time\" content=\"2023-02-08T10:47:45+00:00\" \/>\n<meta property=\"og:image\" content=\"https:\/\/elixscent.com\/wp-content\/uploads\/organicheadder_vanillasandalwood_1.0-1.png\" \/>\n\t<meta property=\"og:image:width\" content=\"230\" \/>\n\t<meta property=\"og:image:height\" content=\"556\" \/>\n\t<meta property=\"og:image:type\" content=\"image\/png\" \/>\n<meta name=\"twitter:card\" content=\"summary_large_image\" \/>\n<script type=\"application\/ld+json\" class=\"yoast-schema-graph\">{\"@context\":\"https:\\\/\\\/schema.org\",\"@graph\":[{\"@type\":\"WebPage\",\"@id\":\"https:\\\/\\\/elixscent.com\\\/product\\\/organic-hanging-vanilla-sandalwood\\\/\",\"url\":\"https:\\\/\\\/elixscent.com\\\/product\\\/organic-hanging-vanilla-sandalwood\\\/\",\"name\":\"ORGANIC hanging Vanilla & Sandalwood car air freshener by ELiX\",\"isPartOf\":{\"@id\":\"https:\\\/\\\/elixscent.com\\\/#website\"},\"primaryImageOfPage\":{\"@id\":\"https:\\\/\\\/elixscent.com\\\/product\\\/organic-hanging-vanilla-sandalwood\\\/#primaryimage\"},\"image\":{\"@id\":\"https:\\\/\\\/elixscent.com\\\/product\\\/organic-hanging-vanilla-sandalwood\\\/#primaryimage\"},\"thumbnailUrl\":\"https:\\\/\\\/elixscent.com\\\/wp-content\\\/uploads\\\/organicheadder_vanillasandalwood_1.0-1.png\",\"datePublished\":\"2022-08-12T10:28:07+00:00\",\"dateModified\":\"2023-02-08T10:47:45+00:00\",\"description\":\"Wood soaked in a special fragrance composition. Air freshener known and tested for years. Now in an improved version\",\"breadcrumb\":{\"@id\":\"https:\\\/\\\/elixscent.com\\\/product\\\/organic-hanging-vanilla-sandalwood\\\/#breadcrumb\"},\"inLanguage\":\"de\",\"potentialAction\":[{\"@type\":\"ReadAction\",\"target\":[\"https:\\\/\\\/elixscent.com\\\/product\\\/organic-hanging-vanilla-sandalwood\\\/\"]}]},{\"@type\":\"ImageObject\",\"inLanguage\":\"de\",\"@id\":\"https:\\\/\\\/elixscent.com\\\/product\\\/organic-hanging-vanilla-sandalwood\\\/#primaryimage\",\"url\":\"https:\\\/\\\/elixscent.com\\\/wp-content\\\/uploads\\\/organicheadder_vanillasandalwood_1.0-1.png\",\"contentUrl\":\"https:\\\/\\\/elixscent.com\\\/wp-content\\\/uploads\\\/organicheadder_vanillasandalwood_1.0-1.png\",\"width\":230,\"height\":556,\"caption\":\"organicheadder vanillasandalwood 1.0 1\"},{\"@type\":\"BreadcrumbList\",\"@id\":\"https:\\\/\\\/elixscent.com\\\/product\\\/organic-hanging-vanilla-sandalwood\\\/#breadcrumb\",\"itemListElement\":[{\"@type\":\"ListItem\",\"position\":1,\"name\":\"Home\",\"item\":\"https:\\\/\\\/elixscent.com\\\/\"},{\"@type\":\"ListItem\",\"position\":2,\"name\":\"Products\",\"item\":\"https:\\\/\\\/elixscent.com\\\/product\\\/\"},{\"@type\":\"ListItem\",\"position\":3,\"name\":\"ORGANIC\",\"item\":\"https:\\\/\\\/elixscent.com\\\/product-category\\\/organic\\\/\"},{\"@type\":\"ListItem\",\"position\":4,\"name\":\"ORGANIC hanging Vanilla &#038; Sandalwood\"}]},{\"@type\":\"WebSite\",\"@id\":\"https:\\\/\\\/elixscent.com\\\/#website\",\"url\":\"https:\\\/\\\/elixscent.com\\\/\",\"name\":\"ELiX EU air fresheners\",\"description\":\"Air &amp; Fabric, Perfectly Fresh\",\"publisher\":{\"@id\":\"https:\\\/\\\/elixscent.com\\\/#organization\"},\"potentialAction\":[{\"@type\":\"SearchAction\",\"target\":{\"@type\":\"EntryPoint\",\"urlTemplate\":\"https:\\\/\\\/elixscent.com\\\/?s={search_term_string}\"},\"query-input\":{\"@type\":\"PropertyValueSpecification\",\"valueRequired\":true,\"valueName\":\"search_term_string\"}}],\"inLanguage\":\"de\"},{\"@type\":\"Organization\",\"@id\":\"https:\\\/\\\/elixscent.com\\\/#organization\",\"name\":\"ELIX air freshener manufacturer\",\"url\":\"https:\\\/\\\/elixscent.com\\\/\",\"logo\":{\"@type\":\"ImageObject\",\"inLanguage\":\"de\",\"@id\":\"https:\\\/\\\/elixscent.com\\\/#\\\/schema\\\/logo\\\/image\\\/\",\"url\":\"https:\\\/\\\/elixscent.com\\\/wp-content\\\/uploads\\\/elix_logo_1.0-_300.jpg\",\"contentUrl\":\"https:\\\/\\\/elixscent.com\\\/wp-content\\\/uploads\\\/elix_logo_1.0-_300.jpg\",\"width\":300,\"height\":257,\"caption\":\"ELIX air freshener manufacturer\"},\"image\":{\"@id\":\"https:\\\/\\\/elixscent.com\\\/#\\\/schema\\\/logo\\\/image\\\/\"},\"sameAs\":[\"https:\\\/\\\/www.linkedin.com\\\/company\\\/30084929\"]}]}<\/script>\n<!-- \/ Yoast SEO Premium plugin. -->","yoast_head_json":{"title":"ORGANIC h\u00e4ngend Vanille &amp; Sandelholz Auto-Lufterfrischer von ELiX","description":"Holz, getr\u00e4nkt mit einer speziellen Duftkomposition. Ein seit Jahren bekannter und bew\u00e4hrter Lufterfrischer. Jetzt in einer verbesserten Version","robots":{"index":"index","follow":"follow","max-snippet":"max-snippet:-1","max-image-preview":"max-image-preview:large","max-video-preview":"max-video-preview:-1"},"canonical":"https:\/\/elixscent.com\/de\/produkt\/bio-vanille-sandelholz-hangend\/","og_locale":"de_DE","og_type":"article","og_title":"ORGANIC hanging Vanilla & Sandalwood","og_description":"Wood soaked in a special fragrance composition. Air freshener known and tested for years. Now in an improved version","og_url":"https:\/\/elixscent.com\/de\/produkt\/bio-vanille-sandelholz-hangend\/","og_site_name":"ELiX EU air fresheners","article_modified_time":"2023-02-08T10:47:45+00:00","og_image":[{"width":230,"height":556,"url":"https:\/\/elixscent.com\/wp-content\/uploads\/organicheadder_vanillasandalwood_1.0-1.png","type":"image\/png"}],"twitter_card":"summary_large_image","schema":{"@context":"https:\/\/schema.org","@graph":[{"@type":"WebPage","@id":"https:\/\/elixscent.com\/product\/organic-hanging-vanilla-sandalwood\/","url":"https:\/\/elixscent.com\/product\/organic-hanging-vanilla-sandalwood\/","name":"ORGANIC h\u00e4ngend Vanille &amp; Sandelholz Auto-Lufterfrischer von ELiX","isPartOf":{"@id":"https:\/\/elixscent.com\/#website"},"primaryImageOfPage":{"@id":"https:\/\/elixscent.com\/product\/organic-hanging-vanilla-sandalwood\/#primaryimage"},"image":{"@id":"https:\/\/elixscent.com\/product\/organic-hanging-vanilla-sandalwood\/#primaryimage"},"thumbnailUrl":"https:\/\/elixscent.com\/wp-content\/uploads\/organicheadder_vanillasandalwood_1.0-1.png","datePublished":"2022-08-12T10:28:07+00:00","dateModified":"2023-02-08T10:47:45+00:00","description":"Holz, getr\u00e4nkt mit einer speziellen Duftkomposition. Ein seit Jahren bekannter und bew\u00e4hrter Lufterfrischer. Jetzt in einer verbesserten Version","breadcrumb":{"@id":"https:\/\/elixscent.com\/product\/organic-hanging-vanilla-sandalwood\/#breadcrumb"},"inLanguage":"de","potentialAction":[{"@type":"ReadAction","target":["https:\/\/elixscent.com\/product\/organic-hanging-vanilla-sandalwood\/"]}]},{"@type":"ImageObject","inLanguage":"de","@id":"https:\/\/elixscent.com\/product\/organic-hanging-vanilla-sandalwood\/#primaryimage","url":"https:\/\/elixscent.com\/wp-content\/uploads\/organicheadder_vanillasandalwood_1.0-1.png","contentUrl":"https:\/\/elixscent.com\/wp-content\/uploads\/organicheadder_vanillasandalwood_1.0-1.png","width":230,"height":556,"caption":"organicheadder vanillasandalwood 1.0 1"},{"@type":"BreadcrumbList","@id":"https:\/\/elixscent.com\/product\/organic-hanging-vanilla-sandalwood\/#breadcrumb","itemListElement":[{"@type":"ListItem","position":1,"name":"Home","item":"https:\/\/elixscent.com\/"},{"@type":"ListItem","position":2,"name":"Products","item":"https:\/\/elixscent.com\/product\/"},{"@type":"ListItem","position":3,"name":"ORGANIC","item":"https:\/\/elixscent.com\/product-category\/organic\/"},{"@type":"ListItem","position":4,"name":"ORGANIC hanging Vanilla &#038; Sandalwood"}]},{"@type":"WebSite","@id":"https:\/\/elixscent.com\/#website","url":"https:\/\/elixscent.com\/","name":"ELiX EU-Lufterfrischer","description":"Luft &amp; Stoff, perfekt frisch","publisher":{"@id":"https:\/\/elixscent.com\/#organization"},"potentialAction":[{"@type":"SearchAction","target":{"@type":"EntryPoint","urlTemplate":"https:\/\/elixscent.com\/?s={search_term_string}"},"query-input":{"@type":"PropertyValueSpecification","valueRequired":true,"valueName":"search_term_string"}}],"inLanguage":"de"},{"@type":"Organization","@id":"https:\/\/elixscent.com\/#organization","name":"ELIX Lufterfrischer Hersteller","url":"https:\/\/elixscent.com\/","logo":{"@type":"ImageObject","inLanguage":"de","@id":"https:\/\/elixscent.com\/#\/schema\/logo\/image\/","url":"https:\/\/elixscent.com\/wp-content\/uploads\/elix_logo_1.0-_300.jpg","contentUrl":"https:\/\/elixscent.com\/wp-content\/uploads\/elix_logo_1.0-_300.jpg","width":300,"height":257,"caption":"ELIX air freshener manufacturer"},"image":{"@id":"https:\/\/elixscent.com\/#\/schema\/logo\/image\/"},"sameAs":["https:\/\/www.linkedin.com\/company\/30084929"]}]}},"_links":{"self":[{"href":"https:\/\/elixscent.com\/de\/wp-json\/wp\/v2\/product\/26751","targetHints":{"allow":["GET"]}}],"collection":[{"href":"https:\/\/elixscent.com\/de\/wp-json\/wp\/v2\/product"}],"about":[{"href":"https:\/\/elixscent.com\/de\/wp-json\/wp\/v2\/types\/product"}],"version-history":[{"count":6,"href":"https:\/\/elixscent.com\/de\/wp-json\/wp\/v2\/product\/26751\/revisions"}],"predecessor-version":[{"id":28754,"href":"https:\/\/elixscent.com\/de\/wp-json\/wp\/v2\/product\/26751\/revisions\/28754"}],"wp:featuredmedia":[{"embeddable":true,"href":"https:\/\/elixscent.com\/de\/wp-json\/wp\/v2\/media\/26753"}],"wp:attachment":[{"href":"https:\/\/elixscent.com\/de\/wp-json\/wp\/v2\/media?parent=26751"}],"curies":[{"name":"wp","href":"https:\/\/api.w.org\/{rel}","templated":true}]}}