{"id":26421,"date":"2022-08-11T10:00:17","date_gmt":"2022-08-11T10:00:17","guid":{"rendered":"https:\/\/elixscent.com\/?post_type=product&#038;p=26421"},"modified":"2024-10-15T09:53:51","modified_gmt":"2024-10-15T09:53:51","slug":"duftverstarker-flussig-garten-pur","status":"publish","type":"product","link":"https:\/\/elixscent.com\/de\/product\/scent-booster-liquid-pure-garden\/","title":{"rendered":"In-Wash SCENT BOOSTER fl\u00fcssig Pure Garden"},"content":{"rendered":"<p><strong>Anleitung zur Verwendung in einer Waschmaschine:<\/strong> Sch\u00fctteln Sie das Parf\u00fcm und geben Sie es in die Weichsp\u00fclerschublade. Verwenden Sie Waschmittel. Verwenden Sie Weichsp\u00fcler f\u00fcr einen Weichsp\u00fcleffekt. Die empfohlene Dosis ist 1 volle Kappe. Maximal 2 Kappen pro Waschgang verwenden. <strong>Handw\u00e4sche:<\/strong> Gie\u00dfen Sie 1 bis 2 Tassen in 5 Liter Wasser, sp\u00fclen Sie die W\u00e4sche und lassen Sie sie einige Minuten lang im parf\u00fcmierten Wasser liegen. Warnung: Gie\u00dfen Sie die Fl\u00fcssigkeit nicht direkt auf die W\u00e4sche und verwenden Sie sie nicht im W\u00e4schetrockner. Nicht essen. An einem trockenen Ort bei 15-25\u00b0C aufbewahren.<\/p>\n<p><span id=\"span-23-132\" class=\"ct-span oxy-stock-content-styles\"><em>&gt;&gt; Wenn Sie kaufen m\u00f6chten, besuchen Sie bitte unseren Shop:<\/em> <a class=\"_ps2id\" href=\"https:\/\/airfresh24.com\/products\/shop\/scent-booster-perfume\/\" data-ps2id-offset=\"\"><strong>www.airfresh24.com<\/strong><\/a><\/span><\/p>","protected":false},"featured_media":26422,"parent":0,"menu_order":30,"template":"","class_list":["post-26421","product","type-product","status-publish","has-post-thumbnail","hentry","product_category-booster-liquid","product_category-laundry"],"acf":[],"yoast_head":"<!-- This site is optimized with the Yoast SEO Premium plugin v27.2 (Yoast SEO v27.4) - https:\/\/yoast.com\/product\/yoast-seo-premium-wordpress\/ -->\n<title>In-Wash SCENT BOOSTER liquid Pure Garden perfume<\/title>\n<meta name=\"description\" content=\"Laundry Perfume. A fragrance booster that will transform your daily life by giving a long-lasting natural fragrance to your clothes\" \/>\n<meta name=\"robots\" content=\"index, follow, max-snippet:-1, max-image-preview:large, max-video-preview:-1\" \/>\n<link rel=\"canonical\" href=\"https:\/\/elixscent.com\/de\/produkt\/duftverstarker-flussig-garten-pur\/\" \/>\n<meta property=\"og:locale\" content=\"de_DE\" \/>\n<meta property=\"og:type\" content=\"article\" \/>\n<meta property=\"og:title\" content=\"In-Wash SCENT BOOSTER liquid Pure Garden\" \/>\n<meta property=\"og:description\" content=\"Laundry Perfume. A fragrance booster that will transform your daily life by giving a long-lasting natural fragrance to your clothes\" \/>\n<meta property=\"og:url\" content=\"https:\/\/elixscent.com\/de\/produkt\/duftverstarker-flussig-garten-pur\/\" \/>\n<meta property=\"og:site_name\" content=\"ELiX EU air fresheners\" \/>\n<meta property=\"article:modified_time\" content=\"2024-10-15T09:53:51+00:00\" \/>\n<meta property=\"og:image\" content=\"https:\/\/elixscent.com\/wp-content\/uploads\/inwash250_garden_2.0.png\" \/>\n\t<meta property=\"og:image:width\" content=\"240\" \/>\n\t<meta property=\"og:image:height\" content=\"520\" \/>\n\t<meta property=\"og:image:type\" content=\"image\/png\" \/>\n<meta name=\"twitter:card\" content=\"summary_large_image\" \/>\n<meta name=\"twitter:label1\" content=\"Gesch\u00e4tzte Lesezeit\" \/>\n\t<meta name=\"twitter:data1\" content=\"1\u00a0Minute\" \/>\n<script type=\"application\/ld+json\" class=\"yoast-schema-graph\">{\"@context\":\"https:\\\/\\\/schema.org\",\"@graph\":[{\"@type\":\"WebPage\",\"@id\":\"https:\\\/\\\/elixscent.com\\\/product\\\/scent-booster-liquid-pure-garden\\\/\",\"url\":\"https:\\\/\\\/elixscent.com\\\/product\\\/scent-booster-liquid-pure-garden\\\/\",\"name\":\"In-Wash SCENT BOOSTER liquid Pure Garden perfume\",\"isPartOf\":{\"@id\":\"https:\\\/\\\/elixscent.com\\\/#website\"},\"primaryImageOfPage\":{\"@id\":\"https:\\\/\\\/elixscent.com\\\/product\\\/scent-booster-liquid-pure-garden\\\/#primaryimage\"},\"image\":{\"@id\":\"https:\\\/\\\/elixscent.com\\\/product\\\/scent-booster-liquid-pure-garden\\\/#primaryimage\"},\"thumbnailUrl\":\"https:\\\/\\\/elixscent.com\\\/wp-content\\\/uploads\\\/inwash250_garden_2.0.png\",\"datePublished\":\"2022-08-11T10:00:17+00:00\",\"dateModified\":\"2024-10-15T09:53:51+00:00\",\"description\":\"Laundry Perfume. A fragrance booster that will transform your daily life by giving a long-lasting natural fragrance to your clothes\",\"breadcrumb\":{\"@id\":\"https:\\\/\\\/elixscent.com\\\/product\\\/scent-booster-liquid-pure-garden\\\/#breadcrumb\"},\"inLanguage\":\"de\",\"potentialAction\":[{\"@type\":\"ReadAction\",\"target\":[\"https:\\\/\\\/elixscent.com\\\/product\\\/scent-booster-liquid-pure-garden\\\/\"]}]},{\"@type\":\"ImageObject\",\"inLanguage\":\"de\",\"@id\":\"https:\\\/\\\/elixscent.com\\\/product\\\/scent-booster-liquid-pure-garden\\\/#primaryimage\",\"url\":\"https:\\\/\\\/elixscent.com\\\/wp-content\\\/uploads\\\/inwash250_garden_2.0.png\",\"contentUrl\":\"https:\\\/\\\/elixscent.com\\\/wp-content\\\/uploads\\\/inwash250_garden_2.0.png\",\"width\":240,\"height\":520,\"caption\":\"inwash250 garden 2.0\"},{\"@type\":\"BreadcrumbList\",\"@id\":\"https:\\\/\\\/elixscent.com\\\/product\\\/scent-booster-liquid-pure-garden\\\/#breadcrumb\",\"itemListElement\":[{\"@type\":\"ListItem\",\"position\":1,\"name\":\"Home\",\"item\":\"https:\\\/\\\/elixscent.com\\\/\"},{\"@type\":\"ListItem\",\"position\":2,\"name\":\"Products\",\"item\":\"https:\\\/\\\/elixscent.com\\\/product\\\/\"},{\"@type\":\"ListItem\",\"position\":3,\"name\":\"IN-WASH SCENT BOOSTER\",\"item\":\"https:\\\/\\\/elixscent.com\\\/product-category\\\/laundry\\\/\"},{\"@type\":\"ListItem\",\"position\":4,\"name\":\"In-Wash scent booster liquid\",\"item\":\"https:\\\/\\\/elixscent.com\\\/product-category\\\/booster-liquid\\\/\"},{\"@type\":\"ListItem\",\"position\":5,\"name\":\"In-Wash SCENT BOOSTER liquid Pure Garden\"}]},{\"@type\":\"WebSite\",\"@id\":\"https:\\\/\\\/elixscent.com\\\/#website\",\"url\":\"https:\\\/\\\/elixscent.com\\\/\",\"name\":\"ELiX EU air fresheners\",\"description\":\"Air &amp; Fabric, Perfectly Fresh\",\"publisher\":{\"@id\":\"https:\\\/\\\/elixscent.com\\\/#organization\"},\"potentialAction\":[{\"@type\":\"SearchAction\",\"target\":{\"@type\":\"EntryPoint\",\"urlTemplate\":\"https:\\\/\\\/elixscent.com\\\/?s={search_term_string}\"},\"query-input\":{\"@type\":\"PropertyValueSpecification\",\"valueRequired\":true,\"valueName\":\"search_term_string\"}}],\"inLanguage\":\"de\"},{\"@type\":\"Organization\",\"@id\":\"https:\\\/\\\/elixscent.com\\\/#organization\",\"name\":\"ELIX air freshener manufacturer\",\"url\":\"https:\\\/\\\/elixscent.com\\\/\",\"logo\":{\"@type\":\"ImageObject\",\"inLanguage\":\"de\",\"@id\":\"https:\\\/\\\/elixscent.com\\\/#\\\/schema\\\/logo\\\/image\\\/\",\"url\":\"https:\\\/\\\/elixscent.com\\\/wp-content\\\/uploads\\\/elix_logo_1.0-_300.jpg\",\"contentUrl\":\"https:\\\/\\\/elixscent.com\\\/wp-content\\\/uploads\\\/elix_logo_1.0-_300.jpg\",\"width\":300,\"height\":257,\"caption\":\"ELIX air freshener manufacturer\"},\"image\":{\"@id\":\"https:\\\/\\\/elixscent.com\\\/#\\\/schema\\\/logo\\\/image\\\/\"},\"sameAs\":[\"https:\\\/\\\/www.linkedin.com\\\/company\\\/30084929\"]}]}<\/script>\n<!-- \/ Yoast SEO Premium plugin. -->","yoast_head_json":{"title":"In-Wash SCENT BOOSTER fl\u00fcssig Pure Garden Parf\u00fcm","description":"W\u00e4sche-Parf\u00fcm. Ein Duftverst\u00e4rker, der Ihr t\u00e4gliches Leben ver\u00e4ndern wird, indem er Ihrer Kleidung einen lang anhaltenden nat\u00fcrlichen Duft verleiht","robots":{"index":"index","follow":"follow","max-snippet":"max-snippet:-1","max-image-preview":"max-image-preview:large","max-video-preview":"max-video-preview:-1"},"canonical":"https:\/\/elixscent.com\/de\/produkt\/duftverstarker-flussig-garten-pur\/","og_locale":"de_DE","og_type":"article","og_title":"In-Wash SCENT BOOSTER liquid Pure Garden","og_description":"Laundry Perfume. A fragrance booster that will transform your daily life by giving a long-lasting natural fragrance to your clothes","og_url":"https:\/\/elixscent.com\/de\/produkt\/duftverstarker-flussig-garten-pur\/","og_site_name":"ELiX EU air fresheners","article_modified_time":"2024-10-15T09:53:51+00:00","og_image":[{"width":240,"height":520,"url":"https:\/\/elixscent.com\/wp-content\/uploads\/inwash250_garden_2.0.png","type":"image\/png"}],"twitter_card":"summary_large_image","twitter_misc":{"Gesch\u00e4tzte Lesezeit":"1\u00a0Minute"},"schema":{"@context":"https:\/\/schema.org","@graph":[{"@type":"WebPage","@id":"https:\/\/elixscent.com\/product\/scent-booster-liquid-pure-garden\/","url":"https:\/\/elixscent.com\/product\/scent-booster-liquid-pure-garden\/","name":"In-Wash SCENT BOOSTER fl\u00fcssig Pure Garden Parf\u00fcm","isPartOf":{"@id":"https:\/\/elixscent.com\/#website"},"primaryImageOfPage":{"@id":"https:\/\/elixscent.com\/product\/scent-booster-liquid-pure-garden\/#primaryimage"},"image":{"@id":"https:\/\/elixscent.com\/product\/scent-booster-liquid-pure-garden\/#primaryimage"},"thumbnailUrl":"https:\/\/elixscent.com\/wp-content\/uploads\/inwash250_garden_2.0.png","datePublished":"2022-08-11T10:00:17+00:00","dateModified":"2024-10-15T09:53:51+00:00","description":"W\u00e4sche-Parf\u00fcm. Ein Duftverst\u00e4rker, der Ihr t\u00e4gliches Leben ver\u00e4ndern wird, indem er Ihrer Kleidung einen lang anhaltenden nat\u00fcrlichen Duft verleiht","breadcrumb":{"@id":"https:\/\/elixscent.com\/product\/scent-booster-liquid-pure-garden\/#breadcrumb"},"inLanguage":"de","potentialAction":[{"@type":"ReadAction","target":["https:\/\/elixscent.com\/product\/scent-booster-liquid-pure-garden\/"]}]},{"@type":"ImageObject","inLanguage":"de","@id":"https:\/\/elixscent.com\/product\/scent-booster-liquid-pure-garden\/#primaryimage","url":"https:\/\/elixscent.com\/wp-content\/uploads\/inwash250_garden_2.0.png","contentUrl":"https:\/\/elixscent.com\/wp-content\/uploads\/inwash250_garden_2.0.png","width":240,"height":520,"caption":"inwash250 garden 2.0"},{"@type":"BreadcrumbList","@id":"https:\/\/elixscent.com\/product\/scent-booster-liquid-pure-garden\/#breadcrumb","itemListElement":[{"@type":"ListItem","position":1,"name":"Home","item":"https:\/\/elixscent.com\/"},{"@type":"ListItem","position":2,"name":"Products","item":"https:\/\/elixscent.com\/product\/"},{"@type":"ListItem","position":3,"name":"IN-WASH SCENT BOOSTER","item":"https:\/\/elixscent.com\/product-category\/laundry\/"},{"@type":"ListItem","position":4,"name":"In-Wash scent booster liquid","item":"https:\/\/elixscent.com\/product-category\/booster-liquid\/"},{"@type":"ListItem","position":5,"name":"In-Wash SCENT BOOSTER liquid Pure Garden"}]},{"@type":"WebSite","@id":"https:\/\/elixscent.com\/#website","url":"https:\/\/elixscent.com\/","name":"ELiX EU-Lufterfrischer","description":"Luft &amp; Stoff, perfekt frisch","publisher":{"@id":"https:\/\/elixscent.com\/#organization"},"potentialAction":[{"@type":"SearchAction","target":{"@type":"EntryPoint","urlTemplate":"https:\/\/elixscent.com\/?s={search_term_string}"},"query-input":{"@type":"PropertyValueSpecification","valueRequired":true,"valueName":"search_term_string"}}],"inLanguage":"de"},{"@type":"Organization","@id":"https:\/\/elixscent.com\/#organization","name":"ELIX Lufterfrischer Hersteller","url":"https:\/\/elixscent.com\/","logo":{"@type":"ImageObject","inLanguage":"de","@id":"https:\/\/elixscent.com\/#\/schema\/logo\/image\/","url":"https:\/\/elixscent.com\/wp-content\/uploads\/elix_logo_1.0-_300.jpg","contentUrl":"https:\/\/elixscent.com\/wp-content\/uploads\/elix_logo_1.0-_300.jpg","width":300,"height":257,"caption":"ELIX air freshener manufacturer"},"image":{"@id":"https:\/\/elixscent.com\/#\/schema\/logo\/image\/"},"sameAs":["https:\/\/www.linkedin.com\/company\/30084929"]}]}},"_links":{"self":[{"href":"https:\/\/elixscent.com\/de\/wp-json\/wp\/v2\/product\/26421","targetHints":{"allow":["GET"]}}],"collection":[{"href":"https:\/\/elixscent.com\/de\/wp-json\/wp\/v2\/product"}],"about":[{"href":"https:\/\/elixscent.com\/de\/wp-json\/wp\/v2\/types\/product"}],"version-history":[{"count":10,"href":"https:\/\/elixscent.com\/de\/wp-json\/wp\/v2\/product\/26421\/revisions"}],"predecessor-version":[{"id":53481,"href":"https:\/\/elixscent.com\/de\/wp-json\/wp\/v2\/product\/26421\/revisions\/53481"}],"wp:featuredmedia":[{"embeddable":true,"href":"https:\/\/elixscent.com\/de\/wp-json\/wp\/v2\/media\/26422"}],"wp:attachment":[{"href":"https:\/\/elixscent.com\/de\/wp-json\/wp\/v2\/media?parent=26421"}],"curies":[{"name":"wp","href":"https:\/\/api.w.org\/{rel}","templated":true}]}}