{"id":26407,"date":"2022-08-11T09:53:34","date_gmt":"2022-08-11T09:53:34","guid":{"rendered":"https:\/\/elixscent.com\/?post_type=product&#038;p=26407"},"modified":"2024-10-15T09:56:09","modified_gmt":"2024-10-15T09:56:09","slug":"duftverstarker-perlen-absolut-cashmere","status":"publish","type":"product","link":"https:\/\/elixscent.com\/de\/product\/scent-booster-beads-absolute-cashmere\/","title":{"rendered":"In-Wash SCENT BOOSTER Perlen Absolute Cashmere"},"content":{"rendered":"<p><strong>Gebrauchsanweisung:<\/strong> Sch\u00fctten Sie das Granulat direkt in die Trommel der Waschmaschine, bevor Sie die W\u00e4sche einlegen. Waschmittel verwenden. Die empfohlene Dosis betr\u00e4gt 13 g (etwa 1\/3 der Kappe). Dosieren Sie 1 volle Kappe, um den Duft zu verst\u00e4rken. Verwenden Sie maximal 3 Kappen pro Waschgang. Der Duft h\u00e4lt sich bis zu 10 Wochen in einem Schrank. Achtung! Perlen nicht in die Weichsp\u00fclerschublade legen und nicht im W\u00e4schetrockner verwenden. Nicht essen. An einem trockenen Ort bei 15-25\u00b0C lagern.<\/p>\n<p><span id=\"span-23-132\" class=\"ct-span oxy-stock-content-styles\"><em>&gt;&gt; Wenn Sie kaufen m\u00f6chten, besuchen Sie bitte unseren Shop:<\/em> <a class=\"_ps2id\" href=\"https:\/\/airfresh24.com\/products\/shop\/scent-booster-beads\/\" data-ps2id-offset=\"\"><strong>www.airfresh24.com<\/strong><\/a><\/span><\/p>","protected":false},"featured_media":26408,"parent":0,"menu_order":34,"template":"","class_list":["post-26407","product","type-product","status-publish","has-post-thumbnail","hentry","product_category-beads","product_category-laundry"],"acf":[],"yoast_head":"<!-- This site is optimized with the Yoast SEO Premium plugin v27.2 (Yoast SEO v27.4) - https:\/\/yoast.com\/product\/yoast-seo-premium-wordpress\/ -->\n<title>In-Wash SCENT BOOSTER beads Absolute Cashmere perfume by ELiX<\/title>\n<meta name=\"description\" content=\"Laundry Perfume. A fragrance booster that will transform your daily life by giving a long-lasting natural fragrance to your clothes\" \/>\n<meta name=\"robots\" content=\"index, follow, max-snippet:-1, max-image-preview:large, max-video-preview:-1\" \/>\n<link rel=\"canonical\" href=\"https:\/\/elixscent.com\/de\/produkt\/duftverstarker-perlen-absolut-cashmere\/\" \/>\n<meta property=\"og:locale\" content=\"de_DE\" \/>\n<meta property=\"og:type\" content=\"article\" \/>\n<meta property=\"og:title\" content=\"In-Wash SCENT BOOSTER beads Absolute Cashmere\" \/>\n<meta property=\"og:description\" content=\"Laundry Perfume. A fragrance booster that will transform your daily life by giving a long-lasting natural fragrance to your clothes\" \/>\n<meta property=\"og:url\" content=\"https:\/\/elixscent.com\/de\/produkt\/duftverstarker-perlen-absolut-cashmere\/\" \/>\n<meta property=\"og:site_name\" content=\"ELiX EU air fresheners\" \/>\n<meta property=\"article:modified_time\" content=\"2024-10-15T09:56:09+00:00\" \/>\n<meta property=\"og:image\" content=\"https:\/\/elixscent.com\/wp-content\/uploads\/boosterbeeds_cashmere_2.0-1.png\" \/>\n\t<meta property=\"og:image:width\" content=\"392\" \/>\n\t<meta property=\"og:image:height\" content=\"750\" \/>\n\t<meta property=\"og:image:type\" content=\"image\/png\" \/>\n<meta name=\"twitter:card\" content=\"summary_large_image\" \/>\n<meta name=\"twitter:label1\" content=\"Gesch\u00e4tzte Lesezeit\" \/>\n\t<meta name=\"twitter:data1\" content=\"1\u00a0Minute\" \/>\n<script type=\"application\/ld+json\" class=\"yoast-schema-graph\">{\"@context\":\"https:\\\/\\\/schema.org\",\"@graph\":[{\"@type\":\"WebPage\",\"@id\":\"https:\\\/\\\/elixscent.com\\\/product\\\/scent-booster-beads-absolute-cashmere\\\/\",\"url\":\"https:\\\/\\\/elixscent.com\\\/product\\\/scent-booster-beads-absolute-cashmere\\\/\",\"name\":\"In-Wash SCENT BOOSTER beads Absolute Cashmere perfume by ELiX\",\"isPartOf\":{\"@id\":\"https:\\\/\\\/elixscent.com\\\/#website\"},\"primaryImageOfPage\":{\"@id\":\"https:\\\/\\\/elixscent.com\\\/product\\\/scent-booster-beads-absolute-cashmere\\\/#primaryimage\"},\"image\":{\"@id\":\"https:\\\/\\\/elixscent.com\\\/product\\\/scent-booster-beads-absolute-cashmere\\\/#primaryimage\"},\"thumbnailUrl\":\"https:\\\/\\\/elixscent.com\\\/wp-content\\\/uploads\\\/boosterbeeds_cashmere_2.0-1.png\",\"datePublished\":\"2022-08-11T09:53:34+00:00\",\"dateModified\":\"2024-10-15T09:56:09+00:00\",\"description\":\"Laundry Perfume. A fragrance booster that will transform your daily life by giving a long-lasting natural fragrance to your clothes\",\"breadcrumb\":{\"@id\":\"https:\\\/\\\/elixscent.com\\\/product\\\/scent-booster-beads-absolute-cashmere\\\/#breadcrumb\"},\"inLanguage\":\"de\",\"potentialAction\":[{\"@type\":\"ReadAction\",\"target\":[\"https:\\\/\\\/elixscent.com\\\/product\\\/scent-booster-beads-absolute-cashmere\\\/\"]}]},{\"@type\":\"ImageObject\",\"inLanguage\":\"de\",\"@id\":\"https:\\\/\\\/elixscent.com\\\/product\\\/scent-booster-beads-absolute-cashmere\\\/#primaryimage\",\"url\":\"https:\\\/\\\/elixscent.com\\\/wp-content\\\/uploads\\\/boosterbeeds_cashmere_2.0-1.png\",\"contentUrl\":\"https:\\\/\\\/elixscent.com\\\/wp-content\\\/uploads\\\/boosterbeeds_cashmere_2.0-1.png\",\"width\":392,\"height\":750,\"caption\":\"boosterbeeds cashmere 2.0 1\"},{\"@type\":\"BreadcrumbList\",\"@id\":\"https:\\\/\\\/elixscent.com\\\/product\\\/scent-booster-beads-absolute-cashmere\\\/#breadcrumb\",\"itemListElement\":[{\"@type\":\"ListItem\",\"position\":1,\"name\":\"Home\",\"item\":\"https:\\\/\\\/elixscent.com\\\/\"},{\"@type\":\"ListItem\",\"position\":2,\"name\":\"Products\",\"item\":\"https:\\\/\\\/elixscent.com\\\/product\\\/\"},{\"@type\":\"ListItem\",\"position\":3,\"name\":\"IN-WASH SCENT BOOSTER\",\"item\":\"https:\\\/\\\/elixscent.com\\\/product-category\\\/laundry\\\/\"},{\"@type\":\"ListItem\",\"position\":4,\"name\":\"In-Wash scent booster beads\",\"item\":\"https:\\\/\\\/elixscent.com\\\/product-category\\\/beads\\\/\"},{\"@type\":\"ListItem\",\"position\":5,\"name\":\"In-Wash SCENT BOOSTER beads Absolute Cashmere\"}]},{\"@type\":\"WebSite\",\"@id\":\"https:\\\/\\\/elixscent.com\\\/#website\",\"url\":\"https:\\\/\\\/elixscent.com\\\/\",\"name\":\"ELiX EU air fresheners\",\"description\":\"Air &amp; Fabric, Perfectly Fresh\",\"publisher\":{\"@id\":\"https:\\\/\\\/elixscent.com\\\/#organization\"},\"potentialAction\":[{\"@type\":\"SearchAction\",\"target\":{\"@type\":\"EntryPoint\",\"urlTemplate\":\"https:\\\/\\\/elixscent.com\\\/?s={search_term_string}\"},\"query-input\":{\"@type\":\"PropertyValueSpecification\",\"valueRequired\":true,\"valueName\":\"search_term_string\"}}],\"inLanguage\":\"de\"},{\"@type\":\"Organization\",\"@id\":\"https:\\\/\\\/elixscent.com\\\/#organization\",\"name\":\"ELIX air freshener manufacturer\",\"url\":\"https:\\\/\\\/elixscent.com\\\/\",\"logo\":{\"@type\":\"ImageObject\",\"inLanguage\":\"de\",\"@id\":\"https:\\\/\\\/elixscent.com\\\/#\\\/schema\\\/logo\\\/image\\\/\",\"url\":\"https:\\\/\\\/elixscent.com\\\/wp-content\\\/uploads\\\/elix_logo_1.0-_300.jpg\",\"contentUrl\":\"https:\\\/\\\/elixscent.com\\\/wp-content\\\/uploads\\\/elix_logo_1.0-_300.jpg\",\"width\":300,\"height\":257,\"caption\":\"ELIX air freshener manufacturer\"},\"image\":{\"@id\":\"https:\\\/\\\/elixscent.com\\\/#\\\/schema\\\/logo\\\/image\\\/\"},\"sameAs\":[\"https:\\\/\\\/www.linkedin.com\\\/company\\\/30084929\"]}]}<\/script>\n<!-- \/ Yoast SEO Premium plugin. -->","yoast_head_json":{"title":"In-Wash SCENT BOOSTER Perlen Absolute Cashmere Parf\u00fcm von ELiX","description":"W\u00e4sche-Parf\u00fcm. Ein Duftverst\u00e4rker, der Ihr t\u00e4gliches Leben ver\u00e4ndern wird, indem er Ihrer Kleidung einen lang anhaltenden nat\u00fcrlichen Duft verleiht","robots":{"index":"index","follow":"follow","max-snippet":"max-snippet:-1","max-image-preview":"max-image-preview:large","max-video-preview":"max-video-preview:-1"},"canonical":"https:\/\/elixscent.com\/de\/produkt\/duftverstarker-perlen-absolut-cashmere\/","og_locale":"de_DE","og_type":"article","og_title":"In-Wash SCENT BOOSTER beads Absolute Cashmere","og_description":"Laundry Perfume. A fragrance booster that will transform your daily life by giving a long-lasting natural fragrance to your clothes","og_url":"https:\/\/elixscent.com\/de\/produkt\/duftverstarker-perlen-absolut-cashmere\/","og_site_name":"ELiX EU air fresheners","article_modified_time":"2024-10-15T09:56:09+00:00","og_image":[{"width":392,"height":750,"url":"https:\/\/elixscent.com\/wp-content\/uploads\/boosterbeeds_cashmere_2.0-1.png","type":"image\/png"}],"twitter_card":"summary_large_image","twitter_misc":{"Gesch\u00e4tzte Lesezeit":"1\u00a0Minute"},"schema":{"@context":"https:\/\/schema.org","@graph":[{"@type":"WebPage","@id":"https:\/\/elixscent.com\/product\/scent-booster-beads-absolute-cashmere\/","url":"https:\/\/elixscent.com\/product\/scent-booster-beads-absolute-cashmere\/","name":"In-Wash SCENT BOOSTER Perlen Absolute Cashmere Parf\u00fcm von ELiX","isPartOf":{"@id":"https:\/\/elixscent.com\/#website"},"primaryImageOfPage":{"@id":"https:\/\/elixscent.com\/product\/scent-booster-beads-absolute-cashmere\/#primaryimage"},"image":{"@id":"https:\/\/elixscent.com\/product\/scent-booster-beads-absolute-cashmere\/#primaryimage"},"thumbnailUrl":"https:\/\/elixscent.com\/wp-content\/uploads\/boosterbeeds_cashmere_2.0-1.png","datePublished":"2022-08-11T09:53:34+00:00","dateModified":"2024-10-15T09:56:09+00:00","description":"W\u00e4sche-Parf\u00fcm. Ein Duftverst\u00e4rker, der Ihr t\u00e4gliches Leben ver\u00e4ndern wird, indem er Ihrer Kleidung einen lang anhaltenden nat\u00fcrlichen Duft verleiht","breadcrumb":{"@id":"https:\/\/elixscent.com\/product\/scent-booster-beads-absolute-cashmere\/#breadcrumb"},"inLanguage":"de","potentialAction":[{"@type":"ReadAction","target":["https:\/\/elixscent.com\/product\/scent-booster-beads-absolute-cashmere\/"]}]},{"@type":"ImageObject","inLanguage":"de","@id":"https:\/\/elixscent.com\/product\/scent-booster-beads-absolute-cashmere\/#primaryimage","url":"https:\/\/elixscent.com\/wp-content\/uploads\/boosterbeeds_cashmere_2.0-1.png","contentUrl":"https:\/\/elixscent.com\/wp-content\/uploads\/boosterbeeds_cashmere_2.0-1.png","width":392,"height":750,"caption":"boosterbeeds cashmere 2.0 1"},{"@type":"BreadcrumbList","@id":"https:\/\/elixscent.com\/product\/scent-booster-beads-absolute-cashmere\/#breadcrumb","itemListElement":[{"@type":"ListItem","position":1,"name":"Home","item":"https:\/\/elixscent.com\/"},{"@type":"ListItem","position":2,"name":"Products","item":"https:\/\/elixscent.com\/product\/"},{"@type":"ListItem","position":3,"name":"IN-WASH SCENT BOOSTER","item":"https:\/\/elixscent.com\/product-category\/laundry\/"},{"@type":"ListItem","position":4,"name":"In-Wash scent booster beads","item":"https:\/\/elixscent.com\/product-category\/beads\/"},{"@type":"ListItem","position":5,"name":"In-Wash SCENT BOOSTER beads Absolute Cashmere"}]},{"@type":"WebSite","@id":"https:\/\/elixscent.com\/#website","url":"https:\/\/elixscent.com\/","name":"ELiX EU-Lufterfrischer","description":"Luft &amp; Stoff, perfekt frisch","publisher":{"@id":"https:\/\/elixscent.com\/#organization"},"potentialAction":[{"@type":"SearchAction","target":{"@type":"EntryPoint","urlTemplate":"https:\/\/elixscent.com\/?s={search_term_string}"},"query-input":{"@type":"PropertyValueSpecification","valueRequired":true,"valueName":"search_term_string"}}],"inLanguage":"de"},{"@type":"Organization","@id":"https:\/\/elixscent.com\/#organization","name":"ELIX Lufterfrischer Hersteller","url":"https:\/\/elixscent.com\/","logo":{"@type":"ImageObject","inLanguage":"de","@id":"https:\/\/elixscent.com\/#\/schema\/logo\/image\/","url":"https:\/\/elixscent.com\/wp-content\/uploads\/elix_logo_1.0-_300.jpg","contentUrl":"https:\/\/elixscent.com\/wp-content\/uploads\/elix_logo_1.0-_300.jpg","width":300,"height":257,"caption":"ELIX air freshener manufacturer"},"image":{"@id":"https:\/\/elixscent.com\/#\/schema\/logo\/image\/"},"sameAs":["https:\/\/www.linkedin.com\/company\/30084929"]}]}},"_links":{"self":[{"href":"https:\/\/elixscent.com\/de\/wp-json\/wp\/v2\/product\/26407","targetHints":{"allow":["GET"]}}],"collection":[{"href":"https:\/\/elixscent.com\/de\/wp-json\/wp\/v2\/product"}],"about":[{"href":"https:\/\/elixscent.com\/de\/wp-json\/wp\/v2\/types\/product"}],"version-history":[{"count":17,"href":"https:\/\/elixscent.com\/de\/wp-json\/wp\/v2\/product\/26407\/revisions"}],"predecessor-version":[{"id":53487,"href":"https:\/\/elixscent.com\/de\/wp-json\/wp\/v2\/product\/26407\/revisions\/53487"}],"wp:featuredmedia":[{"embeddable":true,"href":"https:\/\/elixscent.com\/de\/wp-json\/wp\/v2\/media\/26408"}],"wp:attachment":[{"href":"https:\/\/elixscent.com\/de\/wp-json\/wp\/v2\/media?parent=26407"}],"curies":[{"name":"wp","href":"https:\/\/api.w.org\/{rel}","templated":true}]}}