{"id":26389,"date":"2022-08-11T09:32:18","date_gmt":"2022-08-11T09:32:18","guid":{"rendered":"https:\/\/elixscent.com\/?post_type=product&#038;p=26389"},"modified":"2025-06-02T09:40:19","modified_gmt":"2025-06-02T09:40:19","slug":"gehen-mango","status":"publish","type":"product","link":"https:\/\/elixscent.com\/de\/product\/go-mango\/","title":{"rendered":"GO Mango"},"content":{"rendered":"<p><span id=\"span-23-132\" class=\"ct-span oxy-stock-content-styles\"><em>&gt;&gt; Wenn Sie kaufen m\u00f6chten, besuchen Sie bitte unseren Shop:<\/em> <a class=\"_ps2id\" href=\"https:\/\/airfresh24.com\/products\/shop\/go\/\" data-ps2id-offset=\"\"><strong>www.airfresh24.com<\/strong><\/a><\/span><\/p>","protected":false},"featured_media":57863,"parent":0,"menu_order":38,"template":"","class_list":["post-26389","product","type-product","status-publish","has-post-thumbnail","hentry","product_category-go-perfume","product_category-vent"],"acf":[],"yoast_head":"<!-- This site is optimized with the Yoast SEO Premium plugin v27.2 (Yoast SEO v27.4) - https:\/\/yoast.com\/product\/yoast-seo-premium-wordpress\/ -->\n<title>GO Mango car air freshener by ELiX<\/title>\n<meta name=\"description\" content=\"Air freshener for ventilation grille. Hard gel technology, the fragrance is released long and stable without the possibility of leakage.\" \/>\n<meta name=\"robots\" content=\"index, follow, max-snippet:-1, max-image-preview:large, max-video-preview:-1\" \/>\n<link rel=\"canonical\" href=\"https:\/\/elixscent.com\/de\/produkt\/gehen-mango\/\" \/>\n<meta property=\"og:locale\" content=\"de_DE\" \/>\n<meta property=\"og:type\" content=\"article\" \/>\n<meta property=\"og:title\" content=\"GO Mango\" \/>\n<meta property=\"og:description\" content=\"Air freshener for ventilation grille. Hard gel technology, the fragrance is released long and stable without the possibility of leakage.\" \/>\n<meta property=\"og:url\" content=\"https:\/\/elixscent.com\/de\/produkt\/gehen-mango\/\" \/>\n<meta property=\"og:site_name\" content=\"ELiX EU air fresheners\" \/>\n<meta property=\"article:modified_time\" content=\"2025-06-02T09:40:19+00:00\" \/>\n<meta property=\"og:image\" content=\"https:\/\/elixscent.com\/wp-content\/uploads\/WEBP_GO_UNI_mango_3.1.webp\" \/>\n\t<meta property=\"og:image:width\" content=\"300\" \/>\n\t<meta property=\"og:image:height\" content=\"734\" \/>\n\t<meta property=\"og:image:type\" content=\"image\/webp\" \/>\n<meta name=\"twitter:card\" content=\"summary_large_image\" \/>\n<meta name=\"twitter:label1\" content=\"Gesch\u00e4tzte Lesezeit\" \/>\n\t<meta name=\"twitter:data1\" content=\"1\u00a0Minute\" \/>\n<script type=\"application\/ld+json\" class=\"yoast-schema-graph\">{\"@context\":\"https:\\\/\\\/schema.org\",\"@graph\":[{\"@type\":\"WebPage\",\"@id\":\"https:\\\/\\\/elixscent.com\\\/product\\\/go-mango\\\/\",\"url\":\"https:\\\/\\\/elixscent.com\\\/product\\\/go-mango\\\/\",\"name\":\"GO Mango car air freshener by ELiX\",\"isPartOf\":{\"@id\":\"https:\\\/\\\/elixscent.com\\\/#website\"},\"primaryImageOfPage\":{\"@id\":\"https:\\\/\\\/elixscent.com\\\/product\\\/go-mango\\\/#primaryimage\"},\"image\":{\"@id\":\"https:\\\/\\\/elixscent.com\\\/product\\\/go-mango\\\/#primaryimage\"},\"thumbnailUrl\":\"https:\\\/\\\/elixscent.com\\\/wp-content\\\/uploads\\\/WEBP_GO_UNI_mango_3.1.webp\",\"datePublished\":\"2022-08-11T09:32:18+00:00\",\"dateModified\":\"2025-06-02T09:40:19+00:00\",\"description\":\"Air freshener for ventilation grille. Hard gel technology, the fragrance is released long and stable without the possibility of leakage.\",\"breadcrumb\":{\"@id\":\"https:\\\/\\\/elixscent.com\\\/product\\\/go-mango\\\/#breadcrumb\"},\"inLanguage\":\"de\",\"potentialAction\":[{\"@type\":\"ReadAction\",\"target\":[\"https:\\\/\\\/elixscent.com\\\/product\\\/go-mango\\\/\"]}]},{\"@type\":\"ImageObject\",\"inLanguage\":\"de\",\"@id\":\"https:\\\/\\\/elixscent.com\\\/product\\\/go-mango\\\/#primaryimage\",\"url\":\"https:\\\/\\\/elixscent.com\\\/wp-content\\\/uploads\\\/WEBP_GO_UNI_mango_3.1.webp\",\"contentUrl\":\"https:\\\/\\\/elixscent.com\\\/wp-content\\\/uploads\\\/WEBP_GO_UNI_mango_3.1.webp\",\"width\":300,\"height\":734,\"caption\":\"WEBP GO UNI mango 3.1\"},{\"@type\":\"BreadcrumbList\",\"@id\":\"https:\\\/\\\/elixscent.com\\\/product\\\/go-mango\\\/#breadcrumb\",\"itemListElement\":[{\"@type\":\"ListItem\",\"position\":1,\"name\":\"Home\",\"item\":\"https:\\\/\\\/elixscent.com\\\/\"},{\"@type\":\"ListItem\",\"position\":2,\"name\":\"Products\",\"item\":\"https:\\\/\\\/elixscent.com\\\/product\\\/\"},{\"@type\":\"ListItem\",\"position\":3,\"name\":\"CAR VENT\",\"item\":\"https:\\\/\\\/elixscent.com\\\/product-category\\\/vent\\\/\"},{\"@type\":\"ListItem\",\"position\":4,\"name\":\"GO\",\"item\":\"https:\\\/\\\/elixscent.com\\\/product-category\\\/go-perfume\\\/\"},{\"@type\":\"ListItem\",\"position\":5,\"name\":\"GO Mango\"}]},{\"@type\":\"WebSite\",\"@id\":\"https:\\\/\\\/elixscent.com\\\/#website\",\"url\":\"https:\\\/\\\/elixscent.com\\\/\",\"name\":\"ELiX EU air fresheners\",\"description\":\"Air &amp; Fabric, Perfectly Fresh\",\"publisher\":{\"@id\":\"https:\\\/\\\/elixscent.com\\\/#organization\"},\"potentialAction\":[{\"@type\":\"SearchAction\",\"target\":{\"@type\":\"EntryPoint\",\"urlTemplate\":\"https:\\\/\\\/elixscent.com\\\/?s={search_term_string}\"},\"query-input\":{\"@type\":\"PropertyValueSpecification\",\"valueRequired\":true,\"valueName\":\"search_term_string\"}}],\"inLanguage\":\"de\"},{\"@type\":\"Organization\",\"@id\":\"https:\\\/\\\/elixscent.com\\\/#organization\",\"name\":\"ELIX air freshener manufacturer\",\"url\":\"https:\\\/\\\/elixscent.com\\\/\",\"logo\":{\"@type\":\"ImageObject\",\"inLanguage\":\"de\",\"@id\":\"https:\\\/\\\/elixscent.com\\\/#\\\/schema\\\/logo\\\/image\\\/\",\"url\":\"https:\\\/\\\/elixscent.com\\\/wp-content\\\/uploads\\\/elix_logo_1.0-_300.jpg\",\"contentUrl\":\"https:\\\/\\\/elixscent.com\\\/wp-content\\\/uploads\\\/elix_logo_1.0-_300.jpg\",\"width\":300,\"height\":257,\"caption\":\"ELIX air freshener manufacturer\"},\"image\":{\"@id\":\"https:\\\/\\\/elixscent.com\\\/#\\\/schema\\\/logo\\\/image\\\/\"},\"sameAs\":[\"https:\\\/\\\/www.linkedin.com\\\/company\\\/30084929\"]}]}<\/script>\n<!-- \/ Yoast SEO Premium plugin. -->","yoast_head_json":{"title":"GO Mango Auto-Lufterfrischer von ELiX","description":"Lufterfrischer f\u00fcr L\u00fcftungsgitter. Hartgel-Technologie, wird der Duft lange und stabil ohne die M\u00f6glichkeit des Auslaufens freigegeben.","robots":{"index":"index","follow":"follow","max-snippet":"max-snippet:-1","max-image-preview":"max-image-preview:large","max-video-preview":"max-video-preview:-1"},"canonical":"https:\/\/elixscent.com\/de\/produkt\/gehen-mango\/","og_locale":"de_DE","og_type":"article","og_title":"GO Mango","og_description":"Air freshener for ventilation grille. Hard gel technology, the fragrance is released long and stable without the possibility of leakage.","og_url":"https:\/\/elixscent.com\/de\/produkt\/gehen-mango\/","og_site_name":"ELiX EU air fresheners","article_modified_time":"2025-06-02T09:40:19+00:00","og_image":[{"width":300,"height":734,"url":"https:\/\/elixscent.com\/wp-content\/uploads\/WEBP_GO_UNI_mango_3.1.webp","type":"image\/webp"}],"twitter_card":"summary_large_image","twitter_misc":{"Gesch\u00e4tzte Lesezeit":"1\u00a0Minute"},"schema":{"@context":"https:\/\/schema.org","@graph":[{"@type":"WebPage","@id":"https:\/\/elixscent.com\/product\/go-mango\/","url":"https:\/\/elixscent.com\/product\/go-mango\/","name":"GO Mango Auto-Lufterfrischer von ELiX","isPartOf":{"@id":"https:\/\/elixscent.com\/#website"},"primaryImageOfPage":{"@id":"https:\/\/elixscent.com\/product\/go-mango\/#primaryimage"},"image":{"@id":"https:\/\/elixscent.com\/product\/go-mango\/#primaryimage"},"thumbnailUrl":"https:\/\/elixscent.com\/wp-content\/uploads\/WEBP_GO_UNI_mango_3.1.webp","datePublished":"2022-08-11T09:32:18+00:00","dateModified":"2025-06-02T09:40:19+00:00","description":"Lufterfrischer f\u00fcr L\u00fcftungsgitter. Hartgel-Technologie, wird der Duft lange und stabil ohne die M\u00f6glichkeit des Auslaufens freigegeben.","breadcrumb":{"@id":"https:\/\/elixscent.com\/product\/go-mango\/#breadcrumb"},"inLanguage":"de","potentialAction":[{"@type":"ReadAction","target":["https:\/\/elixscent.com\/product\/go-mango\/"]}]},{"@type":"ImageObject","inLanguage":"de","@id":"https:\/\/elixscent.com\/product\/go-mango\/#primaryimage","url":"https:\/\/elixscent.com\/wp-content\/uploads\/WEBP_GO_UNI_mango_3.1.webp","contentUrl":"https:\/\/elixscent.com\/wp-content\/uploads\/WEBP_GO_UNI_mango_3.1.webp","width":300,"height":734,"caption":"WEBP GO UNI mango 3.1"},{"@type":"BreadcrumbList","@id":"https:\/\/elixscent.com\/product\/go-mango\/#breadcrumb","itemListElement":[{"@type":"ListItem","position":1,"name":"Home","item":"https:\/\/elixscent.com\/"},{"@type":"ListItem","position":2,"name":"Products","item":"https:\/\/elixscent.com\/product\/"},{"@type":"ListItem","position":3,"name":"CAR VENT","item":"https:\/\/elixscent.com\/product-category\/vent\/"},{"@type":"ListItem","position":4,"name":"GO","item":"https:\/\/elixscent.com\/product-category\/go-perfume\/"},{"@type":"ListItem","position":5,"name":"GO Mango"}]},{"@type":"WebSite","@id":"https:\/\/elixscent.com\/#website","url":"https:\/\/elixscent.com\/","name":"ELiX EU-Lufterfrischer","description":"Luft &amp; Stoff, perfekt frisch","publisher":{"@id":"https:\/\/elixscent.com\/#organization"},"potentialAction":[{"@type":"SearchAction","target":{"@type":"EntryPoint","urlTemplate":"https:\/\/elixscent.com\/?s={search_term_string}"},"query-input":{"@type":"PropertyValueSpecification","valueRequired":true,"valueName":"search_term_string"}}],"inLanguage":"de"},{"@type":"Organization","@id":"https:\/\/elixscent.com\/#organization","name":"ELIX Lufterfrischer Hersteller","url":"https:\/\/elixscent.com\/","logo":{"@type":"ImageObject","inLanguage":"de","@id":"https:\/\/elixscent.com\/#\/schema\/logo\/image\/","url":"https:\/\/elixscent.com\/wp-content\/uploads\/elix_logo_1.0-_300.jpg","contentUrl":"https:\/\/elixscent.com\/wp-content\/uploads\/elix_logo_1.0-_300.jpg","width":300,"height":257,"caption":"ELIX air freshener manufacturer"},"image":{"@id":"https:\/\/elixscent.com\/#\/schema\/logo\/image\/"},"sameAs":["https:\/\/www.linkedin.com\/company\/30084929"]}]}},"_links":{"self":[{"href":"https:\/\/elixscent.com\/de\/wp-json\/wp\/v2\/product\/26389","targetHints":{"allow":["GET"]}}],"collection":[{"href":"https:\/\/elixscent.com\/de\/wp-json\/wp\/v2\/product"}],"about":[{"href":"https:\/\/elixscent.com\/de\/wp-json\/wp\/v2\/types\/product"}],"version-history":[{"count":10,"href":"https:\/\/elixscent.com\/de\/wp-json\/wp\/v2\/product\/26389\/revisions"}],"predecessor-version":[{"id":55964,"href":"https:\/\/elixscent.com\/de\/wp-json\/wp\/v2\/product\/26389\/revisions\/55964"}],"wp:featuredmedia":[{"embeddable":true,"href":"https:\/\/elixscent.com\/de\/wp-json\/wp\/v2\/media\/57863"}],"wp:attachment":[{"href":"https:\/\/elixscent.com\/de\/wp-json\/wp\/v2\/media?parent=26389"}],"curies":[{"name":"wp","href":"https:\/\/api.w.org\/{rel}","templated":true}]}}