{"id":25338,"date":"2022-07-13T11:50:40","date_gmt":"2022-07-13T11:50:40","guid":{"rendered":"https:\/\/elixscent.com\/?post_type=product&#038;p=25338"},"modified":"2024-10-14T13:19:22","modified_gmt":"2024-10-14T13:19:22","slug":"heckenrose","status":"publish","type":"product","link":"https:\/\/elixscent.com\/de\/product\/bh-rose\/","title":{"rendered":"BLOOM at HOME Klassische Rose"},"content":{"rendered":"<p>Die klassische Rose in Ihrem Zuhause ist wie ein klassischer roter Lippenstift in der Sammlung jeder Frau. Diese Farbe der romantischsten und sinnlichsten roten Blume mit ihrem nat\u00fcrlichen klassischen Duft wird Ihren Alltag zu einem <span class=\"HwtZe\" lang=\"en\"><span class=\"jCAhz ChMk0b\"><span class=\"ryNqvb\">besonderer Anlass<\/span><\/span><\/span>. <span class=\"HwtZe\" lang=\"en\"><span class=\"jCAhz ChMk0b\"><span class=\"ryNqvb\">Der Duft, der sich im Raum ausbreiten wird, ist wie ein riesiger <em>Blumenstrau\u00df aus roten Rosen<\/em> aus einem Blumenladen.<\/span><\/span><\/span><\/p>\n<p>Die Bl\u00fcte f\u00e4rbt sich allm\u00e4hlich von der Mitte bis zu den Spitzen der Bl\u00fctenbl\u00e4tter, bis sie sich <strong>intensive rote Rose.<\/strong><\/p>\n<p>Elegante Flasche mit einem dekorativen Aufkleber wird in jedes Interieur passen. Sch\u00f6ne Farbe der Blume wird eine duftende und geschmackvolle Teil Ihres Hauses Dekor sein.<\/p>\n<p>Lassen Sie die Blume einweichen und mit Farbe aufbl\u00fchen und genie\u00dfen Sie den tollen Duft, auch wenn die Fl\u00fcssigkeit weg ist. Die Blume wird viel l\u00e4nger duften!<\/p>\n<p><span id=\"span-23-132\" class=\"ct-span oxy-stock-content-styles\"><em>&gt;&gt; Wenn Sie kaufen m\u00f6chten, besuchen Sie bitte unseren Shop:<\/em> <a class=\"_ps2id\" href=\"https:\/\/airfresh24.com\/products\/shop\/bloom-at-home\/\" data-ps2id-offset=\"\"><strong>www.airfresh24.com<\/strong><\/a><\/span><\/p>","protected":false},"featured_media":30374,"parent":0,"menu_order":106,"template":"","class_list":["post-25338","product","type-product","status-publish","has-post-thumbnail","hentry","product_category-bh","product_category-home"],"acf":[],"yoast_head":"<!-- This site is optimized with the Yoast SEO Premium plugin v27.4 (Yoast SEO v27.4) - https:\/\/yoast.com\/product\/yoast-seo-premium-wordpress\/ -->\n<title>BLOOM at HOME Classic Rose home air perfume by ELiX<\/title>\n<meta name=\"description\" content=\"An all-natural, handmade air freshener. Natural floral extracts and hand-formed flower from dried plant. Probably the only one on the market\" \/>\n<meta name=\"robots\" content=\"index, follow, max-snippet:-1, max-image-preview:large, max-video-preview:-1\" \/>\n<link rel=\"canonical\" href=\"https:\/\/elixscent.com\/de\/produkt\/heckenrose\/\" \/>\n<meta property=\"og:locale\" content=\"de_DE\" \/>\n<meta property=\"og:type\" content=\"article\" \/>\n<meta property=\"og:title\" content=\"BLOOM at HOME Classic Rose\" \/>\n<meta property=\"og:description\" content=\"An all-natural, handmade air freshener. Natural floral extracts and hand-formed flower from dried plant. Probably the only one on the market\" \/>\n<meta property=\"og:url\" content=\"https:\/\/elixscent.com\/de\/produkt\/heckenrose\/\" \/>\n<meta property=\"og:site_name\" content=\"ELiX EU air fresheners\" \/>\n<meta property=\"article:modified_time\" content=\"2024-10-14T13:19:22+00:00\" \/>\n<meta property=\"og:image\" content=\"https:\/\/elixscent.com\/wp-content\/uploads\/BAH2.0_butelka_classicrose-1.png\" \/>\n\t<meta property=\"og:image:width\" content=\"300\" \/>\n\t<meta property=\"og:image:height\" content=\"436\" \/>\n\t<meta property=\"og:image:type\" content=\"image\/png\" \/>\n<meta name=\"twitter:card\" content=\"summary_large_image\" \/>\n<meta name=\"twitter:label1\" content=\"Gesch\u00e4tzte Lesezeit\" \/>\n\t<meta name=\"twitter:data1\" content=\"1\u00a0Minute\" \/>\n<script type=\"application\/ld+json\" class=\"yoast-schema-graph\">{\"@context\":\"https:\\\/\\\/schema.org\",\"@graph\":[{\"@type\":\"WebPage\",\"@id\":\"https:\\\/\\\/elixscent.com\\\/product\\\/bh-rose\\\/\",\"url\":\"https:\\\/\\\/elixscent.com\\\/product\\\/bh-rose\\\/\",\"name\":\"BLOOM at HOME Classic Rose home air perfume by ELiX\",\"isPartOf\":{\"@id\":\"https:\\\/\\\/elixscent.com\\\/#website\"},\"primaryImageOfPage\":{\"@id\":\"https:\\\/\\\/elixscent.com\\\/product\\\/bh-rose\\\/#primaryimage\"},\"image\":{\"@id\":\"https:\\\/\\\/elixscent.com\\\/product\\\/bh-rose\\\/#primaryimage\"},\"thumbnailUrl\":\"https:\\\/\\\/elixscent.com\\\/wp-content\\\/uploads\\\/BAH2.0_butelka_classicrose-1.png\",\"datePublished\":\"2022-07-13T11:50:40+00:00\",\"dateModified\":\"2024-10-14T13:19:22+00:00\",\"description\":\"An all-natural, handmade air freshener. Natural floral extracts and hand-formed flower from dried plant. Probably the only one on the market\",\"breadcrumb\":{\"@id\":\"https:\\\/\\\/elixscent.com\\\/product\\\/bh-rose\\\/#breadcrumb\"},\"inLanguage\":\"de\",\"potentialAction\":[{\"@type\":\"ReadAction\",\"target\":[\"https:\\\/\\\/elixscent.com\\\/product\\\/bh-rose\\\/\"]}]},{\"@type\":\"ImageObject\",\"inLanguage\":\"de\",\"@id\":\"https:\\\/\\\/elixscent.com\\\/product\\\/bh-rose\\\/#primaryimage\",\"url\":\"https:\\\/\\\/elixscent.com\\\/wp-content\\\/uploads\\\/BAH2.0_butelka_classicrose-1.png\",\"contentUrl\":\"https:\\\/\\\/elixscent.com\\\/wp-content\\\/uploads\\\/BAH2.0_butelka_classicrose-1.png\",\"width\":300,\"height\":436,\"caption\":\"BAH2.0 butelka classicrose 1\"},{\"@type\":\"BreadcrumbList\",\"@id\":\"https:\\\/\\\/elixscent.com\\\/product\\\/bh-rose\\\/#breadcrumb\",\"itemListElement\":[{\"@type\":\"ListItem\",\"position\":1,\"name\":\"Home\",\"item\":\"https:\\\/\\\/elixscent.com\\\/\"},{\"@type\":\"ListItem\",\"position\":2,\"name\":\"Products\",\"item\":\"https:\\\/\\\/elixscent.com\\\/product\\\/\"},{\"@type\":\"ListItem\",\"position\":3,\"name\":\"HOME PERFUME\",\"item\":\"https:\\\/\\\/elixscent.com\\\/product-category\\\/home\\\/\"},{\"@type\":\"ListItem\",\"position\":4,\"name\":\"BLOOM at HOME Classic Rose\"}]},{\"@type\":\"WebSite\",\"@id\":\"https:\\\/\\\/elixscent.com\\\/#website\",\"url\":\"https:\\\/\\\/elixscent.com\\\/\",\"name\":\"ELiX EU air fresheners\",\"description\":\"Air &amp; Fabric, Perfectly Fresh\",\"publisher\":{\"@id\":\"https:\\\/\\\/elixscent.com\\\/#organization\"},\"potentialAction\":[{\"@type\":\"SearchAction\",\"target\":{\"@type\":\"EntryPoint\",\"urlTemplate\":\"https:\\\/\\\/elixscent.com\\\/?s={search_term_string}\"},\"query-input\":{\"@type\":\"PropertyValueSpecification\",\"valueRequired\":true,\"valueName\":\"search_term_string\"}}],\"inLanguage\":\"de\"},{\"@type\":\"Organization\",\"@id\":\"https:\\\/\\\/elixscent.com\\\/#organization\",\"name\":\"ELIX air freshener manufacturer\",\"url\":\"https:\\\/\\\/elixscent.com\\\/\",\"logo\":{\"@type\":\"ImageObject\",\"inLanguage\":\"de\",\"@id\":\"https:\\\/\\\/elixscent.com\\\/#\\\/schema\\\/logo\\\/image\\\/\",\"url\":\"https:\\\/\\\/elixscent.com\\\/wp-content\\\/uploads\\\/elix_logo_1.0-_300.jpg\",\"contentUrl\":\"https:\\\/\\\/elixscent.com\\\/wp-content\\\/uploads\\\/elix_logo_1.0-_300.jpg\",\"width\":300,\"height\":257,\"caption\":\"ELIX air freshener manufacturer\"},\"image\":{\"@id\":\"https:\\\/\\\/elixscent.com\\\/#\\\/schema\\\/logo\\\/image\\\/\"},\"sameAs\":[\"https:\\\/\\\/www.linkedin.com\\\/company\\\/30084929\"]}]}<\/script>\n<!-- \/ Yoast SEO Premium plugin. -->","yoast_head_json":{"title":"BLOOM at HOME Klassischer Rosenduft f\u00fcr zu Hause von ELiX","description":"Ein ganz nat\u00fcrlicher, handgemachter Lufterfrischer. Nat\u00fcrliche Blumenextrakte und handgeformte Bl\u00fcten aus getrockneten Pflanzen. Wahrscheinlich der einzige auf dem Markt","robots":{"index":"index","follow":"follow","max-snippet":"max-snippet:-1","max-image-preview":"max-image-preview:large","max-video-preview":"max-video-preview:-1"},"canonical":"https:\/\/elixscent.com\/de\/produkt\/heckenrose\/","og_locale":"de_DE","og_type":"article","og_title":"BLOOM at HOME Classic Rose","og_description":"An all-natural, handmade air freshener. Natural floral extracts and hand-formed flower from dried plant. Probably the only one on the market","og_url":"https:\/\/elixscent.com\/de\/produkt\/heckenrose\/","og_site_name":"ELiX EU air fresheners","article_modified_time":"2024-10-14T13:19:22+00:00","og_image":[{"width":300,"height":436,"url":"https:\/\/elixscent.com\/wp-content\/uploads\/BAH2.0_butelka_classicrose-1.png","type":"image\/png"}],"twitter_card":"summary_large_image","twitter_misc":{"Gesch\u00e4tzte Lesezeit":"1\u00a0Minute"},"schema":{"@context":"https:\/\/schema.org","@graph":[{"@type":"WebPage","@id":"https:\/\/elixscent.com\/product\/bh-rose\/","url":"https:\/\/elixscent.com\/product\/bh-rose\/","name":"BLOOM at HOME Klassischer Rosenduft f\u00fcr zu Hause von ELiX","isPartOf":{"@id":"https:\/\/elixscent.com\/#website"},"primaryImageOfPage":{"@id":"https:\/\/elixscent.com\/product\/bh-rose\/#primaryimage"},"image":{"@id":"https:\/\/elixscent.com\/product\/bh-rose\/#primaryimage"},"thumbnailUrl":"https:\/\/elixscent.com\/wp-content\/uploads\/BAH2.0_butelka_classicrose-1.png","datePublished":"2022-07-13T11:50:40+00:00","dateModified":"2024-10-14T13:19:22+00:00","description":"Ein ganz nat\u00fcrlicher, handgemachter Lufterfrischer. Nat\u00fcrliche Blumenextrakte und handgeformte Bl\u00fcten aus getrockneten Pflanzen. Wahrscheinlich der einzige auf dem Markt","breadcrumb":{"@id":"https:\/\/elixscent.com\/product\/bh-rose\/#breadcrumb"},"inLanguage":"de","potentialAction":[{"@type":"ReadAction","target":["https:\/\/elixscent.com\/product\/bh-rose\/"]}]},{"@type":"ImageObject","inLanguage":"de","@id":"https:\/\/elixscent.com\/product\/bh-rose\/#primaryimage","url":"https:\/\/elixscent.com\/wp-content\/uploads\/BAH2.0_butelka_classicrose-1.png","contentUrl":"https:\/\/elixscent.com\/wp-content\/uploads\/BAH2.0_butelka_classicrose-1.png","width":300,"height":436,"caption":"BAH2.0 butelka classicrose 1"},{"@type":"BreadcrumbList","@id":"https:\/\/elixscent.com\/product\/bh-rose\/#breadcrumb","itemListElement":[{"@type":"ListItem","position":1,"name":"Home","item":"https:\/\/elixscent.com\/"},{"@type":"ListItem","position":2,"name":"Products","item":"https:\/\/elixscent.com\/product\/"},{"@type":"ListItem","position":3,"name":"HOME PERFUME","item":"https:\/\/elixscent.com\/product-category\/home\/"},{"@type":"ListItem","position":4,"name":"BLOOM at HOME Classic Rose"}]},{"@type":"WebSite","@id":"https:\/\/elixscent.com\/#website","url":"https:\/\/elixscent.com\/","name":"ELiX EU-Lufterfrischer","description":"Luft &amp; Stoff, perfekt frisch","publisher":{"@id":"https:\/\/elixscent.com\/#organization"},"potentialAction":[{"@type":"SearchAction","target":{"@type":"EntryPoint","urlTemplate":"https:\/\/elixscent.com\/?s={search_term_string}"},"query-input":{"@type":"PropertyValueSpecification","valueRequired":true,"valueName":"search_term_string"}}],"inLanguage":"de"},{"@type":"Organization","@id":"https:\/\/elixscent.com\/#organization","name":"ELIX Lufterfrischer Hersteller","url":"https:\/\/elixscent.com\/","logo":{"@type":"ImageObject","inLanguage":"de","@id":"https:\/\/elixscent.com\/#\/schema\/logo\/image\/","url":"https:\/\/elixscent.com\/wp-content\/uploads\/elix_logo_1.0-_300.jpg","contentUrl":"https:\/\/elixscent.com\/wp-content\/uploads\/elix_logo_1.0-_300.jpg","width":300,"height":257,"caption":"ELIX air freshener manufacturer"},"image":{"@id":"https:\/\/elixscent.com\/#\/schema\/logo\/image\/"},"sameAs":["https:\/\/www.linkedin.com\/company\/30084929"]}]}},"_links":{"self":[{"href":"https:\/\/elixscent.com\/de\/wp-json\/wp\/v2\/product\/25338","targetHints":{"allow":["GET"]}}],"collection":[{"href":"https:\/\/elixscent.com\/de\/wp-json\/wp\/v2\/product"}],"about":[{"href":"https:\/\/elixscent.com\/de\/wp-json\/wp\/v2\/types\/product"}],"version-history":[{"count":11,"href":"https:\/\/elixscent.com\/de\/wp-json\/wp\/v2\/product\/25338\/revisions"}],"predecessor-version":[{"id":53358,"href":"https:\/\/elixscent.com\/de\/wp-json\/wp\/v2\/product\/25338\/revisions\/53358"}],"wp:featuredmedia":[{"embeddable":true,"href":"https:\/\/elixscent.com\/de\/wp-json\/wp\/v2\/media\/30374"}],"wp:attachment":[{"href":"https:\/\/elixscent.com\/de\/wp-json\/wp\/v2\/media?parent=25338"}],"curies":[{"name":"wp","href":"https:\/\/api.w.org\/{rel}","templated":true}]}}