{"id":24947,"date":"2022-07-12T11:00:43","date_gmt":"2022-07-12T11:00:43","guid":{"rendered":"https:\/\/elixscent.com\/?post_type=product&#038;p=24947"},"modified":"2024-10-14T11:33:51","modified_gmt":"2024-10-14T11:33:51","slug":"sm008-an","status":"publish","type":"product","link":"https:\/\/elixscent.com\/de\/product\/sm008-an\/","title":{"rendered":"elixir 8 Angel"},"content":{"rendered":"<p><span id=\"span-23-132\" class=\"ct-span oxy-stock-content-styles\"><em>&gt;&gt; Wenn Sie kaufen m\u00f6chten, besuchen Sie bitte unseren Shop:<\/em><\/span> <a href=\"https:\/\/airfresh24.com\/products\/shop\/elixir8\/\"><strong>www.airfresh24.com<\/strong><\/a><\/p>","protected":false},"featured_media":24979,"parent":0,"menu_order":194,"template":"","class_list":["post-24947","product","type-product","status-publish","has-post-thumbnail","hentry","product_category-elixir8","product_category-wooden-air-freshener"],"acf":[],"yoast_head":"<!-- This site is optimized with the Yoast SEO Premium plugin v27.2 (Yoast SEO v27.4) - https:\/\/yoast.com\/product\/yoast-seo-premium-wordpress\/ -->\n<title>elixir 8 Angel air perfume by ELiX<\/title>\n<meta name=\"description\" content=\"Wood air perfume is an excellent choice for refreshing a room. French fragrances and a fragrance tester complete the great effect\" \/>\n<meta name=\"robots\" content=\"index, follow, max-snippet:-1, max-image-preview:large, max-video-preview:-1\" \/>\n<link rel=\"canonical\" href=\"https:\/\/elixscent.com\/de\/produkt\/sm008-an\/\" \/>\n<meta property=\"og:locale\" content=\"de_DE\" \/>\n<meta property=\"og:type\" content=\"article\" \/>\n<meta property=\"og:title\" content=\"elixir 8 Angel\" \/>\n<meta property=\"og:description\" content=\"Wood air perfume is an excellent choice for refreshing a room. French fragrances and a fragrance tester complete the great effect\" \/>\n<meta property=\"og:url\" content=\"https:\/\/elixscent.com\/de\/produkt\/sm008-an\/\" \/>\n<meta property=\"og:site_name\" content=\"ELiX EU air fresheners\" \/>\n<meta property=\"article:modified_time\" content=\"2024-10-14T11:33:51+00:00\" \/>\n<meta property=\"og:image\" content=\"https:\/\/elixscent.com\/wp-content\/uploads\/8ml_UNI_angel.png\" \/>\n\t<meta property=\"og:image:width\" content=\"205\" \/>\n\t<meta property=\"og:image:height\" content=\"501\" \/>\n\t<meta property=\"og:image:type\" content=\"image\/png\" \/>\n<meta name=\"twitter:card\" content=\"summary_large_image\" \/>\n<meta name=\"twitter:label1\" content=\"Gesch\u00e4tzte Lesezeit\" \/>\n\t<meta name=\"twitter:data1\" content=\"1\u00a0Minute\" \/>\n<script type=\"application\/ld+json\" class=\"yoast-schema-graph\">{\"@context\":\"https:\\\/\\\/schema.org\",\"@graph\":[{\"@type\":\"WebPage\",\"@id\":\"https:\\\/\\\/elixscent.com\\\/product\\\/sm008-an\\\/\",\"url\":\"https:\\\/\\\/elixscent.com\\\/product\\\/sm008-an\\\/\",\"name\":\"elixir 8 Angel air perfume by ELiX\",\"isPartOf\":{\"@id\":\"https:\\\/\\\/elixscent.com\\\/#website\"},\"primaryImageOfPage\":{\"@id\":\"https:\\\/\\\/elixscent.com\\\/product\\\/sm008-an\\\/#primaryimage\"},\"image\":{\"@id\":\"https:\\\/\\\/elixscent.com\\\/product\\\/sm008-an\\\/#primaryimage\"},\"thumbnailUrl\":\"https:\\\/\\\/elixscent.com\\\/wp-content\\\/uploads\\\/8ml_UNI_angel.png\",\"datePublished\":\"2022-07-12T11:00:43+00:00\",\"dateModified\":\"2024-10-14T11:33:51+00:00\",\"description\":\"Wood air perfume is an excellent choice for refreshing a room. French fragrances and a fragrance tester complete the great effect\",\"breadcrumb\":{\"@id\":\"https:\\\/\\\/elixscent.com\\\/product\\\/sm008-an\\\/#breadcrumb\"},\"inLanguage\":\"de\",\"potentialAction\":[{\"@type\":\"ReadAction\",\"target\":[\"https:\\\/\\\/elixscent.com\\\/product\\\/sm008-an\\\/\"]}]},{\"@type\":\"ImageObject\",\"inLanguage\":\"de\",\"@id\":\"https:\\\/\\\/elixscent.com\\\/product\\\/sm008-an\\\/#primaryimage\",\"url\":\"https:\\\/\\\/elixscent.com\\\/wp-content\\\/uploads\\\/8ml_UNI_angel.png\",\"contentUrl\":\"https:\\\/\\\/elixscent.com\\\/wp-content\\\/uploads\\\/8ml_UNI_angel.png\",\"width\":205,\"height\":501,\"caption\":\"8ml UNI angel\"},{\"@type\":\"BreadcrumbList\",\"@id\":\"https:\\\/\\\/elixscent.com\\\/product\\\/sm008-an\\\/#breadcrumb\",\"itemListElement\":[{\"@type\":\"ListItem\",\"position\":1,\"name\":\"Home\",\"item\":\"https:\\\/\\\/elixscent.com\\\/\"},{\"@type\":\"ListItem\",\"position\":2,\"name\":\"Products\",\"item\":\"https:\\\/\\\/elixscent.com\\\/product\\\/\"},{\"@type\":\"ListItem\",\"position\":3,\"name\":\"WOOD\",\"item\":\"https:\\\/\\\/elixscent.com\\\/product-category\\\/wooden-air-freshener\\\/\"},{\"@type\":\"ListItem\",\"position\":4,\"name\":\"elixir 8 Angel\"}]},{\"@type\":\"WebSite\",\"@id\":\"https:\\\/\\\/elixscent.com\\\/#website\",\"url\":\"https:\\\/\\\/elixscent.com\\\/\",\"name\":\"ELiX EU air fresheners\",\"description\":\"Air &amp; Fabric, Perfectly Fresh\",\"publisher\":{\"@id\":\"https:\\\/\\\/elixscent.com\\\/#organization\"},\"potentialAction\":[{\"@type\":\"SearchAction\",\"target\":{\"@type\":\"EntryPoint\",\"urlTemplate\":\"https:\\\/\\\/elixscent.com\\\/?s={search_term_string}\"},\"query-input\":{\"@type\":\"PropertyValueSpecification\",\"valueRequired\":true,\"valueName\":\"search_term_string\"}}],\"inLanguage\":\"de\"},{\"@type\":\"Organization\",\"@id\":\"https:\\\/\\\/elixscent.com\\\/#organization\",\"name\":\"ELIX air freshener manufacturer\",\"url\":\"https:\\\/\\\/elixscent.com\\\/\",\"logo\":{\"@type\":\"ImageObject\",\"inLanguage\":\"de\",\"@id\":\"https:\\\/\\\/elixscent.com\\\/#\\\/schema\\\/logo\\\/image\\\/\",\"url\":\"https:\\\/\\\/elixscent.com\\\/wp-content\\\/uploads\\\/elix_logo_1.0-_300.jpg\",\"contentUrl\":\"https:\\\/\\\/elixscent.com\\\/wp-content\\\/uploads\\\/elix_logo_1.0-_300.jpg\",\"width\":300,\"height\":257,\"caption\":\"ELIX air freshener manufacturer\"},\"image\":{\"@id\":\"https:\\\/\\\/elixscent.com\\\/#\\\/schema\\\/logo\\\/image\\\/\"},\"sameAs\":[\"https:\\\/\\\/www.linkedin.com\\\/company\\\/30084929\"]}]}<\/script>\n<!-- \/ Yoast SEO Premium plugin. -->","yoast_head_json":{"title":"elixir 8 Angel air perfume by ELiX","description":"Holzluftparf\u00fcm ist eine ausgezeichnete Wahl, um einen Raum zu erfrischen. Franz\u00f6sische D\u00fcfte und ein Duftspender vervollst\u00e4ndigen den tollen Effekt","robots":{"index":"index","follow":"follow","max-snippet":"max-snippet:-1","max-image-preview":"max-image-preview:large","max-video-preview":"max-video-preview:-1"},"canonical":"https:\/\/elixscent.com\/de\/produkt\/sm008-an\/","og_locale":"de_DE","og_type":"article","og_title":"elixir 8 Angel","og_description":"Wood air perfume is an excellent choice for refreshing a room. French fragrances and a fragrance tester complete the great effect","og_url":"https:\/\/elixscent.com\/de\/produkt\/sm008-an\/","og_site_name":"ELiX EU air fresheners","article_modified_time":"2024-10-14T11:33:51+00:00","og_image":[{"width":205,"height":501,"url":"https:\/\/elixscent.com\/wp-content\/uploads\/8ml_UNI_angel.png","type":"image\/png"}],"twitter_card":"summary_large_image","twitter_misc":{"Gesch\u00e4tzte Lesezeit":"1\u00a0Minute"},"schema":{"@context":"https:\/\/schema.org","@graph":[{"@type":"WebPage","@id":"https:\/\/elixscent.com\/product\/sm008-an\/","url":"https:\/\/elixscent.com\/product\/sm008-an\/","name":"elixir 8 Angel air perfume by ELiX","isPartOf":{"@id":"https:\/\/elixscent.com\/#website"},"primaryImageOfPage":{"@id":"https:\/\/elixscent.com\/product\/sm008-an\/#primaryimage"},"image":{"@id":"https:\/\/elixscent.com\/product\/sm008-an\/#primaryimage"},"thumbnailUrl":"https:\/\/elixscent.com\/wp-content\/uploads\/8ml_UNI_angel.png","datePublished":"2022-07-12T11:00:43+00:00","dateModified":"2024-10-14T11:33:51+00:00","description":"Holzluftparf\u00fcm ist eine ausgezeichnete Wahl, um einen Raum zu erfrischen. Franz\u00f6sische D\u00fcfte und ein Duftspender vervollst\u00e4ndigen den tollen Effekt","breadcrumb":{"@id":"https:\/\/elixscent.com\/product\/sm008-an\/#breadcrumb"},"inLanguage":"de","potentialAction":[{"@type":"ReadAction","target":["https:\/\/elixscent.com\/product\/sm008-an\/"]}]},{"@type":"ImageObject","inLanguage":"de","@id":"https:\/\/elixscent.com\/product\/sm008-an\/#primaryimage","url":"https:\/\/elixscent.com\/wp-content\/uploads\/8ml_UNI_angel.png","contentUrl":"https:\/\/elixscent.com\/wp-content\/uploads\/8ml_UNI_angel.png","width":205,"height":501,"caption":"8ml UNI angel"},{"@type":"BreadcrumbList","@id":"https:\/\/elixscent.com\/product\/sm008-an\/#breadcrumb","itemListElement":[{"@type":"ListItem","position":1,"name":"Home","item":"https:\/\/elixscent.com\/"},{"@type":"ListItem","position":2,"name":"Products","item":"https:\/\/elixscent.com\/product\/"},{"@type":"ListItem","position":3,"name":"WOOD","item":"https:\/\/elixscent.com\/product-category\/wooden-air-freshener\/"},{"@type":"ListItem","position":4,"name":"elixir 8 Angel"}]},{"@type":"WebSite","@id":"https:\/\/elixscent.com\/#website","url":"https:\/\/elixscent.com\/","name":"ELiX EU-Lufterfrischer","description":"Luft &amp; Stoff, perfekt frisch","publisher":{"@id":"https:\/\/elixscent.com\/#organization"},"potentialAction":[{"@type":"SearchAction","target":{"@type":"EntryPoint","urlTemplate":"https:\/\/elixscent.com\/?s={search_term_string}"},"query-input":{"@type":"PropertyValueSpecification","valueRequired":true,"valueName":"search_term_string"}}],"inLanguage":"de"},{"@type":"Organization","@id":"https:\/\/elixscent.com\/#organization","name":"ELIX Lufterfrischer Hersteller","url":"https:\/\/elixscent.com\/","logo":{"@type":"ImageObject","inLanguage":"de","@id":"https:\/\/elixscent.com\/#\/schema\/logo\/image\/","url":"https:\/\/elixscent.com\/wp-content\/uploads\/elix_logo_1.0-_300.jpg","contentUrl":"https:\/\/elixscent.com\/wp-content\/uploads\/elix_logo_1.0-_300.jpg","width":300,"height":257,"caption":"ELIX air freshener manufacturer"},"image":{"@id":"https:\/\/elixscent.com\/#\/schema\/logo\/image\/"},"sameAs":["https:\/\/www.linkedin.com\/company\/30084929"]}]}},"_links":{"self":[{"href":"https:\/\/elixscent.com\/de\/wp-json\/wp\/v2\/product\/24947","targetHints":{"allow":["GET"]}}],"collection":[{"href":"https:\/\/elixscent.com\/de\/wp-json\/wp\/v2\/product"}],"about":[{"href":"https:\/\/elixscent.com\/de\/wp-json\/wp\/v2\/types\/product"}],"version-history":[{"count":12,"href":"https:\/\/elixscent.com\/de\/wp-json\/wp\/v2\/product\/24947\/revisions"}],"predecessor-version":[{"id":53305,"href":"https:\/\/elixscent.com\/de\/wp-json\/wp\/v2\/product\/24947\/revisions\/53305"}],"wp:featuredmedia":[{"embeddable":true,"href":"https:\/\/elixscent.com\/de\/wp-json\/wp\/v2\/media\/24979"}],"wp:attachment":[{"href":"https:\/\/elixscent.com\/de\/wp-json\/wp\/v2\/media?parent=24947"}],"curies":[{"name":"wp","href":"https:\/\/api.w.org\/{rel}","templated":true}]}}